{"id":24368,"date":"2020-08-07T12:00:41","date_gmt":"2020-08-07T12:00:41","guid":{"rendered":"https:\/\/zamphelmets.co\/product\/rz-65d\/"},"modified":"2026-02-16T15:09:52","modified_gmt":"2026-02-16T15:09:52","slug":"rz-65d","status":"publish","type":"product","link":"https:\/\/zamphelmets.co\/da\/vare\/rz-65d\/","title":{"rendered":"RZ 65D"},"content":{"rendered":"<p><strong>RZ-65D er en f\u00f8rsteklasses kulfiberhjelm, der kan bruges til et v\u00e6ld af forskellige l\u00f8bsops\u00e6tninger. Med en attraktiv tyk kulfiberv\u00e6vning vil den blive bem\u00e6rket p\u00e5 alle baner rundt om i verden. RZ 65D er udstyret med den nye Snell SA2020-klassificering p\u00e5 et ultralet, stort kulfiberv\u00e6v og giver ultimativ komfort og sikkerhed for k\u00f8rere i varmt vejr eller p\u00e5 lange str\u00e6kninger.<\/strong><\/p>\n<p><strong>Funktioner inkluderer:  <\/strong><\/p>\n<ul>\n<li><strong>Storv\u00e6vet kulstofblanding<\/strong> til superletv\u00e6gtsskal<\/li>\n<li><strong>DUAL Chin Curtains<\/strong> Monteret p\u00e5 b\u00e5de toppen og bunden af Chin Bar. <strong>Begge kan fjernes (se video nedenfor).<\/strong><\/li>\n<li><strong>Aerodynamik <\/strong>optimeret for bedre stabilitet. Inkluderer bagspoiler<\/li>\n<li><strong>Top Air System <\/strong>giver dig mulighed for at k\u00f8re naturlig luft, forceret luft eller luftstik<\/li>\n<li>Bl\u00f8dt, <strong>brandh\u00e6mmende Performance Fit <\/strong>, aftageligt\/vaskbart, ultrabl\u00f8dt interi\u00f8r med EPS-skum til hageb\u00f8jlen<\/li>\n<li><strong>Z-20 Series 3 mm klar sk\u00e6rm <\/strong>med sp\u00e6ndingsafrivninger Stolper p\u00e5 12,25 centerstolper ved hj\u00e6lp af Banana Style-afrivninger<\/li>\n<li><strong>V\u00e6skehul\/stik<\/strong> foran og midt i hageb\u00f8jlen med nem ops\u00e6tning. Fjern stikket for at installere Hydration Kit som tilbeh\u00f8r.<\/li>\n<li><strong>\u00d8rekopper og \u00f8repuder<\/strong>, der giver f\u00f8reren et mere st\u00f8jsvagt milj\u00f8, s\u00e5 du kan h\u00f8re, hvad du har brug for at h\u00f8re. Nem integration af kommunikationsudstyr med Cheek EPS og Comfort Liner.<\/li>\n<li><strong>M6-indsatser<\/strong> til hoved- og nakkest\u00f8tter<\/li>\n<li><strong>Godkendt af Snell SA2020<\/strong><\/li>\n<li><strong>V\u00e6gt: ca. 1360 g +\/-20 g i st\u00f8rrelse M<\/strong><\/li>\n<\/ul>\n<p>Som det er almindeligt i motorsport, varierer vores st\u00f8rrelser afh\u00e6ngigt af hjelmmodellen. Du kan l\u00e6se mere om, hvordan du finder st\u00f8rrelsen p\u00e5 din hjelm <a href=\"https:\/\/zamphelmets.co\/da\/saadan-vaelger-du-den-rigtige-hjelmstoerrelse\/\">her<\/a>.<\/p>\n<p>Hagesk\u00f8rt og \u00e5ndedr\u00e6tsv\u00e6rn kan nemt tages af. Se videoen her for at se, hvordan du installerer, da den ogs\u00e5 indeholder en vejledning til fjernelse:<\/p>\n<p><iframe title=\"How to Install the Fabric Breath Deflector\/Chin Curtain on your Zamp Helmet\" width=\"500\" height=\"281\" data-src=\"https:\/\/www.youtube.com\/embed\/aKc17YTgtSA?start=32&#038;feature=oembed\" frameborder=\"0\" allow=\"accelerometer; autoplay; clipboard-write; encrypted-media; gyroscope; picture-in-picture; web-share\" referrerpolicy=\"strict-origin-when-cross-origin\" allowfullscreen src=\"data:image\/svg+xml;base64,PHN2ZyB3aWR0aD0iMSIgaGVpZ2h0PSIxIiB4bWxucz0iaHR0cDovL3d3dy53My5vcmcvMjAwMC9zdmciPjwvc3ZnPg==\" class=\"lazyload\" data-load-mode=\"1\"><\/iframe><\/p>\n<p><a href=\"https:\/\/zamphelmets.co\/da\/homologering-forklaret\/\"><strong>Homologering forklaret<\/strong> &#8211; find ud af, hvilken homologering du har brug for<\/a><\/p>\n<p><a href=\"https:\/\/zamphelmets.co\/da\/hans-stolper-hans-og-fhr-udstyr\/\"><strong>FHR \/ HANS-udstyr<\/strong> &#8211; hvorn\u00e5r er det p\u00e5kr\u00e6vet?<\/a><\/p>\n<p>&nbsp;<\/p>\n<p><img decoding=\"async\" class=\"alignnone wp-image-26355 size-full lazyload\" data-src=\"https:\/\/zamphelmets.co\/wp-content\/uploads\/2024\/03\/Zamp-Helmets-sizing-guide-4166-x-4166-px-1.png\" alt=\"\" width=\"500\" height=\"500\" data-srcset=\"https:\/\/zamphelmets.co\/wp-content\/uploads\/2024\/03\/Zamp-Helmets-sizing-guide-4166-x-4166-px-1.png 500w, https:\/\/zamphelmets.co\/wp-content\/uploads\/2024\/03\/Zamp-Helmets-sizing-guide-4166-x-4166-px-1-300x300.png 300w, https:\/\/zamphelmets.co\/wp-content\/uploads\/2024\/03\/Zamp-Helmets-sizing-guide-4166-x-4166-px-1-150x150.png 150w, https:\/\/zamphelmets.co\/wp-content\/uploads\/2024\/03\/Zamp-Helmets-sizing-guide-4166-x-4166-px-1-100x100.png 100w\" data-sizes=\"(max-width: 500px) 100vw, 500px\" src=\"data:image\/svg+xml;base64,PHN2ZyB3aWR0aD0iMSIgaGVpZ2h0PSIxIiB4bWxucz0iaHR0cDovL3d3dy53My5vcmcvMjAwMC9zdmciPjwvc3ZnPg==\" style=\"--smush-placeholder-width: 500px; --smush-placeholder-aspect-ratio: 500\/500;\" \/><\/p>\n<div id=\"product-10089\" class=\"product type-product post-10089 status-publish first instock product_cat-fia product_cat-snell-2020-sa2020 product_cat-zamp has-post-thumbnail taxable shipping-taxable purchasable product-type-variable\">\n<div class=\"woocommerce-tabs wc-tabs-wrapper\">\n<div id=\"tab-description\" class=\"woocommerce-Tabs-panel woocommerce-Tabs-panel--description panel entry-content wc-tab\" role=\"tabpanel\" aria-labelledby=\"tab-title-description\">\n<p><strong>Er du i tvivl om st\u00f8rrelsen? <\/strong><a href=\"https:\/\/form.jotform.com\/251263198513053\">Udfyld vores st\u00f8rrelsesformular<\/a>, og et medlem af teamet vil kontakte dig med vores anbefalinger.<\/p>\n<\/div>\n<\/div>\n<\/div>\n","protected":false},"excerpt":{"rendered":"<p><strong>Zamps RZ-65D er en f\u00f8rsteklasses kulfiberhjelm, der kan k\u00f8re et v\u00e6ld af forskellige l\u00f8bsops\u00e6tninger. Med en attraktiv tyk kulfiberv\u00e6vning vil den blive bem\u00e6rket p\u00e5 alle baner rundt om i verden. RZ 65D er udstyret med den nye Snell SA2020-klassificering p\u00e5 et ultralet, stort kulfiberv\u00e6v og giver ultimativ komfort og sikkerhed for k\u00f8rere i varmt vejr eller p\u00e5 lange str\u00e6kninger.  <\/strong><\/p>\n","protected":false},"featured_media":11965,"comment_status":"open","ping_status":"closed","template":"","meta":{"_acf_changed":false,"_iconic_wsb_product_page_order_bump_ids":[[]],"_sku":[],"_iconic_wsb_product_page_bump_modal_ids":[[]]},"product_brand":[],"product_cat":[181,240,184,183,155],"product_tag":[],"class_list":{"0":"post-24368","1":"product","2":"type-product","3":"status-publish","4":"has-post-thumbnail","6":"product_cat-zamp-hjelme","7":"product_cat-premium-da","8":"product_cat-snell-da","9":"product_cat-snell-2020-sa2020-da","10":"product_cat-zamp-da","12":"first","13":"outofstock","14":"taxable","15":"shipping-taxable","16":"product-type-variable"},"acf":[],"yoast_head":"<!-- This site is optimized with the Yoast SEO plugin v27.0 - https:\/\/yoast.com\/product\/yoast-seo-wordpress\/ -->\n<title>RZ 65D - Zamp Helmets | Helmet 28 EU - Attraktivt tykt kulfiberv\u00e6v<\/title>\n<meta name=\"description\" content=\"RZ-65D er en f\u00f8rsteklasses kulfiberhjelm med SA2020-homologation. Et utroligt tykt kulfiberdesign, der helt sikkert vil blive bem\u00e6rket p\u00e5 alle baner rundt om i verden.\" \/>\n<meta name=\"robots\" content=\"index, follow, max-snippet:-1, max-image-preview:large, max-video-preview:-1\" \/>\n<link rel=\"canonical\" href=\"https:\/\/zamphelmets.co\/da\/vare\/rz-65d\/\" \/>\n<meta property=\"og:locale\" content=\"da_DK\" \/>\n<meta property=\"og:type\" content=\"article\" \/>\n<meta property=\"og:title\" content=\"RZ 65D - Zamp Helmets | Helmet 28 EU - Attraktivt tykt kulfiberv\u00e6v\" \/>\n<meta property=\"og:description\" content=\"RZ-65D er en f\u00f8rsteklasses kulfiberhjelm med SA2020-homologation. Et utroligt tykt kulfiberdesign, der helt sikkert vil blive bem\u00e6rket p\u00e5 alle baner rundt om i verden.\" \/>\n<meta property=\"og:url\" content=\"https:\/\/zamphelmets.co\/da\/vare\/rz-65d\/\" \/>\n<meta property=\"og:site_name\" content=\"Zamp Helmets | Helmet 28 EU\" \/>\n<meta property=\"article:modified_time\" content=\"2026-02-16T15:09:52+00:00\" \/>\n<meta property=\"og:image\" content=\"https:\/\/zamphelmets.co\/wp-content\/uploads\/2020\/08\/PHVNFawhRyihuCOyCPvc_H775CA3.jpg\" \/>\n\t<meta property=\"og:image:width\" content=\"1500\" \/>\n\t<meta property=\"og:image:height\" content=\"1500\" \/>\n\t<meta property=\"og:image:type\" content=\"image\/jpeg\" \/>\n<meta name=\"twitter:card\" content=\"summary_large_image\" \/>\n<meta name=\"twitter:label1\" content=\"Est. reading time\" \/>\n\t<meta name=\"twitter:data1\" content=\"2 minutter\" \/>\n<script type=\"application\/ld+json\" class=\"yoast-schema-graph\">{\"@context\":\"https:\/\/schema.org\",\"@graph\":[{\"@type\":\"WebPage\",\"@id\":\"https:\/\/zamphelmets.co\/da\/vare\/rz-65d\/\",\"url\":\"https:\/\/zamphelmets.co\/da\/vare\/rz-65d\/\",\"name\":\"RZ 65D - Zamp Helmets | Helmet 28 EU - Attraktivt tykt kulfiberv\u00e6v\",\"isPartOf\":{\"@id\":\"https:\/\/zamphelmets.co\/da\/#website\"},\"primaryImageOfPage\":{\"@id\":\"https:\/\/zamphelmets.co\/da\/vare\/rz-65d\/#primaryimage\"},\"image\":{\"@id\":\"https:\/\/zamphelmets.co\/da\/vare\/rz-65d\/#primaryimage\"},\"thumbnailUrl\":\"https:\/\/zamphelmets.co\/wp-content\/uploads\/2020\/08\/PHVNFawhRyihuCOyCPvc_H775CA3.jpg\",\"datePublished\":\"2020-08-07T12:00:41+00:00\",\"dateModified\":\"2026-02-16T15:09:52+00:00\",\"description\":\"RZ-65D er en f\u00f8rsteklasses kulfiberhjelm med SA2020-homologation. Et utroligt tykt kulfiberdesign, der helt sikkert vil blive bem\u00e6rket p\u00e5 alle baner rundt om i verden.\",\"breadcrumb\":{\"@id\":\"https:\/\/zamphelmets.co\/da\/vare\/rz-65d\/#breadcrumb\"},\"inLanguage\":\"da-DK\",\"potentialAction\":[{\"@type\":\"ReadAction\",\"target\":[\"https:\/\/zamphelmets.co\/da\/vare\/rz-65d\/\"]}]},{\"@type\":\"ImageObject\",\"inLanguage\":\"da-DK\",\"@id\":\"https:\/\/zamphelmets.co\/da\/vare\/rz-65d\/#primaryimage\",\"url\":\"https:\/\/zamphelmets.co\/wp-content\/uploads\/2020\/08\/PHVNFawhRyihuCOyCPvc_H775CA3.jpg\",\"contentUrl\":\"https:\/\/zamphelmets.co\/wp-content\/uploads\/2020\/08\/PHVNFawhRyihuCOyCPvc_H775CA3.jpg\",\"width\":1500,\"height\":1500,\"caption\":\"RZ 65D Carbon racerhjelm\"},{\"@type\":\"BreadcrumbList\",\"@id\":\"https:\/\/zamphelmets.co\/da\/vare\/rz-65d\/#breadcrumb\",\"itemListElement\":[{\"@type\":\"ListItem\",\"position\":1,\"name\":\"Shop\",\"item\":\"https:\/\/zamphelmets.co\/da\/shop\/\"},{\"@type\":\"ListItem\",\"position\":2,\"name\":\"RZ 65D\"}]},{\"@type\":\"WebSite\",\"@id\":\"https:\/\/zamphelmets.co\/da\/#website\",\"url\":\"https:\/\/zamphelmets.co\/da\/\",\"name\":\"Zamp Helmets | Helmet 28 EU\",\"description\":\"High Quality Motorsport Helmets\",\"potentialAction\":[{\"@type\":\"SearchAction\",\"target\":{\"@type\":\"EntryPoint\",\"urlTemplate\":\"https:\/\/zamphelmets.co\/da\/?s={search_term_string}\"},\"query-input\":{\"@type\":\"PropertyValueSpecification\",\"valueRequired\":true,\"valueName\":\"search_term_string\"}}],\"inLanguage\":\"da-DK\"}]}<\/script>\n<!-- \/ Yoast SEO plugin. -->","yoast_head_json":{"title":"RZ 65D - Zamp Helmets | Helmet 28 EU - Attraktivt tykt kulfiberv\u00e6v","description":"RZ-65D er en f\u00f8rsteklasses kulfiberhjelm med SA2020-homologation. Et utroligt tykt kulfiberdesign, der helt sikkert vil blive bem\u00e6rket p\u00e5 alle baner rundt om i verden.","robots":{"index":"index","follow":"follow","max-snippet":"max-snippet:-1","max-image-preview":"max-image-preview:large","max-video-preview":"max-video-preview:-1"},"canonical":"https:\/\/zamphelmets.co\/da\/vare\/rz-65d\/","og_locale":"da_DK","og_type":"article","og_title":"RZ 65D - Zamp Helmets | Helmet 28 EU - Attraktivt tykt kulfiberv\u00e6v","og_description":"RZ-65D er en f\u00f8rsteklasses kulfiberhjelm med SA2020-homologation. Et utroligt tykt kulfiberdesign, der helt sikkert vil blive bem\u00e6rket p\u00e5 alle baner rundt om i verden.","og_url":"https:\/\/zamphelmets.co\/da\/vare\/rz-65d\/","og_site_name":"Zamp Helmets | Helmet 28 EU","article_modified_time":"2026-02-16T15:09:52+00:00","og_image":[{"width":1500,"height":1500,"url":"https:\/\/zamphelmets.co\/wp-content\/uploads\/2020\/08\/PHVNFawhRyihuCOyCPvc_H775CA3.jpg","type":"image\/jpeg"}],"twitter_card":"summary_large_image","twitter_misc":{"Est. reading time":"2 minutter"},"schema":{"@context":"https:\/\/schema.org","@graph":[{"@type":"WebPage","@id":"https:\/\/zamphelmets.co\/da\/vare\/rz-65d\/","url":"https:\/\/zamphelmets.co\/da\/vare\/rz-65d\/","name":"RZ 65D - Zamp Helmets | Helmet 28 EU - Attraktivt tykt kulfiberv\u00e6v","isPartOf":{"@id":"https:\/\/zamphelmets.co\/da\/#website"},"primaryImageOfPage":{"@id":"https:\/\/zamphelmets.co\/da\/vare\/rz-65d\/#primaryimage"},"image":{"@id":"https:\/\/zamphelmets.co\/da\/vare\/rz-65d\/#primaryimage"},"thumbnailUrl":"https:\/\/zamphelmets.co\/wp-content\/uploads\/2020\/08\/PHVNFawhRyihuCOyCPvc_H775CA3.jpg","datePublished":"2020-08-07T12:00:41+00:00","dateModified":"2026-02-16T15:09:52+00:00","description":"RZ-65D er en f\u00f8rsteklasses kulfiberhjelm med SA2020-homologation. Et utroligt tykt kulfiberdesign, der helt sikkert vil blive bem\u00e6rket p\u00e5 alle baner rundt om i verden.","breadcrumb":{"@id":"https:\/\/zamphelmets.co\/da\/vare\/rz-65d\/#breadcrumb"},"inLanguage":"da-DK","potentialAction":[{"@type":"ReadAction","target":["https:\/\/zamphelmets.co\/da\/vare\/rz-65d\/"]}]},{"@type":"ImageObject","inLanguage":"da-DK","@id":"https:\/\/zamphelmets.co\/da\/vare\/rz-65d\/#primaryimage","url":"https:\/\/zamphelmets.co\/wp-content\/uploads\/2020\/08\/PHVNFawhRyihuCOyCPvc_H775CA3.jpg","contentUrl":"https:\/\/zamphelmets.co\/wp-content\/uploads\/2020\/08\/PHVNFawhRyihuCOyCPvc_H775CA3.jpg","width":1500,"height":1500,"caption":"RZ 65D Carbon racerhjelm"},{"@type":"BreadcrumbList","@id":"https:\/\/zamphelmets.co\/da\/vare\/rz-65d\/#breadcrumb","itemListElement":[{"@type":"ListItem","position":1,"name":"Shop","item":"https:\/\/zamphelmets.co\/da\/shop\/"},{"@type":"ListItem","position":2,"name":"RZ 65D"}]},{"@type":"WebSite","@id":"https:\/\/zamphelmets.co\/da\/#website","url":"https:\/\/zamphelmets.co\/da\/","name":"Zamp Helmets | Helmet 28 EU","description":"High Quality Motorsport Helmets","potentialAction":[{"@type":"SearchAction","target":{"@type":"EntryPoint","urlTemplate":"https:\/\/zamphelmets.co\/da\/?s={search_term_string}"},"query-input":{"@type":"PropertyValueSpecification","valueRequired":true,"valueName":"search_term_string"}}],"inLanguage":"da-DK"}]}},"_links":{"self":[{"href":"https:\/\/zamphelmets.co\/da\/wp-json\/wp\/v2\/product\/24368","targetHints":{"allow":["GET"]}}],"collection":[{"href":"https:\/\/zamphelmets.co\/da\/wp-json\/wp\/v2\/product"}],"about":[{"href":"https:\/\/zamphelmets.co\/da\/wp-json\/wp\/v2\/types\/product"}],"replies":[{"embeddable":true,"href":"https:\/\/zamphelmets.co\/da\/wp-json\/wp\/v2\/comments?post=24368"}],"wp:featuredmedia":[{"embeddable":true,"href":"https:\/\/zamphelmets.co\/da\/wp-json\/wp\/v2\/media\/11965"}],"wp:attachment":[{"href":"https:\/\/zamphelmets.co\/da\/wp-json\/wp\/v2\/media?parent=24368"}],"wp:term":[{"taxonomy":"product_brand","embeddable":true,"href":"https:\/\/zamphelmets.co\/da\/wp-json\/wp\/v2\/product_brand?post=24368"},{"taxonomy":"product_cat","embeddable":true,"href":"https:\/\/zamphelmets.co\/da\/wp-json\/wp\/v2\/product_cat?post=24368"},{"taxonomy":"product_tag","embeddable":true,"href":"https:\/\/zamphelmets.co\/da\/wp-json\/wp\/v2\/product_tag?post=24368"}],"curies":[{"name":"wp","href":"https:\/\/api.w.org\/{rel}","templated":true}]}}