{"id":24250,"date":"2022-02-19T16:39:18","date_gmt":"2022-02-19T16:39:18","guid":{"rendered":"https:\/\/zamphelmets.co\/product\/hage-spoiler\/"},"modified":"2026-02-16T15:58:24","modified_gmt":"2026-02-16T15:58:24","slug":"hage-spoiler","status":"publish","type":"product","link":"https:\/\/zamphelmets.co\/da\/vare\/hage-spoiler\/","title":{"rendered":"Hage-spoiler"},"content":{"rendered":"<p>Hagespoileren er perfekt til l\u00f8b med \u00e5ben cockpit for at forhindre, at hjelmen l\u00f8fter sig ved h\u00f8je hastigheder, og for at skabe mindre luftmodstand. Det er afg\u00f8rende, at belastningen af hoved og nakke reduceres drastisk i l\u00f8bet af et l\u00f8b eller et stint.<\/p>\n<p>Hagespoileren er kompatibel med f\u00f8lgende hjelme:<\/p>\n<ul>\n<li>RZ 44CE \/ RZ 44CE Grafik<\/li>\n<li>RZ 70E<\/li>\n<li>RZ 65D \/ RZ 65D gr\u00e5\/sort<\/li>\n<li>RZ 62<\/li>\n<\/ul>\n<p><iframe title=\"YouTube-videoafspiller\" data-src=\"https:\/\/www.youtube.com\/embed\/O3_PtsyDxTA\" width=\"560\" height=\"315\" frameborder=\"0\" allowfullscreen=\"allowfullscreen\" src=\"data:image\/svg+xml;base64,PHN2ZyB3aWR0aD0iMSIgaGVpZ2h0PSIxIiB4bWxucz0iaHR0cDovL3d3dy53My5vcmcvMjAwMC9zdmciPjwvc3ZnPg==\" class=\"lazyload\" data-load-mode=\"1\"><\/iframe><\/p>\n","protected":false},"excerpt":{"rendered":"<p>Hagespoileren er perfekt til l\u00f8b med \u00e5ben cockpit for at forhindre, at hjelmen l\u00f8fter sig ved h\u00f8je hastigheder, og for at skabe mindre luftmodstand. Det er afg\u00f8rende, at belastningen af hoved og nakke reduceres drastisk i l\u00f8bet af et l\u00f8b eller et stint. Hagespoileren er kompatibel med f\u00f8lgende hjelme: RZ 44CE \/ RZ 44CE Grafik [&hellip;]<\/p>\n","protected":false},"featured_media":12364,"comment_status":"open","ping_status":"closed","template":"","meta":{"_acf_changed":false,"_iconic_wsb_product_page_order_bump_ids":[],"_sku":["HSZ210CL"],"_iconic_wsb_product_page_bump_modal_ids":[]},"product_brand":[],"product_cat":[156,157,155],"product_tag":[],"class_list":{"0":"post-24250","1":"product","2":"type-product","3":"status-publish","4":"has-post-thumbnail","6":"product_cat-tilbehor","7":"product_cat-tilbehor-til-hjelme","8":"product_cat-zamp-da","10":"first","11":"instock","12":"taxable","13":"shipping-taxable","14":"purchasable","15":"product-type-simple"},"acf":[],"yoast_head":"<!-- This site is optimized with the Yoast SEO plugin v27.0 - https:\/\/yoast.com\/product\/yoast-seo-wordpress\/ -->\n<title>Hage-spoiler for Racing Helmets \u20ac24.99 - Zamp Helmets | Helmet 28 EU<\/title>\n<meta name=\"description\" content=\"Hagespoileren er perfekt til l\u00f8b med \u00e5ben cockpit for at forhindre, at hjelmen l\u00f8fter sig ved h\u00f8je hastigheder, og for at skabe mindre luftmodstand.\" \/>\n<meta name=\"robots\" content=\"index, follow, max-snippet:-1, max-image-preview:large, max-video-preview:-1\" \/>\n<link rel=\"canonical\" href=\"https:\/\/zamphelmets.co\/da\/vare\/hage-spoiler\/\" \/>\n<meta property=\"og:locale\" content=\"da_DK\" \/>\n<meta property=\"og:type\" content=\"article\" \/>\n<meta property=\"og:title\" content=\"Hage-spoiler for Racing Helmets \u20ac24.99 - Zamp Helmets | Helmet 28 EU\" \/>\n<meta property=\"og:description\" content=\"Hagespoileren er perfekt til l\u00f8b med \u00e5ben cockpit for at forhindre, at hjelmen l\u00f8fter sig ved h\u00f8je hastigheder, og for at skabe mindre luftmodstand.\" \/>\n<meta property=\"og:url\" content=\"https:\/\/zamphelmets.co\/da\/vare\/hage-spoiler\/\" \/>\n<meta property=\"og:site_name\" content=\"Zamp Helmets | Helmet 28 EU\" \/>\n<meta property=\"article:modified_time\" content=\"2026-02-16T15:58:24+00:00\" \/>\n<meta property=\"og:image\" content=\"https:\/\/zamphelmets.co\/wp-content\/uploads\/2020\/08\/mPxzSzaATTy9bX8I8AvZ_HSZ210CL_89a84e9d-3ee0-4c97-8a12-a1e8fd5bee45.jpg\" \/>\n\t<meta property=\"og:image:width\" content=\"1000\" \/>\n\t<meta property=\"og:image:height\" content=\"1000\" \/>\n\t<meta property=\"og:image:type\" content=\"image\/jpeg\" \/>\n<meta name=\"twitter:card\" content=\"summary_large_image\" \/>\n<script type=\"application\/ld+json\" class=\"yoast-schema-graph\">{\"@context\":\"https:\/\/schema.org\",\"@graph\":[{\"@type\":\"WebPage\",\"@id\":\"https:\/\/zamphelmets.co\/da\/vare\/hage-spoiler\/\",\"url\":\"https:\/\/zamphelmets.co\/da\/vare\/hage-spoiler\/\",\"name\":\"Hage-spoiler for Racing Helmets \u20ac24.99 - Zamp Helmets | Helmet 28 EU\",\"isPartOf\":{\"@id\":\"https:\/\/zamphelmets.co\/da\/#website\"},\"primaryImageOfPage\":{\"@id\":\"https:\/\/zamphelmets.co\/da\/vare\/hage-spoiler\/#primaryimage\"},\"image\":{\"@id\":\"https:\/\/zamphelmets.co\/da\/vare\/hage-spoiler\/#primaryimage\"},\"thumbnailUrl\":\"https:\/\/zamphelmets.co\/wp-content\/uploads\/2020\/08\/mPxzSzaATTy9bX8I8AvZ_HSZ210CL_89a84e9d-3ee0-4c97-8a12-a1e8fd5bee45.jpg\",\"datePublished\":\"2022-02-19T16:39:18+00:00\",\"dateModified\":\"2026-02-16T15:58:24+00:00\",\"description\":\"Hagespoileren er perfekt til l\u00f8b med \u00e5ben cockpit for at forhindre, at hjelmen l\u00f8fter sig ved h\u00f8je hastigheder, og for at skabe mindre luftmodstand.\",\"breadcrumb\":{\"@id\":\"https:\/\/zamphelmets.co\/da\/vare\/hage-spoiler\/#breadcrumb\"},\"inLanguage\":\"da-DK\",\"potentialAction\":[{\"@type\":\"ReadAction\",\"target\":[\"https:\/\/zamphelmets.co\/da\/vare\/hage-spoiler\/\"]}]},{\"@type\":\"ImageObject\",\"inLanguage\":\"da-DK\",\"@id\":\"https:\/\/zamphelmets.co\/da\/vare\/hage-spoiler\/#primaryimage\",\"url\":\"https:\/\/zamphelmets.co\/wp-content\/uploads\/2020\/08\/mPxzSzaATTy9bX8I8AvZ_HSZ210CL_89a84e9d-3ee0-4c97-8a12-a1e8fd5bee45.jpg\",\"contentUrl\":\"https:\/\/zamphelmets.co\/wp-content\/uploads\/2020\/08\/mPxzSzaATTy9bX8I8AvZ_HSZ210CL_89a84e9d-3ee0-4c97-8a12-a1e8fd5bee45.jpg\",\"width\":1000,\"height\":1000,\"caption\":\"Hagespoiler til racerhjelme fra Zamp Helmets\"},{\"@type\":\"BreadcrumbList\",\"@id\":\"https:\/\/zamphelmets.co\/da\/vare\/hage-spoiler\/#breadcrumb\",\"itemListElement\":[{\"@type\":\"ListItem\",\"position\":1,\"name\":\"Shop\",\"item\":\"https:\/\/zamphelmets.co\/da\/shop\/\"},{\"@type\":\"ListItem\",\"position\":2,\"name\":\"Hage-spoiler\"}]},{\"@type\":\"WebSite\",\"@id\":\"https:\/\/zamphelmets.co\/da\/#website\",\"url\":\"https:\/\/zamphelmets.co\/da\/\",\"name\":\"Zamp Helmets | Helmet 28 EU\",\"description\":\"High Quality Motorsport Helmets\",\"potentialAction\":[{\"@type\":\"SearchAction\",\"target\":{\"@type\":\"EntryPoint\",\"urlTemplate\":\"https:\/\/zamphelmets.co\/da\/?s={search_term_string}\"},\"query-input\":{\"@type\":\"PropertyValueSpecification\",\"valueRequired\":true,\"valueName\":\"search_term_string\"}}],\"inLanguage\":\"da-DK\"}]}<\/script>\n<!-- \/ Yoast SEO plugin. -->","yoast_head_json":{"title":"Hage-spoiler for Racing Helmets \u20ac24.99 - Zamp Helmets | Helmet 28 EU","description":"Hagespoileren er perfekt til l\u00f8b med \u00e5ben cockpit for at forhindre, at hjelmen l\u00f8fter sig ved h\u00f8je hastigheder, og for at skabe mindre luftmodstand.","robots":{"index":"index","follow":"follow","max-snippet":"max-snippet:-1","max-image-preview":"max-image-preview:large","max-video-preview":"max-video-preview:-1"},"canonical":"https:\/\/zamphelmets.co\/da\/vare\/hage-spoiler\/","og_locale":"da_DK","og_type":"article","og_title":"Hage-spoiler for Racing Helmets \u20ac24.99 - Zamp Helmets | Helmet 28 EU","og_description":"Hagespoileren er perfekt til l\u00f8b med \u00e5ben cockpit for at forhindre, at hjelmen l\u00f8fter sig ved h\u00f8je hastigheder, og for at skabe mindre luftmodstand.","og_url":"https:\/\/zamphelmets.co\/da\/vare\/hage-spoiler\/","og_site_name":"Zamp Helmets | Helmet 28 EU","article_modified_time":"2026-02-16T15:58:24+00:00","og_image":[{"width":1000,"height":1000,"url":"https:\/\/zamphelmets.co\/wp-content\/uploads\/2020\/08\/mPxzSzaATTy9bX8I8AvZ_HSZ210CL_89a84e9d-3ee0-4c97-8a12-a1e8fd5bee45.jpg","type":"image\/jpeg"}],"twitter_card":"summary_large_image","schema":{"@context":"https:\/\/schema.org","@graph":[{"@type":"WebPage","@id":"https:\/\/zamphelmets.co\/da\/vare\/hage-spoiler\/","url":"https:\/\/zamphelmets.co\/da\/vare\/hage-spoiler\/","name":"Hage-spoiler for Racing Helmets \u20ac24.99 - Zamp Helmets | Helmet 28 EU","isPartOf":{"@id":"https:\/\/zamphelmets.co\/da\/#website"},"primaryImageOfPage":{"@id":"https:\/\/zamphelmets.co\/da\/vare\/hage-spoiler\/#primaryimage"},"image":{"@id":"https:\/\/zamphelmets.co\/da\/vare\/hage-spoiler\/#primaryimage"},"thumbnailUrl":"https:\/\/zamphelmets.co\/wp-content\/uploads\/2020\/08\/mPxzSzaATTy9bX8I8AvZ_HSZ210CL_89a84e9d-3ee0-4c97-8a12-a1e8fd5bee45.jpg","datePublished":"2022-02-19T16:39:18+00:00","dateModified":"2026-02-16T15:58:24+00:00","description":"Hagespoileren er perfekt til l\u00f8b med \u00e5ben cockpit for at forhindre, at hjelmen l\u00f8fter sig ved h\u00f8je hastigheder, og for at skabe mindre luftmodstand.","breadcrumb":{"@id":"https:\/\/zamphelmets.co\/da\/vare\/hage-spoiler\/#breadcrumb"},"inLanguage":"da-DK","potentialAction":[{"@type":"ReadAction","target":["https:\/\/zamphelmets.co\/da\/vare\/hage-spoiler\/"]}]},{"@type":"ImageObject","inLanguage":"da-DK","@id":"https:\/\/zamphelmets.co\/da\/vare\/hage-spoiler\/#primaryimage","url":"https:\/\/zamphelmets.co\/wp-content\/uploads\/2020\/08\/mPxzSzaATTy9bX8I8AvZ_HSZ210CL_89a84e9d-3ee0-4c97-8a12-a1e8fd5bee45.jpg","contentUrl":"https:\/\/zamphelmets.co\/wp-content\/uploads\/2020\/08\/mPxzSzaATTy9bX8I8AvZ_HSZ210CL_89a84e9d-3ee0-4c97-8a12-a1e8fd5bee45.jpg","width":1000,"height":1000,"caption":"Hagespoiler til racerhjelme fra Zamp Helmets"},{"@type":"BreadcrumbList","@id":"https:\/\/zamphelmets.co\/da\/vare\/hage-spoiler\/#breadcrumb","itemListElement":[{"@type":"ListItem","position":1,"name":"Shop","item":"https:\/\/zamphelmets.co\/da\/shop\/"},{"@type":"ListItem","position":2,"name":"Hage-spoiler"}]},{"@type":"WebSite","@id":"https:\/\/zamphelmets.co\/da\/#website","url":"https:\/\/zamphelmets.co\/da\/","name":"Zamp Helmets | Helmet 28 EU","description":"High Quality Motorsport Helmets","potentialAction":[{"@type":"SearchAction","target":{"@type":"EntryPoint","urlTemplate":"https:\/\/zamphelmets.co\/da\/?s={search_term_string}"},"query-input":{"@type":"PropertyValueSpecification","valueRequired":true,"valueName":"search_term_string"}}],"inLanguage":"da-DK"}]}},"_links":{"self":[{"href":"https:\/\/zamphelmets.co\/da\/wp-json\/wp\/v2\/product\/24250","targetHints":{"allow":["GET"]}}],"collection":[{"href":"https:\/\/zamphelmets.co\/da\/wp-json\/wp\/v2\/product"}],"about":[{"href":"https:\/\/zamphelmets.co\/da\/wp-json\/wp\/v2\/types\/product"}],"replies":[{"embeddable":true,"href":"https:\/\/zamphelmets.co\/da\/wp-json\/wp\/v2\/comments?post=24250"}],"wp:featuredmedia":[{"embeddable":true,"href":"https:\/\/zamphelmets.co\/da\/wp-json\/wp\/v2\/media\/12364"}],"wp:attachment":[{"href":"https:\/\/zamphelmets.co\/da\/wp-json\/wp\/v2\/media?parent=24250"}],"wp:term":[{"taxonomy":"product_brand","embeddable":true,"href":"https:\/\/zamphelmets.co\/da\/wp-json\/wp\/v2\/product_brand?post=24250"},{"taxonomy":"product_cat","embeddable":true,"href":"https:\/\/zamphelmets.co\/da\/wp-json\/wp\/v2\/product_cat?post=24250"},{"taxonomy":"product_tag","embeddable":true,"href":"https:\/\/zamphelmets.co\/da\/wp-json\/wp\/v2\/product_tag?post=24250"}],"curies":[{"name":"wp","href":"https:\/\/api.w.org\/{rel}","templated":true}]}}