{"id":24174,"date":"2022-02-16T10:58:03","date_gmt":"2022-02-16T10:58:03","guid":{"rendered":"https:\/\/zamphelmets.co\/product\/zamp-oerekop-med-hoejttalere\/"},"modified":"2026-02-16T15:53:46","modified_gmt":"2026-02-16T15:53:46","slug":"zamp-oerekop-med-hoejttalere","status":"publish","type":"product","link":"https:\/\/zamphelmets.co\/da\/vare\/zamp-oerekop-med-hoejttalere\/","title":{"rendered":"Zamp \u00f8rekop med h\u00f8jttalere"},"content":{"rendered":"<p><small>Zamps s\u00e6t med \u00f8rekopper og h\u00f8jttalere giver dig mulighed for at k\u00f8re en- eller tovejskommunikation i din yndlingshjelm. Disse \u00f8rekopper med h\u00f8jttalere er nemme at installere og s\u00e6tte op, og de fastg\u00f8res inde i hjelmen, s\u00e5 de er nemme at installere og bruge.<\/small><\/p>\n<ul>\n<li>H\u00f8jttaler af h\u00f8j kvalitet med en diameter p\u00e5 28 mm<\/li>\n<li>3,5 mm stereostik fungerer til envejsmodtagere eller tovejskommunikationssystemer<\/li>\n<li>Velcro-poser installeret i \u00f8rekopperne for nem montering i hjelmen<\/li>\n<li>Lille fodaftryk g\u00f8r det muligt at montere dem inde i \u00f8rekopperne<\/li>\n<\/ul>\n<p><small>Vores h\u00f8jttalere er designet til at bruge et minimum af ledninger og giver en ren og nem installation. 10 tommer ledning fra h\u00f8jttaler til h\u00f8jttaler<\/small><\/p>\n<p>Kompatibel med: <strong>RZ 44CE \/ RZ 70E \/ RL 70E \/ RZ 65D \/ RZ 62<\/strong><\/p>\n<p><iframe title=\"YouTube-videoafspiller\" data-src=\"https:\/\/www.youtube.com\/embed\/cknXzIY0meI\" width=\"560\" height=\"315\" frameborder=\"0\" allowfullscreen=\"allowfullscreen\" src=\"data:image\/svg+xml;base64,PHN2ZyB3aWR0aD0iMSIgaGVpZ2h0PSIxIiB4bWxucz0iaHR0cDovL3d3dy53My5vcmcvMjAwMC9zdmciPjwvc3ZnPg==\" class=\"lazyload\" data-load-mode=\"1\"><\/iframe><\/p>\n","protected":false},"excerpt":{"rendered":"<p>Zamps s\u00e6t med \u00f8rekopper og h\u00f8jttalere giver dig mulighed for at k\u00f8re en- eller tovejskommunikation i din yndlingshjelm. Disse \u00f8rekopper med h\u00f8jttalere er nemme at installere og s\u00e6tte op, og de fastg\u00f8res inde i hjelmen, s\u00e5 de er nemme at installere og bruge. H\u00f8jttaler af h\u00f8j kvalitet med en diameter p\u00e5 28 mm 3,5 mm [&hellip;]<\/p>\n","protected":false},"featured_media":13813,"comment_status":"open","ping_status":"closed","template":"","meta":{"_acf_changed":false,"_iconic_wsb_product_page_order_bump_ids":[],"_sku":["KITEAR003COM"],"_iconic_wsb_product_page_bump_modal_ids":[]},"product_brand":[],"product_cat":[215,156,157,155],"product_tag":[],"class_list":{"0":"post-24174","1":"product","2":"type-product","3":"status-publish","4":"has-post-thumbnail","6":"product_cat-andet","7":"product_cat-tilbehor","8":"product_cat-tilbehor-til-hjelme","9":"product_cat-zamp-da","11":"first","12":"instock","13":"taxable","14":"shipping-taxable","15":"purchasable","16":"product-type-simple"},"acf":[],"yoast_head":"<!-- This site is optimized with the Yoast SEO plugin v27.0 - https:\/\/yoast.com\/product\/yoast-seo-wordpress\/ -->\n<title>Zamp \u00f8rekop med h\u00f8jttalere Nem - Zamp Helmets | Helmet 28 EU<\/title>\n<meta name=\"description\" content=\"Zamp-\u00f8repropper med h\u00f8jttalere g\u00f8r det nemt at installere 1- eller 2-vejskommunikation i din foretrukne Zamp-hjelm.\" \/>\n<meta name=\"robots\" content=\"index, follow, max-snippet:-1, max-image-preview:large, max-video-preview:-1\" \/>\n<link rel=\"canonical\" href=\"https:\/\/zamphelmets.co\/da\/vare\/zamp-oerekop-med-hoejttalere\/\" \/>\n<meta property=\"og:locale\" content=\"da_DK\" \/>\n<meta property=\"og:type\" content=\"article\" \/>\n<meta property=\"og:title\" content=\"Zamp \u00f8rekop med h\u00f8jttalere Nem - Zamp Helmets | Helmet 28 EU\" \/>\n<meta property=\"og:description\" content=\"Zamp-\u00f8repropper med h\u00f8jttalere g\u00f8r det nemt at installere 1- eller 2-vejskommunikation i din foretrukne Zamp-hjelm.\" \/>\n<meta property=\"og:url\" content=\"https:\/\/zamphelmets.co\/da\/vare\/zamp-oerekop-med-hoejttalere\/\" \/>\n<meta property=\"og:site_name\" content=\"Zamp Helmets | Helmet 28 EU\" \/>\n<meta property=\"article:modified_time\" content=\"2026-02-16T15:53:46+00:00\" \/>\n<meta property=\"og:image\" content=\"https:\/\/zamphelmets.co\/wp-content\/uploads\/2021\/02\/KITEAR003COM.jpg\" \/>\n\t<meta property=\"og:image:width\" content=\"1000\" \/>\n\t<meta property=\"og:image:height\" content=\"1000\" \/>\n\t<meta property=\"og:image:type\" content=\"image\/jpeg\" \/>\n<meta name=\"twitter:card\" content=\"summary_large_image\" \/>\n<meta name=\"twitter:label1\" content=\"Est. reading time\" \/>\n\t<meta name=\"twitter:data1\" content=\"1 minut\" \/>\n<script type=\"application\/ld+json\" class=\"yoast-schema-graph\">{\"@context\":\"https:\/\/schema.org\",\"@graph\":[{\"@type\":\"WebPage\",\"@id\":\"https:\/\/zamphelmets.co\/da\/vare\/zamp-oerekop-med-hoejttalere\/\",\"url\":\"https:\/\/zamphelmets.co\/da\/vare\/zamp-oerekop-med-hoejttalere\/\",\"name\":\"Zamp \u00f8rekop med h\u00f8jttalere Nem - Zamp Helmets | Helmet 28 EU\",\"isPartOf\":{\"@id\":\"https:\/\/zamphelmets.co\/da\/#website\"},\"primaryImageOfPage\":{\"@id\":\"https:\/\/zamphelmets.co\/da\/vare\/zamp-oerekop-med-hoejttalere\/#primaryimage\"},\"image\":{\"@id\":\"https:\/\/zamphelmets.co\/da\/vare\/zamp-oerekop-med-hoejttalere\/#primaryimage\"},\"thumbnailUrl\":\"https:\/\/zamphelmets.co\/wp-content\/uploads\/2021\/02\/KITEAR003COM.jpg\",\"datePublished\":\"2022-02-16T10:58:03+00:00\",\"dateModified\":\"2026-02-16T15:53:46+00:00\",\"description\":\"Zamp-\u00f8repropper med h\u00f8jttalere g\u00f8r det nemt at installere 1- eller 2-vejskommunikation i din foretrukne Zamp-hjelm.\",\"breadcrumb\":{\"@id\":\"https:\/\/zamphelmets.co\/da\/vare\/zamp-oerekop-med-hoejttalere\/#breadcrumb\"},\"inLanguage\":\"da-DK\",\"potentialAction\":[{\"@type\":\"ReadAction\",\"target\":[\"https:\/\/zamphelmets.co\/da\/vare\/zamp-oerekop-med-hoejttalere\/\"]}]},{\"@type\":\"ImageObject\",\"inLanguage\":\"da-DK\",\"@id\":\"https:\/\/zamphelmets.co\/da\/vare\/zamp-oerekop-med-hoejttalere\/#primaryimage\",\"url\":\"https:\/\/zamphelmets.co\/wp-content\/uploads\/2021\/02\/KITEAR003COM.jpg\",\"contentUrl\":\"https:\/\/zamphelmets.co\/wp-content\/uploads\/2021\/02\/KITEAR003COM.jpg\",\"width\":1000,\"height\":1000,\"caption\":\"Zamp Helmets \u00f8rekopper med h\u00f8jttalere\"},{\"@type\":\"BreadcrumbList\",\"@id\":\"https:\/\/zamphelmets.co\/da\/vare\/zamp-oerekop-med-hoejttalere\/#breadcrumb\",\"itemListElement\":[{\"@type\":\"ListItem\",\"position\":1,\"name\":\"Shop\",\"item\":\"https:\/\/zamphelmets.co\/da\/shop\/\"},{\"@type\":\"ListItem\",\"position\":2,\"name\":\"Zamp \u00f8rekop med h\u00f8jttalere\"}]},{\"@type\":\"WebSite\",\"@id\":\"https:\/\/zamphelmets.co\/da\/#website\",\"url\":\"https:\/\/zamphelmets.co\/da\/\",\"name\":\"Zamp Helmets | Helmet 28 EU\",\"description\":\"High Quality Motorsport Helmets\",\"potentialAction\":[{\"@type\":\"SearchAction\",\"target\":{\"@type\":\"EntryPoint\",\"urlTemplate\":\"https:\/\/zamphelmets.co\/da\/?s={search_term_string}\"},\"query-input\":{\"@type\":\"PropertyValueSpecification\",\"valueRequired\":true,\"valueName\":\"search_term_string\"}}],\"inLanguage\":\"da-DK\"}]}<\/script>\n<!-- \/ Yoast SEO plugin. -->","yoast_head_json":{"title":"Zamp \u00f8rekop med h\u00f8jttalere Nem - Zamp Helmets | Helmet 28 EU","description":"Zamp-\u00f8repropper med h\u00f8jttalere g\u00f8r det nemt at installere 1- eller 2-vejskommunikation i din foretrukne Zamp-hjelm.","robots":{"index":"index","follow":"follow","max-snippet":"max-snippet:-1","max-image-preview":"max-image-preview:large","max-video-preview":"max-video-preview:-1"},"canonical":"https:\/\/zamphelmets.co\/da\/vare\/zamp-oerekop-med-hoejttalere\/","og_locale":"da_DK","og_type":"article","og_title":"Zamp \u00f8rekop med h\u00f8jttalere Nem - Zamp Helmets | Helmet 28 EU","og_description":"Zamp-\u00f8repropper med h\u00f8jttalere g\u00f8r det nemt at installere 1- eller 2-vejskommunikation i din foretrukne Zamp-hjelm.","og_url":"https:\/\/zamphelmets.co\/da\/vare\/zamp-oerekop-med-hoejttalere\/","og_site_name":"Zamp Helmets | Helmet 28 EU","article_modified_time":"2026-02-16T15:53:46+00:00","og_image":[{"width":1000,"height":1000,"url":"https:\/\/zamphelmets.co\/wp-content\/uploads\/2021\/02\/KITEAR003COM.jpg","type":"image\/jpeg"}],"twitter_card":"summary_large_image","twitter_misc":{"Est. reading time":"1 minut"},"schema":{"@context":"https:\/\/schema.org","@graph":[{"@type":"WebPage","@id":"https:\/\/zamphelmets.co\/da\/vare\/zamp-oerekop-med-hoejttalere\/","url":"https:\/\/zamphelmets.co\/da\/vare\/zamp-oerekop-med-hoejttalere\/","name":"Zamp \u00f8rekop med h\u00f8jttalere Nem - Zamp Helmets | Helmet 28 EU","isPartOf":{"@id":"https:\/\/zamphelmets.co\/da\/#website"},"primaryImageOfPage":{"@id":"https:\/\/zamphelmets.co\/da\/vare\/zamp-oerekop-med-hoejttalere\/#primaryimage"},"image":{"@id":"https:\/\/zamphelmets.co\/da\/vare\/zamp-oerekop-med-hoejttalere\/#primaryimage"},"thumbnailUrl":"https:\/\/zamphelmets.co\/wp-content\/uploads\/2021\/02\/KITEAR003COM.jpg","datePublished":"2022-02-16T10:58:03+00:00","dateModified":"2026-02-16T15:53:46+00:00","description":"Zamp-\u00f8repropper med h\u00f8jttalere g\u00f8r det nemt at installere 1- eller 2-vejskommunikation i din foretrukne Zamp-hjelm.","breadcrumb":{"@id":"https:\/\/zamphelmets.co\/da\/vare\/zamp-oerekop-med-hoejttalere\/#breadcrumb"},"inLanguage":"da-DK","potentialAction":[{"@type":"ReadAction","target":["https:\/\/zamphelmets.co\/da\/vare\/zamp-oerekop-med-hoejttalere\/"]}]},{"@type":"ImageObject","inLanguage":"da-DK","@id":"https:\/\/zamphelmets.co\/da\/vare\/zamp-oerekop-med-hoejttalere\/#primaryimage","url":"https:\/\/zamphelmets.co\/wp-content\/uploads\/2021\/02\/KITEAR003COM.jpg","contentUrl":"https:\/\/zamphelmets.co\/wp-content\/uploads\/2021\/02\/KITEAR003COM.jpg","width":1000,"height":1000,"caption":"Zamp Helmets \u00f8rekopper med h\u00f8jttalere"},{"@type":"BreadcrumbList","@id":"https:\/\/zamphelmets.co\/da\/vare\/zamp-oerekop-med-hoejttalere\/#breadcrumb","itemListElement":[{"@type":"ListItem","position":1,"name":"Shop","item":"https:\/\/zamphelmets.co\/da\/shop\/"},{"@type":"ListItem","position":2,"name":"Zamp \u00f8rekop med h\u00f8jttalere"}]},{"@type":"WebSite","@id":"https:\/\/zamphelmets.co\/da\/#website","url":"https:\/\/zamphelmets.co\/da\/","name":"Zamp Helmets | Helmet 28 EU","description":"High Quality Motorsport Helmets","potentialAction":[{"@type":"SearchAction","target":{"@type":"EntryPoint","urlTemplate":"https:\/\/zamphelmets.co\/da\/?s={search_term_string}"},"query-input":{"@type":"PropertyValueSpecification","valueRequired":true,"valueName":"search_term_string"}}],"inLanguage":"da-DK"}]}},"_links":{"self":[{"href":"https:\/\/zamphelmets.co\/da\/wp-json\/wp\/v2\/product\/24174","targetHints":{"allow":["GET"]}}],"collection":[{"href":"https:\/\/zamphelmets.co\/da\/wp-json\/wp\/v2\/product"}],"about":[{"href":"https:\/\/zamphelmets.co\/da\/wp-json\/wp\/v2\/types\/product"}],"replies":[{"embeddable":true,"href":"https:\/\/zamphelmets.co\/da\/wp-json\/wp\/v2\/comments?post=24174"}],"wp:featuredmedia":[{"embeddable":true,"href":"https:\/\/zamphelmets.co\/da\/wp-json\/wp\/v2\/media\/13813"}],"wp:attachment":[{"href":"https:\/\/zamphelmets.co\/da\/wp-json\/wp\/v2\/media?parent=24174"}],"wp:term":[{"taxonomy":"product_brand","embeddable":true,"href":"https:\/\/zamphelmets.co\/da\/wp-json\/wp\/v2\/product_brand?post=24174"},{"taxonomy":"product_cat","embeddable":true,"href":"https:\/\/zamphelmets.co\/da\/wp-json\/wp\/v2\/product_cat?post=24174"},{"taxonomy":"product_tag","embeddable":true,"href":"https:\/\/zamphelmets.co\/da\/wp-json\/wp\/v2\/product_tag?post=24174"}],"curies":[{"name":"wp","href":"https:\/\/api.w.org\/{rel}","templated":true}]}}