{"id":23903,"date":"2020-08-07T11:58:21","date_gmt":"2020-08-07T11:58:21","guid":{"rendered":"https:\/\/zamphelmets.co\/product\/rz-62-lyseroed-lilla\/"},"modified":"2026-02-16T15:13:23","modified_gmt":"2026-02-16T15:13:23","slug":"rz-62-lyseroed-lilla","status":"publish","type":"product","link":"https:\/\/zamphelmets.co\/da\/vare\/rz-62-lyseroed-lilla\/","title":{"rendered":"RZ 62 Lyser\u00f8d\/lilla"},"content":{"rendered":"<p><strong>Zamp RZ-62 Pink\/Purple tilbyder flere unikke l\u00f8bsops\u00e6tninger end nogen anden hjelm i samme prisklasse. En let Aramid Mix-konstruktion kombineret med en utrolig luftgennemstr\u00f8mning resulterer i en fantastisk hjelm til prisen. K\u00f8rerne f\u00e5r ogs\u00e5 mulighed for at tilpasse RZ 62 til en lang r\u00e6kke racerops\u00e6tninger, herunder til Open Wheel, Closed Cockpit eller Kart Racing. Derudover f\u00e5s RZ 62 med noget af den mest fantastiske grafik, der er set inden for hjelmdesign, og disse f\u00e6rdigmalede hjelme tilbyder grafik p\u00e5 h\u00f8jt niveau, der er udf\u00f8rt efter de h\u00f8jeste standarder.<\/strong><\/p>\n<p><strong>Funktionerne omfatter:<\/strong><\/p>\n<ul>\n<li><strong>Aramid-mixskal<\/strong> til superletv\u00e6gtshjelm<\/li>\n<li><strong>Aerodynamisk <\/strong>skal og hageb\u00f8jle, aerol\u00e6ber i skal. Nem montering af Aero Chin Lip og Aero Rear Spoiler som tilbeh\u00f8r<\/li>\n<li><strong>TRI-Tech Air System <\/strong>&#8211; Giver dig mulighed for at k\u00f8re naturlig luft, forceret luft og luftpropper i tre justerbare indgange p\u00e5 toppen og begge sider af hageb\u00f8jlen for at f\u00e5 den mest justerbare luftstr\u00f8m p\u00e5 markedet.<\/li>\n<li><strong>Bl\u00f8dt<\/strong>, <strong>brandh\u00e6mmende<\/strong>, aftageligt\/vaskbart, ultrabl\u00f8dt interi\u00f8r med EPS-skum til hageb\u00f8jlen<\/li>\n<li><strong>Z-20 Series 3 mm Clear Shield<\/strong> med afrivningsstolper p\u00e5 12,25&#8243; centerstolper med afrivninger i bananstil<\/li>\n<li><strong>V\u00e6skehul\/stik <\/strong>foran og midt i hageb\u00f8jlen med nem ops\u00e6tning<\/li>\n<li><strong>Ear Cup Option <\/strong>er bygget med Ear Pocket, som giver dig mulighed for nemt at s\u00e6tte velcro i Zamp Ear Cup for at give f\u00f8reren et mere st\u00f8jsvagt milj\u00f8 til at h\u00f8re kommunikation.<\/li>\n<li><strong>M6-indsatser <\/strong>til hoved- og nakkest\u00f8tte<\/li>\n<li>Snell <strong>SA-2020<\/strong><\/li>\n<li><strong>V\u00e6gt: ca. 1420 g i st\u00f8rrelse M<\/strong><\/li>\n<\/ul>\n<p>Som det er almindeligt i motorsport, varierer vores st\u00f8rrelser afh\u00e6ngigt af hjelmmodellen. Du kan l\u00e6se mere om, hvordan du finder st\u00f8rrelsen p\u00e5 din hjelm <a href=\"https:\/\/zamphelmets.co\/da\/saadan-vaelger-du-den-rigtige-hjelmstoerrelse\/\">her<\/a>.<\/p>\n<p><a href=\"https:\/\/zamphelmets.co\/da\/homologering-forklaret\/\"><strong>Homologering forklaret<\/strong> &#8211; find ud af, hvilken homologering du har brug for<\/a><\/p>\n<p><a href=\"https:\/\/zamphelmets.co\/da\/hans-stolper-hans-og-fhr-udstyr\/\"><strong>FHR \/ HANS-udstyr<\/strong> &#8211; hvorn\u00e5r er det p\u00e5kr\u00e6vet?<\/a><\/p>\n<p>&nbsp;<\/p>\n<p><img decoding=\"async\" class=\"alignnone wp-image-26355 size-full lazyload\" data-src=\"https:\/\/zamphelmets.co\/wp-content\/uploads\/2024\/03\/Zamp-Helmets-sizing-guide-4166-x-4166-px-1.png\" alt=\"\" width=\"500\" height=\"500\" data-srcset=\"https:\/\/zamphelmets.co\/wp-content\/uploads\/2024\/03\/Zamp-Helmets-sizing-guide-4166-x-4166-px-1.png 500w, https:\/\/zamphelmets.co\/wp-content\/uploads\/2024\/03\/Zamp-Helmets-sizing-guide-4166-x-4166-px-1-300x300.png 300w, https:\/\/zamphelmets.co\/wp-content\/uploads\/2024\/03\/Zamp-Helmets-sizing-guide-4166-x-4166-px-1-150x150.png 150w, https:\/\/zamphelmets.co\/wp-content\/uploads\/2024\/03\/Zamp-Helmets-sizing-guide-4166-x-4166-px-1-100x100.png 100w\" data-sizes=\"(max-width: 500px) 100vw, 500px\" src=\"data:image\/svg+xml;base64,PHN2ZyB3aWR0aD0iMSIgaGVpZ2h0PSIxIiB4bWxucz0iaHR0cDovL3d3dy53My5vcmcvMjAwMC9zdmciPjwvc3ZnPg==\" style=\"--smush-placeholder-width: 500px; --smush-placeholder-aspect-ratio: 500\/500;\" \/><\/p>\n<div id=\"product-10089\" class=\"product type-product post-10089 status-publish first instock product_cat-fia product_cat-snell-2020-sa2020 product_cat-zamp has-post-thumbnail taxable shipping-taxable purchasable product-type-variable\">\n<div class=\"woocommerce-tabs wc-tabs-wrapper\">\n<div id=\"tab-description\" class=\"woocommerce-Tabs-panel woocommerce-Tabs-panel--description panel entry-content wc-tab\" role=\"tabpanel\" aria-labelledby=\"tab-title-description\">\n<p><strong>Er du i tvivl om st\u00f8rrelsen? <\/strong><a href=\"https:\/\/form.jotform.com\/251263198513053\">Udfyld vores st\u00f8rrelsesformular<\/a>, og et medlem af teamet vil kontakte dig med vores anbefalinger.<\/p>\n<\/div>\n<\/div>\n<\/div>\n","protected":false},"excerpt":{"rendered":"<p><strong>Zamp RZ-62 Pink\/Purple tilbyder flere unikke l\u00f8bsops\u00e6tninger end nogen anden hjelm i samme prisklasse. En let Aramid Mix-konstruktion kombineret med en utrolig luftgennemstr\u00f8mning resulterer i en fantastisk hjelm til prisen. K\u00f8rerne f\u00e5r ogs\u00e5 mulighed for at tilpasse RZ 62 til en lang r\u00e6kke racerops\u00e6tninger, herunder til Open Wheel, Closed Cockpit eller Kart Racing. Derudover f\u00e5s RZ 62 med noget af den mest fantastiske grafik, der er set inden for hjelmdesign, og disse f\u00e6rdigmalede hjelme tilbyder grafik p\u00e5 h\u00f8jt niveau, der er udf\u00f8rt efter de h\u00f8jeste standarder.<\/strong><\/p>\n","protected":false},"featured_media":11944,"comment_status":"open","ping_status":"closed","template":"","meta":{"_acf_changed":false,"_iconic_wsb_product_page_order_bump_ids":[[]],"_sku":[],"_iconic_wsb_product_page_bump_modal_ids":[[]]},"product_brand":[],"product_cat":[181,240,184,183,155],"product_tag":[],"class_list":{"0":"post-23903","1":"product","2":"type-product","3":"status-publish","4":"has-post-thumbnail","6":"product_cat-zamp-hjelme","7":"product_cat-premium-da","8":"product_cat-snell-da","9":"product_cat-snell-2020-sa2020-da","10":"product_cat-zamp-da","12":"first","13":"instock","14":"taxable","15":"shipping-taxable","16":"product-type-variable"},"acf":[],"yoast_head":"<!-- This site is optimized with the Yoast SEO plugin v27.0 - https:\/\/yoast.com\/product\/yoast-seo-wordpress\/ -->\n<title>RZ 62 Lyser\u00f8d\/lilla \u20ac451.67 - Zamp Helmets | Helmet 28 EU SA2020 Homologation<\/title>\n<meta name=\"description\" content=\"RZ 62 Pink\/Purple er den markedsledende f\u00e6rdigmalede hjelm i branchen. Komplet med SA2020 koster RZ 62 Pink\/Purple kun \u20ac451,67.\" \/>\n<meta name=\"robots\" content=\"index, follow, max-snippet:-1, max-image-preview:large, max-video-preview:-1\" \/>\n<link rel=\"canonical\" href=\"https:\/\/zamphelmets.co\/da\/vare\/rz-62-lyseroed-lilla\/\" \/>\n<meta property=\"og:locale\" content=\"da_DK\" \/>\n<meta property=\"og:type\" content=\"article\" \/>\n<meta property=\"og:title\" content=\"RZ 62 Lyser\u00f8d\/lilla \u20ac451.67 - Zamp Helmets | Helmet 28 EU SA2020 Homologation\" \/>\n<meta property=\"og:description\" content=\"RZ 62 Pink\/Purple er den markedsledende f\u00e6rdigmalede hjelm i branchen. Komplet med SA2020 koster RZ 62 Pink\/Purple kun \u20ac451,67.\" \/>\n<meta property=\"og:url\" content=\"https:\/\/zamphelmets.co\/da\/vare\/rz-62-lyseroed-lilla\/\" \/>\n<meta property=\"og:site_name\" content=\"Zamp Helmets | Helmet 28 EU\" \/>\n<meta property=\"article:modified_time\" content=\"2026-02-16T15:13:23+00:00\" \/>\n<meta property=\"og:image\" content=\"https:\/\/zamphelmets.co\/wp-content\/uploads\/2020\/08\/4fEyITrzQRqi4BerE9Y6_H764C34.jpg\" \/>\n\t<meta property=\"og:image:width\" content=\"1500\" \/>\n\t<meta property=\"og:image:height\" content=\"1500\" \/>\n\t<meta property=\"og:image:type\" content=\"image\/jpeg\" \/>\n<meta name=\"twitter:card\" content=\"summary_large_image\" \/>\n<meta name=\"twitter:label1\" content=\"Est. reading time\" \/>\n\t<meta name=\"twitter:data1\" content=\"2 minutter\" \/>\n<script type=\"application\/ld+json\" class=\"yoast-schema-graph\">{\"@context\":\"https:\/\/schema.org\",\"@graph\":[{\"@type\":\"WebPage\",\"@id\":\"https:\/\/zamphelmets.co\/da\/vare\/rz-62-lyseroed-lilla\/\",\"url\":\"https:\/\/zamphelmets.co\/da\/vare\/rz-62-lyseroed-lilla\/\",\"name\":\"RZ 62 Lyser\u00f8d\/lilla \u20ac451.67 - Zamp Helmets | Helmet 28 EU SA2020 Homologation\",\"isPartOf\":{\"@id\":\"https:\/\/zamphelmets.co\/da\/#website\"},\"primaryImageOfPage\":{\"@id\":\"https:\/\/zamphelmets.co\/da\/vare\/rz-62-lyseroed-lilla\/#primaryimage\"},\"image\":{\"@id\":\"https:\/\/zamphelmets.co\/da\/vare\/rz-62-lyseroed-lilla\/#primaryimage\"},\"thumbnailUrl\":\"https:\/\/zamphelmets.co\/wp-content\/uploads\/2020\/08\/4fEyITrzQRqi4BerE9Y6_H764C34.jpg\",\"datePublished\":\"2020-08-07T11:58:21+00:00\",\"dateModified\":\"2026-02-16T15:13:23+00:00\",\"description\":\"RZ 62 Pink\/Purple er den markedsledende f\u00e6rdigmalede hjelm i branchen. Komplet med SA2020 koster RZ 62 Pink\/Purple kun \u20ac451,67.\",\"breadcrumb\":{\"@id\":\"https:\/\/zamphelmets.co\/da\/vare\/rz-62-lyseroed-lilla\/#breadcrumb\"},\"inLanguage\":\"da-DK\",\"potentialAction\":[{\"@type\":\"ReadAction\",\"target\":[\"https:\/\/zamphelmets.co\/da\/vare\/rz-62-lyseroed-lilla\/\"]}]},{\"@type\":\"ImageObject\",\"inLanguage\":\"da-DK\",\"@id\":\"https:\/\/zamphelmets.co\/da\/vare\/rz-62-lyseroed-lilla\/#primaryimage\",\"url\":\"https:\/\/zamphelmets.co\/wp-content\/uploads\/2020\/08\/4fEyITrzQRqi4BerE9Y6_H764C34.jpg\",\"contentUrl\":\"https:\/\/zamphelmets.co\/wp-content\/uploads\/2020\/08\/4fEyITrzQRqi4BerE9Y6_H764C34.jpg\",\"width\":1500,\"height\":1500,\"caption\":\"RZ-62 Pink\/lilla racerhjelm fra Zamp Helmets\"},{\"@type\":\"BreadcrumbList\",\"@id\":\"https:\/\/zamphelmets.co\/da\/vare\/rz-62-lyseroed-lilla\/#breadcrumb\",\"itemListElement\":[{\"@type\":\"ListItem\",\"position\":1,\"name\":\"Shop\",\"item\":\"https:\/\/zamphelmets.co\/da\/shop\/\"},{\"@type\":\"ListItem\",\"position\":2,\"name\":\"RZ 62 Lyser\u00f8d\/lilla\"}]},{\"@type\":\"WebSite\",\"@id\":\"https:\/\/zamphelmets.co\/da\/#website\",\"url\":\"https:\/\/zamphelmets.co\/da\/\",\"name\":\"Zamp Helmets | Helmet 28 EU\",\"description\":\"High Quality Motorsport Helmets\",\"potentialAction\":[{\"@type\":\"SearchAction\",\"target\":{\"@type\":\"EntryPoint\",\"urlTemplate\":\"https:\/\/zamphelmets.co\/da\/?s={search_term_string}\"},\"query-input\":{\"@type\":\"PropertyValueSpecification\",\"valueRequired\":true,\"valueName\":\"search_term_string\"}}],\"inLanguage\":\"da-DK\"}]}<\/script>\n<!-- \/ Yoast SEO plugin. -->","yoast_head_json":{"title":"RZ 62 Lyser\u00f8d\/lilla \u20ac451.67 - Zamp Helmets | Helmet 28 EU SA2020 Homologation","description":"RZ 62 Pink\/Purple er den markedsledende f\u00e6rdigmalede hjelm i branchen. Komplet med SA2020 koster RZ 62 Pink\/Purple kun \u20ac451,67.","robots":{"index":"index","follow":"follow","max-snippet":"max-snippet:-1","max-image-preview":"max-image-preview:large","max-video-preview":"max-video-preview:-1"},"canonical":"https:\/\/zamphelmets.co\/da\/vare\/rz-62-lyseroed-lilla\/","og_locale":"da_DK","og_type":"article","og_title":"RZ 62 Lyser\u00f8d\/lilla \u20ac451.67 - Zamp Helmets | Helmet 28 EU SA2020 Homologation","og_description":"RZ 62 Pink\/Purple er den markedsledende f\u00e6rdigmalede hjelm i branchen. Komplet med SA2020 koster RZ 62 Pink\/Purple kun \u20ac451,67.","og_url":"https:\/\/zamphelmets.co\/da\/vare\/rz-62-lyseroed-lilla\/","og_site_name":"Zamp Helmets | Helmet 28 EU","article_modified_time":"2026-02-16T15:13:23+00:00","og_image":[{"width":1500,"height":1500,"url":"https:\/\/zamphelmets.co\/wp-content\/uploads\/2020\/08\/4fEyITrzQRqi4BerE9Y6_H764C34.jpg","type":"image\/jpeg"}],"twitter_card":"summary_large_image","twitter_misc":{"Est. reading time":"2 minutter"},"schema":{"@context":"https:\/\/schema.org","@graph":[{"@type":"WebPage","@id":"https:\/\/zamphelmets.co\/da\/vare\/rz-62-lyseroed-lilla\/","url":"https:\/\/zamphelmets.co\/da\/vare\/rz-62-lyseroed-lilla\/","name":"RZ 62 Lyser\u00f8d\/lilla \u20ac451.67 - Zamp Helmets | Helmet 28 EU SA2020 Homologation","isPartOf":{"@id":"https:\/\/zamphelmets.co\/da\/#website"},"primaryImageOfPage":{"@id":"https:\/\/zamphelmets.co\/da\/vare\/rz-62-lyseroed-lilla\/#primaryimage"},"image":{"@id":"https:\/\/zamphelmets.co\/da\/vare\/rz-62-lyseroed-lilla\/#primaryimage"},"thumbnailUrl":"https:\/\/zamphelmets.co\/wp-content\/uploads\/2020\/08\/4fEyITrzQRqi4BerE9Y6_H764C34.jpg","datePublished":"2020-08-07T11:58:21+00:00","dateModified":"2026-02-16T15:13:23+00:00","description":"RZ 62 Pink\/Purple er den markedsledende f\u00e6rdigmalede hjelm i branchen. Komplet med SA2020 koster RZ 62 Pink\/Purple kun \u20ac451,67.","breadcrumb":{"@id":"https:\/\/zamphelmets.co\/da\/vare\/rz-62-lyseroed-lilla\/#breadcrumb"},"inLanguage":"da-DK","potentialAction":[{"@type":"ReadAction","target":["https:\/\/zamphelmets.co\/da\/vare\/rz-62-lyseroed-lilla\/"]}]},{"@type":"ImageObject","inLanguage":"da-DK","@id":"https:\/\/zamphelmets.co\/da\/vare\/rz-62-lyseroed-lilla\/#primaryimage","url":"https:\/\/zamphelmets.co\/wp-content\/uploads\/2020\/08\/4fEyITrzQRqi4BerE9Y6_H764C34.jpg","contentUrl":"https:\/\/zamphelmets.co\/wp-content\/uploads\/2020\/08\/4fEyITrzQRqi4BerE9Y6_H764C34.jpg","width":1500,"height":1500,"caption":"RZ-62 Pink\/lilla racerhjelm fra Zamp Helmets"},{"@type":"BreadcrumbList","@id":"https:\/\/zamphelmets.co\/da\/vare\/rz-62-lyseroed-lilla\/#breadcrumb","itemListElement":[{"@type":"ListItem","position":1,"name":"Shop","item":"https:\/\/zamphelmets.co\/da\/shop\/"},{"@type":"ListItem","position":2,"name":"RZ 62 Lyser\u00f8d\/lilla"}]},{"@type":"WebSite","@id":"https:\/\/zamphelmets.co\/da\/#website","url":"https:\/\/zamphelmets.co\/da\/","name":"Zamp Helmets | Helmet 28 EU","description":"High Quality Motorsport Helmets","potentialAction":[{"@type":"SearchAction","target":{"@type":"EntryPoint","urlTemplate":"https:\/\/zamphelmets.co\/da\/?s={search_term_string}"},"query-input":{"@type":"PropertyValueSpecification","valueRequired":true,"valueName":"search_term_string"}}],"inLanguage":"da-DK"}]}},"_links":{"self":[{"href":"https:\/\/zamphelmets.co\/da\/wp-json\/wp\/v2\/product\/23903","targetHints":{"allow":["GET"]}}],"collection":[{"href":"https:\/\/zamphelmets.co\/da\/wp-json\/wp\/v2\/product"}],"about":[{"href":"https:\/\/zamphelmets.co\/da\/wp-json\/wp\/v2\/types\/product"}],"replies":[{"embeddable":true,"href":"https:\/\/zamphelmets.co\/da\/wp-json\/wp\/v2\/comments?post=23903"}],"wp:featuredmedia":[{"embeddable":true,"href":"https:\/\/zamphelmets.co\/da\/wp-json\/wp\/v2\/media\/11944"}],"wp:attachment":[{"href":"https:\/\/zamphelmets.co\/da\/wp-json\/wp\/v2\/media?parent=23903"}],"wp:term":[{"taxonomy":"product_brand","embeddable":true,"href":"https:\/\/zamphelmets.co\/da\/wp-json\/wp\/v2\/product_brand?post=23903"},{"taxonomy":"product_cat","embeddable":true,"href":"https:\/\/zamphelmets.co\/da\/wp-json\/wp\/v2\/product_cat?post=23903"},{"taxonomy":"product_tag","embeddable":true,"href":"https:\/\/zamphelmets.co\/da\/wp-json\/wp\/v2\/product_tag?post=23903"}],"curies":[{"name":"wp","href":"https:\/\/api.w.org\/{rel}","templated":true}]}}