{"id":23815,"date":"2020-01-30T12:25:40","date_gmt":"2020-01-30T12:25:40","guid":{"rendered":"https:\/\/zamphelmets.co\/product\/rl-70e\/"},"modified":"2026-02-16T15:07:59","modified_gmt":"2026-02-16T15:07:59","slug":"rl-70e","status":"publish","type":"product","link":"https:\/\/zamphelmets.co\/da\/vare\/rl-70e\/","title":{"rendered":"RL 70E"},"content":{"rendered":"<p>Zamp Helmets er stolte af at kunne pr\u00e6sentere vores revolutionerende hjelm <strong>RL-70E SWITCH <\/strong>. Vores unikke system giver dig mulighed for nemt at konfigurere din hjelm til en r\u00e6kke forskellige racerops\u00e6tninger. Perfekt til de bilister, der \u00f8nsker et Touring Car-look.  <strong>Det har aldrig v\u00e6ret s\u00e5 nemt at tilf\u00f8je kommunikation eller v\u00e6ske til din hjelm!  <\/strong><\/p>\n<p>&nbsp;<\/p>\n<p>Denne hjelm har det nye DDAIR-SYSTEM, et nyt aflastningssystem med dobbelt luftt\u00e6thed. Fuld 360-graders luftkanalisering giver ultimativ luftgennemstr\u00f8mning. K\u00f8lig luft kommer ind i hjelmen, varm luft forlader hjelmen.<\/p>\n<ul>\n<li><strong>Komposit Aramid Mix<\/strong> letv\u00e6gtsskal<\/li>\n<li><strong>Certificeret som Full Face, men har &#8220;open face feel&#8221;<\/strong><\/li>\n<li><strong>Z-design<\/strong> i skallen cirkulerer luft gennem skallen ved hj\u00e6lp af store indvendige kanaler<\/li>\n<li><strong>Kanaler i Chin Bar EPS <\/strong>giver mulighed for nem montering af kommunikationsudstyr\/mikrofon og drikkeslange.<\/li>\n<li><strong>Z-20 Peak Visir medf\u00f8lger<\/strong><\/li>\n<li><strong>M6-indsatser <\/strong>til hoved- og nakkest\u00f8tte<\/li>\n<li><strong>Triangle Caps<\/strong> Aero Cap OR Communication Cap<\/li>\n<li><strong>Installation tilg\u00e6ngelig for kommunikation og hydrering<\/strong><\/li>\n<li><strong>FIA 8859-2015\/Snell SA-2015 Godkendt<\/strong><\/li>\n<li><strong>V\u00e6gt: ca. 1520 g +\/-30 g i st\u00f8rrelse M<\/strong><\/li>\n<\/ul>\n<p>Som det er almindeligt i motorsport, varierer vores st\u00f8rrelser afh\u00e6ngigt af hjelmmodellen. Du kan l\u00e6se mere om, hvordan du finder st\u00f8rrelsen p\u00e5 din hjelm <a href=\"https:\/\/zamphelmets.co\/da\/saadan-vaelger-du-den-rigtige-hjelmstoerrelse\/\">her<\/a>.<\/p>\n<p><a href=\"https:\/\/zamphelmets.co\/da\/homologering-forklaret\/\"><strong>Homologering forklaret<\/strong> &#8211; find ud af, hvilken homologering du har brug for<\/a><\/p>\n<p><a href=\"https:\/\/zamphelmets.co\/da\/hans-stolper-hans-og-fhr-udstyr\/\"><strong>FHR \/ HANS-udstyr<\/strong> &#8211; hvorn\u00e5r er det p\u00e5kr\u00e6vet?<\/a><\/p>\n<p>&nbsp;<\/p>\n<p><img decoding=\"async\" class=\"alignnone wp-image-26355 size-full lazyload\" data-src=\"https:\/\/zamphelmets.co\/wp-content\/uploads\/2024\/03\/Zamp-Helmets-sizing-guide-4166-x-4166-px-1.png\" alt=\"\" width=\"500\" height=\"500\" data-srcset=\"https:\/\/zamphelmets.co\/wp-content\/uploads\/2024\/03\/Zamp-Helmets-sizing-guide-4166-x-4166-px-1.png 500w, https:\/\/zamphelmets.co\/wp-content\/uploads\/2024\/03\/Zamp-Helmets-sizing-guide-4166-x-4166-px-1-300x300.png 300w, https:\/\/zamphelmets.co\/wp-content\/uploads\/2024\/03\/Zamp-Helmets-sizing-guide-4166-x-4166-px-1-150x150.png 150w, https:\/\/zamphelmets.co\/wp-content\/uploads\/2024\/03\/Zamp-Helmets-sizing-guide-4166-x-4166-px-1-100x100.png 100w\" data-sizes=\"(max-width: 500px) 100vw, 500px\" src=\"data:image\/svg+xml;base64,PHN2ZyB3aWR0aD0iMSIgaGVpZ2h0PSIxIiB4bWxucz0iaHR0cDovL3d3dy53My5vcmcvMjAwMC9zdmciPjwvc3ZnPg==\" style=\"--smush-placeholder-width: 500px; --smush-placeholder-aspect-ratio: 500\/500;\" \/><\/p>\n<div id=\"product-10089\" class=\"product type-product post-10089 status-publish first instock product_cat-fia product_cat-snell-2020-sa2020 product_cat-zamp has-post-thumbnail taxable shipping-taxable purchasable product-type-variable\">\n<div class=\"woocommerce-tabs wc-tabs-wrapper\">\n<div id=\"tab-description\" class=\"woocommerce-Tabs-panel woocommerce-Tabs-panel--description panel entry-content wc-tab\" role=\"tabpanel\" aria-labelledby=\"tab-title-description\">\n<p><strong>Er du i tvivl om st\u00f8rrelsen? <\/strong><a href=\"https:\/\/form.jotform.com\/251263198513053\">Udfyld vores st\u00f8rrelsesformular<\/a>, og et medlem af teamet vil kontakte dig med vores anbefalinger.<\/p>\n<\/div>\n<\/div>\n<\/div>\n","protected":false},"excerpt":{"rendered":"<p>Zamp Helmets er stolte af at kunne pr\u00e6sentere vores revolutionerende hjelm RL-70E SWITCH . Vores unikke system giver dig mulighed for nemt at konfigurere din hjelm til en r\u00e6kke forskellige racerops\u00e6tninger. Perfekt til de bilister, der \u00f8nsker et Touring Car-look. Det har aldrig v\u00e6ret s\u00e5 nemt at tilf\u00f8je kommunikation eller v\u00e6ske til din hjelm! &nbsp; [&hellip;]<\/p>\n","protected":false},"featured_media":11104,"comment_status":"open","ping_status":"closed","template":"","meta":{"_acf_changed":false,"_iconic_wsb_product_page_order_bump_ids":[[]],"_sku":[],"_iconic_wsb_product_page_bump_modal_ids":[[]]},"product_brand":[],"product_cat":[239,181,184,301,155],"product_tag":[],"class_list":{"0":"post-23815","1":"product","2":"type-product","3":"status-publish","4":"has-post-thumbnail","6":"product_cat-fia-8859-da","7":"product_cat-zamp-hjelme","8":"product_cat-snell-da","9":"product_cat-snell-2015-da","10":"product_cat-zamp-da","12":"first","13":"onbackorder","14":"taxable","15":"shipping-taxable","16":"purchasable","17":"product-type-variable"},"acf":[],"yoast_head":"<!-- This site is optimized with the Yoast SEO plugin v27.0 - https:\/\/yoast.com\/product\/yoast-seo-wordpress\/ -->\n<title>RL 70E Hvid racerhjelm - GT Touring Car Look - Zamp Helmets | Helmet 28 EU<\/title>\n<meta name=\"description\" content=\"Den revolutionerende RL 70E giver det ultimative Touring Car-look. Med \u00f8get synlighed er den perfekt til dem, der k\u00f8rer i lukkede cockpits.\" \/>\n<meta name=\"robots\" content=\"index, follow, max-snippet:-1, max-image-preview:large, max-video-preview:-1\" \/>\n<link rel=\"canonical\" href=\"https:\/\/zamphelmets.co\/da\/vare\/rl-70e\/\" \/>\n<meta property=\"og:locale\" content=\"da_DK\" \/>\n<meta property=\"og:type\" content=\"article\" \/>\n<meta property=\"og:title\" content=\"RL 70E Hvid racerhjelm - GT Touring Car Look - Zamp Helmets | Helmet 28 EU\" \/>\n<meta property=\"og:description\" content=\"Den revolutionerende RL 70E giver det ultimative Touring Car-look. Med \u00f8get synlighed er den perfekt til dem, der k\u00f8rer i lukkede cockpits.\" \/>\n<meta property=\"og:url\" content=\"https:\/\/zamphelmets.co\/da\/vare\/rl-70e\/\" \/>\n<meta property=\"og:site_name\" content=\"Zamp Helmets | Helmet 28 EU\" \/>\n<meta property=\"article:modified_time\" content=\"2026-02-16T15:07:59+00:00\" \/>\n<meta property=\"og:image\" content=\"https:\/\/zamphelmets.co\/wp-content\/uploads\/2020\/01\/H761001300dpi.jpg\" \/>\n\t<meta property=\"og:image:width\" content=\"1500\" \/>\n\t<meta property=\"og:image:height\" content=\"1500\" \/>\n\t<meta property=\"og:image:type\" content=\"image\/jpeg\" \/>\n<meta name=\"twitter:card\" content=\"summary_large_image\" \/>\n<meta name=\"twitter:label1\" content=\"Est. reading time\" \/>\n\t<meta name=\"twitter:data1\" content=\"1 minut\" \/>\n<script type=\"application\/ld+json\" class=\"yoast-schema-graph\">{\"@context\":\"https:\/\/schema.org\",\"@graph\":[{\"@type\":\"WebPage\",\"@id\":\"https:\/\/zamphelmets.co\/da\/vare\/rl-70e\/\",\"url\":\"https:\/\/zamphelmets.co\/da\/vare\/rl-70e\/\",\"name\":\"RL 70E Hvid racerhjelm - GT Touring Car Look - Zamp Helmets | Helmet 28 EU\",\"isPartOf\":{\"@id\":\"https:\/\/zamphelmets.co\/da\/#website\"},\"primaryImageOfPage\":{\"@id\":\"https:\/\/zamphelmets.co\/da\/vare\/rl-70e\/#primaryimage\"},\"image\":{\"@id\":\"https:\/\/zamphelmets.co\/da\/vare\/rl-70e\/#primaryimage\"},\"thumbnailUrl\":\"https:\/\/zamphelmets.co\/wp-content\/uploads\/2020\/01\/H761001300dpi.jpg\",\"datePublished\":\"2020-01-30T12:25:40+00:00\",\"dateModified\":\"2026-02-16T15:07:59+00:00\",\"description\":\"Den revolutionerende RL 70E giver det ultimative Touring Car-look. Med \u00f8get synlighed er den perfekt til dem, der k\u00f8rer i lukkede cockpits.\",\"breadcrumb\":{\"@id\":\"https:\/\/zamphelmets.co\/da\/vare\/rl-70e\/#breadcrumb\"},\"inLanguage\":\"da-DK\",\"potentialAction\":[{\"@type\":\"ReadAction\",\"target\":[\"https:\/\/zamphelmets.co\/da\/vare\/rl-70e\/\"]}]},{\"@type\":\"ImageObject\",\"inLanguage\":\"da-DK\",\"@id\":\"https:\/\/zamphelmets.co\/da\/vare\/rl-70e\/#primaryimage\",\"url\":\"https:\/\/zamphelmets.co\/wp-content\/uploads\/2020\/01\/H761001300dpi.jpg\",\"contentUrl\":\"https:\/\/zamphelmets.co\/wp-content\/uploads\/2020\/01\/H761001300dpi.jpg\",\"width\":1500,\"height\":1500,\"caption\":\"RL 70E hvid racerhjelm\"},{\"@type\":\"BreadcrumbList\",\"@id\":\"https:\/\/zamphelmets.co\/da\/vare\/rl-70e\/#breadcrumb\",\"itemListElement\":[{\"@type\":\"ListItem\",\"position\":1,\"name\":\"Shop\",\"item\":\"https:\/\/zamphelmets.co\/da\/shop\/\"},{\"@type\":\"ListItem\",\"position\":2,\"name\":\"RL 70E\"}]},{\"@type\":\"WebSite\",\"@id\":\"https:\/\/zamphelmets.co\/da\/#website\",\"url\":\"https:\/\/zamphelmets.co\/da\/\",\"name\":\"Zamp Helmets | Helmet 28 EU\",\"description\":\"High Quality Motorsport Helmets\",\"potentialAction\":[{\"@type\":\"SearchAction\",\"target\":{\"@type\":\"EntryPoint\",\"urlTemplate\":\"https:\/\/zamphelmets.co\/da\/?s={search_term_string}\"},\"query-input\":{\"@type\":\"PropertyValueSpecification\",\"valueRequired\":true,\"valueName\":\"search_term_string\"}}],\"inLanguage\":\"da-DK\"}]}<\/script>\n<!-- \/ Yoast SEO plugin. -->","yoast_head_json":{"title":"RL 70E Hvid racerhjelm - GT Touring Car Look - Zamp Helmets | Helmet 28 EU","description":"Den revolutionerende RL 70E giver det ultimative Touring Car-look. Med \u00f8get synlighed er den perfekt til dem, der k\u00f8rer i lukkede cockpits.","robots":{"index":"index","follow":"follow","max-snippet":"max-snippet:-1","max-image-preview":"max-image-preview:large","max-video-preview":"max-video-preview:-1"},"canonical":"https:\/\/zamphelmets.co\/da\/vare\/rl-70e\/","og_locale":"da_DK","og_type":"article","og_title":"RL 70E Hvid racerhjelm - GT Touring Car Look - Zamp Helmets | Helmet 28 EU","og_description":"Den revolutionerende RL 70E giver det ultimative Touring Car-look. Med \u00f8get synlighed er den perfekt til dem, der k\u00f8rer i lukkede cockpits.","og_url":"https:\/\/zamphelmets.co\/da\/vare\/rl-70e\/","og_site_name":"Zamp Helmets | Helmet 28 EU","article_modified_time":"2026-02-16T15:07:59+00:00","og_image":[{"width":1500,"height":1500,"url":"https:\/\/zamphelmets.co\/wp-content\/uploads\/2020\/01\/H761001300dpi.jpg","type":"image\/jpeg"}],"twitter_card":"summary_large_image","twitter_misc":{"Est. reading time":"1 minut"},"schema":{"@context":"https:\/\/schema.org","@graph":[{"@type":"WebPage","@id":"https:\/\/zamphelmets.co\/da\/vare\/rl-70e\/","url":"https:\/\/zamphelmets.co\/da\/vare\/rl-70e\/","name":"RL 70E Hvid racerhjelm - GT Touring Car Look - Zamp Helmets | Helmet 28 EU","isPartOf":{"@id":"https:\/\/zamphelmets.co\/da\/#website"},"primaryImageOfPage":{"@id":"https:\/\/zamphelmets.co\/da\/vare\/rl-70e\/#primaryimage"},"image":{"@id":"https:\/\/zamphelmets.co\/da\/vare\/rl-70e\/#primaryimage"},"thumbnailUrl":"https:\/\/zamphelmets.co\/wp-content\/uploads\/2020\/01\/H761001300dpi.jpg","datePublished":"2020-01-30T12:25:40+00:00","dateModified":"2026-02-16T15:07:59+00:00","description":"Den revolutionerende RL 70E giver det ultimative Touring Car-look. Med \u00f8get synlighed er den perfekt til dem, der k\u00f8rer i lukkede cockpits.","breadcrumb":{"@id":"https:\/\/zamphelmets.co\/da\/vare\/rl-70e\/#breadcrumb"},"inLanguage":"da-DK","potentialAction":[{"@type":"ReadAction","target":["https:\/\/zamphelmets.co\/da\/vare\/rl-70e\/"]}]},{"@type":"ImageObject","inLanguage":"da-DK","@id":"https:\/\/zamphelmets.co\/da\/vare\/rl-70e\/#primaryimage","url":"https:\/\/zamphelmets.co\/wp-content\/uploads\/2020\/01\/H761001300dpi.jpg","contentUrl":"https:\/\/zamphelmets.co\/wp-content\/uploads\/2020\/01\/H761001300dpi.jpg","width":1500,"height":1500,"caption":"RL 70E hvid racerhjelm"},{"@type":"BreadcrumbList","@id":"https:\/\/zamphelmets.co\/da\/vare\/rl-70e\/#breadcrumb","itemListElement":[{"@type":"ListItem","position":1,"name":"Shop","item":"https:\/\/zamphelmets.co\/da\/shop\/"},{"@type":"ListItem","position":2,"name":"RL 70E"}]},{"@type":"WebSite","@id":"https:\/\/zamphelmets.co\/da\/#website","url":"https:\/\/zamphelmets.co\/da\/","name":"Zamp Helmets | Helmet 28 EU","description":"High Quality Motorsport Helmets","potentialAction":[{"@type":"SearchAction","target":{"@type":"EntryPoint","urlTemplate":"https:\/\/zamphelmets.co\/da\/?s={search_term_string}"},"query-input":{"@type":"PropertyValueSpecification","valueRequired":true,"valueName":"search_term_string"}}],"inLanguage":"da-DK"}]}},"_links":{"self":[{"href":"https:\/\/zamphelmets.co\/da\/wp-json\/wp\/v2\/product\/23815","targetHints":{"allow":["GET"]}}],"collection":[{"href":"https:\/\/zamphelmets.co\/da\/wp-json\/wp\/v2\/product"}],"about":[{"href":"https:\/\/zamphelmets.co\/da\/wp-json\/wp\/v2\/types\/product"}],"replies":[{"embeddable":true,"href":"https:\/\/zamphelmets.co\/da\/wp-json\/wp\/v2\/comments?post=23815"}],"wp:featuredmedia":[{"embeddable":true,"href":"https:\/\/zamphelmets.co\/da\/wp-json\/wp\/v2\/media\/11104"}],"wp:attachment":[{"href":"https:\/\/zamphelmets.co\/da\/wp-json\/wp\/v2\/media?parent=23815"}],"wp:term":[{"taxonomy":"product_brand","embeddable":true,"href":"https:\/\/zamphelmets.co\/da\/wp-json\/wp\/v2\/product_brand?post=23815"},{"taxonomy":"product_cat","embeddable":true,"href":"https:\/\/zamphelmets.co\/da\/wp-json\/wp\/v2\/product_cat?post=23815"},{"taxonomy":"product_tag","embeddable":true,"href":"https:\/\/zamphelmets.co\/da\/wp-json\/wp\/v2\/product_tag?post=23815"}],"curies":[{"name":"wp","href":"https:\/\/api.w.org\/{rel}","templated":true}]}}