{"id":23686,"date":"2022-02-22T09:49:05","date_gmt":"2022-02-22T09:49:05","guid":{"rendered":"https:\/\/zamphelmets.co\/product\/hans-post\/"},"modified":"2026-02-16T15:55:58","modified_gmt":"2026-02-16T15:55:58","slug":"hans-post","status":"publish","type":"product","link":"https:\/\/zamphelmets.co\/da\/vare\/hans-post\/","title":{"rendered":"HANS Post"},"content":{"rendered":"<p>Disse Hans-m\u00e6rkede stolper er designet til at passe til alle Zamp ADULT-hjelme, som alle har et M6-indvendigt gevind i hjelmen. Stolperne g\u00f8r det muligt at montere en FHR\/HANS-enhed p\u00e5 hjelmen.<\/p>\n<ul>\n<li>Designet til at passe til hjelme med M6-gevind.<\/li>\n<li>Giver mulighed for at montere en FHR\/HANS-enhed p\u00e5 en hjelm<\/li>\n<li>Hans branded<\/li>\n<\/ul>\n<p>S\u00e6lges som et par stolper<\/p>\n<p>FIA 8858-2010 godkendt<\/p>\n","protected":false},"excerpt":{"rendered":"<p>Disse Hans-m\u00e6rkede stolper er designet til at passe til alle Zamp ADULT-hjelme, som alle har et M6-indvendigt gevind i hjelmen. Stolperne g\u00f8r det muligt at montere en FHR\/HANS-enhed p\u00e5 hjelmen. Designet til at passe til hjelme med M6-gevind. Giver mulighed for at montere en FHR\/HANS-enhed p\u00e5 en hjelm Hans branded S\u00e6lges som et par stolper [&hellip;]<\/p>\n","protected":false},"featured_media":10971,"comment_status":"open","ping_status":"closed","template":"","meta":{"_acf_changed":false,"_iconic_wsb_product_page_order_bump_ids":[],"_sku":["RZHANS"],"_iconic_wsb_product_page_bump_modal_ids":[]},"product_brand":[],"product_cat":[215,156,157,155],"product_tag":[],"class_list":{"0":"post-23686","1":"product","2":"type-product","3":"status-publish","4":"has-post-thumbnail","6":"product_cat-andet","7":"product_cat-tilbehor","8":"product_cat-tilbehor-til-hjelme","9":"product_cat-zamp-da","11":"first","12":"instock","13":"taxable","14":"shipping-taxable","15":"purchasable","16":"product-type-simple"},"acf":[],"yoast_head":"<!-- This site is optimized with the Yoast SEO plugin v27.0 - https:\/\/yoast.com\/product\/yoast-seo-wordpress\/ -->\n<title>HANS Post FIA 8858 for Head and Neck Support - Zamp Helmets | Helmet 28 EU<\/title>\n<meta name=\"description\" content=\"HANS-stolper er p\u00e5kr\u00e6vet til visse niveauer af europ\u00e6isk racing. De bruges til at fastg\u00f8re hjelmen til en nakkest\u00f8tte og er nemme at montere. Kun \u20ac50\" \/>\n<meta name=\"robots\" content=\"index, follow, max-snippet:-1, max-image-preview:large, max-video-preview:-1\" \/>\n<link rel=\"canonical\" href=\"https:\/\/zamphelmets.co\/da\/vare\/hans-post\/\" \/>\n<meta property=\"og:locale\" content=\"da_DK\" \/>\n<meta property=\"og:type\" content=\"article\" \/>\n<meta property=\"og:title\" content=\"HANS Post FIA 8858 for Head and Neck Support - Zamp Helmets | Helmet 28 EU\" \/>\n<meta property=\"og:description\" content=\"HANS-stolper er p\u00e5kr\u00e6vet til visse niveauer af europ\u00e6isk racing. De bruges til at fastg\u00f8re hjelmen til en nakkest\u00f8tte og er nemme at montere. Kun \u20ac50\" \/>\n<meta property=\"og:url\" content=\"https:\/\/zamphelmets.co\/da\/vare\/hans-post\/\" \/>\n<meta property=\"og:site_name\" content=\"Zamp Helmets | Helmet 28 EU\" \/>\n<meta property=\"article:modified_time\" content=\"2026-02-16T15:55:58+00:00\" \/>\n<meta property=\"og:image\" content=\"https:\/\/zamphelmets.co\/wp-content\/uploads\/2019\/11\/sim_ak1131-12s-1.jpg\" \/>\n\t<meta property=\"og:image:width\" content=\"560\" \/>\n\t<meta property=\"og:image:height\" content=\"560\" \/>\n\t<meta property=\"og:image:type\" content=\"image\/jpeg\" \/>\n<meta name=\"twitter:card\" content=\"summary_large_image\" \/>\n<script type=\"application\/ld+json\" class=\"yoast-schema-graph\">{\"@context\":\"https:\/\/schema.org\",\"@graph\":[{\"@type\":\"WebPage\",\"@id\":\"https:\/\/zamphelmets.co\/da\/vare\/hans-post\/\",\"url\":\"https:\/\/zamphelmets.co\/da\/vare\/hans-post\/\",\"name\":\"HANS Post FIA 8858 for Head and Neck Support - Zamp Helmets | Helmet 28 EU\",\"isPartOf\":{\"@id\":\"https:\/\/zamphelmets.co\/da\/#website\"},\"primaryImageOfPage\":{\"@id\":\"https:\/\/zamphelmets.co\/da\/vare\/hans-post\/#primaryimage\"},\"image\":{\"@id\":\"https:\/\/zamphelmets.co\/da\/vare\/hans-post\/#primaryimage\"},\"thumbnailUrl\":\"https:\/\/zamphelmets.co\/wp-content\/uploads\/2019\/11\/sim_ak1131-12s-1.jpg\",\"datePublished\":\"2022-02-22T09:49:05+00:00\",\"dateModified\":\"2026-02-16T15:55:58+00:00\",\"description\":\"HANS-stolper er p\u00e5kr\u00e6vet til visse niveauer af europ\u00e6isk racing. De bruges til at fastg\u00f8re hjelmen til en nakkest\u00f8tte og er nemme at montere. Kun \u20ac50\",\"breadcrumb\":{\"@id\":\"https:\/\/zamphelmets.co\/da\/vare\/hans-post\/#breadcrumb\"},\"inLanguage\":\"da-DK\",\"potentialAction\":[{\"@type\":\"ReadAction\",\"target\":[\"https:\/\/zamphelmets.co\/da\/vare\/hans-post\/\"]}]},{\"@type\":\"ImageObject\",\"inLanguage\":\"da-DK\",\"@id\":\"https:\/\/zamphelmets.co\/da\/vare\/hans-post\/#primaryimage\",\"url\":\"https:\/\/zamphelmets.co\/wp-content\/uploads\/2019\/11\/sim_ak1131-12s-1.jpg\",\"contentUrl\":\"https:\/\/zamphelmets.co\/wp-content\/uploads\/2019\/11\/sim_ak1131-12s-1.jpg\",\"width\":560,\"height\":560,\"caption\":\"HANS Post hoved- og nakkest\u00f8tte til zamp-hjelme\"},{\"@type\":\"BreadcrumbList\",\"@id\":\"https:\/\/zamphelmets.co\/da\/vare\/hans-post\/#breadcrumb\",\"itemListElement\":[{\"@type\":\"ListItem\",\"position\":1,\"name\":\"Shop\",\"item\":\"https:\/\/zamphelmets.co\/da\/shop\/\"},{\"@type\":\"ListItem\",\"position\":2,\"name\":\"HANS Post\"}]},{\"@type\":\"WebSite\",\"@id\":\"https:\/\/zamphelmets.co\/da\/#website\",\"url\":\"https:\/\/zamphelmets.co\/da\/\",\"name\":\"Zamp Helmets | Helmet 28 EU\",\"description\":\"High Quality Motorsport Helmets\",\"potentialAction\":[{\"@type\":\"SearchAction\",\"target\":{\"@type\":\"EntryPoint\",\"urlTemplate\":\"https:\/\/zamphelmets.co\/da\/?s={search_term_string}\"},\"query-input\":{\"@type\":\"PropertyValueSpecification\",\"valueRequired\":true,\"valueName\":\"search_term_string\"}}],\"inLanguage\":\"da-DK\"}]}<\/script>\n<!-- \/ Yoast SEO plugin. -->","yoast_head_json":{"title":"HANS Post FIA 8858 for Head and Neck Support - Zamp Helmets | Helmet 28 EU","description":"HANS-stolper er p\u00e5kr\u00e6vet til visse niveauer af europ\u00e6isk racing. De bruges til at fastg\u00f8re hjelmen til en nakkest\u00f8tte og er nemme at montere. Kun \u20ac50","robots":{"index":"index","follow":"follow","max-snippet":"max-snippet:-1","max-image-preview":"max-image-preview:large","max-video-preview":"max-video-preview:-1"},"canonical":"https:\/\/zamphelmets.co\/da\/vare\/hans-post\/","og_locale":"da_DK","og_type":"article","og_title":"HANS Post FIA 8858 for Head and Neck Support - Zamp Helmets | Helmet 28 EU","og_description":"HANS-stolper er p\u00e5kr\u00e6vet til visse niveauer af europ\u00e6isk racing. De bruges til at fastg\u00f8re hjelmen til en nakkest\u00f8tte og er nemme at montere. Kun \u20ac50","og_url":"https:\/\/zamphelmets.co\/da\/vare\/hans-post\/","og_site_name":"Zamp Helmets | Helmet 28 EU","article_modified_time":"2026-02-16T15:55:58+00:00","og_image":[{"width":560,"height":560,"url":"https:\/\/zamphelmets.co\/wp-content\/uploads\/2019\/11\/sim_ak1131-12s-1.jpg","type":"image\/jpeg"}],"twitter_card":"summary_large_image","schema":{"@context":"https:\/\/schema.org","@graph":[{"@type":"WebPage","@id":"https:\/\/zamphelmets.co\/da\/vare\/hans-post\/","url":"https:\/\/zamphelmets.co\/da\/vare\/hans-post\/","name":"HANS Post FIA 8858 for Head and Neck Support - Zamp Helmets | Helmet 28 EU","isPartOf":{"@id":"https:\/\/zamphelmets.co\/da\/#website"},"primaryImageOfPage":{"@id":"https:\/\/zamphelmets.co\/da\/vare\/hans-post\/#primaryimage"},"image":{"@id":"https:\/\/zamphelmets.co\/da\/vare\/hans-post\/#primaryimage"},"thumbnailUrl":"https:\/\/zamphelmets.co\/wp-content\/uploads\/2019\/11\/sim_ak1131-12s-1.jpg","datePublished":"2022-02-22T09:49:05+00:00","dateModified":"2026-02-16T15:55:58+00:00","description":"HANS-stolper er p\u00e5kr\u00e6vet til visse niveauer af europ\u00e6isk racing. De bruges til at fastg\u00f8re hjelmen til en nakkest\u00f8tte og er nemme at montere. Kun \u20ac50","breadcrumb":{"@id":"https:\/\/zamphelmets.co\/da\/vare\/hans-post\/#breadcrumb"},"inLanguage":"da-DK","potentialAction":[{"@type":"ReadAction","target":["https:\/\/zamphelmets.co\/da\/vare\/hans-post\/"]}]},{"@type":"ImageObject","inLanguage":"da-DK","@id":"https:\/\/zamphelmets.co\/da\/vare\/hans-post\/#primaryimage","url":"https:\/\/zamphelmets.co\/wp-content\/uploads\/2019\/11\/sim_ak1131-12s-1.jpg","contentUrl":"https:\/\/zamphelmets.co\/wp-content\/uploads\/2019\/11\/sim_ak1131-12s-1.jpg","width":560,"height":560,"caption":"HANS Post hoved- og nakkest\u00f8tte til zamp-hjelme"},{"@type":"BreadcrumbList","@id":"https:\/\/zamphelmets.co\/da\/vare\/hans-post\/#breadcrumb","itemListElement":[{"@type":"ListItem","position":1,"name":"Shop","item":"https:\/\/zamphelmets.co\/da\/shop\/"},{"@type":"ListItem","position":2,"name":"HANS Post"}]},{"@type":"WebSite","@id":"https:\/\/zamphelmets.co\/da\/#website","url":"https:\/\/zamphelmets.co\/da\/","name":"Zamp Helmets | Helmet 28 EU","description":"High Quality Motorsport Helmets","potentialAction":[{"@type":"SearchAction","target":{"@type":"EntryPoint","urlTemplate":"https:\/\/zamphelmets.co\/da\/?s={search_term_string}"},"query-input":{"@type":"PropertyValueSpecification","valueRequired":true,"valueName":"search_term_string"}}],"inLanguage":"da-DK"}]}},"_links":{"self":[{"href":"https:\/\/zamphelmets.co\/da\/wp-json\/wp\/v2\/product\/23686","targetHints":{"allow":["GET"]}}],"collection":[{"href":"https:\/\/zamphelmets.co\/da\/wp-json\/wp\/v2\/product"}],"about":[{"href":"https:\/\/zamphelmets.co\/da\/wp-json\/wp\/v2\/types\/product"}],"replies":[{"embeddable":true,"href":"https:\/\/zamphelmets.co\/da\/wp-json\/wp\/v2\/comments?post=23686"}],"wp:featuredmedia":[{"embeddable":true,"href":"https:\/\/zamphelmets.co\/da\/wp-json\/wp\/v2\/media\/10971"}],"wp:attachment":[{"href":"https:\/\/zamphelmets.co\/da\/wp-json\/wp\/v2\/media?parent=23686"}],"wp:term":[{"taxonomy":"product_brand","embeddable":true,"href":"https:\/\/zamphelmets.co\/da\/wp-json\/wp\/v2\/product_brand?post=23686"},{"taxonomy":"product_cat","embeddable":true,"href":"https:\/\/zamphelmets.co\/da\/wp-json\/wp\/v2\/product_cat?post=23686"},{"taxonomy":"product_tag","embeddable":true,"href":"https:\/\/zamphelmets.co\/da\/wp-json\/wp\/v2\/product_tag?post=23686"}],"curies":[{"name":"wp","href":"https:\/\/api.w.org\/{rel}","templated":true}]}}