{"id":23520,"date":"2022-02-23T09:47:38","date_gmt":"2022-02-23T09:47:38","guid":{"rendered":"https:\/\/zamphelmets.co\/product\/z20-visirer\/"},"modified":"2025-12-06T06:55:00","modified_gmt":"2025-12-06T06:55:00","slug":"z20-visirer","status":"publish","type":"product","link":"https:\/\/zamphelmets.co\/da\/vare\/z20-visirer\/","title":{"rendered":"Z20-visirer"},"content":{"rendered":"<p class=\"_3vFF3xH4Yd\">Zamp Z-20-seriens skjolde er designet til at passe til alle hjelme i Zamp RZ-serien. Zamp Z-20-sk\u00e6rmene er 3 mm tykke med afrivningsstolper. Alle Z-20-visirer leveres ogs\u00e5 med en antidugbel\u00e6gning.<\/p>\n<p>V\u00e6r opm\u00e6rksom p\u00e5, at kunderne ikke m\u00e5 placere den gennemsigtige film (som f\u00f8lger med alle standardvisirer) oven p\u00e5 Prism Visors. Det beskytter ikke visiret og kan beskadige visirets bel\u00e6gning.<\/p>\n<p><strong><span style=\"color: black; font-size: 10pt;\">Zamp Z-20 Shield Replacement:<\/span><\/strong><\/p>\n<p><span style=\"color: black; font-size: 10pt;\">BEM\u00c6RK: Det er vigtigt IKKE at bruge elv\u00e6rkt\u00f8j eller stramme skruerne for h\u00e5rdt, n\u00e5r du skifter skjold.<\/span><\/p>\n<p><strong><br \/>\n  <span style=\"color: black; font-size: 10pt;\">Trin 1 <\/span><br \/>\n<\/strong><span style=\"color: black; font-size: 10pt;\">L\u00e6g et h\u00e5ndkl\u00e6de p\u00e5 en flad overflade, og s\u00e6t hjelmen p\u00e5 det.<\/span><\/p>\n<p><strong><span style=\"color: black; font-size: 10pt;\">Trin 2  <\/span><\/strong><span style=\"color: black; font-size: 10pt;\">Fjern skjoldets drejesp\u00e6nder i hver side. Det er den mindre skrue p\u00e5 siderne af skjoldet.<\/span><\/p>\n<p><strong><span style=\"color: black; font-size: 10pt;\">Trin 3  <\/span><\/strong><span style=\"color: black; font-size: 10pt;\">Fjern skjoldets drejeskruer p\u00e5 hver side. Det er den st\u00f8rste skrue p\u00e5 siden af skjoldet. For at opn\u00e5 det bedste resultat foresl\u00e5r vi, at du bruger en fjerdedel til at l\u00f8sne\/stramme den.<\/span><\/p>\n<p><strong><span style=\"color: black; font-size: 10pt;\">Trin 4  <\/span><\/strong><span style=\"color: black; font-size: 10pt;\">Fjern skjoldet. Vi anbefaler, at du bruger et stofh\u00e5ndkl\u00e6de til at t\u00f8rre gummipakningen af, samt hvor skjoldet er fastgjort til hjelmen, for at opn\u00e5 det bedste resultat.<\/span><\/p>\n<p><strong><span style=\"color: black; font-size: 10pt;\">Trin 5  <\/span><\/strong><span style=\"color: black; font-size: 10pt;\">S\u00e6t skjoldet p\u00e5 hjelmen. Der sidder to hvide skiver mellem skjoldet og hjelmen. S\u00f8rg for, at de er p\u00e5 plads, f\u00f8r du s\u00e6tter skjoldet p\u00e5 plads igen.<\/span><\/p>\n<p><strong><span style=\"color: black; font-size: 10pt;\">Trin 6  <\/span><\/strong><span style=\"color: black; font-size: 10pt;\">H\u00e5ndgevind i skjoldets drejetappe (st\u00f8rre skrue) for at holde skjoldet p\u00e5 plads. N\u00e5r de er gevindsk\u00e5ret i h\u00e5nden, skal du bruge en m\u00f8nt og stramme dem, indtil de sidder fast p\u00e5 hjelmskallen. Stram ikke for meget.<\/span><\/p>\n<p><strong><br \/>\n  <span style=\"color: black; font-size: 10pt;\">Trin 7 <\/span><br \/>\n<\/strong><span style=\"color: black; font-size: 10pt;\">H\u00e5ndgevind i skjoldets drejesp\u00e6ndere, og stram derefter til den \u00f8nskede sp\u00e6nding for skjoldets bev\u00e6gelse.<\/span><\/p>\n<p>&nbsp;<\/p>\n","protected":false},"excerpt":{"rendered":"<p>Zamp Z-20-seriens skjolde er designet til at passe til alle hjelme i Zamp RZ-serien. Zamp Z-20-sk\u00e6rmene er 3 mm tykke med afrivningsstolper. Alle Z-20-visirer leveres ogs\u00e5 med en antidugbel\u00e6gning. V\u00e6r opm\u00e6rksom p\u00e5, at kunderne ikke m\u00e5 placere den gennemsigtige film (som f\u00f8lger med alle standardvisirer) oven p\u00e5 Prism Visors. Det beskytter ikke visiret og kan [&hellip;]<\/p>\n","protected":false},"featured_media":10215,"comment_status":"closed","ping_status":"closed","template":"","meta":{"_acf_changed":false,"_iconic_wsb_product_page_order_bump_ids":[[]],"_sku":[""],"_iconic_wsb_product_page_bump_modal_ids":[[]]},"product_brand":[],"product_cat":[156,297,155],"product_tag":[],"class_list":{"0":"post-23520","1":"product","2":"type-product","3":"status-publish","4":"has-post-thumbnail","6":"product_cat-tilbehor","7":"product_cat-visirer","8":"product_cat-zamp-da","10":"first","11":"instock","12":"taxable","13":"shipping-taxable","14":"purchasable","15":"product-type-variable"},"acf":[],"yoast_head":"<!-- This site is optimized with the Yoast SEO plugin v27.0 - https:\/\/yoast.com\/product\/yoast-seo-wordpress\/ -->\n<title>Z20-visirer for Zamp Racing - Zamp Helmets | Helmet 28 EU - Fra \u20ac37.49<\/title>\n<meta name=\"description\" content=\"Zamp Z20-visirerne er designet til at passe til alle hjelme i Zamp RZ-serien. F\u00e5s i 9 varianter, s\u00e5 du er sikker p\u00e5 at finde den rigtige.\" \/>\n<meta name=\"robots\" content=\"index, follow, max-snippet:-1, max-image-preview:large, max-video-preview:-1\" \/>\n<link rel=\"canonical\" href=\"https:\/\/zamphelmets.co\/da\/vare\/z20-visirer\/\" \/>\n<meta property=\"og:locale\" content=\"da_DK\" \/>\n<meta property=\"og:type\" content=\"article\" \/>\n<meta property=\"og:title\" content=\"Z20-visirer for Zamp Racing - Zamp Helmets | Helmet 28 EU - Fra \u20ac37.49\" \/>\n<meta property=\"og:description\" content=\"Zamp Z20-visirerne er designet til at passe til alle hjelme i Zamp RZ-serien. F\u00e5s i 9 varianter, s\u00e5 du er sikker p\u00e5 at finde den rigtige.\" \/>\n<meta property=\"og:url\" content=\"https:\/\/zamphelmets.co\/da\/vare\/z20-visirer\/\" \/>\n<meta property=\"og:site_name\" content=\"Zamp Helmets | Helmet 28 EU\" \/>\n<meta property=\"article:modified_time\" content=\"2025-12-06T06:55:00+00:00\" \/>\n<meta property=\"og:image\" content=\"https:\/\/zamphelmets.co\/wp-content\/uploads\/2019\/11\/HASZ20RP-1.jpg\" \/>\n\t<meta property=\"og:image:width\" content=\"1000\" \/>\n\t<meta property=\"og:image:height\" content=\"1000\" \/>\n\t<meta property=\"og:image:type\" content=\"image\/jpeg\" \/>\n<meta name=\"twitter:card\" content=\"summary_large_image\" \/>\n<meta name=\"twitter:label1\" content=\"Est. reading time\" \/>\n\t<meta name=\"twitter:data1\" content=\"1 minut\" \/>\n<script type=\"application\/ld+json\" class=\"yoast-schema-graph\">{\"@context\":\"https:\/\/schema.org\",\"@graph\":[{\"@type\":\"WebPage\",\"@id\":\"https:\/\/zamphelmets.co\/da\/vare\/z20-visirer\/\",\"url\":\"https:\/\/zamphelmets.co\/da\/vare\/z20-visirer\/\",\"name\":\"Z20-visirer for Zamp Racing - Zamp Helmets | Helmet 28 EU - Fra \u20ac37.49\",\"isPartOf\":{\"@id\":\"https:\/\/zamphelmets.co\/da\/#website\"},\"primaryImageOfPage\":{\"@id\":\"https:\/\/zamphelmets.co\/da\/vare\/z20-visirer\/#primaryimage\"},\"image\":{\"@id\":\"https:\/\/zamphelmets.co\/da\/vare\/z20-visirer\/#primaryimage\"},\"thumbnailUrl\":\"https:\/\/zamphelmets.co\/wp-content\/uploads\/2019\/11\/HASZ20RP-1.jpg\",\"datePublished\":\"2022-02-23T09:47:38+00:00\",\"dateModified\":\"2025-12-06T06:55:00+00:00\",\"description\":\"Zamp Z20-visirerne er designet til at passe til alle hjelme i Zamp RZ-serien. F\u00e5s i 9 varianter, s\u00e5 du er sikker p\u00e5 at finde den rigtige.\",\"breadcrumb\":{\"@id\":\"https:\/\/zamphelmets.co\/da\/vare\/z20-visirer\/#breadcrumb\"},\"inLanguage\":\"da-DK\",\"potentialAction\":[{\"@type\":\"ReadAction\",\"target\":[\"https:\/\/zamphelmets.co\/da\/vare\/z20-visirer\/\"]}]},{\"@type\":\"ImageObject\",\"inLanguage\":\"da-DK\",\"@id\":\"https:\/\/zamphelmets.co\/da\/vare\/z20-visirer\/#primaryimage\",\"url\":\"https:\/\/zamphelmets.co\/wp-content\/uploads\/2019\/11\/HASZ20RP-1.jpg\",\"contentUrl\":\"https:\/\/zamphelmets.co\/wp-content\/uploads\/2019\/11\/HASZ20RP-1.jpg\",\"width\":1000,\"height\":1000,\"caption\":\"Zamp Z20-visirer til Zamp-racerhjelme\"},{\"@type\":\"BreadcrumbList\",\"@id\":\"https:\/\/zamphelmets.co\/da\/vare\/z20-visirer\/#breadcrumb\",\"itemListElement\":[{\"@type\":\"ListItem\",\"position\":1,\"name\":\"Shop\",\"item\":\"https:\/\/zamphelmets.co\/da\/shop\/\"},{\"@type\":\"ListItem\",\"position\":2,\"name\":\"Z20-visirer\"}]},{\"@type\":\"WebSite\",\"@id\":\"https:\/\/zamphelmets.co\/da\/#website\",\"url\":\"https:\/\/zamphelmets.co\/da\/\",\"name\":\"Zamp Helmets | Helmet 28 EU\",\"description\":\"High Quality Motorsport Helmets\",\"potentialAction\":[{\"@type\":\"SearchAction\",\"target\":{\"@type\":\"EntryPoint\",\"urlTemplate\":\"https:\/\/zamphelmets.co\/da\/?s={search_term_string}\"},\"query-input\":{\"@type\":\"PropertyValueSpecification\",\"valueRequired\":true,\"valueName\":\"search_term_string\"}}],\"inLanguage\":\"da-DK\"}]}<\/script>\n<!-- \/ Yoast SEO plugin. -->","yoast_head_json":{"title":"Z20-visirer for Zamp Racing - Zamp Helmets | Helmet 28 EU - Fra \u20ac37.49","description":"Zamp Z20-visirerne er designet til at passe til alle hjelme i Zamp RZ-serien. F\u00e5s i 9 varianter, s\u00e5 du er sikker p\u00e5 at finde den rigtige.","robots":{"index":"index","follow":"follow","max-snippet":"max-snippet:-1","max-image-preview":"max-image-preview:large","max-video-preview":"max-video-preview:-1"},"canonical":"https:\/\/zamphelmets.co\/da\/vare\/z20-visirer\/","og_locale":"da_DK","og_type":"article","og_title":"Z20-visirer for Zamp Racing - Zamp Helmets | Helmet 28 EU - Fra \u20ac37.49","og_description":"Zamp Z20-visirerne er designet til at passe til alle hjelme i Zamp RZ-serien. F\u00e5s i 9 varianter, s\u00e5 du er sikker p\u00e5 at finde den rigtige.","og_url":"https:\/\/zamphelmets.co\/da\/vare\/z20-visirer\/","og_site_name":"Zamp Helmets | Helmet 28 EU","article_modified_time":"2025-12-06T06:55:00+00:00","og_image":[{"width":1000,"height":1000,"url":"https:\/\/zamphelmets.co\/wp-content\/uploads\/2019\/11\/HASZ20RP-1.jpg","type":"image\/jpeg"}],"twitter_card":"summary_large_image","twitter_misc":{"Est. reading time":"1 minut"},"schema":{"@context":"https:\/\/schema.org","@graph":[{"@type":"WebPage","@id":"https:\/\/zamphelmets.co\/da\/vare\/z20-visirer\/","url":"https:\/\/zamphelmets.co\/da\/vare\/z20-visirer\/","name":"Z20-visirer for Zamp Racing - Zamp Helmets | Helmet 28 EU - Fra \u20ac37.49","isPartOf":{"@id":"https:\/\/zamphelmets.co\/da\/#website"},"primaryImageOfPage":{"@id":"https:\/\/zamphelmets.co\/da\/vare\/z20-visirer\/#primaryimage"},"image":{"@id":"https:\/\/zamphelmets.co\/da\/vare\/z20-visirer\/#primaryimage"},"thumbnailUrl":"https:\/\/zamphelmets.co\/wp-content\/uploads\/2019\/11\/HASZ20RP-1.jpg","datePublished":"2022-02-23T09:47:38+00:00","dateModified":"2025-12-06T06:55:00+00:00","description":"Zamp Z20-visirerne er designet til at passe til alle hjelme i Zamp RZ-serien. F\u00e5s i 9 varianter, s\u00e5 du er sikker p\u00e5 at finde den rigtige.","breadcrumb":{"@id":"https:\/\/zamphelmets.co\/da\/vare\/z20-visirer\/#breadcrumb"},"inLanguage":"da-DK","potentialAction":[{"@type":"ReadAction","target":["https:\/\/zamphelmets.co\/da\/vare\/z20-visirer\/"]}]},{"@type":"ImageObject","inLanguage":"da-DK","@id":"https:\/\/zamphelmets.co\/da\/vare\/z20-visirer\/#primaryimage","url":"https:\/\/zamphelmets.co\/wp-content\/uploads\/2019\/11\/HASZ20RP-1.jpg","contentUrl":"https:\/\/zamphelmets.co\/wp-content\/uploads\/2019\/11\/HASZ20RP-1.jpg","width":1000,"height":1000,"caption":"Zamp Z20-visirer til Zamp-racerhjelme"},{"@type":"BreadcrumbList","@id":"https:\/\/zamphelmets.co\/da\/vare\/z20-visirer\/#breadcrumb","itemListElement":[{"@type":"ListItem","position":1,"name":"Shop","item":"https:\/\/zamphelmets.co\/da\/shop\/"},{"@type":"ListItem","position":2,"name":"Z20-visirer"}]},{"@type":"WebSite","@id":"https:\/\/zamphelmets.co\/da\/#website","url":"https:\/\/zamphelmets.co\/da\/","name":"Zamp Helmets | Helmet 28 EU","description":"High Quality Motorsport Helmets","potentialAction":[{"@type":"SearchAction","target":{"@type":"EntryPoint","urlTemplate":"https:\/\/zamphelmets.co\/da\/?s={search_term_string}"},"query-input":{"@type":"PropertyValueSpecification","valueRequired":true,"valueName":"search_term_string"}}],"inLanguage":"da-DK"}]}},"_links":{"self":[{"href":"https:\/\/zamphelmets.co\/da\/wp-json\/wp\/v2\/product\/23520","targetHints":{"allow":["GET"]}}],"collection":[{"href":"https:\/\/zamphelmets.co\/da\/wp-json\/wp\/v2\/product"}],"about":[{"href":"https:\/\/zamphelmets.co\/da\/wp-json\/wp\/v2\/types\/product"}],"replies":[{"embeddable":true,"href":"https:\/\/zamphelmets.co\/da\/wp-json\/wp\/v2\/comments?post=23520"}],"wp:featuredmedia":[{"embeddable":true,"href":"https:\/\/zamphelmets.co\/da\/wp-json\/wp\/v2\/media\/10215"}],"wp:attachment":[{"href":"https:\/\/zamphelmets.co\/da\/wp-json\/wp\/v2\/media?parent=23520"}],"wp:term":[{"taxonomy":"product_brand","embeddable":true,"href":"https:\/\/zamphelmets.co\/da\/wp-json\/wp\/v2\/product_brand?post=23520"},{"taxonomy":"product_cat","embeddable":true,"href":"https:\/\/zamphelmets.co\/da\/wp-json\/wp\/v2\/product_cat?post=23520"},{"taxonomy":"product_tag","embeddable":true,"href":"https:\/\/zamphelmets.co\/da\/wp-json\/wp\/v2\/product_tag?post=23520"}],"curies":[{"name":"wp","href":"https:\/\/api.w.org\/{rel}","templated":true}]}}