{"id":23431,"date":"2023-11-23T12:52:05","date_gmt":"2023-11-23T12:52:05","guid":{"rendered":"https:\/\/zamphelmets.co\/product\/alpinestars-sequence-nakkebeskytter-orange\/"},"modified":"2024-11-06T16:20:21","modified_gmt":"2024-11-06T16:20:21","slug":"alpinestars-sequence-nakkebeskytter-orange","status":"publish","type":"product","link":"https:\/\/zamphelmets.co\/da\/vare\/alpinestars-sequence-nakkebeskytter-orange\/","title":{"rendered":"Alpinestars SEQUENCE nakkebeskytter Orange"},"content":{"rendered":"<div>Alpinestars Sequence Youth Neck Roll er designet og udviklet specielt til yngre ryttere, og Sequence Youth Neck Roll er udgangspunktet for en juniorrytters rejse til Bionic Neck Support. Sequence Neck Rolls ramme er ergonomisk profileret til unge rytteres kropsbehov og er designet til at overf\u00f8re energip\u00e5virkning v\u00e6k fra den \u00f8verste del af nakken.<\/div>\n<div><\/div>\n<div><\/div>\n<div><strong>KONSTRUKTION<\/strong><\/div>\n<div>&#8211; Ny hybrid nakkebeskyttelse til b\u00f8rn med forl\u00e6nget hale for h\u00f8j positionsstabilitet.<\/div>\n<div>&#8211; Ergonomisk designet og konstrueret form, der passer til b\u00f8rn fra 6-10 \u00e5r (S\/M). og fra 10-14 \u00e5r (L\/XL)<\/div>\n<div>&#8211; Kernen med dobbelt t\u00e6thed er lavet af en bl\u00f8d PU-skumbase, der er indlejret i et h\u00e5rdt EVA-lag til energispredning.<\/div>\n<div>&#8211; Den nederste og indvendige bl\u00f8de del (nakkesiden) giver komfort for skulder og nakke, den h\u00e5rde del p\u00e5 den \u00f8verste del giver stabilitet og fordeler kraften, n\u00e5r hjelmen st\u00f8der sammen.<\/div>\n<div><\/div>\n<div><\/div>\n<div><strong>N\u00d8GLEFUNKTIONER<\/strong><\/div>\n<div>&#8211; Brugervenlig lukning med bl\u00f8d strop p\u00e5 forsiden.<\/div>\n<div>&#8211; Meget kompatibel med alle andre beskyttere og jakker.<\/div>\n<div>&#8211; Det udvendige betr\u00e6k kan tr\u00e6kkes af kernen for at blive vasket ved hj\u00e6lp af en velcro\u00e5bning p\u00e5 bagsiden.<\/div>\n<div><\/div>\n<div><\/div>\n<div>S\/M &#8211; 6-7 &amp; 8-10 \u00e5r<\/div>\n<div>L\/XL &#8211; 11-12 &amp; 13\/14 \u00e5r<\/div>\n","protected":false},"excerpt":{"rendered":"<p>Alpinestars Sequence Youth Neck Roll er designet og udviklet specielt til yngre ryttere, og Sequence Youth Neck Roll er udgangspunktet for en juniorrytters rejse til Bionic Neck Support. Sequence Neck Rolls ramme er ergonomisk profileret til unge rytteres kropsbehov og er designet til at overf\u00f8re energip\u00e5virkning v\u00e6k fra den \u00f8verste del af nakken. KONSTRUKTION &#8211; [&hellip;]<\/p>\n","protected":false},"featured_media":19343,"comment_status":"open","ping_status":"closed","template":"","meta":{"_acf_changed":false,"_iconic_wsb_product_page_order_bump_ids":[[]],"_sku":["6741018-148"],"_iconic_wsb_product_page_bump_modal_ids":[[]]},"product_brand":[],"product_cat":[215,283,156,157],"product_tag":[],"class_list":{"0":"post-23431","1":"product","2":"type-product","3":"status-publish","4":"has-post-thumbnail","6":"product_cat-andet","7":"product_cat-beskyttelse","8":"product_cat-tilbehor","9":"product_cat-tilbehor-til-hjelme","11":"first","12":"instock","13":"taxable","14":"shipping-taxable","15":"purchasable","16":"product-type-variable"},"acf":[],"yoast_head":"<!-- This site is optimized with the Yoast SEO plugin v27.0 - https:\/\/yoast.com\/product\/yoast-seo-wordpress\/ -->\n<title>Alpinestars SEQUENCE nakkebeskytter Orange - Zamp Helmets | Helmet 28 EU<\/title>\n<meta name=\"description\" content=\"Sequence Youth Neck Roll er designet og udviklet specielt til yngre ryttere. Ergonomisk designet og konstrueret form, der passer til b\u00f8rn fra 6 til 14 \u00e5r\" \/>\n<meta name=\"robots\" content=\"index, follow, max-snippet:-1, max-image-preview:large, max-video-preview:-1\" \/>\n<link rel=\"canonical\" href=\"https:\/\/zamphelmets.co\/da\/vare\/alpinestars-sequence-nakkebeskytter-orange\/\" \/>\n<meta property=\"og:locale\" content=\"da_DK\" \/>\n<meta property=\"og:type\" content=\"article\" \/>\n<meta property=\"og:title\" content=\"Alpinestars SEQUENCE nakkebeskytter Orange - Zamp Helmets | Helmet 28 EU\" \/>\n<meta property=\"og:description\" content=\"Sequence Youth Neck Roll er designet og udviklet specielt til yngre ryttere. Ergonomisk designet og konstrueret form, der passer til b\u00f8rn fra 6 til 14 \u00e5r\" \/>\n<meta property=\"og:url\" content=\"https:\/\/zamphelmets.co\/da\/vare\/alpinestars-sequence-nakkebeskytter-orange\/\" \/>\n<meta property=\"og:site_name\" content=\"Zamp Helmets | Helmet 28 EU\" \/>\n<meta property=\"article:modified_time\" content=\"2024-11-06T16:20:21+00:00\" \/>\n<meta property=\"og:image\" content=\"https:\/\/zamphelmets.co\/wp-content\/uploads\/2023\/11\/ora.jpeg\" \/>\n\t<meta property=\"og:image:width\" content=\"930\" \/>\n\t<meta property=\"og:image:height\" content=\"1000\" \/>\n\t<meta property=\"og:image:type\" content=\"image\/jpeg\" \/>\n<meta name=\"twitter:card\" content=\"summary_large_image\" \/>\n<meta name=\"twitter:label1\" content=\"Est. reading time\" \/>\n\t<meta name=\"twitter:data1\" content=\"1 minut\" \/>\n<script type=\"application\/ld+json\" class=\"yoast-schema-graph\">{\"@context\":\"https:\/\/schema.org\",\"@graph\":[{\"@type\":\"WebPage\",\"@id\":\"https:\/\/zamphelmets.co\/da\/vare\/alpinestars-sequence-nakkebeskytter-orange\/\",\"url\":\"https:\/\/zamphelmets.co\/da\/vare\/alpinestars-sequence-nakkebeskytter-orange\/\",\"name\":\"Alpinestars SEQUENCE nakkebeskytter Orange - Zamp Helmets | Helmet 28 EU\",\"isPartOf\":{\"@id\":\"https:\/\/zamphelmets.co\/da\/#website\"},\"primaryImageOfPage\":{\"@id\":\"https:\/\/zamphelmets.co\/da\/vare\/alpinestars-sequence-nakkebeskytter-orange\/#primaryimage\"},\"image\":{\"@id\":\"https:\/\/zamphelmets.co\/da\/vare\/alpinestars-sequence-nakkebeskytter-orange\/#primaryimage\"},\"thumbnailUrl\":\"https:\/\/zamphelmets.co\/wp-content\/uploads\/2023\/11\/ora.jpeg\",\"datePublished\":\"2023-11-23T12:52:05+00:00\",\"dateModified\":\"2024-11-06T16:20:21+00:00\",\"description\":\"Sequence Youth Neck Roll er designet og udviklet specielt til yngre ryttere. Ergonomisk designet og konstrueret form, der passer til b\u00f8rn fra 6 til 14 \u00e5r\",\"breadcrumb\":{\"@id\":\"https:\/\/zamphelmets.co\/da\/vare\/alpinestars-sequence-nakkebeskytter-orange\/#breadcrumb\"},\"inLanguage\":\"da-DK\",\"potentialAction\":[{\"@type\":\"ReadAction\",\"target\":[\"https:\/\/zamphelmets.co\/da\/vare\/alpinestars-sequence-nakkebeskytter-orange\/\"]}]},{\"@type\":\"ImageObject\",\"inLanguage\":\"da-DK\",\"@id\":\"https:\/\/zamphelmets.co\/da\/vare\/alpinestars-sequence-nakkebeskytter-orange\/#primaryimage\",\"url\":\"https:\/\/zamphelmets.co\/wp-content\/uploads\/2023\/11\/ora.jpeg\",\"contentUrl\":\"https:\/\/zamphelmets.co\/wp-content\/uploads\/2023\/11\/ora.jpeg\",\"width\":930,\"height\":1000},{\"@type\":\"BreadcrumbList\",\"@id\":\"https:\/\/zamphelmets.co\/da\/vare\/alpinestars-sequence-nakkebeskytter-orange\/#breadcrumb\",\"itemListElement\":[{\"@type\":\"ListItem\",\"position\":1,\"name\":\"Shop\",\"item\":\"https:\/\/zamphelmets.co\/da\/shop\/\"},{\"@type\":\"ListItem\",\"position\":2,\"name\":\"Alpinestars SEQUENCE nakkebeskytter Orange\"}]},{\"@type\":\"WebSite\",\"@id\":\"https:\/\/zamphelmets.co\/da\/#website\",\"url\":\"https:\/\/zamphelmets.co\/da\/\",\"name\":\"Zamp Helmets | Helmet 28 EU\",\"description\":\"High Quality Motorsport Helmets\",\"potentialAction\":[{\"@type\":\"SearchAction\",\"target\":{\"@type\":\"EntryPoint\",\"urlTemplate\":\"https:\/\/zamphelmets.co\/da\/?s={search_term_string}\"},\"query-input\":{\"@type\":\"PropertyValueSpecification\",\"valueRequired\":true,\"valueName\":\"search_term_string\"}}],\"inLanguage\":\"da-DK\"}]}<\/script>\n<!-- \/ Yoast SEO plugin. -->","yoast_head_json":{"title":"Alpinestars SEQUENCE nakkebeskytter Orange - Zamp Helmets | Helmet 28 EU","description":"Sequence Youth Neck Roll er designet og udviklet specielt til yngre ryttere. Ergonomisk designet og konstrueret form, der passer til b\u00f8rn fra 6 til 14 \u00e5r","robots":{"index":"index","follow":"follow","max-snippet":"max-snippet:-1","max-image-preview":"max-image-preview:large","max-video-preview":"max-video-preview:-1"},"canonical":"https:\/\/zamphelmets.co\/da\/vare\/alpinestars-sequence-nakkebeskytter-orange\/","og_locale":"da_DK","og_type":"article","og_title":"Alpinestars SEQUENCE nakkebeskytter Orange - Zamp Helmets | Helmet 28 EU","og_description":"Sequence Youth Neck Roll er designet og udviklet specielt til yngre ryttere. Ergonomisk designet og konstrueret form, der passer til b\u00f8rn fra 6 til 14 \u00e5r","og_url":"https:\/\/zamphelmets.co\/da\/vare\/alpinestars-sequence-nakkebeskytter-orange\/","og_site_name":"Zamp Helmets | Helmet 28 EU","article_modified_time":"2024-11-06T16:20:21+00:00","og_image":[{"width":930,"height":1000,"url":"https:\/\/zamphelmets.co\/wp-content\/uploads\/2023\/11\/ora.jpeg","type":"image\/jpeg"}],"twitter_card":"summary_large_image","twitter_misc":{"Est. reading time":"1 minut"},"schema":{"@context":"https:\/\/schema.org","@graph":[{"@type":"WebPage","@id":"https:\/\/zamphelmets.co\/da\/vare\/alpinestars-sequence-nakkebeskytter-orange\/","url":"https:\/\/zamphelmets.co\/da\/vare\/alpinestars-sequence-nakkebeskytter-orange\/","name":"Alpinestars SEQUENCE nakkebeskytter Orange - Zamp Helmets | Helmet 28 EU","isPartOf":{"@id":"https:\/\/zamphelmets.co\/da\/#website"},"primaryImageOfPage":{"@id":"https:\/\/zamphelmets.co\/da\/vare\/alpinestars-sequence-nakkebeskytter-orange\/#primaryimage"},"image":{"@id":"https:\/\/zamphelmets.co\/da\/vare\/alpinestars-sequence-nakkebeskytter-orange\/#primaryimage"},"thumbnailUrl":"https:\/\/zamphelmets.co\/wp-content\/uploads\/2023\/11\/ora.jpeg","datePublished":"2023-11-23T12:52:05+00:00","dateModified":"2024-11-06T16:20:21+00:00","description":"Sequence Youth Neck Roll er designet og udviklet specielt til yngre ryttere. Ergonomisk designet og konstrueret form, der passer til b\u00f8rn fra 6 til 14 \u00e5r","breadcrumb":{"@id":"https:\/\/zamphelmets.co\/da\/vare\/alpinestars-sequence-nakkebeskytter-orange\/#breadcrumb"},"inLanguage":"da-DK","potentialAction":[{"@type":"ReadAction","target":["https:\/\/zamphelmets.co\/da\/vare\/alpinestars-sequence-nakkebeskytter-orange\/"]}]},{"@type":"ImageObject","inLanguage":"da-DK","@id":"https:\/\/zamphelmets.co\/da\/vare\/alpinestars-sequence-nakkebeskytter-orange\/#primaryimage","url":"https:\/\/zamphelmets.co\/wp-content\/uploads\/2023\/11\/ora.jpeg","contentUrl":"https:\/\/zamphelmets.co\/wp-content\/uploads\/2023\/11\/ora.jpeg","width":930,"height":1000},{"@type":"BreadcrumbList","@id":"https:\/\/zamphelmets.co\/da\/vare\/alpinestars-sequence-nakkebeskytter-orange\/#breadcrumb","itemListElement":[{"@type":"ListItem","position":1,"name":"Shop","item":"https:\/\/zamphelmets.co\/da\/shop\/"},{"@type":"ListItem","position":2,"name":"Alpinestars SEQUENCE nakkebeskytter Orange"}]},{"@type":"WebSite","@id":"https:\/\/zamphelmets.co\/da\/#website","url":"https:\/\/zamphelmets.co\/da\/","name":"Zamp Helmets | Helmet 28 EU","description":"High Quality Motorsport Helmets","potentialAction":[{"@type":"SearchAction","target":{"@type":"EntryPoint","urlTemplate":"https:\/\/zamphelmets.co\/da\/?s={search_term_string}"},"query-input":{"@type":"PropertyValueSpecification","valueRequired":true,"valueName":"search_term_string"}}],"inLanguage":"da-DK"}]}},"_links":{"self":[{"href":"https:\/\/zamphelmets.co\/da\/wp-json\/wp\/v2\/product\/23431","targetHints":{"allow":["GET"]}}],"collection":[{"href":"https:\/\/zamphelmets.co\/da\/wp-json\/wp\/v2\/product"}],"about":[{"href":"https:\/\/zamphelmets.co\/da\/wp-json\/wp\/v2\/types\/product"}],"replies":[{"embeddable":true,"href":"https:\/\/zamphelmets.co\/da\/wp-json\/wp\/v2\/comments?post=23431"}],"wp:featuredmedia":[{"embeddable":true,"href":"https:\/\/zamphelmets.co\/da\/wp-json\/wp\/v2\/media\/19343"}],"wp:attachment":[{"href":"https:\/\/zamphelmets.co\/da\/wp-json\/wp\/v2\/media?parent=23431"}],"wp:term":[{"taxonomy":"product_brand","embeddable":true,"href":"https:\/\/zamphelmets.co\/da\/wp-json\/wp\/v2\/product_brand?post=23431"},{"taxonomy":"product_cat","embeddable":true,"href":"https:\/\/zamphelmets.co\/da\/wp-json\/wp\/v2\/product_cat?post=23431"},{"taxonomy":"product_tag","embeddable":true,"href":"https:\/\/zamphelmets.co\/da\/wp-json\/wp\/v2\/product_tag?post=23431"}],"curies":[{"name":"wp","href":"https:\/\/api.w.org\/{rel}","templated":true}]}}