{"id":23276,"date":"2022-11-18T13:28:06","date_gmt":"2022-11-18T13:28:06","guid":{"rendered":"https:\/\/zamphelmets.co\/product\/zamp-rz-62-kroneliner\/"},"modified":"2022-11-18T13:28:06","modified_gmt":"2022-11-18T13:28:06","slug":"zamp-rz-62-kroneliner","status":"publish","type":"product","link":"https:\/\/zamphelmets.co\/da\/vare\/zamp-rz-62-kroneliner\/","title":{"rendered":"Zamp RZ-62 Kroneliner"},"content":{"rendered":"<p>Erstatningskroneforing til RZ 62-hjelme. Hvis du \u00f8nsker at opdatere din hjelm indvendigt eller \u00e6ndre st\u00f8rrelsen, er en ny kroneforing en god mulighed.<\/p>\n<p>F\u00e5s i 6 st\u00f8rrelser XS, S, M, L, XL, XXL.<\/p>\n<p>Bem\u00e6rk, at disse hjelme har 2 skalst\u00f8rrelser. Den mindre Shell kan udstyres med st\u00f8rrelserne XS, S og M. Den st\u00f8rre Shell kan udstyres med st\u00f8rrelserne L, XL og XXL.<\/p>\n<p>SKAL 1 &#8211; XS | S | M<\/p>\n<p>SKAL 2 &#8211; L | XL | XXL<\/p>\n","protected":false},"excerpt":{"rendered":"<p>Erstatningskroneforing til RZ 62-hjelme. Hvis du \u00f8nsker at opdatere din hjelm indvendigt eller \u00e6ndre st\u00f8rrelsen, er en ny kroneforing en god mulighed. F\u00e5s i 6 st\u00f8rrelser XS, S, M, L, XL, XXL. Bem\u00e6rk, at disse hjelme har 2 skalst\u00f8rrelser. Den mindre Shell kan udstyres med st\u00f8rrelserne XS, S og M. Den st\u00f8rre Shell kan udstyres [&hellip;]<\/p>\n","protected":false},"featured_media":18027,"comment_status":"open","ping_status":"closed","template":"","meta":{"_acf_changed":false,"_iconic_wsb_product_page_order_bump_ids":[],"_sku":["HALCL22"],"_iconic_wsb_product_page_bump_modal_ids":[]},"product_brand":[],"product_cat":[157,155],"product_tag":[],"class_list":{"0":"post-23276","1":"product","2":"type-product","3":"status-publish","4":"has-post-thumbnail","6":"product_cat-tilbehor-til-hjelme","7":"product_cat-zamp-da","9":"first","10":"instock","11":"taxable","12":"shipping-taxable","13":"purchasable","14":"product-type-variable"},"acf":[],"yoast_head":"<!-- This site is optimized with the Yoast SEO plugin v27.0 - https:\/\/yoast.com\/product\/yoast-seo-wordpress\/ -->\n<title>Zamp RZ-62 Kroneliner - Zamp Helmets | Helmet 28 EU<\/title>\n<meta name=\"description\" content=\"Erstatningskroneforing til RZ 62-hjelme. Hvis du \u00f8nsker at opdatere din hjelms interi\u00f8r eller \u00e6ndre st\u00f8rrelsen.\" \/>\n<meta name=\"robots\" content=\"index, follow, max-snippet:-1, max-image-preview:large, max-video-preview:-1\" \/>\n<link rel=\"canonical\" href=\"https:\/\/zamphelmets.co\/da\/vare\/zamp-rz-62-kroneliner\/\" \/>\n<meta property=\"og:locale\" content=\"da_DK\" \/>\n<meta property=\"og:type\" content=\"article\" \/>\n<meta property=\"og:title\" content=\"Zamp RZ-62 Kroneliner - Zamp Helmets | Helmet 28 EU\" \/>\n<meta property=\"og:description\" content=\"Erstatningskroneforing til RZ 62-hjelme. Hvis du \u00f8nsker at opdatere din hjelms interi\u00f8r eller \u00e6ndre st\u00f8rrelsen.\" \/>\n<meta property=\"og:url\" content=\"https:\/\/zamphelmets.co\/da\/vare\/zamp-rz-62-kroneliner\/\" \/>\n<meta property=\"og:site_name\" content=\"Zamp Helmets | Helmet 28 EU\" \/>\n<meta property=\"og:image\" content=\"https:\/\/zamphelmets.co\/wp-content\/uploads\/2022\/11\/HALCL22.jpeg\" \/>\n\t<meta property=\"og:image:width\" content=\"1000\" \/>\n\t<meta property=\"og:image:height\" content=\"1000\" \/>\n\t<meta property=\"og:image:type\" content=\"image\/jpeg\" \/>\n<meta name=\"twitter:card\" content=\"summary_large_image\" \/>\n<script type=\"application\/ld+json\" class=\"yoast-schema-graph\">{\"@context\":\"https:\/\/schema.org\",\"@graph\":[{\"@type\":\"WebPage\",\"@id\":\"https:\/\/zamphelmets.co\/da\/vare\/zamp-rz-62-kroneliner\/\",\"url\":\"https:\/\/zamphelmets.co\/da\/vare\/zamp-rz-62-kroneliner\/\",\"name\":\"Zamp RZ-62 Kroneliner - Zamp Helmets | Helmet 28 EU\",\"isPartOf\":{\"@id\":\"https:\/\/zamphelmets.co\/da\/#website\"},\"primaryImageOfPage\":{\"@id\":\"https:\/\/zamphelmets.co\/da\/vare\/zamp-rz-62-kroneliner\/#primaryimage\"},\"image\":{\"@id\":\"https:\/\/zamphelmets.co\/da\/vare\/zamp-rz-62-kroneliner\/#primaryimage\"},\"thumbnailUrl\":\"https:\/\/zamphelmets.co\/wp-content\/uploads\/2022\/11\/HALCL22.jpeg\",\"datePublished\":\"2022-11-18T13:28:06+00:00\",\"description\":\"Erstatningskroneforing til RZ 62-hjelme. Hvis du \u00f8nsker at opdatere din hjelms interi\u00f8r eller \u00e6ndre st\u00f8rrelsen.\",\"breadcrumb\":{\"@id\":\"https:\/\/zamphelmets.co\/da\/vare\/zamp-rz-62-kroneliner\/#breadcrumb\"},\"inLanguage\":\"da-DK\",\"potentialAction\":[{\"@type\":\"ReadAction\",\"target\":[\"https:\/\/zamphelmets.co\/da\/vare\/zamp-rz-62-kroneliner\/\"]}]},{\"@type\":\"ImageObject\",\"inLanguage\":\"da-DK\",\"@id\":\"https:\/\/zamphelmets.co\/da\/vare\/zamp-rz-62-kroneliner\/#primaryimage\",\"url\":\"https:\/\/zamphelmets.co\/wp-content\/uploads\/2022\/11\/HALCL22.jpeg\",\"contentUrl\":\"https:\/\/zamphelmets.co\/wp-content\/uploads\/2022\/11\/HALCL22.jpeg\",\"width\":1000,\"height\":1000},{\"@type\":\"BreadcrumbList\",\"@id\":\"https:\/\/zamphelmets.co\/da\/vare\/zamp-rz-62-kroneliner\/#breadcrumb\",\"itemListElement\":[{\"@type\":\"ListItem\",\"position\":1,\"name\":\"Shop\",\"item\":\"https:\/\/zamphelmets.co\/da\/shop\/\"},{\"@type\":\"ListItem\",\"position\":2,\"name\":\"Zamp RZ-62 Kroneliner\"}]},{\"@type\":\"WebSite\",\"@id\":\"https:\/\/zamphelmets.co\/da\/#website\",\"url\":\"https:\/\/zamphelmets.co\/da\/\",\"name\":\"Zamp Helmets | Helmet 28 EU\",\"description\":\"High Quality Motorsport Helmets\",\"potentialAction\":[{\"@type\":\"SearchAction\",\"target\":{\"@type\":\"EntryPoint\",\"urlTemplate\":\"https:\/\/zamphelmets.co\/da\/?s={search_term_string}\"},\"query-input\":{\"@type\":\"PropertyValueSpecification\",\"valueRequired\":true,\"valueName\":\"search_term_string\"}}],\"inLanguage\":\"da-DK\"}]}<\/script>\n<!-- \/ Yoast SEO plugin. -->","yoast_head_json":{"title":"Zamp RZ-62 Kroneliner - Zamp Helmets | Helmet 28 EU","description":"Erstatningskroneforing til RZ 62-hjelme. Hvis du \u00f8nsker at opdatere din hjelms interi\u00f8r eller \u00e6ndre st\u00f8rrelsen.","robots":{"index":"index","follow":"follow","max-snippet":"max-snippet:-1","max-image-preview":"max-image-preview:large","max-video-preview":"max-video-preview:-1"},"canonical":"https:\/\/zamphelmets.co\/da\/vare\/zamp-rz-62-kroneliner\/","og_locale":"da_DK","og_type":"article","og_title":"Zamp RZ-62 Kroneliner - Zamp Helmets | Helmet 28 EU","og_description":"Erstatningskroneforing til RZ 62-hjelme. Hvis du \u00f8nsker at opdatere din hjelms interi\u00f8r eller \u00e6ndre st\u00f8rrelsen.","og_url":"https:\/\/zamphelmets.co\/da\/vare\/zamp-rz-62-kroneliner\/","og_site_name":"Zamp Helmets | Helmet 28 EU","og_image":[{"width":1000,"height":1000,"url":"https:\/\/zamphelmets.co\/wp-content\/uploads\/2022\/11\/HALCL22.jpeg","type":"image\/jpeg"}],"twitter_card":"summary_large_image","schema":{"@context":"https:\/\/schema.org","@graph":[{"@type":"WebPage","@id":"https:\/\/zamphelmets.co\/da\/vare\/zamp-rz-62-kroneliner\/","url":"https:\/\/zamphelmets.co\/da\/vare\/zamp-rz-62-kroneliner\/","name":"Zamp RZ-62 Kroneliner - Zamp Helmets | Helmet 28 EU","isPartOf":{"@id":"https:\/\/zamphelmets.co\/da\/#website"},"primaryImageOfPage":{"@id":"https:\/\/zamphelmets.co\/da\/vare\/zamp-rz-62-kroneliner\/#primaryimage"},"image":{"@id":"https:\/\/zamphelmets.co\/da\/vare\/zamp-rz-62-kroneliner\/#primaryimage"},"thumbnailUrl":"https:\/\/zamphelmets.co\/wp-content\/uploads\/2022\/11\/HALCL22.jpeg","datePublished":"2022-11-18T13:28:06+00:00","description":"Erstatningskroneforing til RZ 62-hjelme. Hvis du \u00f8nsker at opdatere din hjelms interi\u00f8r eller \u00e6ndre st\u00f8rrelsen.","breadcrumb":{"@id":"https:\/\/zamphelmets.co\/da\/vare\/zamp-rz-62-kroneliner\/#breadcrumb"},"inLanguage":"da-DK","potentialAction":[{"@type":"ReadAction","target":["https:\/\/zamphelmets.co\/da\/vare\/zamp-rz-62-kroneliner\/"]}]},{"@type":"ImageObject","inLanguage":"da-DK","@id":"https:\/\/zamphelmets.co\/da\/vare\/zamp-rz-62-kroneliner\/#primaryimage","url":"https:\/\/zamphelmets.co\/wp-content\/uploads\/2022\/11\/HALCL22.jpeg","contentUrl":"https:\/\/zamphelmets.co\/wp-content\/uploads\/2022\/11\/HALCL22.jpeg","width":1000,"height":1000},{"@type":"BreadcrumbList","@id":"https:\/\/zamphelmets.co\/da\/vare\/zamp-rz-62-kroneliner\/#breadcrumb","itemListElement":[{"@type":"ListItem","position":1,"name":"Shop","item":"https:\/\/zamphelmets.co\/da\/shop\/"},{"@type":"ListItem","position":2,"name":"Zamp RZ-62 Kroneliner"}]},{"@type":"WebSite","@id":"https:\/\/zamphelmets.co\/da\/#website","url":"https:\/\/zamphelmets.co\/da\/","name":"Zamp Helmets | Helmet 28 EU","description":"High Quality Motorsport Helmets","potentialAction":[{"@type":"SearchAction","target":{"@type":"EntryPoint","urlTemplate":"https:\/\/zamphelmets.co\/da\/?s={search_term_string}"},"query-input":{"@type":"PropertyValueSpecification","valueRequired":true,"valueName":"search_term_string"}}],"inLanguage":"da-DK"}]}},"_links":{"self":[{"href":"https:\/\/zamphelmets.co\/da\/wp-json\/wp\/v2\/product\/23276","targetHints":{"allow":["GET"]}}],"collection":[{"href":"https:\/\/zamphelmets.co\/da\/wp-json\/wp\/v2\/product"}],"about":[{"href":"https:\/\/zamphelmets.co\/da\/wp-json\/wp\/v2\/types\/product"}],"replies":[{"embeddable":true,"href":"https:\/\/zamphelmets.co\/da\/wp-json\/wp\/v2\/comments?post=23276"}],"wp:featuredmedia":[{"embeddable":true,"href":"https:\/\/zamphelmets.co\/da\/wp-json\/wp\/v2\/media\/18027"}],"wp:attachment":[{"href":"https:\/\/zamphelmets.co\/da\/wp-json\/wp\/v2\/media?parent=23276"}],"wp:term":[{"taxonomy":"product_brand","embeddable":true,"href":"https:\/\/zamphelmets.co\/da\/wp-json\/wp\/v2\/product_brand?post=23276"},{"taxonomy":"product_cat","embeddable":true,"href":"https:\/\/zamphelmets.co\/da\/wp-json\/wp\/v2\/product_cat?post=23276"},{"taxonomy":"product_tag","embeddable":true,"href":"https:\/\/zamphelmets.co\/da\/wp-json\/wp\/v2\/product_tag?post=23276"}],"curies":[{"name":"wp","href":"https:\/\/api.w.org\/{rel}","templated":true}]}}