{"id":23135,"date":"2023-01-17T19:25:57","date_gmt":"2023-01-17T19:25:57","guid":{"rendered":"https:\/\/zamphelmets.co\/product\/rz-42-youth-sort-groen\/"},"modified":"2026-02-27T08:53:06","modified_gmt":"2026-02-27T08:53:06","slug":"rz-42-youth-sort-groen","status":"publish","type":"product","link":"https:\/\/zamphelmets.co\/da\/vare\/rz-42-youth-sort-groen\/","title":{"rendered":"RZ 42 Youth sort\/gr\u00f8n"},"content":{"rendered":"<p class=\"_3vFF3xH4Yd\" dir=\"ltr\">Helt ny i 2023 er Zamp RZ-42Y CMR Youth Black\/Green den ultimative kartinghjelm med CMR2016. Designet til juniork\u00f8rere i karting, der kr\u00e6ver standard CMR-homologering. Med de nyeste funktioner er RZ-42Y <strong>mindre<\/strong> og <strong>lettere<\/strong>, men stadig fyldt med alle de bedste specifikationer og funktioner som voksenhjelmen.<\/p>\n<p dir=\"ltr\"><strong>Dette er en hjelm, der er designet specielt til b\u00f8rn. Det er ikke hensigtsm\u00e6ssigt at b\u00e6re denne hjelm som voksen, se <a href=\"https:\/\/zamphelmets.co\/faqs\/#:~:text=I%20Have%20A%20Small%20Head%2C%20Can%20I%20Wear%20A%20Youth%20Helmet%3F\">LINK HER<\/a> for flere detaljer.<\/strong><\/p>\n<p dir=\"ltr\">Konstrueret af en superlet glasfiberkompositskal med flere \u00e5bninger for optimal ventilation. Hjelmen leveres ogs\u00e5 med aftagelige foringer, s\u00e5 det er nemt og effektivt at vaske hjelmen.<\/p>\n<p dir=\"ltr\">Denne f\u00e6rdigmalede, fantastiske sort-gr\u00f8nne farvekombination har en fantastisk finish og skiller sig ud som markedsleder i forhold til andre f\u00f8rende hjelme. Zamp Black\/Green-grafikken er et glimrende alternativ til at betale for en eftermonteret lakering til en br\u00f8kdel af prisen.<\/p>\n<ul>\n<li class=\"_3vFF3xH4Yd\">Mindre og lettere skal<\/li>\n<li class=\"_3vFF3xH4Yd\">Letv\u00e6gtsskal af komposit Kevlar Mix<\/li>\n<li class=\"_3vFF3xH4Yd\">Plysset brandh\u00e6mmende interi\u00f8r<\/li>\n<li class=\"_3vFF3xH4Yd\">Z-20-serien 2,5 mm klar sk\u00e6rm<\/li>\n<li>Bagspoiler inkluderet<\/li>\n<li class=\"_3vFF3xH4Yd\">Udtagelig\/vaskbar komfortforing<\/li>\n<li>Luftindtag i toppen plus ventilations\u00e5bninger i hageb\u00f8jlen. Giver mulighed for at k\u00f8re Forced Air-tilbeh\u00f8r<\/li>\n<li class=\"_3vFF3xH4Yd\">SNELL CMR2016 Standard<\/li>\n<li class=\"_3vFF3xH4Yd\">Tilg\u00e6ngelige st\u00f8rrelser: 52 cm, 54 cm, 56 cm, 57 cm, 59 cm<\/li>\n<\/ul>\n<p>&nbsp;<\/p>\n<p>Bem\u00e6rk: Hvis du m\u00e5ler mellem to st\u00f8rrelser, anbefaler vi, at du v\u00e6lger en st\u00f8rrelse st\u00f8rre end din s\u00e6dvanlige pasform for at opn\u00e5 optimal komfort og korrekt placering af hjelmen.<\/p>\n<p><img decoding=\"async\" class=\"alignnone wp-image-202049 lazyload\" data-src=\"https:\/\/zamphelmets.co\/wp-content\/uploads\/2025\/05\/Zamp-Helmets-sizing-guide-scaled.png\" alt=\"\" width=\"518\" height=\"518\" data-srcset=\"https:\/\/zamphelmets.co\/wp-content\/uploads\/2025\/05\/Zamp-Helmets-sizing-guide-scaled.png 2560w, https:\/\/zamphelmets.co\/wp-content\/uploads\/2025\/05\/Zamp-Helmets-sizing-guide-300x300.png 300w, https:\/\/zamphelmets.co\/wp-content\/uploads\/2025\/05\/Zamp-Helmets-sizing-guide-1024x1024.png 1024w, https:\/\/zamphelmets.co\/wp-content\/uploads\/2025\/05\/Zamp-Helmets-sizing-guide-150x150.png 150w, https:\/\/zamphelmets.co\/wp-content\/uploads\/2025\/05\/Zamp-Helmets-sizing-guide-768x768.png 768w, https:\/\/zamphelmets.co\/wp-content\/uploads\/2025\/05\/Zamp-Helmets-sizing-guide-1536x1536.png 1536w, https:\/\/zamphelmets.co\/wp-content\/uploads\/2025\/05\/Zamp-Helmets-sizing-guide-2048x2048.png 2048w, https:\/\/zamphelmets.co\/wp-content\/uploads\/2025\/05\/Zamp-Helmets-sizing-guide-600x600.png 600w, https:\/\/zamphelmets.co\/wp-content\/uploads\/2025\/05\/Zamp-Helmets-sizing-guide-100x100.png 100w\" data-sizes=\"(max-width: 518px) 100vw, 518px\" src=\"data:image\/svg+xml;base64,PHN2ZyB3aWR0aD0iMSIgaGVpZ2h0PSIxIiB4bWxucz0iaHR0cDovL3d3dy53My5vcmcvMjAwMC9zdmciPjwvc3ZnPg==\" style=\"--smush-placeholder-width: 518px; --smush-placeholder-aspect-ratio: 518\/518;\" \/><\/p>\n<div id=\"product-10089\" class=\"product type-product post-10089 status-publish first instock product_cat-fia product_cat-snell-2020-sa2020 product_cat-zamp has-post-thumbnail taxable shipping-taxable purchasable product-type-variable\">\n<div class=\"woocommerce-tabs wc-tabs-wrapper\">\n<div id=\"tab-description\" class=\"woocommerce-Tabs-panel woocommerce-Tabs-panel--description panel entry-content wc-tab\" role=\"tabpanel\" aria-labelledby=\"tab-title-description\">\n<p><strong>Er du i tvivl om st\u00f8rrelsen? <\/strong><a href=\"https:\/\/form.jotform.com\/251263198513053\">Udfyld vores st\u00f8rrelsesformular<\/a>, og et medlem af teamet vil kontakte dig med vores anbefalinger.<\/p>\n<\/div>\n<\/div>\n<\/div>\n","protected":false},"excerpt":{"rendered":"<p>Helt ny i 2023 er Zamp RZ-42Y CMR Youth Black\/Green den ultimative kartinghjelm med CMR2016. Designet til juniork\u00f8rere i karting, der kr\u00e6ver standard CMR-homologering. Med de nyeste funktioner er RZ-42Y mindre og lettere, men stadig fyldt med alle de bedste specifikationer og funktioner som voksenhjelmen. Dette er en hjelm, der er designet specielt til b\u00f8rn. [&hellip;]<\/p>\n","protected":false},"featured_media":18160,"comment_status":"open","ping_status":"closed","template":"","meta":{"_acf_changed":false,"_iconic_wsb_product_page_order_bump_ids":[[]],"_sku":["HE753C49"],"_iconic_wsb_product_page_bump_modal_ids":[[]]},"product_brand":[],"product_cat":[181,263,155],"product_tag":[],"class_list":{"0":"post-23135","1":"product","2":"type-product","3":"status-publish","4":"has-post-thumbnail","6":"product_cat-zamp-hjelme","7":"product_cat-ungdom-cmr-2016","8":"product_cat-zamp-da","10":"first","11":"instock","12":"taxable","13":"shipping-taxable","14":"purchasable","15":"product-type-variable"},"acf":[],"yoast_head":"<!-- This site is optimized with the Yoast SEO plugin v27.0 - https:\/\/yoast.com\/product\/yoast-seo-wordpress\/ -->\n<title>RZ 42 Youth sort\/gr\u00f8n \u20ac270.83 - Zamp Helmets | Helmet 28 EU<\/title>\n<meta name=\"description\" content=\"Zamp RZ 42Y f\u00e5s i en helt ny sort\/gr\u00f8n grafik. Den mest popul\u00e6re CMR 2016-hjelm har lige f\u00e5et et nyt look.\" \/>\n<meta name=\"robots\" content=\"index, follow, max-snippet:-1, max-image-preview:large, max-video-preview:-1\" \/>\n<link rel=\"canonical\" href=\"https:\/\/zamphelmets.co\/da\/vare\/rz-42-youth-sort-groen\/\" \/>\n<meta property=\"og:locale\" content=\"da_DK\" \/>\n<meta property=\"og:type\" content=\"article\" \/>\n<meta property=\"og:title\" content=\"RZ 42 Youth sort\/gr\u00f8n \u20ac270.83 - Zamp Helmets | Helmet 28 EU\" \/>\n<meta property=\"og:description\" content=\"Zamp RZ 42Y f\u00e5s i en helt ny sort\/gr\u00f8n grafik. Den mest popul\u00e6re CMR 2016-hjelm har lige f\u00e5et et nyt look.\" \/>\n<meta property=\"og:url\" content=\"https:\/\/zamphelmets.co\/da\/vare\/rz-42-youth-sort-groen\/\" \/>\n<meta property=\"og:site_name\" content=\"Zamp Helmets | Helmet 28 EU\" \/>\n<meta property=\"article:modified_time\" content=\"2026-02-27T08:53:06+00:00\" \/>\n<meta property=\"og:image\" content=\"https:\/\/zamphelmets.co\/wp-content\/uploads\/2023\/01\/RZ-42Y-BlackGreen.jpg\" \/>\n\t<meta property=\"og:image:width\" content=\"1500\" \/>\n\t<meta property=\"og:image:height\" content=\"1500\" \/>\n\t<meta property=\"og:image:type\" content=\"image\/jpeg\" \/>\n<meta name=\"twitter:card\" content=\"summary_large_image\" \/>\n<meta name=\"twitter:label1\" content=\"Est. reading time\" \/>\n\t<meta name=\"twitter:data1\" content=\"1 minut\" \/>\n<script type=\"application\/ld+json\" class=\"yoast-schema-graph\">{\"@context\":\"https:\/\/schema.org\",\"@graph\":[{\"@type\":\"WebPage\",\"@id\":\"https:\/\/zamphelmets.co\/da\/vare\/rz-42-youth-sort-groen\/\",\"url\":\"https:\/\/zamphelmets.co\/da\/vare\/rz-42-youth-sort-groen\/\",\"name\":\"RZ 42 Youth sort\/gr\u00f8n \u20ac270.83 - Zamp Helmets | Helmet 28 EU\",\"isPartOf\":{\"@id\":\"https:\/\/zamphelmets.co\/da\/#website\"},\"primaryImageOfPage\":{\"@id\":\"https:\/\/zamphelmets.co\/da\/vare\/rz-42-youth-sort-groen\/#primaryimage\"},\"image\":{\"@id\":\"https:\/\/zamphelmets.co\/da\/vare\/rz-42-youth-sort-groen\/#primaryimage\"},\"thumbnailUrl\":\"https:\/\/zamphelmets.co\/wp-content\/uploads\/2023\/01\/RZ-42Y-BlackGreen.jpg\",\"datePublished\":\"2023-01-17T19:25:57+00:00\",\"dateModified\":\"2026-02-27T08:53:06+00:00\",\"description\":\"Zamp RZ 42Y f\u00e5s i en helt ny sort\/gr\u00f8n grafik. Den mest popul\u00e6re CMR 2016-hjelm har lige f\u00e5et et nyt look.\",\"breadcrumb\":{\"@id\":\"https:\/\/zamphelmets.co\/da\/vare\/rz-42-youth-sort-groen\/#breadcrumb\"},\"inLanguage\":\"da-DK\",\"potentialAction\":[{\"@type\":\"ReadAction\",\"target\":[\"https:\/\/zamphelmets.co\/da\/vare\/rz-42-youth-sort-groen\/\"]}]},{\"@type\":\"ImageObject\",\"inLanguage\":\"da-DK\",\"@id\":\"https:\/\/zamphelmets.co\/da\/vare\/rz-42-youth-sort-groen\/#primaryimage\",\"url\":\"https:\/\/zamphelmets.co\/wp-content\/uploads\/2023\/01\/RZ-42Y-BlackGreen.jpg\",\"contentUrl\":\"https:\/\/zamphelmets.co\/wp-content\/uploads\/2023\/01\/RZ-42Y-BlackGreen.jpg\",\"width\":1500,\"height\":1500},{\"@type\":\"BreadcrumbList\",\"@id\":\"https:\/\/zamphelmets.co\/da\/vare\/rz-42-youth-sort-groen\/#breadcrumb\",\"itemListElement\":[{\"@type\":\"ListItem\",\"position\":1,\"name\":\"Shop\",\"item\":\"https:\/\/zamphelmets.co\/da\/shop\/\"},{\"@type\":\"ListItem\",\"position\":2,\"name\":\"RZ 42 Youth sort\/gr\u00f8n\"}]},{\"@type\":\"WebSite\",\"@id\":\"https:\/\/zamphelmets.co\/da\/#website\",\"url\":\"https:\/\/zamphelmets.co\/da\/\",\"name\":\"Zamp Helmets | Helmet 28 EU\",\"description\":\"High Quality Motorsport Helmets\",\"potentialAction\":[{\"@type\":\"SearchAction\",\"target\":{\"@type\":\"EntryPoint\",\"urlTemplate\":\"https:\/\/zamphelmets.co\/da\/?s={search_term_string}\"},\"query-input\":{\"@type\":\"PropertyValueSpecification\",\"valueRequired\":true,\"valueName\":\"search_term_string\"}}],\"inLanguage\":\"da-DK\"}]}<\/script>\n<!-- \/ Yoast SEO plugin. -->","yoast_head_json":{"title":"RZ 42 Youth sort\/gr\u00f8n \u20ac270.83 - Zamp Helmets | Helmet 28 EU","description":"Zamp RZ 42Y f\u00e5s i en helt ny sort\/gr\u00f8n grafik. Den mest popul\u00e6re CMR 2016-hjelm har lige f\u00e5et et nyt look.","robots":{"index":"index","follow":"follow","max-snippet":"max-snippet:-1","max-image-preview":"max-image-preview:large","max-video-preview":"max-video-preview:-1"},"canonical":"https:\/\/zamphelmets.co\/da\/vare\/rz-42-youth-sort-groen\/","og_locale":"da_DK","og_type":"article","og_title":"RZ 42 Youth sort\/gr\u00f8n \u20ac270.83 - Zamp Helmets | Helmet 28 EU","og_description":"Zamp RZ 42Y f\u00e5s i en helt ny sort\/gr\u00f8n grafik. Den mest popul\u00e6re CMR 2016-hjelm har lige f\u00e5et et nyt look.","og_url":"https:\/\/zamphelmets.co\/da\/vare\/rz-42-youth-sort-groen\/","og_site_name":"Zamp Helmets | Helmet 28 EU","article_modified_time":"2026-02-27T08:53:06+00:00","og_image":[{"width":1500,"height":1500,"url":"https:\/\/zamphelmets.co\/wp-content\/uploads\/2023\/01\/RZ-42Y-BlackGreen.jpg","type":"image\/jpeg"}],"twitter_card":"summary_large_image","twitter_misc":{"Est. reading time":"1 minut"},"schema":{"@context":"https:\/\/schema.org","@graph":[{"@type":"WebPage","@id":"https:\/\/zamphelmets.co\/da\/vare\/rz-42-youth-sort-groen\/","url":"https:\/\/zamphelmets.co\/da\/vare\/rz-42-youth-sort-groen\/","name":"RZ 42 Youth sort\/gr\u00f8n \u20ac270.83 - Zamp Helmets | Helmet 28 EU","isPartOf":{"@id":"https:\/\/zamphelmets.co\/da\/#website"},"primaryImageOfPage":{"@id":"https:\/\/zamphelmets.co\/da\/vare\/rz-42-youth-sort-groen\/#primaryimage"},"image":{"@id":"https:\/\/zamphelmets.co\/da\/vare\/rz-42-youth-sort-groen\/#primaryimage"},"thumbnailUrl":"https:\/\/zamphelmets.co\/wp-content\/uploads\/2023\/01\/RZ-42Y-BlackGreen.jpg","datePublished":"2023-01-17T19:25:57+00:00","dateModified":"2026-02-27T08:53:06+00:00","description":"Zamp RZ 42Y f\u00e5s i en helt ny sort\/gr\u00f8n grafik. Den mest popul\u00e6re CMR 2016-hjelm har lige f\u00e5et et nyt look.","breadcrumb":{"@id":"https:\/\/zamphelmets.co\/da\/vare\/rz-42-youth-sort-groen\/#breadcrumb"},"inLanguage":"da-DK","potentialAction":[{"@type":"ReadAction","target":["https:\/\/zamphelmets.co\/da\/vare\/rz-42-youth-sort-groen\/"]}]},{"@type":"ImageObject","inLanguage":"da-DK","@id":"https:\/\/zamphelmets.co\/da\/vare\/rz-42-youth-sort-groen\/#primaryimage","url":"https:\/\/zamphelmets.co\/wp-content\/uploads\/2023\/01\/RZ-42Y-BlackGreen.jpg","contentUrl":"https:\/\/zamphelmets.co\/wp-content\/uploads\/2023\/01\/RZ-42Y-BlackGreen.jpg","width":1500,"height":1500},{"@type":"BreadcrumbList","@id":"https:\/\/zamphelmets.co\/da\/vare\/rz-42-youth-sort-groen\/#breadcrumb","itemListElement":[{"@type":"ListItem","position":1,"name":"Shop","item":"https:\/\/zamphelmets.co\/da\/shop\/"},{"@type":"ListItem","position":2,"name":"RZ 42 Youth sort\/gr\u00f8n"}]},{"@type":"WebSite","@id":"https:\/\/zamphelmets.co\/da\/#website","url":"https:\/\/zamphelmets.co\/da\/","name":"Zamp Helmets | Helmet 28 EU","description":"High Quality Motorsport Helmets","potentialAction":[{"@type":"SearchAction","target":{"@type":"EntryPoint","urlTemplate":"https:\/\/zamphelmets.co\/da\/?s={search_term_string}"},"query-input":{"@type":"PropertyValueSpecification","valueRequired":true,"valueName":"search_term_string"}}],"inLanguage":"da-DK"}]}},"_links":{"self":[{"href":"https:\/\/zamphelmets.co\/da\/wp-json\/wp\/v2\/product\/23135","targetHints":{"allow":["GET"]}}],"collection":[{"href":"https:\/\/zamphelmets.co\/da\/wp-json\/wp\/v2\/product"}],"about":[{"href":"https:\/\/zamphelmets.co\/da\/wp-json\/wp\/v2\/types\/product"}],"replies":[{"embeddable":true,"href":"https:\/\/zamphelmets.co\/da\/wp-json\/wp\/v2\/comments?post=23135"}],"wp:featuredmedia":[{"embeddable":true,"href":"https:\/\/zamphelmets.co\/da\/wp-json\/wp\/v2\/media\/18160"}],"wp:attachment":[{"href":"https:\/\/zamphelmets.co\/da\/wp-json\/wp\/v2\/media?parent=23135"}],"wp:term":[{"taxonomy":"product_brand","embeddable":true,"href":"https:\/\/zamphelmets.co\/da\/wp-json\/wp\/v2\/product_brand?post=23135"},{"taxonomy":"product_cat","embeddable":true,"href":"https:\/\/zamphelmets.co\/da\/wp-json\/wp\/v2\/product_cat?post=23135"},{"taxonomy":"product_tag","embeddable":true,"href":"https:\/\/zamphelmets.co\/da\/wp-json\/wp\/v2\/product_tag?post=23135"}],"curies":[{"name":"wp","href":"https:\/\/api.w.org\/{rel}","templated":true}]}}