{"id":22944,"date":"2022-11-18T11:32:54","date_gmt":"2022-11-18T11:32:54","guid":{"rendered":"https:\/\/zamphelmets.co\/product\/rz-88c\/"},"modified":"2026-02-16T15:10:21","modified_gmt":"2026-02-16T15:10:21","slug":"rz-88c","status":"publish","type":"product","link":"https:\/\/zamphelmets.co\/da\/vare\/rz-88c\/","title":{"rendered":"RZ 88C"},"content":{"rendered":"<p><strong>ZAMP er stolt af at kunne pr\u00e6sentere den nye <\/strong><strong>RZ-88C<\/strong> hjelm med den avancerede FIA 8860 sikkerhedsstandard.<\/p>\n<p>Denne <strong>RZ-88C Closed Cockpit Gloss Carbon-version<\/strong> er den bedste hjelm i Zamp-serien. Med et utroligt udsyn og en uovertruffen luftgennemstr\u00f8mning er RZ 88C den FIA 8860-hjelm, der giver mest for pengene p\u00e5 markedet.<\/p>\n<p><strong>Funktioner inkluderer:<\/strong><\/p>\n<ul>\n<li>Avanceret Gloss Carbon Weave giver en utrolig let skal<\/li>\n<li>Konfigureret til lukket cockpit og Dirt Racing &#8211; kortere hagespoiler for at give mere plads og f\u00e6rre ventilations\u00e5bninger i skallen for at give bedre luftgennemstr\u00f8mning ved hj\u00e6lp af Forced Air plus holder snavset ude i Dirt Racing<\/li>\n<li>Luftindtag i toppen giver dig mulighed for at k\u00f8re naturlig luft, forceret luft eller luftstik<\/li>\n<li>Plys, aftagelig\/vaskbar, brandh\u00e6mmende, ultrabl\u00f8d inderside med EPS-skum til hageskinne<\/li>\n<li>Z-24 Series Clear Antifog Shield med afrivningsstolper p\u00e5 12,125 tommer i midten af stolperne<\/li>\n<li>Kommunikation er let at installere med EPS-kanaler i hjelm<\/li>\n<li>M6-indsatser til hoved- og nakkest\u00f8tte<\/li>\n<li>FIA 8860-2018 <strong>uden<\/strong> ABS<\/li>\n<\/ul>\n<p>Som det er almindeligt i motorsport, varierer vores st\u00f8rrelser afh\u00e6ngigt af hjelmmodellen. Du kan l\u00e6se mere i vores blogindl\u00e6g om, <a href=\"https:\/\/zamphelmets.co\/da\/saadan-vaelger-du-den-rigtige-hjelmstoerrelse\/\">hvordan du v\u00e6lger den rigtige hjelmst\u00f8rrelse<\/a>.<\/p>\n<p><a href=\"https:\/\/zamphelmets.co\/da\/homologering-forklaret\/\"><strong>Homologering forklaret<\/strong> &#8211; find ud af, hvilken homologering du har brug for<\/a><\/p>\n<p><a href=\"https:\/\/zamphelmets.co\/da\/hans-stolper-hans-og-fhr-udstyr\/\"><strong>FHR \/ HANS-udstyr<\/strong> &#8211; hvorn\u00e5r er det p\u00e5kr\u00e6vet?<\/a><\/p>\n<p>&nbsp;<\/p>\n<p><img decoding=\"async\" class=\"alignnone wp-image-26355 size-full lazyload\" data-src=\"https:\/\/zamphelmets.co\/wp-content\/uploads\/2024\/03\/Zamp-Helmets-sizing-guide-4166-x-4166-px-1.png\" alt=\"\" width=\"500\" height=\"500\" data-srcset=\"https:\/\/zamphelmets.co\/wp-content\/uploads\/2024\/03\/Zamp-Helmets-sizing-guide-4166-x-4166-px-1.png 500w, https:\/\/zamphelmets.co\/wp-content\/uploads\/2024\/03\/Zamp-Helmets-sizing-guide-4166-x-4166-px-1-300x300.png 300w, https:\/\/zamphelmets.co\/wp-content\/uploads\/2024\/03\/Zamp-Helmets-sizing-guide-4166-x-4166-px-1-150x150.png 150w, https:\/\/zamphelmets.co\/wp-content\/uploads\/2024\/03\/Zamp-Helmets-sizing-guide-4166-x-4166-px-1-100x100.png 100w\" data-sizes=\"(max-width: 500px) 100vw, 500px\" src=\"data:image\/svg+xml;base64,PHN2ZyB3aWR0aD0iMSIgaGVpZ2h0PSIxIiB4bWxucz0iaHR0cDovL3d3dy53My5vcmcvMjAwMC9zdmciPjwvc3ZnPg==\" style=\"--smush-placeholder-width: 500px; --smush-placeholder-aspect-ratio: 500\/500;\" \/><\/p>\n<div id=\"product-10089\" class=\"product type-product post-10089 status-publish first instock product_cat-fia product_cat-snell-2020-sa2020 product_cat-zamp has-post-thumbnail taxable shipping-taxable purchasable product-type-variable\">\n<div class=\"woocommerce-tabs wc-tabs-wrapper\">\n<div id=\"tab-description\" class=\"woocommerce-Tabs-panel woocommerce-Tabs-panel--description panel entry-content wc-tab\" role=\"tabpanel\" aria-labelledby=\"tab-title-description\">\n<p><strong>Er du i tvivl om st\u00f8rrelsen? <\/strong><a href=\"https:\/\/form.jotform.com\/251263198513053\">Udfyld vores st\u00f8rrelsesformular<\/a>, og et medlem af teamet vil kontakte dig med vores anbefalinger.<\/p>\n<\/div>\n<\/div>\n<\/div>\n","protected":false},"excerpt":{"rendered":"<p>ZAMP er stolt af at kunne pr\u00e6sentere den nye RZ-88C hjelm med den avancerede FIA 8860 sikkerhedsstandard. Denne RZ-88C Closed Cockpit Gloss Carbon-version er den bedste hjelm i Zamp-serien. Med et utroligt udsyn og en uovertruffen luftgennemstr\u00f8mning er RZ 88C den FIA 8860-hjelm, der giver mest for pengene p\u00e5 markedet. Funktioner inkluderer: Avanceret Gloss Carbon [&hellip;]<\/p>\n","protected":false},"featured_media":17985,"comment_status":"open","ping_status":"closed","template":"","meta":{"_acf_changed":false,"_iconic_wsb_product_page_order_bump_ids":[[]],"_sku":["H88602CB3"],"_iconic_wsb_product_page_bump_modal_ids":[[]]},"product_brand":[],"product_cat":[239,241,240,155],"product_tag":[],"class_list":{"0":"post-22944","1":"product","2":"type-product","3":"status-publish","4":"has-post-thumbnail","6":"product_cat-fia-8859-da","7":"product_cat-fia-8860-da","8":"product_cat-premium-da","9":"product_cat-zamp-da","11":"first","12":"onbackorder","13":"taxable","14":"shipping-taxable","15":"purchasable","16":"product-type-variable"},"acf":[],"yoast_head":"<!-- This site is optimized with the Yoast SEO plugin v27.0 - https:\/\/yoast.com\/product\/yoast-seo-wordpress\/ -->\n<title>RZ 88C %sep%Zamp Helmets | Helmet 28 EU%sep%% FIA 8860 \u20ac1,720<\/title>\n<meta name=\"description\" content=\"Denne RZ-88C Closed Cockpit Gloss Carbon-version er den bedste hjelm i Zamp-serien. Med et utroligt udsyn og en uovertruffen luftgennemstr\u00f8mning er RZ 88C den FIA 8860-hjelm, der giver mest for pengene p\u00e5 markedet.\" \/>\n<meta name=\"robots\" content=\"index, follow, max-snippet:-1, max-image-preview:large, max-video-preview:-1\" \/>\n<link rel=\"canonical\" href=\"https:\/\/zamphelmets.co\/da\/vare\/rz-88c\/\" \/>\n<meta property=\"og:locale\" content=\"da_DK\" \/>\n<meta property=\"og:type\" content=\"article\" \/>\n<meta property=\"og:title\" content=\"RZ 88C %sep%Zamp Helmets | Helmet 28 EU%sep%% FIA 8860 \u20ac1,720\" \/>\n<meta property=\"og:description\" content=\"Denne RZ-88C Closed Cockpit Gloss Carbon-version er den bedste hjelm i Zamp-serien. Med et utroligt udsyn og en uovertruffen luftgennemstr\u00f8mning er RZ 88C den FIA 8860-hjelm, der giver mest for pengene p\u00e5 markedet.\" \/>\n<meta property=\"og:url\" content=\"https:\/\/zamphelmets.co\/da\/vare\/rz-88c\/\" \/>\n<meta property=\"og:site_name\" content=\"Zamp Helmets | Helmet 28 EU\" \/>\n<meta property=\"article:modified_time\" content=\"2026-02-16T15:10:21+00:00\" \/>\n<meta property=\"og:image\" content=\"https:\/\/zamphelmets.co\/wp-content\/uploads\/2022\/11\/H88602CB3.jpeg\" \/>\n\t<meta property=\"og:image:width\" content=\"1000\" \/>\n\t<meta property=\"og:image:height\" content=\"1000\" \/>\n\t<meta property=\"og:image:type\" content=\"image\/jpeg\" \/>\n<meta name=\"twitter:card\" content=\"summary_large_image\" \/>\n<meta name=\"twitter:label1\" content=\"Est. reading time\" \/>\n\t<meta name=\"twitter:data1\" content=\"1 minut\" \/>\n<script type=\"application\/ld+json\" class=\"yoast-schema-graph\">{\"@context\":\"https:\/\/schema.org\",\"@graph\":[{\"@type\":\"WebPage\",\"@id\":\"https:\/\/zamphelmets.co\/da\/vare\/rz-88c\/\",\"url\":\"https:\/\/zamphelmets.co\/da\/vare\/rz-88c\/\",\"name\":\"RZ 88C %sep%Zamp Helmets | Helmet 28 EU%sep%% FIA 8860 \u20ac1,720\",\"isPartOf\":{\"@id\":\"https:\/\/zamphelmets.co\/da\/#website\"},\"primaryImageOfPage\":{\"@id\":\"https:\/\/zamphelmets.co\/da\/vare\/rz-88c\/#primaryimage\"},\"image\":{\"@id\":\"https:\/\/zamphelmets.co\/da\/vare\/rz-88c\/#primaryimage\"},\"thumbnailUrl\":\"https:\/\/zamphelmets.co\/wp-content\/uploads\/2022\/11\/H88602CB3.jpeg\",\"datePublished\":\"2022-11-18T11:32:54+00:00\",\"dateModified\":\"2026-02-16T15:10:21+00:00\",\"description\":\"Denne RZ-88C Closed Cockpit Gloss Carbon-version er den bedste hjelm i Zamp-serien. Med et utroligt udsyn og en uovertruffen luftgennemstr\u00f8mning er RZ 88C den FIA 8860-hjelm, der giver mest for pengene p\u00e5 markedet.\",\"breadcrumb\":{\"@id\":\"https:\/\/zamphelmets.co\/da\/vare\/rz-88c\/#breadcrumb\"},\"inLanguage\":\"da-DK\",\"potentialAction\":[{\"@type\":\"ReadAction\",\"target\":[\"https:\/\/zamphelmets.co\/da\/vare\/rz-88c\/\"]}]},{\"@type\":\"ImageObject\",\"inLanguage\":\"da-DK\",\"@id\":\"https:\/\/zamphelmets.co\/da\/vare\/rz-88c\/#primaryimage\",\"url\":\"https:\/\/zamphelmets.co\/wp-content\/uploads\/2022\/11\/H88602CB3.jpeg\",\"contentUrl\":\"https:\/\/zamphelmets.co\/wp-content\/uploads\/2022\/11\/H88602CB3.jpeg\",\"width\":1000,\"height\":1000},{\"@type\":\"BreadcrumbList\",\"@id\":\"https:\/\/zamphelmets.co\/da\/vare\/rz-88c\/#breadcrumb\",\"itemListElement\":[{\"@type\":\"ListItem\",\"position\":1,\"name\":\"Shop\",\"item\":\"https:\/\/zamphelmets.co\/da\/shop\/\"},{\"@type\":\"ListItem\",\"position\":2,\"name\":\"RZ 88C\"}]},{\"@type\":\"WebSite\",\"@id\":\"https:\/\/zamphelmets.co\/da\/#website\",\"url\":\"https:\/\/zamphelmets.co\/da\/\",\"name\":\"Zamp Helmets | Helmet 28 EU\",\"description\":\"High Quality Motorsport Helmets\",\"potentialAction\":[{\"@type\":\"SearchAction\",\"target\":{\"@type\":\"EntryPoint\",\"urlTemplate\":\"https:\/\/zamphelmets.co\/da\/?s={search_term_string}\"},\"query-input\":{\"@type\":\"PropertyValueSpecification\",\"valueRequired\":true,\"valueName\":\"search_term_string\"}}],\"inLanguage\":\"da-DK\"}]}<\/script>\n<!-- \/ Yoast SEO plugin. -->","yoast_head_json":{"title":"RZ 88C %sep%Zamp Helmets | Helmet 28 EU%sep%% FIA 8860 \u20ac1,720","description":"Denne RZ-88C Closed Cockpit Gloss Carbon-version er den bedste hjelm i Zamp-serien. Med et utroligt udsyn og en uovertruffen luftgennemstr\u00f8mning er RZ 88C den FIA 8860-hjelm, der giver mest for pengene p\u00e5 markedet.","robots":{"index":"index","follow":"follow","max-snippet":"max-snippet:-1","max-image-preview":"max-image-preview:large","max-video-preview":"max-video-preview:-1"},"canonical":"https:\/\/zamphelmets.co\/da\/vare\/rz-88c\/","og_locale":"da_DK","og_type":"article","og_title":"RZ 88C %sep%Zamp Helmets | Helmet 28 EU%sep%% FIA 8860 \u20ac1,720","og_description":"Denne RZ-88C Closed Cockpit Gloss Carbon-version er den bedste hjelm i Zamp-serien. Med et utroligt udsyn og en uovertruffen luftgennemstr\u00f8mning er RZ 88C den FIA 8860-hjelm, der giver mest for pengene p\u00e5 markedet.","og_url":"https:\/\/zamphelmets.co\/da\/vare\/rz-88c\/","og_site_name":"Zamp Helmets | Helmet 28 EU","article_modified_time":"2026-02-16T15:10:21+00:00","og_image":[{"width":1000,"height":1000,"url":"https:\/\/zamphelmets.co\/wp-content\/uploads\/2022\/11\/H88602CB3.jpeg","type":"image\/jpeg"}],"twitter_card":"summary_large_image","twitter_misc":{"Est. reading time":"1 minut"},"schema":{"@context":"https:\/\/schema.org","@graph":[{"@type":"WebPage","@id":"https:\/\/zamphelmets.co\/da\/vare\/rz-88c\/","url":"https:\/\/zamphelmets.co\/da\/vare\/rz-88c\/","name":"RZ 88C %sep%Zamp Helmets | Helmet 28 EU%sep%% FIA 8860 \u20ac1,720","isPartOf":{"@id":"https:\/\/zamphelmets.co\/da\/#website"},"primaryImageOfPage":{"@id":"https:\/\/zamphelmets.co\/da\/vare\/rz-88c\/#primaryimage"},"image":{"@id":"https:\/\/zamphelmets.co\/da\/vare\/rz-88c\/#primaryimage"},"thumbnailUrl":"https:\/\/zamphelmets.co\/wp-content\/uploads\/2022\/11\/H88602CB3.jpeg","datePublished":"2022-11-18T11:32:54+00:00","dateModified":"2026-02-16T15:10:21+00:00","description":"Denne RZ-88C Closed Cockpit Gloss Carbon-version er den bedste hjelm i Zamp-serien. Med et utroligt udsyn og en uovertruffen luftgennemstr\u00f8mning er RZ 88C den FIA 8860-hjelm, der giver mest for pengene p\u00e5 markedet.","breadcrumb":{"@id":"https:\/\/zamphelmets.co\/da\/vare\/rz-88c\/#breadcrumb"},"inLanguage":"da-DK","potentialAction":[{"@type":"ReadAction","target":["https:\/\/zamphelmets.co\/da\/vare\/rz-88c\/"]}]},{"@type":"ImageObject","inLanguage":"da-DK","@id":"https:\/\/zamphelmets.co\/da\/vare\/rz-88c\/#primaryimage","url":"https:\/\/zamphelmets.co\/wp-content\/uploads\/2022\/11\/H88602CB3.jpeg","contentUrl":"https:\/\/zamphelmets.co\/wp-content\/uploads\/2022\/11\/H88602CB3.jpeg","width":1000,"height":1000},{"@type":"BreadcrumbList","@id":"https:\/\/zamphelmets.co\/da\/vare\/rz-88c\/#breadcrumb","itemListElement":[{"@type":"ListItem","position":1,"name":"Shop","item":"https:\/\/zamphelmets.co\/da\/shop\/"},{"@type":"ListItem","position":2,"name":"RZ 88C"}]},{"@type":"WebSite","@id":"https:\/\/zamphelmets.co\/da\/#website","url":"https:\/\/zamphelmets.co\/da\/","name":"Zamp Helmets | Helmet 28 EU","description":"High Quality Motorsport Helmets","potentialAction":[{"@type":"SearchAction","target":{"@type":"EntryPoint","urlTemplate":"https:\/\/zamphelmets.co\/da\/?s={search_term_string}"},"query-input":{"@type":"PropertyValueSpecification","valueRequired":true,"valueName":"search_term_string"}}],"inLanguage":"da-DK"}]}},"_links":{"self":[{"href":"https:\/\/zamphelmets.co\/da\/wp-json\/wp\/v2\/product\/22944","targetHints":{"allow":["GET"]}}],"collection":[{"href":"https:\/\/zamphelmets.co\/da\/wp-json\/wp\/v2\/product"}],"about":[{"href":"https:\/\/zamphelmets.co\/da\/wp-json\/wp\/v2\/types\/product"}],"replies":[{"embeddable":true,"href":"https:\/\/zamphelmets.co\/da\/wp-json\/wp\/v2\/comments?post=22944"}],"wp:featuredmedia":[{"embeddable":true,"href":"https:\/\/zamphelmets.co\/da\/wp-json\/wp\/v2\/media\/17985"}],"wp:attachment":[{"href":"https:\/\/zamphelmets.co\/da\/wp-json\/wp\/v2\/media?parent=22944"}],"wp:term":[{"taxonomy":"product_brand","embeddable":true,"href":"https:\/\/zamphelmets.co\/da\/wp-json\/wp\/v2\/product_brand?post=22944"},{"taxonomy":"product_cat","embeddable":true,"href":"https:\/\/zamphelmets.co\/da\/wp-json\/wp\/v2\/product_cat?post=22944"},{"taxonomy":"product_tag","embeddable":true,"href":"https:\/\/zamphelmets.co\/da\/wp-json\/wp\/v2\/product_tag?post=22944"}],"curies":[{"name":"wp","href":"https:\/\/api.w.org\/{rel}","templated":true}]}}