{"id":22663,"date":"2020-11-09T13:38:10","date_gmt":"2020-11-09T13:38:10","guid":{"rendered":"https:\/\/zamphelmets.co\/product\/zamp-zr-60-race-handsker-sort\/"},"modified":"2020-11-09T13:38:10","modified_gmt":"2020-11-09T13:38:10","slug":"zamp-zr-60-race-handsker-sort","status":"publish","type":"product","link":"https:\/\/zamphelmets.co\/da\/vare\/zamp-zr-60-race-handsker-sort\/","title":{"rendered":"Zamp ZR-60 Race-handsker Sort"},"content":{"rendered":"<p>Vi pr\u00e6senterer den helt nye Zamp ZR-60 Race Glove. Disse lette to-lags handsker har en to-lags konstruktion med omvendte s\u00f8mme af h\u00f8j kvalitet, en elastisk indfatning og en tynd silikoneh\u00e5ndflade og er det perfekte valg for racerk\u00f8rere, der \u00f8nsker at forbedre deres k\u00f8reegenskaber.<\/p>\n<p>FUNKTIONER:<\/p>\n<ul>\n<li><strong>Design med omvendte s\u00f8mme<\/strong> for ultimativ f\u00f8lelse<\/li>\n<li><strong>Forkr\u00f8ppede fingre<\/strong><\/li>\n<li><strong>Konstruktion af ydre foring i aramid<\/strong><\/li>\n<li><strong>Konstruktion af indvendig foring i aramid<\/strong><\/li>\n<li><strong>Honningkagem\u00f8nstret silikone<\/strong> i h\u00e5ndflade og fingre giver godt greb<\/li>\n<li><strong>SFI 3.3\/5 godkendt<\/strong><\/li>\n<\/ul>\n<p><strong>Bem\u00e6rk, at disse produkter er bestilt, og at de derfor ikke kan refunderes eller byttes.<\/strong><\/p>\n<p><img decoding=\"async\" class=\"alignnone wp-image-2649 lazyload\" data-src=\"https:\/\/zamphelmets.co\/wp-content\/uploads\/2020\/11\/Screenshot-2020-11-09-at-15.23.45-300x181.png\" alt=\"\" width=\"501\" height=\"302\" data-srcset=\"https:\/\/zamphelmets.co\/wp-content\/uploads\/2020\/11\/Screenshot-2020-11-09-at-15.23.45-300x181.png 300w, https:\/\/zamphelmets.co\/wp-content\/uploads\/2020\/11\/Screenshot-2020-11-09-at-15.23.45.png 599w\" data-sizes=\"(max-width: 501px) 100vw, 501px\" src=\"data:image\/svg+xml;base64,PHN2ZyB3aWR0aD0iMSIgaGVpZ2h0PSIxIiB4bWxucz0iaHR0cDovL3d3dy53My5vcmcvMjAwMC9zdmciPjwvc3ZnPg==\" style=\"--smush-placeholder-width: 501px; --smush-placeholder-aspect-ratio: 501\/302;\" \/><\/p>\n<p>&nbsp;<\/p>\n","protected":false},"excerpt":{"rendered":"<p>Vi pr\u00e6senterer den helt nye Zamp ZR-60 Race Glove. Disse lette to-lags handsker har en to-lags konstruktion med omvendte s\u00f8mme af h\u00f8j kvalitet, en elastisk indfatning og en tynd silikoneh\u00e5ndflade og er det perfekte valg for racerk\u00f8rere, der \u00f8nsker at forbedre deres k\u00f8reegenskaber. FUNKTIONER: Design med omvendte s\u00f8mme for ultimativ f\u00f8lelse Forkr\u00f8ppede fingre Konstruktion af [&hellip;]<\/p>\n","protected":false},"featured_media":12777,"comment_status":"open","ping_status":"closed","template":"","meta":{"_acf_changed":false,"_iconic_wsb_product_page_order_bump_ids":[],"_sku":[],"_iconic_wsb_product_page_bump_modal_ids":[]},"product_brand":[],"product_cat":[195,196,155],"product_tag":[],"class_list":{"0":"post-22663","1":"product","2":"type-product","3":"status-publish","4":"has-post-thumbnail","6":"product_cat-beskyttelse-beklaedning","7":"product_cat-handsker","8":"product_cat-zamp-da","10":"first","11":"onbackorder","12":"taxable","13":"shipping-taxable","14":"purchasable","15":"product-type-variable"},"acf":[],"yoast_head":"<!-- This site is optimized with the Yoast SEO plugin v27.0 - https:\/\/yoast.com\/product\/yoast-seo-wordpress\/ -->\n<title>Zamp ZR-60 Race-handsker Sort - Zamp Helmets | Helmet 28 EU<\/title>\n<meta name=\"description\" content=\"Vi pr\u00e6senterer de helt nye Zamp ZR-60 Race Gloves. Det perfekte valg for racerk\u00f8rere, der \u00f8nsker at forbedre deres k\u00f8reegenskaber.\" \/>\n<meta name=\"robots\" content=\"index, follow, max-snippet:-1, max-image-preview:large, max-video-preview:-1\" \/>\n<link rel=\"canonical\" href=\"https:\/\/zamphelmets.co\/da\/vare\/zamp-zr-60-race-handsker-sort\/\" \/>\n<meta property=\"og:locale\" content=\"da_DK\" \/>\n<meta property=\"og:type\" content=\"article\" \/>\n<meta property=\"og:title\" content=\"Zamp ZR-60 Race-handsker Sort - Zamp Helmets | Helmet 28 EU\" \/>\n<meta property=\"og:description\" content=\"Vi pr\u00e6senterer de helt nye Zamp ZR-60 Race Gloves. Det perfekte valg for racerk\u00f8rere, der \u00f8nsker at forbedre deres k\u00f8reegenskaber.\" \/>\n<meta property=\"og:url\" content=\"https:\/\/zamphelmets.co\/da\/vare\/zamp-zr-60-race-handsker-sort\/\" \/>\n<meta property=\"og:site_name\" content=\"Zamp Helmets | Helmet 28 EU\" \/>\n<meta property=\"og:image\" content=\"https:\/\/zamphelmets.co\/wp-content\/uploads\/2020\/11\/RG20003.jpg\" \/>\n\t<meta property=\"og:image:width\" content=\"1500\" \/>\n\t<meta property=\"og:image:height\" content=\"1500\" \/>\n\t<meta property=\"og:image:type\" content=\"image\/jpeg\" \/>\n<meta name=\"twitter:card\" content=\"summary_large_image\" \/>\n<meta name=\"twitter:label1\" content=\"Est. reading time\" \/>\n\t<meta name=\"twitter:data1\" content=\"1 minut\" \/>\n<script type=\"application\/ld+json\" class=\"yoast-schema-graph\">{\"@context\":\"https:\/\/schema.org\",\"@graph\":[{\"@type\":\"WebPage\",\"@id\":\"https:\/\/zamphelmets.co\/da\/vare\/zamp-zr-60-race-handsker-sort\/\",\"url\":\"https:\/\/zamphelmets.co\/da\/vare\/zamp-zr-60-race-handsker-sort\/\",\"name\":\"Zamp ZR-60 Race-handsker Sort - Zamp Helmets | Helmet 28 EU\",\"isPartOf\":{\"@id\":\"https:\/\/zamphelmets.co\/da\/#website\"},\"primaryImageOfPage\":{\"@id\":\"https:\/\/zamphelmets.co\/da\/vare\/zamp-zr-60-race-handsker-sort\/#primaryimage\"},\"image\":{\"@id\":\"https:\/\/zamphelmets.co\/da\/vare\/zamp-zr-60-race-handsker-sort\/#primaryimage\"},\"thumbnailUrl\":\"https:\/\/zamphelmets.co\/wp-content\/uploads\/2020\/11\/RG20003.jpg\",\"datePublished\":\"2020-11-09T13:38:10+00:00\",\"description\":\"Vi pr\u00e6senterer de helt nye Zamp ZR-60 Race Gloves. Det perfekte valg for racerk\u00f8rere, der \u00f8nsker at forbedre deres k\u00f8reegenskaber.\",\"breadcrumb\":{\"@id\":\"https:\/\/zamphelmets.co\/da\/vare\/zamp-zr-60-race-handsker-sort\/#breadcrumb\"},\"inLanguage\":\"da-DK\",\"potentialAction\":[{\"@type\":\"ReadAction\",\"target\":[\"https:\/\/zamphelmets.co\/da\/vare\/zamp-zr-60-race-handsker-sort\/\"]}]},{\"@type\":\"ImageObject\",\"inLanguage\":\"da-DK\",\"@id\":\"https:\/\/zamphelmets.co\/da\/vare\/zamp-zr-60-race-handsker-sort\/#primaryimage\",\"url\":\"https:\/\/zamphelmets.co\/wp-content\/uploads\/2020\/11\/RG20003.jpg\",\"contentUrl\":\"https:\/\/zamphelmets.co\/wp-content\/uploads\/2020\/11\/RG20003.jpg\",\"width\":1500,\"height\":1500,\"caption\":\"Zamp Racing-handsker til racerl\u00f8b og karting Zamp-hjelme i sort\"},{\"@type\":\"BreadcrumbList\",\"@id\":\"https:\/\/zamphelmets.co\/da\/vare\/zamp-zr-60-race-handsker-sort\/#breadcrumb\",\"itemListElement\":[{\"@type\":\"ListItem\",\"position\":1,\"name\":\"Shop\",\"item\":\"https:\/\/zamphelmets.co\/da\/shop\/\"},{\"@type\":\"ListItem\",\"position\":2,\"name\":\"Zamp ZR-60 Race-handsker Sort\"}]},{\"@type\":\"WebSite\",\"@id\":\"https:\/\/zamphelmets.co\/da\/#website\",\"url\":\"https:\/\/zamphelmets.co\/da\/\",\"name\":\"Zamp Helmets | Helmet 28 EU\",\"description\":\"High Quality Motorsport Helmets\",\"potentialAction\":[{\"@type\":\"SearchAction\",\"target\":{\"@type\":\"EntryPoint\",\"urlTemplate\":\"https:\/\/zamphelmets.co\/da\/?s={search_term_string}\"},\"query-input\":{\"@type\":\"PropertyValueSpecification\",\"valueRequired\":true,\"valueName\":\"search_term_string\"}}],\"inLanguage\":\"da-DK\"}]}<\/script>\n<!-- \/ Yoast SEO plugin. -->","yoast_head_json":{"title":"Zamp ZR-60 Race-handsker Sort - Zamp Helmets | Helmet 28 EU","description":"Vi pr\u00e6senterer de helt nye Zamp ZR-60 Race Gloves. Det perfekte valg for racerk\u00f8rere, der \u00f8nsker at forbedre deres k\u00f8reegenskaber.","robots":{"index":"index","follow":"follow","max-snippet":"max-snippet:-1","max-image-preview":"max-image-preview:large","max-video-preview":"max-video-preview:-1"},"canonical":"https:\/\/zamphelmets.co\/da\/vare\/zamp-zr-60-race-handsker-sort\/","og_locale":"da_DK","og_type":"article","og_title":"Zamp ZR-60 Race-handsker Sort - Zamp Helmets | Helmet 28 EU","og_description":"Vi pr\u00e6senterer de helt nye Zamp ZR-60 Race Gloves. Det perfekte valg for racerk\u00f8rere, der \u00f8nsker at forbedre deres k\u00f8reegenskaber.","og_url":"https:\/\/zamphelmets.co\/da\/vare\/zamp-zr-60-race-handsker-sort\/","og_site_name":"Zamp Helmets | Helmet 28 EU","og_image":[{"width":1500,"height":1500,"url":"https:\/\/zamphelmets.co\/wp-content\/uploads\/2020\/11\/RG20003.jpg","type":"image\/jpeg"}],"twitter_card":"summary_large_image","twitter_misc":{"Est. reading time":"1 minut"},"schema":{"@context":"https:\/\/schema.org","@graph":[{"@type":"WebPage","@id":"https:\/\/zamphelmets.co\/da\/vare\/zamp-zr-60-race-handsker-sort\/","url":"https:\/\/zamphelmets.co\/da\/vare\/zamp-zr-60-race-handsker-sort\/","name":"Zamp ZR-60 Race-handsker Sort - Zamp Helmets | Helmet 28 EU","isPartOf":{"@id":"https:\/\/zamphelmets.co\/da\/#website"},"primaryImageOfPage":{"@id":"https:\/\/zamphelmets.co\/da\/vare\/zamp-zr-60-race-handsker-sort\/#primaryimage"},"image":{"@id":"https:\/\/zamphelmets.co\/da\/vare\/zamp-zr-60-race-handsker-sort\/#primaryimage"},"thumbnailUrl":"https:\/\/zamphelmets.co\/wp-content\/uploads\/2020\/11\/RG20003.jpg","datePublished":"2020-11-09T13:38:10+00:00","description":"Vi pr\u00e6senterer de helt nye Zamp ZR-60 Race Gloves. Det perfekte valg for racerk\u00f8rere, der \u00f8nsker at forbedre deres k\u00f8reegenskaber.","breadcrumb":{"@id":"https:\/\/zamphelmets.co\/da\/vare\/zamp-zr-60-race-handsker-sort\/#breadcrumb"},"inLanguage":"da-DK","potentialAction":[{"@type":"ReadAction","target":["https:\/\/zamphelmets.co\/da\/vare\/zamp-zr-60-race-handsker-sort\/"]}]},{"@type":"ImageObject","inLanguage":"da-DK","@id":"https:\/\/zamphelmets.co\/da\/vare\/zamp-zr-60-race-handsker-sort\/#primaryimage","url":"https:\/\/zamphelmets.co\/wp-content\/uploads\/2020\/11\/RG20003.jpg","contentUrl":"https:\/\/zamphelmets.co\/wp-content\/uploads\/2020\/11\/RG20003.jpg","width":1500,"height":1500,"caption":"Zamp Racing-handsker til racerl\u00f8b og karting Zamp-hjelme i sort"},{"@type":"BreadcrumbList","@id":"https:\/\/zamphelmets.co\/da\/vare\/zamp-zr-60-race-handsker-sort\/#breadcrumb","itemListElement":[{"@type":"ListItem","position":1,"name":"Shop","item":"https:\/\/zamphelmets.co\/da\/shop\/"},{"@type":"ListItem","position":2,"name":"Zamp ZR-60 Race-handsker Sort"}]},{"@type":"WebSite","@id":"https:\/\/zamphelmets.co\/da\/#website","url":"https:\/\/zamphelmets.co\/da\/","name":"Zamp Helmets | Helmet 28 EU","description":"High Quality Motorsport Helmets","potentialAction":[{"@type":"SearchAction","target":{"@type":"EntryPoint","urlTemplate":"https:\/\/zamphelmets.co\/da\/?s={search_term_string}"},"query-input":{"@type":"PropertyValueSpecification","valueRequired":true,"valueName":"search_term_string"}}],"inLanguage":"da-DK"}]}},"_links":{"self":[{"href":"https:\/\/zamphelmets.co\/da\/wp-json\/wp\/v2\/product\/22663","targetHints":{"allow":["GET"]}}],"collection":[{"href":"https:\/\/zamphelmets.co\/da\/wp-json\/wp\/v2\/product"}],"about":[{"href":"https:\/\/zamphelmets.co\/da\/wp-json\/wp\/v2\/types\/product"}],"replies":[{"embeddable":true,"href":"https:\/\/zamphelmets.co\/da\/wp-json\/wp\/v2\/comments?post=22663"}],"wp:featuredmedia":[{"embeddable":true,"href":"https:\/\/zamphelmets.co\/da\/wp-json\/wp\/v2\/media\/12777"}],"wp:attachment":[{"href":"https:\/\/zamphelmets.co\/da\/wp-json\/wp\/v2\/media?parent=22663"}],"wp:term":[{"taxonomy":"product_brand","embeddable":true,"href":"https:\/\/zamphelmets.co\/da\/wp-json\/wp\/v2\/product_brand?post=22663"},{"taxonomy":"product_cat","embeddable":true,"href":"https:\/\/zamphelmets.co\/da\/wp-json\/wp\/v2\/product_cat?post=22663"},{"taxonomy":"product_tag","embeddable":true,"href":"https:\/\/zamphelmets.co\/da\/wp-json\/wp\/v2\/product_tag?post=22663"}],"curies":[{"name":"wp","href":"https:\/\/api.w.org\/{rel}","templated":true}]}}