{"id":22592,"date":"2020-11-09T13:29:36","date_gmt":"2020-11-09T13:29:36","guid":{"rendered":"https:\/\/zamphelmets.co\/product\/zamp-zr-60-racersko-hvid\/"},"modified":"2025-01-09T16:34:00","modified_gmt":"2025-01-09T16:34:00","slug":"zamp-zr-60-racersko-hvid","status":"publish","type":"product","link":"https:\/\/zamphelmets.co\/da\/vare\/zamp-zr-60-racersko-hvid\/","title":{"rendered":"Zamp ZR-60 racersko hvid"},"content":{"rendered":"<p>Med flerlagskonstruktion i h\u00f8j kvalitet, velcrolukning og tynd gummis\u00e5l for ultimativ pedalfornemmelse, alt sammen i en superventileret letv\u00e6gtssko uden sn\u00f8reb\u00e5nd!<\/p>\n<p>Yderskal af h\u00f8jtydende l\u00e6der med broderede Zamp-logoer og -grafik. Denne sko er meget holdbar og komfortabel, pr\u00e6cis hvad du har brug for i en l\u00f8besko!<\/p>\n<p><strong>Funktioner inkluderer:<\/strong><\/p>\n<ul>\n<li><strong>Super letv\u00e6gt<\/strong><\/li>\n<li><strong>\u00c5ndbar, ventileret og fleksibel konstruktion<\/strong><\/li>\n<li><strong>Velcro-ankelrem med elastik, ingen sn\u00f8reb\u00e5nd for nem af- og p\u00e5tagning<\/strong><\/li>\n<li><strong>Tynd gummis\u00e5l for ultimativ pedalfornemmelse<\/strong><\/li>\n<li><strong>Plysset brandh\u00e6mmende NMX-interi\u00f8r<\/strong><\/li>\n<li><strong>SFI 3.3\/5 godkendt<\/strong><\/li>\n<\/ul>\n<p><strong>Bem\u00e6rk, at disse produkter er bestilt, og at de derfor ikke kan refunderes eller byttes.<\/strong><\/p>\n","protected":false},"excerpt":{"rendered":"<p>Med flerlagskonstruktion i h\u00f8j kvalitet, velcrolukning og tynd gummis\u00e5l for ultimativ pedalfornemmelse, alt sammen i en superventileret letv\u00e6gtssko uden sn\u00f8reb\u00e5nd! Yderskal af h\u00f8jtydende l\u00e6der med broderede Zamp-logoer og -grafik. Denne sko er meget holdbar og komfortabel, pr\u00e6cis hvad du har brug for i en l\u00f8besko! Funktioner inkluderer: Super letv\u00e6gt \u00c5ndbar, ventileret og fleksibel konstruktion Velcro-ankelrem [&hellip;]<\/p>\n","protected":false},"featured_media":12742,"comment_status":"open","ping_status":"closed","template":"","meta":{"_acf_changed":false,"_iconic_wsb_product_page_order_bump_ids":[],"_sku":[],"_iconic_wsb_product_page_bump_modal_ids":[]},"product_brand":[],"product_cat":[195,207,155],"product_tag":[],"class_list":{"0":"post-22592","1":"product","2":"type-product","3":"status-publish","4":"has-post-thumbnail","6":"product_cat-beskyttelse-beklaedning","7":"product_cat-stovler","8":"product_cat-zamp-da","10":"first","11":"onbackorder","12":"taxable","13":"shipping-taxable","14":"purchasable","15":"product-type-variable"},"acf":[],"yoast_head":"<!-- This site is optimized with the Yoast SEO plugin v27.0 - https:\/\/yoast.com\/product\/yoast-seo-wordpress\/ -->\n<title>Zamp Race Sko ZR-60 Hvid - Zamp Helmets | Helmet 28 EU - \u20ac132<\/title>\n<meta name=\"description\" content=\"Med en ydre skal af h\u00f8jtydende l\u00e6der og et NMX-interi\u00f8r er disse Zamp Race Shoes ekstremt holdbare og komfortable til karting og racing!\" \/>\n<meta name=\"robots\" content=\"index, follow, max-snippet:-1, max-image-preview:large, max-video-preview:-1\" \/>\n<link rel=\"canonical\" href=\"https:\/\/zamphelmets.co\/da\/vare\/zamp-zr-60-racersko-hvid\/\" \/>\n<meta property=\"og:locale\" content=\"da_DK\" \/>\n<meta property=\"og:type\" content=\"article\" \/>\n<meta property=\"og:title\" content=\"Zamp Race Sko ZR-60 Hvid - Zamp Helmets | Helmet 28 EU - \u20ac132\" \/>\n<meta property=\"og:description\" content=\"Med en ydre skal af h\u00f8jtydende l\u00e6der og et NMX-interi\u00f8r er disse Zamp Race Shoes ekstremt holdbare og komfortable til karting og racing!\" \/>\n<meta property=\"og:url\" content=\"https:\/\/zamphelmets.co\/da\/vare\/zamp-zr-60-racersko-hvid\/\" \/>\n<meta property=\"og:site_name\" content=\"Zamp Helmets | Helmet 28 EU\" \/>\n<meta property=\"article:modified_time\" content=\"2025-01-09T16:34:00+00:00\" \/>\n<meta property=\"og:image\" content=\"https:\/\/zamphelmets.co\/wp-content\/uploads\/2020\/11\/RS004001.jpg\" \/>\n\t<meta property=\"og:image:width\" content=\"1500\" \/>\n\t<meta property=\"og:image:height\" content=\"1500\" \/>\n\t<meta property=\"og:image:type\" content=\"image\/jpeg\" \/>\n<meta name=\"twitter:card\" content=\"summary_large_image\" \/>\n<meta name=\"twitter:label1\" content=\"Est. reading time\" \/>\n\t<meta name=\"twitter:data1\" content=\"1 minut\" \/>\n<script type=\"application\/ld+json\" class=\"yoast-schema-graph\">{\"@context\":\"https:\/\/schema.org\",\"@graph\":[{\"@type\":\"WebPage\",\"@id\":\"https:\/\/zamphelmets.co\/da\/vare\/zamp-zr-60-racersko-hvid\/\",\"url\":\"https:\/\/zamphelmets.co\/da\/vare\/zamp-zr-60-racersko-hvid\/\",\"name\":\"Zamp Race Sko ZR-60 Hvid - Zamp Helmets | Helmet 28 EU - \u20ac132\",\"isPartOf\":{\"@id\":\"https:\/\/zamphelmets.co\/da\/#website\"},\"primaryImageOfPage\":{\"@id\":\"https:\/\/zamphelmets.co\/da\/vare\/zamp-zr-60-racersko-hvid\/#primaryimage\"},\"image\":{\"@id\":\"https:\/\/zamphelmets.co\/da\/vare\/zamp-zr-60-racersko-hvid\/#primaryimage\"},\"thumbnailUrl\":\"https:\/\/zamphelmets.co\/wp-content\/uploads\/2020\/11\/RS004001.jpg\",\"datePublished\":\"2020-11-09T13:29:36+00:00\",\"dateModified\":\"2025-01-09T16:34:00+00:00\",\"description\":\"Med en ydre skal af h\u00f8jtydende l\u00e6der og et NMX-interi\u00f8r er disse Zamp Race Shoes ekstremt holdbare og komfortable til karting og racing!\",\"breadcrumb\":{\"@id\":\"https:\/\/zamphelmets.co\/da\/vare\/zamp-zr-60-racersko-hvid\/#breadcrumb\"},\"inLanguage\":\"da-DK\",\"potentialAction\":[{\"@type\":\"ReadAction\",\"target\":[\"https:\/\/zamphelmets.co\/da\/vare\/zamp-zr-60-racersko-hvid\/\"]}]},{\"@type\":\"ImageObject\",\"inLanguage\":\"da-DK\",\"@id\":\"https:\/\/zamphelmets.co\/da\/vare\/zamp-zr-60-racersko-hvid\/#primaryimage\",\"url\":\"https:\/\/zamphelmets.co\/wp-content\/uploads\/2020\/11\/RS004001.jpg\",\"contentUrl\":\"https:\/\/zamphelmets.co\/wp-content\/uploads\/2020\/11\/RS004001.jpg\",\"width\":1500,\"height\":1500,\"caption\":\"Zamp Race-sko i hvid\"},{\"@type\":\"BreadcrumbList\",\"@id\":\"https:\/\/zamphelmets.co\/da\/vare\/zamp-zr-60-racersko-hvid\/#breadcrumb\",\"itemListElement\":[{\"@type\":\"ListItem\",\"position\":1,\"name\":\"Shop\",\"item\":\"https:\/\/zamphelmets.co\/da\/shop\/\"},{\"@type\":\"ListItem\",\"position\":2,\"name\":\"Zamp ZR-60 racersko hvid\"}]},{\"@type\":\"WebSite\",\"@id\":\"https:\/\/zamphelmets.co\/da\/#website\",\"url\":\"https:\/\/zamphelmets.co\/da\/\",\"name\":\"Zamp Helmets | Helmet 28 EU\",\"description\":\"High Quality Motorsport Helmets\",\"potentialAction\":[{\"@type\":\"SearchAction\",\"target\":{\"@type\":\"EntryPoint\",\"urlTemplate\":\"https:\/\/zamphelmets.co\/da\/?s={search_term_string}\"},\"query-input\":{\"@type\":\"PropertyValueSpecification\",\"valueRequired\":true,\"valueName\":\"search_term_string\"}}],\"inLanguage\":\"da-DK\"}]}<\/script>\n<!-- \/ Yoast SEO plugin. -->","yoast_head_json":{"title":"Zamp Race Sko ZR-60 Hvid - Zamp Helmets | Helmet 28 EU - \u20ac132","description":"Med en ydre skal af h\u00f8jtydende l\u00e6der og et NMX-interi\u00f8r er disse Zamp Race Shoes ekstremt holdbare og komfortable til karting og racing!","robots":{"index":"index","follow":"follow","max-snippet":"max-snippet:-1","max-image-preview":"max-image-preview:large","max-video-preview":"max-video-preview:-1"},"canonical":"https:\/\/zamphelmets.co\/da\/vare\/zamp-zr-60-racersko-hvid\/","og_locale":"da_DK","og_type":"article","og_title":"Zamp Race Sko ZR-60 Hvid - Zamp Helmets | Helmet 28 EU - \u20ac132","og_description":"Med en ydre skal af h\u00f8jtydende l\u00e6der og et NMX-interi\u00f8r er disse Zamp Race Shoes ekstremt holdbare og komfortable til karting og racing!","og_url":"https:\/\/zamphelmets.co\/da\/vare\/zamp-zr-60-racersko-hvid\/","og_site_name":"Zamp Helmets | Helmet 28 EU","article_modified_time":"2025-01-09T16:34:00+00:00","og_image":[{"width":1500,"height":1500,"url":"https:\/\/zamphelmets.co\/wp-content\/uploads\/2020\/11\/RS004001.jpg","type":"image\/jpeg"}],"twitter_card":"summary_large_image","twitter_misc":{"Est. reading time":"1 minut"},"schema":{"@context":"https:\/\/schema.org","@graph":[{"@type":"WebPage","@id":"https:\/\/zamphelmets.co\/da\/vare\/zamp-zr-60-racersko-hvid\/","url":"https:\/\/zamphelmets.co\/da\/vare\/zamp-zr-60-racersko-hvid\/","name":"Zamp Race Sko ZR-60 Hvid - Zamp Helmets | Helmet 28 EU - \u20ac132","isPartOf":{"@id":"https:\/\/zamphelmets.co\/da\/#website"},"primaryImageOfPage":{"@id":"https:\/\/zamphelmets.co\/da\/vare\/zamp-zr-60-racersko-hvid\/#primaryimage"},"image":{"@id":"https:\/\/zamphelmets.co\/da\/vare\/zamp-zr-60-racersko-hvid\/#primaryimage"},"thumbnailUrl":"https:\/\/zamphelmets.co\/wp-content\/uploads\/2020\/11\/RS004001.jpg","datePublished":"2020-11-09T13:29:36+00:00","dateModified":"2025-01-09T16:34:00+00:00","description":"Med en ydre skal af h\u00f8jtydende l\u00e6der og et NMX-interi\u00f8r er disse Zamp Race Shoes ekstremt holdbare og komfortable til karting og racing!","breadcrumb":{"@id":"https:\/\/zamphelmets.co\/da\/vare\/zamp-zr-60-racersko-hvid\/#breadcrumb"},"inLanguage":"da-DK","potentialAction":[{"@type":"ReadAction","target":["https:\/\/zamphelmets.co\/da\/vare\/zamp-zr-60-racersko-hvid\/"]}]},{"@type":"ImageObject","inLanguage":"da-DK","@id":"https:\/\/zamphelmets.co\/da\/vare\/zamp-zr-60-racersko-hvid\/#primaryimage","url":"https:\/\/zamphelmets.co\/wp-content\/uploads\/2020\/11\/RS004001.jpg","contentUrl":"https:\/\/zamphelmets.co\/wp-content\/uploads\/2020\/11\/RS004001.jpg","width":1500,"height":1500,"caption":"Zamp Race-sko i hvid"},{"@type":"BreadcrumbList","@id":"https:\/\/zamphelmets.co\/da\/vare\/zamp-zr-60-racersko-hvid\/#breadcrumb","itemListElement":[{"@type":"ListItem","position":1,"name":"Shop","item":"https:\/\/zamphelmets.co\/da\/shop\/"},{"@type":"ListItem","position":2,"name":"Zamp ZR-60 racersko hvid"}]},{"@type":"WebSite","@id":"https:\/\/zamphelmets.co\/da\/#website","url":"https:\/\/zamphelmets.co\/da\/","name":"Zamp Helmets | Helmet 28 EU","description":"High Quality Motorsport Helmets","potentialAction":[{"@type":"SearchAction","target":{"@type":"EntryPoint","urlTemplate":"https:\/\/zamphelmets.co\/da\/?s={search_term_string}"},"query-input":{"@type":"PropertyValueSpecification","valueRequired":true,"valueName":"search_term_string"}}],"inLanguage":"da-DK"}]}},"_links":{"self":[{"href":"https:\/\/zamphelmets.co\/da\/wp-json\/wp\/v2\/product\/22592","targetHints":{"allow":["GET"]}}],"collection":[{"href":"https:\/\/zamphelmets.co\/da\/wp-json\/wp\/v2\/product"}],"about":[{"href":"https:\/\/zamphelmets.co\/da\/wp-json\/wp\/v2\/types\/product"}],"replies":[{"embeddable":true,"href":"https:\/\/zamphelmets.co\/da\/wp-json\/wp\/v2\/comments?post=22592"}],"wp:featuredmedia":[{"embeddable":true,"href":"https:\/\/zamphelmets.co\/da\/wp-json\/wp\/v2\/media\/12742"}],"wp:attachment":[{"href":"https:\/\/zamphelmets.co\/da\/wp-json\/wp\/v2\/media?parent=22592"}],"wp:term":[{"taxonomy":"product_brand","embeddable":true,"href":"https:\/\/zamphelmets.co\/da\/wp-json\/wp\/v2\/product_brand?post=22592"},{"taxonomy":"product_cat","embeddable":true,"href":"https:\/\/zamphelmets.co\/da\/wp-json\/wp\/v2\/product_cat?post=22592"},{"taxonomy":"product_tag","embeddable":true,"href":"https:\/\/zamphelmets.co\/da\/wp-json\/wp\/v2\/product_tag?post=22592"}],"curies":[{"name":"wp","href":"https:\/\/api.w.org\/{rel}","templated":true}]}}