{"id":22493,"date":"2022-02-19T16:47:17","date_gmt":"2022-02-19T16:47:17","guid":{"rendered":"https:\/\/zamphelmets.co\/product\/bagspoiler\/"},"modified":"2026-04-01T12:43:03","modified_gmt":"2026-04-01T12:43:03","slug":"bagspoiler","status":"publish","type":"product","link":"https:\/\/zamphelmets.co\/da\/vare\/bagspoiler\/","title":{"rendered":"Bagspoiler"},"content":{"rendered":"<p>Det fremragende design g\u00f8r denne h\u00e6kspoiler til et godt valg for enhver Zamp-racer, der \u00f8nsker at reducere bev\u00e6gelse og luftmodstand, n\u00e5r der k\u00f8res i \u00e5ben cockpit. Denne bagspoiler er nem at montere og ideel til karting og kan monteres p\u00e5 f\u00f8lgende hjelme:<\/p>\n<ul>\n<li>RZ 44CE \/ RZ 44CE Grafik<\/li>\n<li>RZ 70E<\/li>\n<li>RZ 42 Ungdom<\/li>\n<li>RZ 65D \/ RZ 65D gr\u00e5\/sort<\/li>\n<li>RZ 62<\/li>\n<\/ul>\n<p><iframe title=\"YouTube-videoafspiller\" data-src=\"https:\/\/www.youtube.com\/embed\/O3_PtsyDxTA\" width=\"560\" height=\"315\" frameborder=\"0\" allowfullscreen=\"allowfullscreen\" src=\"data:image\/svg+xml;base64,PHN2ZyB3aWR0aD0iMSIgaGVpZ2h0PSIxIiB4bWxucz0iaHR0cDovL3d3dy53My5vcmcvMjAwMC9zdmciPjwvc3ZnPg==\" class=\"lazyload\" data-load-mode=\"1\"><\/iframe><\/p>\n","protected":false},"excerpt":{"rendered":"<p>Det fremragende design g\u00f8r denne h\u00e6kspoiler til et godt valg for enhver Zamp-racer, der \u00f8nsker at reducere bev\u00e6gelse og luftmodstand, n\u00e5r der k\u00f8res i \u00e5ben cockpit. Denne bagspoiler er nem at montere og ideel til karting og kan monteres p\u00e5 f\u00f8lgende hjelme: RZ 44CE \/ RZ 44CE Grafik RZ 70E RZ 42 Ungdom RZ 65D [&hellip;]<\/p>\n","protected":false},"featured_media":12371,"comment_status":"open","ping_status":"closed","template":"","meta":{"_acf_changed":false,"_iconic_wsb_product_page_order_bump_ids":[],"_sku":["HSZ220CL"],"_iconic_wsb_product_page_bump_modal_ids":[]},"product_brand":[],"product_cat":[156,157,155],"product_tag":[],"class_list":{"0":"post-22493","1":"product","2":"type-product","3":"status-publish","4":"has-post-thumbnail","6":"product_cat-tilbehor","7":"product_cat-tilbehor-til-hjelme","8":"product_cat-zamp-da","10":"first","11":"instock","12":"taxable","13":"shipping-taxable","14":"purchasable","15":"product-type-simple"},"acf":[],"yoast_head":"<!-- This site is optimized with the Yoast SEO plugin v27.0 - https:\/\/yoast.com\/product\/yoast-seo-wordpress\/ -->\n<title>Bagspoiler for Racing Helmets - Zamp Helmets | Helmet 28 EU<\/title>\n<meta name=\"description\" content=\"Det fremragende design g\u00f8r denne h\u00e6kspoiler til et godt valg for enhver Zamp-racer, der \u00f8nsker at reducere bev\u00e6gelse og luftmodstand, n\u00e5r der k\u00f8res i \u00e5ben cockpit.\" \/>\n<meta name=\"robots\" content=\"index, follow, max-snippet:-1, max-image-preview:large, max-video-preview:-1\" \/>\n<link rel=\"canonical\" href=\"https:\/\/zamphelmets.co\/da\/vare\/bagspoiler\/\" \/>\n<meta property=\"og:locale\" content=\"da_DK\" \/>\n<meta property=\"og:type\" content=\"article\" \/>\n<meta property=\"og:title\" content=\"Bagspoiler for Racing Helmets - Zamp Helmets | Helmet 28 EU\" \/>\n<meta property=\"og:description\" content=\"Det fremragende design g\u00f8r denne h\u00e6kspoiler til et godt valg for enhver Zamp-racer, der \u00f8nsker at reducere bev\u00e6gelse og luftmodstand, n\u00e5r der k\u00f8res i \u00e5ben cockpit.\" \/>\n<meta property=\"og:url\" content=\"https:\/\/zamphelmets.co\/da\/vare\/bagspoiler\/\" \/>\n<meta property=\"og:site_name\" content=\"Zamp Helmets | Helmet 28 EU\" \/>\n<meta property=\"article:modified_time\" content=\"2026-04-01T12:43:03+00:00\" \/>\n<meta property=\"og:image\" content=\"https:\/\/zamphelmets.co\/wp-content\/uploads\/2020\/08\/TgkrcRJTRCWO4eEYEJCV_HSZ220CL_66ab241d-f25e-4db8-b1be-8c3ab6129275.jpg\" \/>\n\t<meta property=\"og:image:width\" content=\"1000\" \/>\n\t<meta property=\"og:image:height\" content=\"1000\" \/>\n\t<meta property=\"og:image:type\" content=\"image\/jpeg\" \/>\n<meta name=\"twitter:card\" content=\"summary_large_image\" \/>\n<script type=\"application\/ld+json\" class=\"yoast-schema-graph\">{\"@context\":\"https:\/\/schema.org\",\"@graph\":[{\"@type\":\"WebPage\",\"@id\":\"https:\/\/zamphelmets.co\/da\/vare\/bagspoiler\/\",\"url\":\"https:\/\/zamphelmets.co\/da\/vare\/bagspoiler\/\",\"name\":\"Bagspoiler for Racing Helmets - Zamp Helmets | Helmet 28 EU\",\"isPartOf\":{\"@id\":\"https:\/\/zamphelmets.co\/da\/#website\"},\"primaryImageOfPage\":{\"@id\":\"https:\/\/zamphelmets.co\/da\/vare\/bagspoiler\/#primaryimage\"},\"image\":{\"@id\":\"https:\/\/zamphelmets.co\/da\/vare\/bagspoiler\/#primaryimage\"},\"thumbnailUrl\":\"https:\/\/zamphelmets.co\/wp-content\/uploads\/2020\/08\/TgkrcRJTRCWO4eEYEJCV_HSZ220CL_66ab241d-f25e-4db8-b1be-8c3ab6129275.jpg\",\"datePublished\":\"2022-02-19T16:47:17+00:00\",\"dateModified\":\"2026-04-01T12:43:03+00:00\",\"description\":\"Det fremragende design g\u00f8r denne h\u00e6kspoiler til et godt valg for enhver Zamp-racer, der \u00f8nsker at reducere bev\u00e6gelse og luftmodstand, n\u00e5r der k\u00f8res i \u00e5ben cockpit.\",\"breadcrumb\":{\"@id\":\"https:\/\/zamphelmets.co\/da\/vare\/bagspoiler\/#breadcrumb\"},\"inLanguage\":\"da-DK\",\"potentialAction\":[{\"@type\":\"ReadAction\",\"target\":[\"https:\/\/zamphelmets.co\/da\/vare\/bagspoiler\/\"]}]},{\"@type\":\"ImageObject\",\"inLanguage\":\"da-DK\",\"@id\":\"https:\/\/zamphelmets.co\/da\/vare\/bagspoiler\/#primaryimage\",\"url\":\"https:\/\/zamphelmets.co\/wp-content\/uploads\/2020\/08\/TgkrcRJTRCWO4eEYEJCV_HSZ220CL_66ab241d-f25e-4db8-b1be-8c3ab6129275.jpg\",\"contentUrl\":\"https:\/\/zamphelmets.co\/wp-content\/uploads\/2020\/08\/TgkrcRJTRCWO4eEYEJCV_HSZ220CL_66ab241d-f25e-4db8-b1be-8c3ab6129275.jpg\",\"width\":1000,\"height\":1000,\"caption\":\"Zamp Helmets bagspoiler til racerl\u00f8b\"},{\"@type\":\"BreadcrumbList\",\"@id\":\"https:\/\/zamphelmets.co\/da\/vare\/bagspoiler\/#breadcrumb\",\"itemListElement\":[{\"@type\":\"ListItem\",\"position\":1,\"name\":\"Shop\",\"item\":\"https:\/\/zamphelmets.co\/da\/shop\/\"},{\"@type\":\"ListItem\",\"position\":2,\"name\":\"Bagspoiler\"}]},{\"@type\":\"WebSite\",\"@id\":\"https:\/\/zamphelmets.co\/da\/#website\",\"url\":\"https:\/\/zamphelmets.co\/da\/\",\"name\":\"Zamp Helmets | Helmet 28 EU\",\"description\":\"High Quality Motorsport Helmets\",\"potentialAction\":[{\"@type\":\"SearchAction\",\"target\":{\"@type\":\"EntryPoint\",\"urlTemplate\":\"https:\/\/zamphelmets.co\/da\/?s={search_term_string}\"},\"query-input\":{\"@type\":\"PropertyValueSpecification\",\"valueRequired\":true,\"valueName\":\"search_term_string\"}}],\"inLanguage\":\"da-DK\"}]}<\/script>\n<!-- \/ Yoast SEO plugin. -->","yoast_head_json":{"title":"Bagspoiler for Racing Helmets - Zamp Helmets | Helmet 28 EU","description":"Det fremragende design g\u00f8r denne h\u00e6kspoiler til et godt valg for enhver Zamp-racer, der \u00f8nsker at reducere bev\u00e6gelse og luftmodstand, n\u00e5r der k\u00f8res i \u00e5ben cockpit.","robots":{"index":"index","follow":"follow","max-snippet":"max-snippet:-1","max-image-preview":"max-image-preview:large","max-video-preview":"max-video-preview:-1"},"canonical":"https:\/\/zamphelmets.co\/da\/vare\/bagspoiler\/","og_locale":"da_DK","og_type":"article","og_title":"Bagspoiler for Racing Helmets - Zamp Helmets | Helmet 28 EU","og_description":"Det fremragende design g\u00f8r denne h\u00e6kspoiler til et godt valg for enhver Zamp-racer, der \u00f8nsker at reducere bev\u00e6gelse og luftmodstand, n\u00e5r der k\u00f8res i \u00e5ben cockpit.","og_url":"https:\/\/zamphelmets.co\/da\/vare\/bagspoiler\/","og_site_name":"Zamp Helmets | Helmet 28 EU","article_modified_time":"2026-04-01T12:43:03+00:00","og_image":[{"width":1000,"height":1000,"url":"https:\/\/zamphelmets.co\/wp-content\/uploads\/2020\/08\/TgkrcRJTRCWO4eEYEJCV_HSZ220CL_66ab241d-f25e-4db8-b1be-8c3ab6129275.jpg","type":"image\/jpeg"}],"twitter_card":"summary_large_image","schema":{"@context":"https:\/\/schema.org","@graph":[{"@type":"WebPage","@id":"https:\/\/zamphelmets.co\/da\/vare\/bagspoiler\/","url":"https:\/\/zamphelmets.co\/da\/vare\/bagspoiler\/","name":"Bagspoiler for Racing Helmets - Zamp Helmets | Helmet 28 EU","isPartOf":{"@id":"https:\/\/zamphelmets.co\/da\/#website"},"primaryImageOfPage":{"@id":"https:\/\/zamphelmets.co\/da\/vare\/bagspoiler\/#primaryimage"},"image":{"@id":"https:\/\/zamphelmets.co\/da\/vare\/bagspoiler\/#primaryimage"},"thumbnailUrl":"https:\/\/zamphelmets.co\/wp-content\/uploads\/2020\/08\/TgkrcRJTRCWO4eEYEJCV_HSZ220CL_66ab241d-f25e-4db8-b1be-8c3ab6129275.jpg","datePublished":"2022-02-19T16:47:17+00:00","dateModified":"2026-04-01T12:43:03+00:00","description":"Det fremragende design g\u00f8r denne h\u00e6kspoiler til et godt valg for enhver Zamp-racer, der \u00f8nsker at reducere bev\u00e6gelse og luftmodstand, n\u00e5r der k\u00f8res i \u00e5ben cockpit.","breadcrumb":{"@id":"https:\/\/zamphelmets.co\/da\/vare\/bagspoiler\/#breadcrumb"},"inLanguage":"da-DK","potentialAction":[{"@type":"ReadAction","target":["https:\/\/zamphelmets.co\/da\/vare\/bagspoiler\/"]}]},{"@type":"ImageObject","inLanguage":"da-DK","@id":"https:\/\/zamphelmets.co\/da\/vare\/bagspoiler\/#primaryimage","url":"https:\/\/zamphelmets.co\/wp-content\/uploads\/2020\/08\/TgkrcRJTRCWO4eEYEJCV_HSZ220CL_66ab241d-f25e-4db8-b1be-8c3ab6129275.jpg","contentUrl":"https:\/\/zamphelmets.co\/wp-content\/uploads\/2020\/08\/TgkrcRJTRCWO4eEYEJCV_HSZ220CL_66ab241d-f25e-4db8-b1be-8c3ab6129275.jpg","width":1000,"height":1000,"caption":"Zamp Helmets bagspoiler til racerl\u00f8b"},{"@type":"BreadcrumbList","@id":"https:\/\/zamphelmets.co\/da\/vare\/bagspoiler\/#breadcrumb","itemListElement":[{"@type":"ListItem","position":1,"name":"Shop","item":"https:\/\/zamphelmets.co\/da\/shop\/"},{"@type":"ListItem","position":2,"name":"Bagspoiler"}]},{"@type":"WebSite","@id":"https:\/\/zamphelmets.co\/da\/#website","url":"https:\/\/zamphelmets.co\/da\/","name":"Zamp Helmets | Helmet 28 EU","description":"High Quality Motorsport Helmets","potentialAction":[{"@type":"SearchAction","target":{"@type":"EntryPoint","urlTemplate":"https:\/\/zamphelmets.co\/da\/?s={search_term_string}"},"query-input":{"@type":"PropertyValueSpecification","valueRequired":true,"valueName":"search_term_string"}}],"inLanguage":"da-DK"}]}},"_links":{"self":[{"href":"https:\/\/zamphelmets.co\/da\/wp-json\/wp\/v2\/product\/22493","targetHints":{"allow":["GET"]}}],"collection":[{"href":"https:\/\/zamphelmets.co\/da\/wp-json\/wp\/v2\/product"}],"about":[{"href":"https:\/\/zamphelmets.co\/da\/wp-json\/wp\/v2\/types\/product"}],"replies":[{"embeddable":true,"href":"https:\/\/zamphelmets.co\/da\/wp-json\/wp\/v2\/comments?post=22493"}],"wp:featuredmedia":[{"embeddable":true,"href":"https:\/\/zamphelmets.co\/da\/wp-json\/wp\/v2\/media\/12371"}],"wp:attachment":[{"href":"https:\/\/zamphelmets.co\/da\/wp-json\/wp\/v2\/media?parent=22493"}],"wp:term":[{"taxonomy":"product_brand","embeddable":true,"href":"https:\/\/zamphelmets.co\/da\/wp-json\/wp\/v2\/product_brand?post=22493"},{"taxonomy":"product_cat","embeddable":true,"href":"https:\/\/zamphelmets.co\/da\/wp-json\/wp\/v2\/product_cat?post=22493"},{"taxonomy":"product_tag","embeddable":true,"href":"https:\/\/zamphelmets.co\/da\/wp-json\/wp\/v2\/product_tag?post=22493"}],"curies":[{"name":"wp","href":"https:\/\/api.w.org\/{rel}","templated":true}]}}