{"id":207044,"date":"2025-08-13T13:15:36","date_gmt":"2025-08-13T13:15:36","guid":{"rendered":"https:\/\/zamphelmets.co\/product\/rz-57-hvid\/"},"modified":"2025-08-13T13:15:36","modified_gmt":"2025-08-13T13:15:36","slug":"rz-57-hvid","status":"publish","type":"product","link":"https:\/\/zamphelmets.co\/da\/vare\/rz-57-hvid\/","title":{"rendered":"RZ 57 Hvid"},"content":{"rendered":"<p data-start=\"141\" data-end=\"453\"><strong data-start=\"145\" data-end=\"166\">Zamp RZ-57-hjelmen<\/strong> leverer banebrydende sikkerhed til en uovertruffen pris, hvilket g\u00f8r den til en af de bedste allround motorsporthjelme p\u00e5 markedet. Bygget med den nyeste <strong data-start=\"309\" data-end=\"336\">Snell SA2025-teknologi<\/strong> giver den den perfekte kombination af p\u00e5lidelighed, komfort og overkommelig pris \u2013 uden at g\u00e5 p\u00e5 kompromis med performance. <\/p>\n<p data-start=\"455\" data-end=\"931\">Med en <strong data-start=\"467\" data-end=\"509\">let komposit-glasfiberskal<\/strong> og et <strong data-start=\"516\" data-end=\"549\">bl\u00f8dt, brandh\u00e6mmende inderfor<\/strong> er RZ-57 designet til komfort hele dagen, uanset om du k\u00f8rer kart, deltager i klubmotorsport eller tager p\u00e5 trackdays med h\u00f8j performance.<\/p>\n<p data-start=\"933\" data-end=\"1246\">RZ-57 leveres med et <strong data-start=\"956\" data-end=\"984\">Z-20 Series klart visir<\/strong> med tear-off-stolper og er kompatibelt med b\u00e5de <strong data-start=\"1036\" data-end=\"1070\">12.125&#8243; banana-style tear-offs<\/strong>, s\u00e5 du altid er klar til l\u00f8b. Desuden g\u00f8r <strong data-start=\"1140\" data-end=\"1154\">M6-indsatse<\/strong> den fuldt kompatibel med Head &amp; Neck Restraint (HANS)-systemer for maksimal beskyttelse. <\/p>\n<h3 data-start=\"1248\" data-end=\"1267\">N\u00f8glefunktioner:<\/h3>\n<ul data-start=\"1268\" data-end=\"1649\">\n<li data-start=\"1268\" data-end=\"1343\">\n<p data-start=\"1270\" data-end=\"1343\"><strong data-start=\"1270\" data-end=\"1312\">Let komposit-glasfiberskal<\/strong> for styrke og performance<\/p>\n<\/li>\n<li data-start=\"1344\" data-end=\"1404\">\n<p data-start=\"1346\" data-end=\"1404\"><strong data-start=\"1346\" data-end=\"1373\">Minimalistisk ventilation fremad<\/strong> med udluftning i toppen og bagtil for bedre luftflow<\/p>\n<\/li>\n<li data-start=\"1405\" data-end=\"1458\">\n<p data-start=\"1407\" data-end=\"1458\"><strong data-start=\"1407\" data-end=\"1440\">Bl\u00f8dt, brandh\u00e6mmende inderfor<\/strong> (kan ikke tages ud)<\/p>\n<\/li>\n<li data-start=\"1459\" data-end=\"1547\">\n<p data-start=\"1461\" data-end=\"1547\"><strong data-start=\"1461\" data-end=\"1482\">Z-20 klart visir<\/strong> med tear-off-stolper \u2013 passer til banana-style og Z Optics tear-offs<\/p>\n<\/li>\n<li data-start=\"1548\" data-end=\"1592\">\n<p data-start=\"1550\" data-end=\"1592\"><strong data-start=\"1550\" data-end=\"1564\">M6-indsatse<\/strong> til brug med HANS\/HNR-system<\/p>\n<\/li>\n<li data-start=\"1593\" data-end=\"1649\">\n<p data-start=\"1595\" data-end=\"1649\"><strong data-start=\"1595\" data-end=\"1620\">Snell SA2025-godkendt<\/strong> til motorsportskonkurrence<\/p>\n<\/li>\n<\/ul>\n<p data-start=\"1651\" data-end=\"1773\">For k\u00f8rere, der vil have p\u00e5lidelig sikkerhed, moderne performance og ekstremt meget for pengene, er <strong data-start=\"1736\" data-end=\"1750\">Zamp RZ-57<\/strong> det smarte valg.<\/p>\n","protected":false},"excerpt":{"rendered":"<p>Zamp RZ-57-hjelmen leverer banebrydende sikkerhed til en uovertruffen pris, hvilket g\u00f8r den til en af de bedste allround motorsporthjelme p\u00e5 markedet. Bygget med den nyeste Snell SA2025-teknologi giver den den perfekte kombination af p\u00e5lidelighed, komfort og overkommelig pris \u2013 uden at g\u00e5 p\u00e5 kompromis med performance. Med en let komposit-glasfiberskal og et bl\u00f8dt, brandh\u00e6mmende inderfor [&hellip;]<\/p>\n","protected":false},"featured_media":113698,"comment_status":"open","ping_status":"closed","template":"","meta":{"_acf_changed":false,"_iconic_wsb_product_page_order_bump_ids":[[]],"_sku":["H784001"],"_iconic_wsb_product_page_bump_modal_ids":[[]]},"product_brand":[],"product_cat":[181,225,472,155],"product_tag":[],"class_list":{"0":"post-207044","1":"product","2":"type-product","3":"status-publish","4":"has-post-thumbnail","6":"product_cat-zamp-hjelme","7":"product_cat-ikke-kategoriseret","8":"product_cat-snell-2025","9":"product_cat-zamp-da","11":"first","12":"instock","13":"taxable","14":"shipping-taxable","15":"purchasable","16":"product-type-variable"},"acf":[],"yoast_head":"<!-- This site is optimized with the Yoast SEO plugin v27.0 - https:\/\/yoast.com\/product\/yoast-seo-wordpress\/ -->\n<title>RZ 57 Hvid - Zamp Helmets | Helmet 28 EU<\/title>\n<meta name=\"description\" content=\"SHOP NU \u2013 Snell SA2025-godkendt, let, slidst\u00e6rk og budgetvenlig med Top Air-kompatibilitet til motorsportsperformance.\" \/>\n<meta name=\"robots\" content=\"index, follow, max-snippet:-1, max-image-preview:large, max-video-preview:-1\" \/>\n<link rel=\"canonical\" href=\"https:\/\/zamphelmets.co\/da\/vare\/rz-57-hvid\/\" \/>\n<meta property=\"og:locale\" content=\"da_DK\" \/>\n<meta property=\"og:type\" content=\"article\" \/>\n<meta property=\"og:title\" content=\"RZ 57 Hvid - Zamp Helmets | Helmet 28 EU\" \/>\n<meta property=\"og:description\" content=\"SHOP NU \u2013 Snell SA2025-godkendt, let, slidst\u00e6rk og budgetvenlig med Top Air-kompatibilitet til motorsportsperformance.\" \/>\n<meta property=\"og:url\" content=\"https:\/\/zamphelmets.co\/da\/vare\/rz-57-hvid\/\" \/>\n<meta property=\"og:site_name\" content=\"Zamp Helmets | Helmet 28 EU\" \/>\n<meta property=\"og:image\" content=\"https:\/\/zamphelmets.co\/wp-content\/uploads\/2025\/08\/AcqhctSxSlmXaYC7MPk2_H770001.jpg\" \/>\n\t<meta property=\"og:image:width\" content=\"1500\" \/>\n\t<meta property=\"og:image:height\" content=\"1500\" \/>\n\t<meta property=\"og:image:type\" content=\"image\/jpeg\" \/>\n<meta name=\"twitter:card\" content=\"summary_large_image\" \/>\n<meta name=\"twitter:label1\" content=\"Est. reading time\" \/>\n\t<meta name=\"twitter:data1\" content=\"1 minut\" \/>\n<script type=\"application\/ld+json\" class=\"yoast-schema-graph\">{\"@context\":\"https:\/\/schema.org\",\"@graph\":[{\"@type\":\"WebPage\",\"@id\":\"https:\/\/zamphelmets.co\/da\/vare\/rz-57-hvid\/\",\"url\":\"https:\/\/zamphelmets.co\/da\/vare\/rz-57-hvid\/\",\"name\":\"RZ 57 Hvid - Zamp Helmets | Helmet 28 EU\",\"isPartOf\":{\"@id\":\"https:\/\/zamphelmets.co\/da\/#website\"},\"primaryImageOfPage\":{\"@id\":\"https:\/\/zamphelmets.co\/da\/vare\/rz-57-hvid\/#primaryimage\"},\"image\":{\"@id\":\"https:\/\/zamphelmets.co\/da\/vare\/rz-57-hvid\/#primaryimage\"},\"thumbnailUrl\":\"https:\/\/zamphelmets.co\/wp-content\/uploads\/2025\/08\/AcqhctSxSlmXaYC7MPk2_H770001.jpg\",\"datePublished\":\"2025-08-13T13:15:36+00:00\",\"description\":\"SHOP NU \u2013 Snell SA2025-godkendt, let, slidst\u00e6rk og budgetvenlig med Top Air-kompatibilitet til motorsportsperformance.\",\"breadcrumb\":{\"@id\":\"https:\/\/zamphelmets.co\/da\/vare\/rz-57-hvid\/#breadcrumb\"},\"inLanguage\":\"da-DK\",\"potentialAction\":[{\"@type\":\"ReadAction\",\"target\":[\"https:\/\/zamphelmets.co\/da\/vare\/rz-57-hvid\/\"]}]},{\"@type\":\"ImageObject\",\"inLanguage\":\"da-DK\",\"@id\":\"https:\/\/zamphelmets.co\/da\/vare\/rz-57-hvid\/#primaryimage\",\"url\":\"https:\/\/zamphelmets.co\/wp-content\/uploads\/2025\/08\/AcqhctSxSlmXaYC7MPk2_H770001.jpg\",\"contentUrl\":\"https:\/\/zamphelmets.co\/wp-content\/uploads\/2025\/08\/AcqhctSxSlmXaYC7MPk2_H770001.jpg\",\"width\":1500,\"height\":1500},{\"@type\":\"BreadcrumbList\",\"@id\":\"https:\/\/zamphelmets.co\/da\/vare\/rz-57-hvid\/#breadcrumb\",\"itemListElement\":[{\"@type\":\"ListItem\",\"position\":1,\"name\":\"Shop\",\"item\":\"https:\/\/zamphelmets.co\/da\/shop\/\"},{\"@type\":\"ListItem\",\"position\":2,\"name\":\"RZ 57 Hvid\"}]},{\"@type\":\"WebSite\",\"@id\":\"https:\/\/zamphelmets.co\/da\/#website\",\"url\":\"https:\/\/zamphelmets.co\/da\/\",\"name\":\"Zamp Helmets | Helmet 28 EU\",\"description\":\"High Quality Motorsport Helmets\",\"potentialAction\":[{\"@type\":\"SearchAction\",\"target\":{\"@type\":\"EntryPoint\",\"urlTemplate\":\"https:\/\/zamphelmets.co\/da\/?s={search_term_string}\"},\"query-input\":{\"@type\":\"PropertyValueSpecification\",\"valueRequired\":true,\"valueName\":\"search_term_string\"}}],\"inLanguage\":\"da-DK\"}]}<\/script>\n<!-- \/ Yoast SEO plugin. -->","yoast_head_json":{"title":"RZ 57 Hvid - Zamp Helmets | Helmet 28 EU","description":"SHOP NU \u2013 Snell SA2025-godkendt, let, slidst\u00e6rk og budgetvenlig med Top Air-kompatibilitet til motorsportsperformance.","robots":{"index":"index","follow":"follow","max-snippet":"max-snippet:-1","max-image-preview":"max-image-preview:large","max-video-preview":"max-video-preview:-1"},"canonical":"https:\/\/zamphelmets.co\/da\/vare\/rz-57-hvid\/","og_locale":"da_DK","og_type":"article","og_title":"RZ 57 Hvid - Zamp Helmets | Helmet 28 EU","og_description":"SHOP NU \u2013 Snell SA2025-godkendt, let, slidst\u00e6rk og budgetvenlig med Top Air-kompatibilitet til motorsportsperformance.","og_url":"https:\/\/zamphelmets.co\/da\/vare\/rz-57-hvid\/","og_site_name":"Zamp Helmets | Helmet 28 EU","og_image":[{"width":1500,"height":1500,"url":"https:\/\/zamphelmets.co\/wp-content\/uploads\/2025\/08\/AcqhctSxSlmXaYC7MPk2_H770001.jpg","type":"image\/jpeg"}],"twitter_card":"summary_large_image","twitter_misc":{"Est. reading time":"1 minut"},"schema":{"@context":"https:\/\/schema.org","@graph":[{"@type":"WebPage","@id":"https:\/\/zamphelmets.co\/da\/vare\/rz-57-hvid\/","url":"https:\/\/zamphelmets.co\/da\/vare\/rz-57-hvid\/","name":"RZ 57 Hvid - Zamp Helmets | Helmet 28 EU","isPartOf":{"@id":"https:\/\/zamphelmets.co\/da\/#website"},"primaryImageOfPage":{"@id":"https:\/\/zamphelmets.co\/da\/vare\/rz-57-hvid\/#primaryimage"},"image":{"@id":"https:\/\/zamphelmets.co\/da\/vare\/rz-57-hvid\/#primaryimage"},"thumbnailUrl":"https:\/\/zamphelmets.co\/wp-content\/uploads\/2025\/08\/AcqhctSxSlmXaYC7MPk2_H770001.jpg","datePublished":"2025-08-13T13:15:36+00:00","description":"SHOP NU \u2013 Snell SA2025-godkendt, let, slidst\u00e6rk og budgetvenlig med Top Air-kompatibilitet til motorsportsperformance.","breadcrumb":{"@id":"https:\/\/zamphelmets.co\/da\/vare\/rz-57-hvid\/#breadcrumb"},"inLanguage":"da-DK","potentialAction":[{"@type":"ReadAction","target":["https:\/\/zamphelmets.co\/da\/vare\/rz-57-hvid\/"]}]},{"@type":"ImageObject","inLanguage":"da-DK","@id":"https:\/\/zamphelmets.co\/da\/vare\/rz-57-hvid\/#primaryimage","url":"https:\/\/zamphelmets.co\/wp-content\/uploads\/2025\/08\/AcqhctSxSlmXaYC7MPk2_H770001.jpg","contentUrl":"https:\/\/zamphelmets.co\/wp-content\/uploads\/2025\/08\/AcqhctSxSlmXaYC7MPk2_H770001.jpg","width":1500,"height":1500},{"@type":"BreadcrumbList","@id":"https:\/\/zamphelmets.co\/da\/vare\/rz-57-hvid\/#breadcrumb","itemListElement":[{"@type":"ListItem","position":1,"name":"Shop","item":"https:\/\/zamphelmets.co\/da\/shop\/"},{"@type":"ListItem","position":2,"name":"RZ 57 Hvid"}]},{"@type":"WebSite","@id":"https:\/\/zamphelmets.co\/da\/#website","url":"https:\/\/zamphelmets.co\/da\/","name":"Zamp Helmets | Helmet 28 EU","description":"High Quality Motorsport Helmets","potentialAction":[{"@type":"SearchAction","target":{"@type":"EntryPoint","urlTemplate":"https:\/\/zamphelmets.co\/da\/?s={search_term_string}"},"query-input":{"@type":"PropertyValueSpecification","valueRequired":true,"valueName":"search_term_string"}}],"inLanguage":"da-DK"}]}},"_links":{"self":[{"href":"https:\/\/zamphelmets.co\/da\/wp-json\/wp\/v2\/product\/207044","targetHints":{"allow":["GET"]}}],"collection":[{"href":"https:\/\/zamphelmets.co\/da\/wp-json\/wp\/v2\/product"}],"about":[{"href":"https:\/\/zamphelmets.co\/da\/wp-json\/wp\/v2\/types\/product"}],"replies":[{"embeddable":true,"href":"https:\/\/zamphelmets.co\/da\/wp-json\/wp\/v2\/comments?post=207044"}],"wp:featuredmedia":[{"embeddable":true,"href":"https:\/\/zamphelmets.co\/da\/wp-json\/wp\/v2\/media\/113698"}],"wp:attachment":[{"href":"https:\/\/zamphelmets.co\/da\/wp-json\/wp\/v2\/media?parent=207044"}],"wp:term":[{"taxonomy":"product_brand","embeddable":true,"href":"https:\/\/zamphelmets.co\/da\/wp-json\/wp\/v2\/product_brand?post=207044"},{"taxonomy":"product_cat","embeddable":true,"href":"https:\/\/zamphelmets.co\/da\/wp-json\/wp\/v2\/product_cat?post=207044"},{"taxonomy":"product_tag","embeddable":true,"href":"https:\/\/zamphelmets.co\/da\/wp-json\/wp\/v2\/product_tag?post=207044"}],"curies":[{"name":"wp","href":"https:\/\/api.w.org\/{rel}","templated":true}]}}