{"id":206858,"date":"2026-01-26T11:24:47","date_gmt":"2026-01-26T11:24:47","guid":{"rendered":"https:\/\/zamphelmets.co\/product\/no-limits-fluo-orange\/"},"modified":"2026-02-27T11:17:49","modified_gmt":"2026-02-27T11:17:49","slug":"no-limits-fluo-orange","status":"publish","type":"product","link":"https:\/\/zamphelmets.co\/da\/vare\/no-limits-fluo-orange\/","title":{"rendered":"NO LIMITS &#8211; Fluo Orange"},"content":{"rendered":"<p><span style=\"font-weight: 400;\"><strong>M\u00f8d NO LIMITS-kollektionen fra 32Five<\/strong> \u2013 skabt til k\u00f8rere, der presser h\u00e5rdere, k\u00f8rer hurtigere og n\u00e6gter at n\u00f8jes. Designet til b\u00e5de professionelle og amat\u00f8r-kartk\u00f8rere: Handskerne kombinerer f\u00f8rsteklasses materialer, et markant design og l\u00f8bsvindende performance i \u00e9n umiskendelig pakke. <\/span><\/p>\n<p><span style=\"font-weight: 400;\">Med den <strong>karakteristiske r\u00f8de fingerspids<\/strong>, udvendige s\u00f8mme og en forkrummet ergonomisk pasform er hver detalje udviklet til kontrol og komfort. Det \u00e5ndbare overmateriale holder dine h\u00e6nder k\u00f8lige under pres, mens den innovative DriveSkin-h\u00e5ndfladeteknologi giver uovertruffent greb, pr\u00e6cis styring og lang holdbarhed. <\/span><\/p>\n<p><span style=\"font-weight: 400;\">F\u00f8dt af en racers mindset og forfinet gennem konkurrence er <strong>32Five NO LIMITS-handsker<\/strong> skabt til at levere p\u00e5 h\u00f8jeste niveau \u2013 uanset hvor intenst l\u00f8bet bliver.<\/span><\/p>\n<ul>\n<li><span style=\"font-weight: 400;\"><strong>Udvendige syninger<\/strong> \u2013 Mindre friktion og f\u00e6rre trykpunkter for bedre komfort og udholdenhed.<\/span><\/li>\n<li><span style=\"font-weight: 400;\"><strong>\u00c5ndbart overstof<\/strong> \u2013 Let, bl\u00f8dt og ventileret for en k\u00f8lig, komfortabel pasform omgang efter omgang.<\/span><\/li>\n<li><span style=\"font-weight: 400;\"><strong>DriveSkin-h\u00e5ndfladeteknologi<\/strong> \u2013 Maksimalt greb, styrefornemmelse og holdbarhed for fuld kontrol p\u00e5 rattet.<\/span><\/li>\n<li><span style=\"font-weight: 400;\"><strong>Forbuet ergonomisk pasform<\/strong> \u2013 St\u00f8tter din naturlige h\u00e5ndposition for skarpere fokus og ubesv\u00e6ret pr\u00e6cision.<\/span><\/li>\n<li><strong>F\u00e5s i st\u00f8rrelserne XXXS til XL<\/strong><\/li>\n<\/ul>\n<p><span style=\"font-weight: 400;\">Fra den ikoniske r\u00f8de fingerspids til den sidste syning indkapsler <strong>NO LIMITS<\/strong>-kollektionen 32Five-filosofien: K\u00f8r h\u00e5rdt, skil dig ud, og hold aldrig igen.<\/span><\/p>\n<p><strong>F\u00f8lg det r\u00f8de. K\u00f8r 32Five. <\/strong><\/p>\n<p><img decoding=\"async\" class=\"alignnone wp-image-222671 lazyload\" data-src=\"https:\/\/zamphelmets.co\/wp-content\/uploads\/2026\/01\/32F-SizeGuide-25-V1-scaled.webp\" alt=\"\" width=\"643\" height=\"346\" data-srcset=\"https:\/\/zamphelmets.co\/wp-content\/uploads\/2026\/01\/32F-SizeGuide-25-V1-scaled.webp 2560w, https:\/\/zamphelmets.co\/wp-content\/uploads\/2026\/01\/32F-SizeGuide-25-V1-300x161.webp 300w, https:\/\/zamphelmets.co\/wp-content\/uploads\/2026\/01\/32F-SizeGuide-25-V1-1024x551.webp 1024w, https:\/\/zamphelmets.co\/wp-content\/uploads\/2026\/01\/32F-SizeGuide-25-V1-768x413.webp 768w, https:\/\/zamphelmets.co\/wp-content\/uploads\/2026\/01\/32F-SizeGuide-25-V1-1536x826.webp 1536w, https:\/\/zamphelmets.co\/wp-content\/uploads\/2026\/01\/32F-SizeGuide-25-V1-2048x1101.webp 2048w, https:\/\/zamphelmets.co\/wp-content\/uploads\/2026\/01\/32F-SizeGuide-25-V1-600x323.webp 600w\" data-sizes=\"(max-width: 643px) 100vw, 643px\" src=\"data:image\/svg+xml;base64,PHN2ZyB3aWR0aD0iMSIgaGVpZ2h0PSIxIiB4bWxucz0iaHR0cDovL3d3dy53My5vcmcvMjAwMC9zdmciPjwvc3ZnPg==\" style=\"--smush-placeholder-width: 643px; --smush-placeholder-aspect-ratio: 643\/346;\" \/><\/p>\n","protected":false},"excerpt":{"rendered":"<p>M\u00f8d NO LIMITS-kollektionen fra 32Five \u2013 skabt til k\u00f8rere, der presser h\u00e5rdere, k\u00f8rer hurtigere og n\u00e6gter at n\u00f8jes. Designet til b\u00e5de professionelle og amat\u00f8r-kartk\u00f8rere: Handskerne kombinerer f\u00f8rsteklasses materialer, et markant design og l\u00f8bsvindende performance i \u00e9n umiskendelig pakke. Med den karakteristiske r\u00f8de fingerspids, udvendige s\u00f8mme og en forkrummet ergonomisk pasform er hver detalje udviklet til [&hellip;]<\/p>\n","protected":false},"featured_media":189908,"comment_status":"open","ping_status":"closed","template":"","meta":{"_acf_changed":false,"_iconic_wsb_product_page_order_bump_ids":[[]],"_sku":[],"_iconic_wsb_product_page_bump_modal_ids":[[]]},"product_brand":[],"product_cat":[482,195,196],"product_tag":[],"class_list":{"0":"post-206858","1":"product","2":"type-product","3":"status-publish","4":"has-post-thumbnail","6":"product_cat-32five","7":"product_cat-beskyttelse-beklaedning","8":"product_cat-handsker","10":"first","11":"instock","12":"taxable","13":"shipping-taxable","14":"purchasable","15":"product-type-variable"},"acf":[],"yoast_head":"<!-- This site is optimized with the Yoast SEO plugin v27.0 - https:\/\/yoast.com\/product\/yoast-seo-wordpress\/ -->\n<title>NO LIMITS - Fluo Orange - Premium kartinghandsker - 74,96 \u20ac<\/title>\n<meta name=\"description\" content=\"Oplev 32Five NO LIMITS kartinghandsker \u2013 premium racerhandsker med DriveSkin-greb, ergonomisk pasform og signatur-r\u00f8de fingerspidser.\" \/>\n<meta name=\"robots\" content=\"index, follow, max-snippet:-1, max-image-preview:large, max-video-preview:-1\" \/>\n<link rel=\"canonical\" href=\"https:\/\/zamphelmets.co\/da\/vare\/no-limits-fluo-orange\/\" \/>\n<meta property=\"og:locale\" content=\"da_DK\" \/>\n<meta property=\"og:type\" content=\"article\" \/>\n<meta property=\"og:title\" content=\"NO LIMITS - Fluo Orange - Premium kartinghandsker - 74,96 \u20ac\" \/>\n<meta property=\"og:description\" content=\"Oplev 32Five NO LIMITS kartinghandsker \u2013 premium racerhandsker med DriveSkin-greb, ergonomisk pasform og signatur-r\u00f8de fingerspidser.\" \/>\n<meta property=\"og:url\" content=\"https:\/\/zamphelmets.co\/da\/vare\/no-limits-fluo-orange\/\" \/>\n<meta property=\"og:site_name\" content=\"Zamp Helmets | Helmet 28 EU\" \/>\n<meta property=\"article:modified_time\" content=\"2026-02-27T11:17:49+00:00\" \/>\n<meta property=\"og:image\" content=\"https:\/\/zamphelmets.co\/wp-content\/uploads\/2026\/01\/nolimits_orange.jpeg\" \/>\n\t<meta property=\"og:image:width\" content=\"982\" \/>\n\t<meta property=\"og:image:height\" content=\"1000\" \/>\n\t<meta property=\"og:image:type\" content=\"image\/jpeg\" \/>\n<meta name=\"twitter:card\" content=\"summary_large_image\" \/>\n<meta name=\"twitter:label1\" content=\"Est. reading time\" \/>\n\t<meta name=\"twitter:data1\" content=\"1 minut\" \/>\n<script type=\"application\/ld+json\" class=\"yoast-schema-graph\">{\"@context\":\"https:\/\/schema.org\",\"@graph\":[{\"@type\":\"WebPage\",\"@id\":\"https:\/\/zamphelmets.co\/da\/vare\/no-limits-fluo-orange\/\",\"url\":\"https:\/\/zamphelmets.co\/da\/vare\/no-limits-fluo-orange\/\",\"name\":\"NO LIMITS - Fluo Orange - Premium kartinghandsker - 74,96 \u20ac\",\"isPartOf\":{\"@id\":\"https:\/\/zamphelmets.co\/da\/#website\"},\"primaryImageOfPage\":{\"@id\":\"https:\/\/zamphelmets.co\/da\/vare\/no-limits-fluo-orange\/#primaryimage\"},\"image\":{\"@id\":\"https:\/\/zamphelmets.co\/da\/vare\/no-limits-fluo-orange\/#primaryimage\"},\"thumbnailUrl\":\"https:\/\/zamphelmets.co\/wp-content\/uploads\/2026\/01\/nolimits_orange.jpeg\",\"datePublished\":\"2026-01-26T11:24:47+00:00\",\"dateModified\":\"2026-02-27T11:17:49+00:00\",\"description\":\"Oplev 32Five NO LIMITS kartinghandsker \u2013 premium racerhandsker med DriveSkin-greb, ergonomisk pasform og signatur-r\u00f8de fingerspidser.\",\"breadcrumb\":{\"@id\":\"https:\/\/zamphelmets.co\/da\/vare\/no-limits-fluo-orange\/#breadcrumb\"},\"inLanguage\":\"da-DK\",\"potentialAction\":[{\"@type\":\"ReadAction\",\"target\":[\"https:\/\/zamphelmets.co\/da\/vare\/no-limits-fluo-orange\/\"]}]},{\"@type\":\"ImageObject\",\"inLanguage\":\"da-DK\",\"@id\":\"https:\/\/zamphelmets.co\/da\/vare\/no-limits-fluo-orange\/#primaryimage\",\"url\":\"https:\/\/zamphelmets.co\/wp-content\/uploads\/2026\/01\/nolimits_orange.jpeg\",\"contentUrl\":\"https:\/\/zamphelmets.co\/wp-content\/uploads\/2026\/01\/nolimits_orange.jpeg\",\"width\":982,\"height\":1000},{\"@type\":\"BreadcrumbList\",\"@id\":\"https:\/\/zamphelmets.co\/da\/vare\/no-limits-fluo-orange\/#breadcrumb\",\"itemListElement\":[{\"@type\":\"ListItem\",\"position\":1,\"name\":\"Shop\",\"item\":\"https:\/\/zamphelmets.co\/da\/shop\/\"},{\"@type\":\"ListItem\",\"position\":2,\"name\":\"NO LIMITS &#8211; Fluo Orange\"}]},{\"@type\":\"WebSite\",\"@id\":\"https:\/\/zamphelmets.co\/da\/#website\",\"url\":\"https:\/\/zamphelmets.co\/da\/\",\"name\":\"Zamp Helmets | Helmet 28 EU\",\"description\":\"High Quality Motorsport Helmets\",\"potentialAction\":[{\"@type\":\"SearchAction\",\"target\":{\"@type\":\"EntryPoint\",\"urlTemplate\":\"https:\/\/zamphelmets.co\/da\/?s={search_term_string}\"},\"query-input\":{\"@type\":\"PropertyValueSpecification\",\"valueRequired\":true,\"valueName\":\"search_term_string\"}}],\"inLanguage\":\"da-DK\"}]}<\/script>\n<!-- \/ Yoast SEO plugin. -->","yoast_head_json":{"title":"NO LIMITS - Fluo Orange - Premium kartinghandsker - 74,96 \u20ac","description":"Oplev 32Five NO LIMITS kartinghandsker \u2013 premium racerhandsker med DriveSkin-greb, ergonomisk pasform og signatur-r\u00f8de fingerspidser.","robots":{"index":"index","follow":"follow","max-snippet":"max-snippet:-1","max-image-preview":"max-image-preview:large","max-video-preview":"max-video-preview:-1"},"canonical":"https:\/\/zamphelmets.co\/da\/vare\/no-limits-fluo-orange\/","og_locale":"da_DK","og_type":"article","og_title":"NO LIMITS - Fluo Orange - Premium kartinghandsker - 74,96 \u20ac","og_description":"Oplev 32Five NO LIMITS kartinghandsker \u2013 premium racerhandsker med DriveSkin-greb, ergonomisk pasform og signatur-r\u00f8de fingerspidser.","og_url":"https:\/\/zamphelmets.co\/da\/vare\/no-limits-fluo-orange\/","og_site_name":"Zamp Helmets | Helmet 28 EU","article_modified_time":"2026-02-27T11:17:49+00:00","og_image":[{"width":982,"height":1000,"url":"https:\/\/zamphelmets.co\/wp-content\/uploads\/2026\/01\/nolimits_orange.jpeg","type":"image\/jpeg"}],"twitter_card":"summary_large_image","twitter_misc":{"Est. reading time":"1 minut"},"schema":{"@context":"https:\/\/schema.org","@graph":[{"@type":"WebPage","@id":"https:\/\/zamphelmets.co\/da\/vare\/no-limits-fluo-orange\/","url":"https:\/\/zamphelmets.co\/da\/vare\/no-limits-fluo-orange\/","name":"NO LIMITS - Fluo Orange - Premium kartinghandsker - 74,96 \u20ac","isPartOf":{"@id":"https:\/\/zamphelmets.co\/da\/#website"},"primaryImageOfPage":{"@id":"https:\/\/zamphelmets.co\/da\/vare\/no-limits-fluo-orange\/#primaryimage"},"image":{"@id":"https:\/\/zamphelmets.co\/da\/vare\/no-limits-fluo-orange\/#primaryimage"},"thumbnailUrl":"https:\/\/zamphelmets.co\/wp-content\/uploads\/2026\/01\/nolimits_orange.jpeg","datePublished":"2026-01-26T11:24:47+00:00","dateModified":"2026-02-27T11:17:49+00:00","description":"Oplev 32Five NO LIMITS kartinghandsker \u2013 premium racerhandsker med DriveSkin-greb, ergonomisk pasform og signatur-r\u00f8de fingerspidser.","breadcrumb":{"@id":"https:\/\/zamphelmets.co\/da\/vare\/no-limits-fluo-orange\/#breadcrumb"},"inLanguage":"da-DK","potentialAction":[{"@type":"ReadAction","target":["https:\/\/zamphelmets.co\/da\/vare\/no-limits-fluo-orange\/"]}]},{"@type":"ImageObject","inLanguage":"da-DK","@id":"https:\/\/zamphelmets.co\/da\/vare\/no-limits-fluo-orange\/#primaryimage","url":"https:\/\/zamphelmets.co\/wp-content\/uploads\/2026\/01\/nolimits_orange.jpeg","contentUrl":"https:\/\/zamphelmets.co\/wp-content\/uploads\/2026\/01\/nolimits_orange.jpeg","width":982,"height":1000},{"@type":"BreadcrumbList","@id":"https:\/\/zamphelmets.co\/da\/vare\/no-limits-fluo-orange\/#breadcrumb","itemListElement":[{"@type":"ListItem","position":1,"name":"Shop","item":"https:\/\/zamphelmets.co\/da\/shop\/"},{"@type":"ListItem","position":2,"name":"NO LIMITS &#8211; Fluo Orange"}]},{"@type":"WebSite","@id":"https:\/\/zamphelmets.co\/da\/#website","url":"https:\/\/zamphelmets.co\/da\/","name":"Zamp Helmets | Helmet 28 EU","description":"High Quality Motorsport Helmets","potentialAction":[{"@type":"SearchAction","target":{"@type":"EntryPoint","urlTemplate":"https:\/\/zamphelmets.co\/da\/?s={search_term_string}"},"query-input":{"@type":"PropertyValueSpecification","valueRequired":true,"valueName":"search_term_string"}}],"inLanguage":"da-DK"}]}},"_links":{"self":[{"href":"https:\/\/zamphelmets.co\/da\/wp-json\/wp\/v2\/product\/206858","targetHints":{"allow":["GET"]}}],"collection":[{"href":"https:\/\/zamphelmets.co\/da\/wp-json\/wp\/v2\/product"}],"about":[{"href":"https:\/\/zamphelmets.co\/da\/wp-json\/wp\/v2\/types\/product"}],"replies":[{"embeddable":true,"href":"https:\/\/zamphelmets.co\/da\/wp-json\/wp\/v2\/comments?post=206858"}],"wp:featuredmedia":[{"embeddable":true,"href":"https:\/\/zamphelmets.co\/da\/wp-json\/wp\/v2\/media\/189908"}],"wp:attachment":[{"href":"https:\/\/zamphelmets.co\/da\/wp-json\/wp\/v2\/media?parent=206858"}],"wp:term":[{"taxonomy":"product_brand","embeddable":true,"href":"https:\/\/zamphelmets.co\/da\/wp-json\/wp\/v2\/product_brand?post=206858"},{"taxonomy":"product_cat","embeddable":true,"href":"https:\/\/zamphelmets.co\/da\/wp-json\/wp\/v2\/product_cat?post=206858"},{"taxonomy":"product_tag","embeddable":true,"href":"https:\/\/zamphelmets.co\/da\/wp-json\/wp\/v2\/product_tag?post=206858"}],"curies":[{"name":"wp","href":"https:\/\/api.w.org\/{rel}","templated":true}]}}