{"id":206745,"date":"2026-01-26T11:24:57","date_gmt":"2026-01-26T11:24:57","guid":{"rendered":"https:\/\/zamphelmets.co\/product\/balaclava-no-limits-sort\/"},"modified":"2026-02-27T11:05:48","modified_gmt":"2026-02-27T11:05:48","slug":"balaclava-no-limits-sort","status":"publish","type":"product","link":"https:\/\/zamphelmets.co\/da\/vare\/balaclava-no-limits-sort\/","title":{"rendered":"Balaclava NO LIMITS &#8211; Sort"},"content":{"rendered":"<div class=\"container\">\n<div id=\"content\" class=\"site-content\">\n<div id=\"primary\" class=\"content-area\">\n<p><span style=\"font-weight: 400;\">G\u00f8r dit race-look komplet med <strong>32Five Balaclava<\/strong> \u2013 designet til at matche dit yndlingspar <strong>32Five Karting Gloves<\/strong> perfekt. Uanset om du er til st\u00e6rke farver eller et rent performance-look, giver denne balaclava det sidste touch af identitet og funktion til dit race-gear.<\/span><\/p>\n<p><span style=\"font-weight: 400;\">Fremstillet i <strong>100% performance-polyester<\/strong> \u2013 ultralet, \u00e5ndbar og skabt til maksimal komfort under hjelmen. Den holder dig k\u00f8lig, t\u00f8r og fokuseret \u2013 omgang efter omgang. <\/span><\/p>\n<p><strong>N\u00f8glefunktioner:<\/strong><\/p>\n<ul>\n<li><span style=\"font-weight: 400;\">Matchende design til hver handske-stil (<strong>Smile to Win, UNLEASH, NO LIMITS<\/strong>)<\/span><\/li>\n<li><span style=\"font-weight: 400;\">Fremstillet i <strong>100% performance-polyester<\/strong><\/span><\/li>\n<li><span style=\"font-weight: 400;\"><strong>\u00c5ndbar<\/strong> og <strong>fugtafledende<\/strong> for komfort hele dagen<\/span><\/li>\n<li><span style=\"font-weight: 400;\"><strong>S\u00f8ml\u00f8s<\/strong> <strong>pasform<\/strong> under enhver hjelm<\/span><\/li>\n<li><span style=\"font-weight: 400;\"><strong>Slidst\u00e6rk<\/strong> og race-klar<\/span><\/li>\n<li><strong>Unisex &amp; one size<\/strong><\/li>\n<\/ul>\n<p><strong>Klarg\u00f8r dig fra top til t\u00e5 \u2013 for det er detaljerne, der g\u00f8r forskellen.<\/strong><\/p>\n<\/div>\n<\/div>\n<\/div>\n","protected":false},"excerpt":{"rendered":"<p>G\u00f8r dit race-look komplet med 32Five Balaclava \u2013 designet til at matche dit yndlingspar 32Five Karting Gloves perfekt. Uanset om du er til st\u00e6rke farver eller et rent performance-look, giver denne balaclava det sidste touch af identitet og funktion til dit race-gear. Fremstillet i 100% performance-polyester \u2013 ultralet, \u00e5ndbar og skabt til maksimal komfort under [&hellip;]<\/p>\n","protected":false},"featured_media":189931,"comment_status":"open","ping_status":"closed","template":"","meta":{"_acf_changed":false,"_iconic_wsb_product_page_order_bump_ids":[[]],"_sku":["32F-Balaclava-NoLimits-02"],"_iconic_wsb_product_page_bump_modal_ids":[[]]},"product_brand":[],"product_cat":[482,283,195],"product_tag":[],"class_list":{"0":"post-206745","1":"product","2":"type-product","3":"status-publish","4":"has-post-thumbnail","6":"product_cat-32five","7":"product_cat-beskyttelse","8":"product_cat-beskyttelse-beklaedning","10":"first","11":"instock","12":"taxable","13":"shipping-taxable","14":"purchasable","15":"product-type-simple"},"acf":[],"yoast_head":"<!-- This site is optimized with the Yoast SEO plugin v27.0 - https:\/\/yoast.com\/product\/yoast-seo-wordpress\/ -->\n<title>Balaclava NO LIMITS - Sort - Zamp Helmets | Helmet 28 EU<\/title>\n<meta name=\"description\" content=\"32Five karting-balaclava i \u00e5ndbar, let polyester for komfort hele dagen. S\u00f8ml\u00f8s pasform, designet til at matche dine racehandsker.\" \/>\n<meta name=\"robots\" content=\"index, follow, max-snippet:-1, max-image-preview:large, max-video-preview:-1\" \/>\n<link rel=\"canonical\" href=\"https:\/\/zamphelmets.co\/da\/vare\/balaclava-no-limits-sort\/\" \/>\n<meta property=\"og:locale\" content=\"da_DK\" \/>\n<meta property=\"og:type\" content=\"article\" \/>\n<meta property=\"og:title\" content=\"Balaclava NO LIMITS - Sort - Zamp Helmets | Helmet 28 EU\" \/>\n<meta property=\"og:description\" content=\"32Five karting-balaclava i \u00e5ndbar, let polyester for komfort hele dagen. S\u00f8ml\u00f8s pasform, designet til at matche dine racehandsker.\" \/>\n<meta property=\"og:url\" content=\"https:\/\/zamphelmets.co\/da\/vare\/balaclava-no-limits-sort\/\" \/>\n<meta property=\"og:site_name\" content=\"Zamp Helmets | Helmet 28 EU\" \/>\n<meta property=\"article:modified_time\" content=\"2026-02-27T11:05:48+00:00\" \/>\n<meta property=\"og:image\" content=\"https:\/\/zamphelmets.co\/wp-content\/uploads\/2026\/01\/32Five-Balaclava-ProduktSeite-NoLimits-black_e7e36288-79ff-42d7-9689-f77d47953541.jpeg\" \/>\n\t<meta property=\"og:image:width\" content=\"1000\" \/>\n\t<meta property=\"og:image:height\" content=\"1000\" \/>\n\t<meta property=\"og:image:type\" content=\"image\/jpeg\" \/>\n<meta name=\"twitter:card\" content=\"summary_large_image\" \/>\n<meta name=\"twitter:label1\" content=\"Est. reading time\" \/>\n\t<meta name=\"twitter:data1\" content=\"1 minut\" \/>\n<script type=\"application\/ld+json\" class=\"yoast-schema-graph\">{\"@context\":\"https:\/\/schema.org\",\"@graph\":[{\"@type\":\"WebPage\",\"@id\":\"https:\/\/zamphelmets.co\/da\/vare\/balaclava-no-limits-sort\/\",\"url\":\"https:\/\/zamphelmets.co\/da\/vare\/balaclava-no-limits-sort\/\",\"name\":\"Balaclava NO LIMITS - Sort - Zamp Helmets | Helmet 28 EU\",\"isPartOf\":{\"@id\":\"https:\/\/zamphelmets.co\/da\/#website\"},\"primaryImageOfPage\":{\"@id\":\"https:\/\/zamphelmets.co\/da\/vare\/balaclava-no-limits-sort\/#primaryimage\"},\"image\":{\"@id\":\"https:\/\/zamphelmets.co\/da\/vare\/balaclava-no-limits-sort\/#primaryimage\"},\"thumbnailUrl\":\"https:\/\/zamphelmets.co\/wp-content\/uploads\/2026\/01\/32Five-Balaclava-ProduktSeite-NoLimits-black_e7e36288-79ff-42d7-9689-f77d47953541.jpeg\",\"datePublished\":\"2026-01-26T11:24:57+00:00\",\"dateModified\":\"2026-02-27T11:05:48+00:00\",\"description\":\"32Five karting-balaclava i \u00e5ndbar, let polyester for komfort hele dagen. S\u00f8ml\u00f8s pasform, designet til at matche dine racehandsker.\",\"breadcrumb\":{\"@id\":\"https:\/\/zamphelmets.co\/da\/vare\/balaclava-no-limits-sort\/#breadcrumb\"},\"inLanguage\":\"da-DK\",\"potentialAction\":[{\"@type\":\"ReadAction\",\"target\":[\"https:\/\/zamphelmets.co\/da\/vare\/balaclava-no-limits-sort\/\"]}]},{\"@type\":\"ImageObject\",\"inLanguage\":\"da-DK\",\"@id\":\"https:\/\/zamphelmets.co\/da\/vare\/balaclava-no-limits-sort\/#primaryimage\",\"url\":\"https:\/\/zamphelmets.co\/wp-content\/uploads\/2026\/01\/32Five-Balaclava-ProduktSeite-NoLimits-black_e7e36288-79ff-42d7-9689-f77d47953541.jpeg\",\"contentUrl\":\"https:\/\/zamphelmets.co\/wp-content\/uploads\/2026\/01\/32Five-Balaclava-ProduktSeite-NoLimits-black_e7e36288-79ff-42d7-9689-f77d47953541.jpeg\",\"width\":1000,\"height\":1000},{\"@type\":\"BreadcrumbList\",\"@id\":\"https:\/\/zamphelmets.co\/da\/vare\/balaclava-no-limits-sort\/#breadcrumb\",\"itemListElement\":[{\"@type\":\"ListItem\",\"position\":1,\"name\":\"Shop\",\"item\":\"https:\/\/zamphelmets.co\/da\/shop\/\"},{\"@type\":\"ListItem\",\"position\":2,\"name\":\"Balaclava NO LIMITS &#8211; Sort\"}]},{\"@type\":\"WebSite\",\"@id\":\"https:\/\/zamphelmets.co\/da\/#website\",\"url\":\"https:\/\/zamphelmets.co\/da\/\",\"name\":\"Zamp Helmets | Helmet 28 EU\",\"description\":\"High Quality Motorsport Helmets\",\"potentialAction\":[{\"@type\":\"SearchAction\",\"target\":{\"@type\":\"EntryPoint\",\"urlTemplate\":\"https:\/\/zamphelmets.co\/da\/?s={search_term_string}\"},\"query-input\":{\"@type\":\"PropertyValueSpecification\",\"valueRequired\":true,\"valueName\":\"search_term_string\"}}],\"inLanguage\":\"da-DK\"}]}<\/script>\n<!-- \/ Yoast SEO plugin. -->","yoast_head_json":{"title":"Balaclava NO LIMITS - Sort - Zamp Helmets | Helmet 28 EU","description":"32Five karting-balaclava i \u00e5ndbar, let polyester for komfort hele dagen. S\u00f8ml\u00f8s pasform, designet til at matche dine racehandsker.","robots":{"index":"index","follow":"follow","max-snippet":"max-snippet:-1","max-image-preview":"max-image-preview:large","max-video-preview":"max-video-preview:-1"},"canonical":"https:\/\/zamphelmets.co\/da\/vare\/balaclava-no-limits-sort\/","og_locale":"da_DK","og_type":"article","og_title":"Balaclava NO LIMITS - Sort - Zamp Helmets | Helmet 28 EU","og_description":"32Five karting-balaclava i \u00e5ndbar, let polyester for komfort hele dagen. S\u00f8ml\u00f8s pasform, designet til at matche dine racehandsker.","og_url":"https:\/\/zamphelmets.co\/da\/vare\/balaclava-no-limits-sort\/","og_site_name":"Zamp Helmets | Helmet 28 EU","article_modified_time":"2026-02-27T11:05:48+00:00","og_image":[{"width":1000,"height":1000,"url":"https:\/\/zamphelmets.co\/wp-content\/uploads\/2026\/01\/32Five-Balaclava-ProduktSeite-NoLimits-black_e7e36288-79ff-42d7-9689-f77d47953541.jpeg","type":"image\/jpeg"}],"twitter_card":"summary_large_image","twitter_misc":{"Est. reading time":"1 minut"},"schema":{"@context":"https:\/\/schema.org","@graph":[{"@type":"WebPage","@id":"https:\/\/zamphelmets.co\/da\/vare\/balaclava-no-limits-sort\/","url":"https:\/\/zamphelmets.co\/da\/vare\/balaclava-no-limits-sort\/","name":"Balaclava NO LIMITS - Sort - Zamp Helmets | Helmet 28 EU","isPartOf":{"@id":"https:\/\/zamphelmets.co\/da\/#website"},"primaryImageOfPage":{"@id":"https:\/\/zamphelmets.co\/da\/vare\/balaclava-no-limits-sort\/#primaryimage"},"image":{"@id":"https:\/\/zamphelmets.co\/da\/vare\/balaclava-no-limits-sort\/#primaryimage"},"thumbnailUrl":"https:\/\/zamphelmets.co\/wp-content\/uploads\/2026\/01\/32Five-Balaclava-ProduktSeite-NoLimits-black_e7e36288-79ff-42d7-9689-f77d47953541.jpeg","datePublished":"2026-01-26T11:24:57+00:00","dateModified":"2026-02-27T11:05:48+00:00","description":"32Five karting-balaclava i \u00e5ndbar, let polyester for komfort hele dagen. S\u00f8ml\u00f8s pasform, designet til at matche dine racehandsker.","breadcrumb":{"@id":"https:\/\/zamphelmets.co\/da\/vare\/balaclava-no-limits-sort\/#breadcrumb"},"inLanguage":"da-DK","potentialAction":[{"@type":"ReadAction","target":["https:\/\/zamphelmets.co\/da\/vare\/balaclava-no-limits-sort\/"]}]},{"@type":"ImageObject","inLanguage":"da-DK","@id":"https:\/\/zamphelmets.co\/da\/vare\/balaclava-no-limits-sort\/#primaryimage","url":"https:\/\/zamphelmets.co\/wp-content\/uploads\/2026\/01\/32Five-Balaclava-ProduktSeite-NoLimits-black_e7e36288-79ff-42d7-9689-f77d47953541.jpeg","contentUrl":"https:\/\/zamphelmets.co\/wp-content\/uploads\/2026\/01\/32Five-Balaclava-ProduktSeite-NoLimits-black_e7e36288-79ff-42d7-9689-f77d47953541.jpeg","width":1000,"height":1000},{"@type":"BreadcrumbList","@id":"https:\/\/zamphelmets.co\/da\/vare\/balaclava-no-limits-sort\/#breadcrumb","itemListElement":[{"@type":"ListItem","position":1,"name":"Shop","item":"https:\/\/zamphelmets.co\/da\/shop\/"},{"@type":"ListItem","position":2,"name":"Balaclava NO LIMITS &#8211; Sort"}]},{"@type":"WebSite","@id":"https:\/\/zamphelmets.co\/da\/#website","url":"https:\/\/zamphelmets.co\/da\/","name":"Zamp Helmets | Helmet 28 EU","description":"High Quality Motorsport Helmets","potentialAction":[{"@type":"SearchAction","target":{"@type":"EntryPoint","urlTemplate":"https:\/\/zamphelmets.co\/da\/?s={search_term_string}"},"query-input":{"@type":"PropertyValueSpecification","valueRequired":true,"valueName":"search_term_string"}}],"inLanguage":"da-DK"}]}},"_links":{"self":[{"href":"https:\/\/zamphelmets.co\/da\/wp-json\/wp\/v2\/product\/206745","targetHints":{"allow":["GET"]}}],"collection":[{"href":"https:\/\/zamphelmets.co\/da\/wp-json\/wp\/v2\/product"}],"about":[{"href":"https:\/\/zamphelmets.co\/da\/wp-json\/wp\/v2\/types\/product"}],"replies":[{"embeddable":true,"href":"https:\/\/zamphelmets.co\/da\/wp-json\/wp\/v2\/comments?post=206745"}],"wp:featuredmedia":[{"embeddable":true,"href":"https:\/\/zamphelmets.co\/da\/wp-json\/wp\/v2\/media\/189931"}],"wp:attachment":[{"href":"https:\/\/zamphelmets.co\/da\/wp-json\/wp\/v2\/media?parent=206745"}],"wp:term":[{"taxonomy":"product_brand","embeddable":true,"href":"https:\/\/zamphelmets.co\/da\/wp-json\/wp\/v2\/product_brand?post=206745"},{"taxonomy":"product_cat","embeddable":true,"href":"https:\/\/zamphelmets.co\/da\/wp-json\/wp\/v2\/product_cat?post=206745"},{"taxonomy":"product_tag","embeddable":true,"href":"https:\/\/zamphelmets.co\/da\/wp-json\/wp\/v2\/product_tag?post=206745"}],"curies":[{"name":"wp","href":"https:\/\/api.w.org\/{rel}","templated":true}]}}