{"id":206607,"date":"2026-01-26T11:26:37","date_gmt":"2026-01-26T11:26:37","guid":{"rendered":"https:\/\/zamphelmets.co\/product\/balaclava-no-limits-fluo-gul-groen\/"},"modified":"2026-02-27T10:42:04","modified_gmt":"2026-02-27T10:42:04","slug":"balaclava-no-limits-fluo-gul-groen","status":"publish","type":"product","link":"https:\/\/zamphelmets.co\/da\/vare\/balaclava-no-limits-fluo-gul-groen\/","title":{"rendered":"Balaclava NO LIMITS &#8211; Fluo gul\/gr\u00f8n"},"content":{"rendered":"<p><span style=\"font-weight: 400;\">G\u00f8r dit race-day-look komplet med <strong>32Five PUSH YOUR LIMIT Balaclava<\/strong> \u2014 en helt ny tilf\u00f8jelse til b\u00e5de 32Five-sortimentet og Helmet 28-udvalget.<\/span><\/p>\n<p><span style=\"font-weight: 400;\">Designet til at <strong>matche dine yndlings 32Five-karthandsker perfekt<\/strong> giver denne balaclava den ideelle balance mellem performance, komfort og stil. Uanset om du k\u00f8rer i st\u00e6rke farver eller foretr\u00e6kker et rent, performance-drevet look, er det den sidste detalje, der l\u00f8fter dit setup og holder dig fokuseret, n\u00e5r det g\u00e6lder. <\/span><\/p>\n<p><span style=\"font-weight: 400;\">Fremstillet i <strong>100 % performance-polyester<\/strong> er den ultralet og \u00e5ndbar og sidder perfekt under hjelmen, s\u00e5 du holder dig k\u00f8lig, t\u00f8r og komfortabel \u2014 omgang efter omgang.<\/span><\/p>\n<p><strong>N\u00f8glefunktioner<\/strong><\/p>\n<ul>\n<li><span style=\"font-weight: 400;\">100 % performance-polyester \u2013 let, bl\u00f8d og klar til race<\/span><\/li>\n<li><span style=\"font-weight: 400;\">\u00c5ndbar &amp; svedtransporterende \u2013 hj\u00e6lper med at regulere temperaturen og h\u00e5ndtere sved<\/span><\/li>\n<li><span style=\"font-weight: 400;\">S\u00f8ml\u00f8s pasform under hjelmen \u2013 designet til komfort med enhver hjelm<\/span><\/li>\n<li><span style=\"font-weight: 400;\">Holdbar konstruktion \u2013 bygget til at klare race-day-kravene<\/span><\/li>\n<li><span style=\"font-weight: 400;\">Unisex | One size passer de fleste<\/span><\/li>\n<\/ul>\n<p><span style=\"font-weight: 400;\">Perfekt til karting- og motorsportk\u00f8rere, der vil have racewear, der performer lige s\u00e5 h\u00e5rdt som dem \u2014 <strong>32Five PUSH YOUR LIMIT Balaclava<\/strong> er lavet til at holde hele vejen.<\/span><\/p>\n","protected":false},"excerpt":{"rendered":"<p>G\u00f8r dit race-day-look komplet med 32Five PUSH YOUR LIMIT Balaclava \u2014 en helt ny tilf\u00f8jelse til b\u00e5de 32Five-sortimentet og Helmet 28-udvalget. Designet til at matche dine yndlings 32Five-karthandsker perfekt giver denne balaclava den ideelle balance mellem performance, komfort og stil. Uanset om du k\u00f8rer i st\u00e6rke farver eller foretr\u00e6kker et rent, performance-drevet look, er det [&hellip;]<\/p>\n","protected":false},"featured_media":190148,"comment_status":"open","ping_status":"closed","template":"","meta":{"_acf_changed":false,"_iconic_wsb_product_page_order_bump_ids":[[]],"_sku":["32Five-Balaclava-006-C"],"_iconic_wsb_product_page_bump_modal_ids":[[]]},"product_brand":[],"product_cat":[482,283,195],"product_tag":[],"class_list":{"0":"post-206607","1":"product","2":"type-product","3":"status-publish","4":"has-post-thumbnail","6":"product_cat-32five","7":"product_cat-beskyttelse","8":"product_cat-beskyttelse-beklaedning","10":"first","11":"instock","12":"taxable","13":"shipping-taxable","14":"purchasable","15":"product-type-simple"},"acf":[],"yoast_head":"<!-- This site is optimized with the Yoast SEO plugin v27.0 - https:\/\/yoast.com\/product\/yoast-seo-wordpress\/ -->\n<title>Balaclava NO LIMITS - Fluo gul\/gr\u00f8n - Zamp Helmets | Helmet 28 EU<\/title>\n<meta name=\"description\" content=\"32Five PUSH YOUR LIMIT balaclava i \u00e5ndbart, let polyester for komfort hele dagen. S\u00f8ml\u00f8s pasform til karting og motorsport.\" \/>\n<meta name=\"robots\" content=\"index, follow, max-snippet:-1, max-image-preview:large, max-video-preview:-1\" \/>\n<link rel=\"canonical\" href=\"https:\/\/zamphelmets.co\/da\/vare\/balaclava-no-limits-fluo-gul-groen\/\" \/>\n<meta property=\"og:locale\" content=\"da_DK\" \/>\n<meta property=\"og:type\" content=\"article\" \/>\n<meta property=\"og:title\" content=\"Balaclava NO LIMITS - Fluo gul\/gr\u00f8n - Zamp Helmets | Helmet 28 EU\" \/>\n<meta property=\"og:description\" content=\"32Five PUSH YOUR LIMIT balaclava i \u00e5ndbart, let polyester for komfort hele dagen. S\u00f8ml\u00f8s pasform til karting og motorsport.\" \/>\n<meta property=\"og:url\" content=\"https:\/\/zamphelmets.co\/da\/vare\/balaclava-no-limits-fluo-gul-groen\/\" \/>\n<meta property=\"og:site_name\" content=\"Zamp Helmets | Helmet 28 EU\" \/>\n<meta property=\"article:modified_time\" content=\"2026-02-27T10:42:04+00:00\" \/>\n<meta property=\"og:image\" content=\"https:\/\/zamphelmets.co\/wp-content\/uploads\/2026\/01\/Unknown.jpeg\" \/>\n\t<meta property=\"og:image:width\" content=\"960\" \/>\n\t<meta property=\"og:image:height\" content=\"960\" \/>\n\t<meta property=\"og:image:type\" content=\"image\/jpeg\" \/>\n<meta name=\"twitter:card\" content=\"summary_large_image\" \/>\n<meta name=\"twitter:label1\" content=\"Est. reading time\" \/>\n\t<meta name=\"twitter:data1\" content=\"1 minut\" \/>\n<script type=\"application\/ld+json\" class=\"yoast-schema-graph\">{\"@context\":\"https:\/\/schema.org\",\"@graph\":[{\"@type\":\"WebPage\",\"@id\":\"https:\/\/zamphelmets.co\/da\/vare\/balaclava-no-limits-fluo-gul-groen\/\",\"url\":\"https:\/\/zamphelmets.co\/da\/vare\/balaclava-no-limits-fluo-gul-groen\/\",\"name\":\"Balaclava NO LIMITS - Fluo gul\/gr\u00f8n - Zamp Helmets | Helmet 28 EU\",\"isPartOf\":{\"@id\":\"https:\/\/zamphelmets.co\/da\/#website\"},\"primaryImageOfPage\":{\"@id\":\"https:\/\/zamphelmets.co\/da\/vare\/balaclava-no-limits-fluo-gul-groen\/#primaryimage\"},\"image\":{\"@id\":\"https:\/\/zamphelmets.co\/da\/vare\/balaclava-no-limits-fluo-gul-groen\/#primaryimage\"},\"thumbnailUrl\":\"https:\/\/zamphelmets.co\/wp-content\/uploads\/2026\/01\/Unknown.jpeg\",\"datePublished\":\"2026-01-26T11:26:37+00:00\",\"dateModified\":\"2026-02-27T10:42:04+00:00\",\"description\":\"32Five PUSH YOUR LIMIT balaclava i \u00e5ndbart, let polyester for komfort hele dagen. S\u00f8ml\u00f8s pasform til karting og motorsport.\",\"breadcrumb\":{\"@id\":\"https:\/\/zamphelmets.co\/da\/vare\/balaclava-no-limits-fluo-gul-groen\/#breadcrumb\"},\"inLanguage\":\"da-DK\",\"potentialAction\":[{\"@type\":\"ReadAction\",\"target\":[\"https:\/\/zamphelmets.co\/da\/vare\/balaclava-no-limits-fluo-gul-groen\/\"]}]},{\"@type\":\"ImageObject\",\"inLanguage\":\"da-DK\",\"@id\":\"https:\/\/zamphelmets.co\/da\/vare\/balaclava-no-limits-fluo-gul-groen\/#primaryimage\",\"url\":\"https:\/\/zamphelmets.co\/wp-content\/uploads\/2026\/01\/Unknown.jpeg\",\"contentUrl\":\"https:\/\/zamphelmets.co\/wp-content\/uploads\/2026\/01\/Unknown.jpeg\",\"width\":960,\"height\":960},{\"@type\":\"BreadcrumbList\",\"@id\":\"https:\/\/zamphelmets.co\/da\/vare\/balaclava-no-limits-fluo-gul-groen\/#breadcrumb\",\"itemListElement\":[{\"@type\":\"ListItem\",\"position\":1,\"name\":\"Shop\",\"item\":\"https:\/\/zamphelmets.co\/da\/shop\/\"},{\"@type\":\"ListItem\",\"position\":2,\"name\":\"Balaclava NO LIMITS &#8211; Fluo gul\/gr\u00f8n\"}]},{\"@type\":\"WebSite\",\"@id\":\"https:\/\/zamphelmets.co\/da\/#website\",\"url\":\"https:\/\/zamphelmets.co\/da\/\",\"name\":\"Zamp Helmets | Helmet 28 EU\",\"description\":\"High Quality Motorsport Helmets\",\"potentialAction\":[{\"@type\":\"SearchAction\",\"target\":{\"@type\":\"EntryPoint\",\"urlTemplate\":\"https:\/\/zamphelmets.co\/da\/?s={search_term_string}\"},\"query-input\":{\"@type\":\"PropertyValueSpecification\",\"valueRequired\":true,\"valueName\":\"search_term_string\"}}],\"inLanguage\":\"da-DK\"}]}<\/script>\n<!-- \/ Yoast SEO plugin. -->","yoast_head_json":{"title":"Balaclava NO LIMITS - Fluo gul\/gr\u00f8n - Zamp Helmets | Helmet 28 EU","description":"32Five PUSH YOUR LIMIT balaclava i \u00e5ndbart, let polyester for komfort hele dagen. S\u00f8ml\u00f8s pasform til karting og motorsport.","robots":{"index":"index","follow":"follow","max-snippet":"max-snippet:-1","max-image-preview":"max-image-preview:large","max-video-preview":"max-video-preview:-1"},"canonical":"https:\/\/zamphelmets.co\/da\/vare\/balaclava-no-limits-fluo-gul-groen\/","og_locale":"da_DK","og_type":"article","og_title":"Balaclava NO LIMITS - Fluo gul\/gr\u00f8n - Zamp Helmets | Helmet 28 EU","og_description":"32Five PUSH YOUR LIMIT balaclava i \u00e5ndbart, let polyester for komfort hele dagen. S\u00f8ml\u00f8s pasform til karting og motorsport.","og_url":"https:\/\/zamphelmets.co\/da\/vare\/balaclava-no-limits-fluo-gul-groen\/","og_site_name":"Zamp Helmets | Helmet 28 EU","article_modified_time":"2026-02-27T10:42:04+00:00","og_image":[{"width":960,"height":960,"url":"https:\/\/zamphelmets.co\/wp-content\/uploads\/2026\/01\/Unknown.jpeg","type":"image\/jpeg"}],"twitter_card":"summary_large_image","twitter_misc":{"Est. reading time":"1 minut"},"schema":{"@context":"https:\/\/schema.org","@graph":[{"@type":"WebPage","@id":"https:\/\/zamphelmets.co\/da\/vare\/balaclava-no-limits-fluo-gul-groen\/","url":"https:\/\/zamphelmets.co\/da\/vare\/balaclava-no-limits-fluo-gul-groen\/","name":"Balaclava NO LIMITS - Fluo gul\/gr\u00f8n - Zamp Helmets | Helmet 28 EU","isPartOf":{"@id":"https:\/\/zamphelmets.co\/da\/#website"},"primaryImageOfPage":{"@id":"https:\/\/zamphelmets.co\/da\/vare\/balaclava-no-limits-fluo-gul-groen\/#primaryimage"},"image":{"@id":"https:\/\/zamphelmets.co\/da\/vare\/balaclava-no-limits-fluo-gul-groen\/#primaryimage"},"thumbnailUrl":"https:\/\/zamphelmets.co\/wp-content\/uploads\/2026\/01\/Unknown.jpeg","datePublished":"2026-01-26T11:26:37+00:00","dateModified":"2026-02-27T10:42:04+00:00","description":"32Five PUSH YOUR LIMIT balaclava i \u00e5ndbart, let polyester for komfort hele dagen. S\u00f8ml\u00f8s pasform til karting og motorsport.","breadcrumb":{"@id":"https:\/\/zamphelmets.co\/da\/vare\/balaclava-no-limits-fluo-gul-groen\/#breadcrumb"},"inLanguage":"da-DK","potentialAction":[{"@type":"ReadAction","target":["https:\/\/zamphelmets.co\/da\/vare\/balaclava-no-limits-fluo-gul-groen\/"]}]},{"@type":"ImageObject","inLanguage":"da-DK","@id":"https:\/\/zamphelmets.co\/da\/vare\/balaclava-no-limits-fluo-gul-groen\/#primaryimage","url":"https:\/\/zamphelmets.co\/wp-content\/uploads\/2026\/01\/Unknown.jpeg","contentUrl":"https:\/\/zamphelmets.co\/wp-content\/uploads\/2026\/01\/Unknown.jpeg","width":960,"height":960},{"@type":"BreadcrumbList","@id":"https:\/\/zamphelmets.co\/da\/vare\/balaclava-no-limits-fluo-gul-groen\/#breadcrumb","itemListElement":[{"@type":"ListItem","position":1,"name":"Shop","item":"https:\/\/zamphelmets.co\/da\/shop\/"},{"@type":"ListItem","position":2,"name":"Balaclava NO LIMITS &#8211; Fluo gul\/gr\u00f8n"}]},{"@type":"WebSite","@id":"https:\/\/zamphelmets.co\/da\/#website","url":"https:\/\/zamphelmets.co\/da\/","name":"Zamp Helmets | Helmet 28 EU","description":"High Quality Motorsport Helmets","potentialAction":[{"@type":"SearchAction","target":{"@type":"EntryPoint","urlTemplate":"https:\/\/zamphelmets.co\/da\/?s={search_term_string}"},"query-input":{"@type":"PropertyValueSpecification","valueRequired":true,"valueName":"search_term_string"}}],"inLanguage":"da-DK"}]}},"_links":{"self":[{"href":"https:\/\/zamphelmets.co\/da\/wp-json\/wp\/v2\/product\/206607","targetHints":{"allow":["GET"]}}],"collection":[{"href":"https:\/\/zamphelmets.co\/da\/wp-json\/wp\/v2\/product"}],"about":[{"href":"https:\/\/zamphelmets.co\/da\/wp-json\/wp\/v2\/types\/product"}],"replies":[{"embeddable":true,"href":"https:\/\/zamphelmets.co\/da\/wp-json\/wp\/v2\/comments?post=206607"}],"wp:featuredmedia":[{"embeddable":true,"href":"https:\/\/zamphelmets.co\/da\/wp-json\/wp\/v2\/media\/190148"}],"wp:attachment":[{"href":"https:\/\/zamphelmets.co\/da\/wp-json\/wp\/v2\/media?parent=206607"}],"wp:term":[{"taxonomy":"product_brand","embeddable":true,"href":"https:\/\/zamphelmets.co\/da\/wp-json\/wp\/v2\/product_brand?post=206607"},{"taxonomy":"product_cat","embeddable":true,"href":"https:\/\/zamphelmets.co\/da\/wp-json\/wp\/v2\/product_cat?post=206607"},{"taxonomy":"product_tag","embeddable":true,"href":"https:\/\/zamphelmets.co\/da\/wp-json\/wp\/v2\/product_tag?post=206607"}],"curies":[{"name":"wp","href":"https:\/\/api.w.org\/{rel}","templated":true}]}}