{"id":205538,"date":"2026-01-26T11:26:09","date_gmt":"2026-01-26T11:26:09","guid":{"rendered":"https:\/\/zamphelmets.co\/product\/use-more-kerb-x-32five\/"},"modified":"2026-02-27T10:51:21","modified_gmt":"2026-02-27T10:51:21","slug":"use-more-kerb-x-32five","status":"publish","type":"product","link":"https:\/\/zamphelmets.co\/da\/vare\/use-more-kerb-x-32five\/","title":{"rendered":"USE.MORE.KERB x 32Five"},"content":{"rendered":"<div class=\"container\">\n<div id=\"content\" class=\"site-content\">\n<div id=\"primary\" class=\"content-area\">\n<p><span style=\"font-weight: 400;\">Til k\u00f8rere, der presser h\u00e5rdere, bremser senere og lever p\u00e5 kanten af banen.<\/span><\/p>\n<p><span style=\"font-weight: 400;\">Udviklet i samarbejde med <strong>professionel racerk\u00f8rer og N\u00fcrburgring-specialist Brad Philpot<\/strong> oms\u00e6tter <strong>USE MORE KERB-handskerne<\/strong> en aggressiv racermentalitet til en handske bygget til \u00e6gte performance p\u00e5 banen. Designet til at skille sig ud visuelt og levere, hvor det t\u00e6ller mest, kombinerer denne udgave et modigt look med raceafpr\u00f8vet konstruktion. <\/span><\/p>\n<p><strong>N\u00f8glefunktioner &amp; detaljer<\/strong><\/p>\n<ul>\n<li><strong>Brad Philpot-samarbejde | \u201cUSEMOREKERB\u201d<\/strong><\/li>\n<\/ul>\n<p><span style=\"font-weight: 400;\">Skabt med direkte input fra en professionel racerk\u00f8rer, der bringer \u00e6gte race-day-indsigt ind i 32Five-designsproget.<\/span><\/p>\n<ul>\n<li><strong>Modig farvekombination<\/strong><\/li>\n<\/ul>\n<p><span style=\"font-weight: 400;\">Fluorescerende gr\u00f8n og pink design inspireret af Bradleys umiskendelige racerstil \u2014 bygget til at skille sig ud p\u00e5 gridden og i hvert eneste apex.<\/span><\/p>\n<ul>\n<li><strong>Udvendig s\u00f8mkonstruktion<\/strong><\/li>\n<\/ul>\n<p><span style=\"font-weight: 400;\">Udvendige syninger reducerer indvendige trykpunkter og friktion og giver bedre komfort og holdbarhed under lange sessions.<\/span><\/p>\n<ul>\n<li><strong>\u00c5ndbart overmateriale<\/strong><\/li>\n<\/ul>\n<p><span style=\"font-weight: 400;\">Let, bl\u00f8dt og meget \u00e5ndbart, s\u00e5 h\u00e6nderne holdes k\u00f8lige, mens den klare, h\u00f8jintense farve bevares.<\/span><\/p>\n<ul>\n<li><strong>DriveSkin\u2122-h\u00e5ndfladeteknologi<\/strong><\/li>\n<\/ul>\n<p><span style=\"font-weight: 400;\">H\u00e5ndflademateriale med h\u00f8j friktion, udviklet til pr\u00e6cis feedback i styret\u00f8jet, fremragende slidstyrke og fuld kontrol.<\/span><\/p>\n<ul>\n<li><strong>Forb\u00f8jet ergonomisk pasform<\/strong><\/li>\n<\/ul>\n<p><span style=\"font-weight: 400;\">Forformet facon st\u00f8tter en naturlig h\u00e5ndposition, hj\u00e6lper med at reducere tr\u00e6thed og holde fokus omgang efter omgang.<\/span><\/p>\n<ul>\n<li><strong>Signaturdetalje med r\u00f8d fingerspids<\/strong><\/li>\n<\/ul>\n<p><span style=\"font-weight: 400;\">En afsluttende detalje, der understreger 32Five\u2019s premium designidentitet.<\/span><\/p>\n<p><strong>Bygget til at blive k\u00f8rt h\u00e5rdt, stylet til at v\u00e6re umiskendelig og udviklet uden kompromis.<\/strong><\/p>\n<p><img decoding=\"async\" class=\"alignnone wp-image-222671 lazyload\" data-src=\"https:\/\/zamphelmets.co\/wp-content\/uploads\/2026\/01\/32F-SizeGuide-25-V1-scaled.webp\" alt=\"\" width=\"545\" height=\"293\" data-srcset=\"https:\/\/zamphelmets.co\/wp-content\/uploads\/2026\/01\/32F-SizeGuide-25-V1-scaled.webp 2560w, https:\/\/zamphelmets.co\/wp-content\/uploads\/2026\/01\/32F-SizeGuide-25-V1-300x161.webp 300w, https:\/\/zamphelmets.co\/wp-content\/uploads\/2026\/01\/32F-SizeGuide-25-V1-1024x551.webp 1024w, https:\/\/zamphelmets.co\/wp-content\/uploads\/2026\/01\/32F-SizeGuide-25-V1-768x413.webp 768w, https:\/\/zamphelmets.co\/wp-content\/uploads\/2026\/01\/32F-SizeGuide-25-V1-1536x826.webp 1536w, https:\/\/zamphelmets.co\/wp-content\/uploads\/2026\/01\/32F-SizeGuide-25-V1-2048x1101.webp 2048w, https:\/\/zamphelmets.co\/wp-content\/uploads\/2026\/01\/32F-SizeGuide-25-V1-600x323.webp 600w\" data-sizes=\"(max-width: 545px) 100vw, 545px\" src=\"data:image\/svg+xml;base64,PHN2ZyB3aWR0aD0iMSIgaGVpZ2h0PSIxIiB4bWxucz0iaHR0cDovL3d3dy53My5vcmcvMjAwMC9zdmciPjwvc3ZnPg==\" style=\"--smush-placeholder-width: 545px; --smush-placeholder-aspect-ratio: 545\/293;\" \/><\/p>\n<\/div>\n<\/div>\n<\/div>\n","protected":false},"excerpt":{"rendered":"<p>Til k\u00f8rere, der presser h\u00e5rdere, bremser senere og lever p\u00e5 kanten af banen. Udviklet i samarbejde med professionel racerk\u00f8rer og N\u00fcrburgring-specialist Brad Philpot oms\u00e6tter USE MORE KERB-handskerne en aggressiv racermentalitet til en handske bygget til \u00e6gte performance p\u00e5 banen. Designet til at skille sig ud visuelt og levere, hvor det t\u00e6ller mest, kombinerer denne udgave [&hellip;]<\/p>\n","protected":false},"featured_media":190085,"comment_status":"open","ping_status":"closed","template":"","meta":{"_acf_changed":false,"_iconic_wsb_product_page_order_bump_ids":[[]],"_sku":[],"_iconic_wsb_product_page_bump_modal_ids":[[]]},"product_brand":[],"product_cat":[482,283,195],"product_tag":[],"class_list":{"0":"post-205538","1":"product","2":"type-product","3":"status-publish","4":"has-post-thumbnail","6":"product_cat-32five","7":"product_cat-beskyttelse","8":"product_cat-beskyttelse-beklaedning","10":"first","11":"instock","12":"taxable","13":"shipping-taxable","14":"purchasable","15":"product-type-variable"},"acf":[],"yoast_head":"<!-- This site is optimized with the Yoast SEO plugin v27.0 - https:\/\/yoast.com\/product\/yoast-seo-wordpress\/ -->\n<title>32Five USE.MORE.KERB x 32Five - Premium kartinghandsker<\/title>\n<meta name=\"description\" content=\"32Five x Brad Philpot USE MORE KERB-karthandsker leverer en aggressiv stil, DriveSkin-greb og raceafpr\u00f8vet komfort til k\u00f8rere, der presser h\u00e5rdere.\" \/>\n<meta name=\"robots\" content=\"index, follow, max-snippet:-1, max-image-preview:large, max-video-preview:-1\" \/>\n<link rel=\"canonical\" href=\"https:\/\/zamphelmets.co\/da\/vare\/use-more-kerb-x-32five\/\" \/>\n<meta property=\"og:locale\" content=\"da_DK\" \/>\n<meta property=\"og:type\" content=\"article\" \/>\n<meta property=\"og:title\" content=\"32Five USE.MORE.KERB x 32Five - Premium kartinghandsker\" \/>\n<meta property=\"og:description\" content=\"32Five x Brad Philpot USE MORE KERB-karthandsker leverer en aggressiv stil, DriveSkin-greb og raceafpr\u00f8vet komfort til k\u00f8rere, der presser h\u00e5rdere.\" \/>\n<meta property=\"og:url\" content=\"https:\/\/zamphelmets.co\/da\/vare\/use-more-kerb-x-32five\/\" \/>\n<meta property=\"og:site_name\" content=\"Zamp Helmets | Helmet 28 EU\" \/>\n<meta property=\"article:modified_time\" content=\"2026-02-27T10:51:21+00:00\" \/>\n<meta property=\"og:image\" content=\"https:\/\/zamphelmets.co\/wp-content\/uploads\/2026\/01\/usemorekerb.jpeg\" \/>\n\t<meta property=\"og:image:width\" content=\"943\" \/>\n\t<meta property=\"og:image:height\" content=\"1000\" \/>\n\t<meta property=\"og:image:type\" content=\"image\/jpeg\" \/>\n<meta name=\"twitter:card\" content=\"summary_large_image\" \/>\n<meta name=\"twitter:label1\" content=\"Est. reading time\" \/>\n\t<meta name=\"twitter:data1\" content=\"1 minut\" \/>\n<script type=\"application\/ld+json\" class=\"yoast-schema-graph\">{\"@context\":\"https:\/\/schema.org\",\"@graph\":[{\"@type\":\"WebPage\",\"@id\":\"https:\/\/zamphelmets.co\/da\/vare\/use-more-kerb-x-32five\/\",\"url\":\"https:\/\/zamphelmets.co\/da\/vare\/use-more-kerb-x-32five\/\",\"name\":\"32Five USE.MORE.KERB x 32Five - Premium kartinghandsker\",\"isPartOf\":{\"@id\":\"https:\/\/zamphelmets.co\/da\/#website\"},\"primaryImageOfPage\":{\"@id\":\"https:\/\/zamphelmets.co\/da\/vare\/use-more-kerb-x-32five\/#primaryimage\"},\"image\":{\"@id\":\"https:\/\/zamphelmets.co\/da\/vare\/use-more-kerb-x-32five\/#primaryimage\"},\"thumbnailUrl\":\"https:\/\/zamphelmets.co\/wp-content\/uploads\/2026\/01\/usemorekerb.jpeg\",\"datePublished\":\"2026-01-26T11:26:09+00:00\",\"dateModified\":\"2026-02-27T10:51:21+00:00\",\"description\":\"32Five x Brad Philpot USE MORE KERB-karthandsker leverer en aggressiv stil, DriveSkin-greb og raceafpr\u00f8vet komfort til k\u00f8rere, der presser h\u00e5rdere.\",\"breadcrumb\":{\"@id\":\"https:\/\/zamphelmets.co\/da\/vare\/use-more-kerb-x-32five\/#breadcrumb\"},\"inLanguage\":\"da-DK\",\"potentialAction\":[{\"@type\":\"ReadAction\",\"target\":[\"https:\/\/zamphelmets.co\/da\/vare\/use-more-kerb-x-32five\/\"]}]},{\"@type\":\"ImageObject\",\"inLanguage\":\"da-DK\",\"@id\":\"https:\/\/zamphelmets.co\/da\/vare\/use-more-kerb-x-32five\/#primaryimage\",\"url\":\"https:\/\/zamphelmets.co\/wp-content\/uploads\/2026\/01\/usemorekerb.jpeg\",\"contentUrl\":\"https:\/\/zamphelmets.co\/wp-content\/uploads\/2026\/01\/usemorekerb.jpeg\",\"width\":943,\"height\":1000},{\"@type\":\"BreadcrumbList\",\"@id\":\"https:\/\/zamphelmets.co\/da\/vare\/use-more-kerb-x-32five\/#breadcrumb\",\"itemListElement\":[{\"@type\":\"ListItem\",\"position\":1,\"name\":\"Shop\",\"item\":\"https:\/\/zamphelmets.co\/da\/shop\/\"},{\"@type\":\"ListItem\",\"position\":2,\"name\":\"USE.MORE.KERB x 32Five\"}]},{\"@type\":\"WebSite\",\"@id\":\"https:\/\/zamphelmets.co\/da\/#website\",\"url\":\"https:\/\/zamphelmets.co\/da\/\",\"name\":\"Zamp Helmets | Helmet 28 EU\",\"description\":\"High Quality Motorsport Helmets\",\"potentialAction\":[{\"@type\":\"SearchAction\",\"target\":{\"@type\":\"EntryPoint\",\"urlTemplate\":\"https:\/\/zamphelmets.co\/da\/?s={search_term_string}\"},\"query-input\":{\"@type\":\"PropertyValueSpecification\",\"valueRequired\":true,\"valueName\":\"search_term_string\"}}],\"inLanguage\":\"da-DK\"}]}<\/script>\n<!-- \/ Yoast SEO plugin. -->","yoast_head_json":{"title":"32Five USE.MORE.KERB x 32Five - Premium kartinghandsker","description":"32Five x Brad Philpot USE MORE KERB-karthandsker leverer en aggressiv stil, DriveSkin-greb og raceafpr\u00f8vet komfort til k\u00f8rere, der presser h\u00e5rdere.","robots":{"index":"index","follow":"follow","max-snippet":"max-snippet:-1","max-image-preview":"max-image-preview:large","max-video-preview":"max-video-preview:-1"},"canonical":"https:\/\/zamphelmets.co\/da\/vare\/use-more-kerb-x-32five\/","og_locale":"da_DK","og_type":"article","og_title":"32Five USE.MORE.KERB x 32Five - Premium kartinghandsker","og_description":"32Five x Brad Philpot USE MORE KERB-karthandsker leverer en aggressiv stil, DriveSkin-greb og raceafpr\u00f8vet komfort til k\u00f8rere, der presser h\u00e5rdere.","og_url":"https:\/\/zamphelmets.co\/da\/vare\/use-more-kerb-x-32five\/","og_site_name":"Zamp Helmets | Helmet 28 EU","article_modified_time":"2026-02-27T10:51:21+00:00","og_image":[{"width":943,"height":1000,"url":"https:\/\/zamphelmets.co\/wp-content\/uploads\/2026\/01\/usemorekerb.jpeg","type":"image\/jpeg"}],"twitter_card":"summary_large_image","twitter_misc":{"Est. reading time":"1 minut"},"schema":{"@context":"https:\/\/schema.org","@graph":[{"@type":"WebPage","@id":"https:\/\/zamphelmets.co\/da\/vare\/use-more-kerb-x-32five\/","url":"https:\/\/zamphelmets.co\/da\/vare\/use-more-kerb-x-32five\/","name":"32Five USE.MORE.KERB x 32Five - Premium kartinghandsker","isPartOf":{"@id":"https:\/\/zamphelmets.co\/da\/#website"},"primaryImageOfPage":{"@id":"https:\/\/zamphelmets.co\/da\/vare\/use-more-kerb-x-32five\/#primaryimage"},"image":{"@id":"https:\/\/zamphelmets.co\/da\/vare\/use-more-kerb-x-32five\/#primaryimage"},"thumbnailUrl":"https:\/\/zamphelmets.co\/wp-content\/uploads\/2026\/01\/usemorekerb.jpeg","datePublished":"2026-01-26T11:26:09+00:00","dateModified":"2026-02-27T10:51:21+00:00","description":"32Five x Brad Philpot USE MORE KERB-karthandsker leverer en aggressiv stil, DriveSkin-greb og raceafpr\u00f8vet komfort til k\u00f8rere, der presser h\u00e5rdere.","breadcrumb":{"@id":"https:\/\/zamphelmets.co\/da\/vare\/use-more-kerb-x-32five\/#breadcrumb"},"inLanguage":"da-DK","potentialAction":[{"@type":"ReadAction","target":["https:\/\/zamphelmets.co\/da\/vare\/use-more-kerb-x-32five\/"]}]},{"@type":"ImageObject","inLanguage":"da-DK","@id":"https:\/\/zamphelmets.co\/da\/vare\/use-more-kerb-x-32five\/#primaryimage","url":"https:\/\/zamphelmets.co\/wp-content\/uploads\/2026\/01\/usemorekerb.jpeg","contentUrl":"https:\/\/zamphelmets.co\/wp-content\/uploads\/2026\/01\/usemorekerb.jpeg","width":943,"height":1000},{"@type":"BreadcrumbList","@id":"https:\/\/zamphelmets.co\/da\/vare\/use-more-kerb-x-32five\/#breadcrumb","itemListElement":[{"@type":"ListItem","position":1,"name":"Shop","item":"https:\/\/zamphelmets.co\/da\/shop\/"},{"@type":"ListItem","position":2,"name":"USE.MORE.KERB x 32Five"}]},{"@type":"WebSite","@id":"https:\/\/zamphelmets.co\/da\/#website","url":"https:\/\/zamphelmets.co\/da\/","name":"Zamp Helmets | Helmet 28 EU","description":"High Quality Motorsport Helmets","potentialAction":[{"@type":"SearchAction","target":{"@type":"EntryPoint","urlTemplate":"https:\/\/zamphelmets.co\/da\/?s={search_term_string}"},"query-input":{"@type":"PropertyValueSpecification","valueRequired":true,"valueName":"search_term_string"}}],"inLanguage":"da-DK"}]}},"_links":{"self":[{"href":"https:\/\/zamphelmets.co\/da\/wp-json\/wp\/v2\/product\/205538","targetHints":{"allow":["GET"]}}],"collection":[{"href":"https:\/\/zamphelmets.co\/da\/wp-json\/wp\/v2\/product"}],"about":[{"href":"https:\/\/zamphelmets.co\/da\/wp-json\/wp\/v2\/types\/product"}],"replies":[{"embeddable":true,"href":"https:\/\/zamphelmets.co\/da\/wp-json\/wp\/v2\/comments?post=205538"}],"wp:featuredmedia":[{"embeddable":true,"href":"https:\/\/zamphelmets.co\/da\/wp-json\/wp\/v2\/media\/190085"}],"wp:attachment":[{"href":"https:\/\/zamphelmets.co\/da\/wp-json\/wp\/v2\/media?parent=205538"}],"wp:term":[{"taxonomy":"product_brand","embeddable":true,"href":"https:\/\/zamphelmets.co\/da\/wp-json\/wp\/v2\/product_brand?post=205538"},{"taxonomy":"product_cat","embeddable":true,"href":"https:\/\/zamphelmets.co\/da\/wp-json\/wp\/v2\/product_cat?post=205538"},{"taxonomy":"product_tag","embeddable":true,"href":"https:\/\/zamphelmets.co\/da\/wp-json\/wp\/v2\/product_tag?post=205538"}],"curies":[{"name":"wp","href":"https:\/\/api.w.org\/{rel}","templated":true}]}}