{"id":205253,"date":"2025-08-13T13:16:22","date_gmt":"2025-08-13T13:16:22","guid":{"rendered":"https:\/\/zamphelmets.co\/product\/rz-57v-mat-sort\/"},"modified":"2025-08-13T13:16:22","modified_gmt":"2025-08-13T13:16:22","slug":"rz-57v-mat-sort","status":"publish","type":"product","link":"https:\/\/zamphelmets.co\/da\/vare\/rz-57v-mat-sort\/","title":{"rendered":"RZ 57V mat sort"},"content":{"rendered":"<p data-start=\"225\" data-end=\"589\"><strong data-start=\"229\" data-end=\"251\">Zamp RZ-57V-hjelmen<\/strong> leverer den perfekte balance mellem performance, sikkerhed og pris \u2013 og omdefinerer, hvad \u00e6gte v\u00e6rdi i motorsportsbeskyttelse betyder. Designet med den nyeste <strong data-start=\"422\" data-end=\"449\">Snell SA2025-teknologi<\/strong> er denne lette komposithjelm udviklet til k\u00f8rere, der kr\u00e6ver p\u00e5lidelighed, komfort og moderne performance uden at bruge for mange penge. <\/p>\n<p data-start=\"591\" data-end=\"1016\">Bygget med en <strong data-start=\"604\" data-end=\"634\">komposit-glassfiberskal<\/strong> og bl\u00f8d, flammeh\u00e6mmende inderside \u2013 RZ-57V sikrer langvarig komfort gennem hele l\u00f8bet.<\/p>\n<p data-start=\"1018\" data-end=\"1384\">Med funktioner, du normalt kun finder i hjelme til dobbelt pris, er <strong data-start=\"1078\" data-end=\"1093\">Zamp RZ-57V<\/strong> et alsidigt valg til karting, track days og konkurrencek\u00f8rsel. Den leveres med et <strong data-start=\"1188\" data-end=\"1209\">Z-20 klart visir<\/strong> med tear-off-poster samt <strong data-start=\"1303\" data-end=\"1317\">M6-indsatse<\/strong> til problemfri <strong data-start=\"1331\" data-end=\"1381\">integration af Head &amp; Neck Restraint (HANS)-system<\/strong>. <\/p>\n<h3 data-start=\"1386\" data-end=\"1405\">N\u00f8glefunktioner:<\/h3>\n<ul data-start=\"1406\" data-end=\"1802\">\n<li data-start=\"1406\" data-end=\"1477\">\n<p data-start=\"1408\" data-end=\"1477\"><strong data-start=\"1408\" data-end=\"1450\">Let komposit-glassfiberskal<\/strong> for styrke og komfort<\/p>\n<\/li>\n<li data-start=\"1478\" data-end=\"1543\">\n<p data-start=\"1480\" data-end=\"1543\"><strong data-start=\"1480\" data-end=\"1507\">Minimalistisk frontventilation<\/strong> med ventilations\u00e5bninger i toppen og bagtil for bedre luftflow<\/p>\n<\/li>\n<li data-start=\"1544\" data-end=\"1614\">\n<p data-start=\"1546\" data-end=\"1614\"><strong data-start=\"1546\" data-end=\"1579\">Bl\u00f8d, flammeh\u00e6mmende inderside<\/strong> (kan ikke tages ud) for ekstra sikkerhed<\/p>\n<\/li>\n<li data-start=\"1615\" data-end=\"1700\">\n<p data-start=\"1617\" data-end=\"1700\"><strong data-start=\"1617\" data-end=\"1638\">Z-20 klart visir<\/strong> med tear-off-poster, kompatibelt med banana-style tear-offs<\/p>\n<\/li>\n<li data-start=\"1701\" data-end=\"1745\">\n<p data-start=\"1703\" data-end=\"1745\"><strong data-start=\"1703\" data-end=\"1717\">M6-indsatse<\/strong> til brug med HANS\/HNR-system<\/p>\n<\/li>\n<li data-start=\"1746\" data-end=\"1802\">\n<p data-start=\"1748\" data-end=\"1802\"><strong data-start=\"1748\" data-end=\"1773\">Snell SA2025-godkendt<\/strong> til konkurrence-motorsport<\/p>\n<\/li>\n<\/ul>\n<p data-start=\"1804\" data-end=\"1954\">Uanset om du er ny eller vil tage det n\u00e6ste skridt, giver <strong data-start=\"1852\" data-end=\"1867\">Zamp RZ-57V<\/strong> dig den teknologi, komfort og sikkerhed, du skal bruge for at holde fokus p\u00e5 banen.<\/p>\n","protected":false},"excerpt":{"rendered":"<p>Zamp RZ-57V-hjelmen leverer den perfekte balance mellem performance, sikkerhed og pris \u2013 og omdefinerer, hvad \u00e6gte v\u00e6rdi i motorsportsbeskyttelse betyder. Designet med den nyeste Snell SA2025-teknologi er denne lette komposithjelm udviklet til k\u00f8rere, der kr\u00e6ver p\u00e5lidelighed, komfort og moderne performance uden at bruge for mange penge. Bygget med en komposit-glassfiberskal og bl\u00f8d, flammeh\u00e6mmende inderside \u2013 [&hellip;]<\/p>\n","protected":false},"featured_media":113887,"comment_status":"open","ping_status":"closed","template":"","meta":{"_acf_changed":false,"_iconic_wsb_product_page_order_bump_ids":[[]],"_sku":["H78303F"],"_iconic_wsb_product_page_bump_modal_ids":[[]]},"product_brand":[],"product_cat":[181,225,472,155],"product_tag":[],"class_list":{"0":"post-205253","1":"product","2":"type-product","3":"status-publish","4":"has-post-thumbnail","6":"product_cat-zamp-hjelme","7":"product_cat-ikke-kategoriseret","8":"product_cat-snell-2025","9":"product_cat-zamp-da","11":"first","12":"instock","13":"taxable","14":"shipping-taxable","15":"purchasable","16":"product-type-variable"},"acf":[],"yoast_head":"<!-- This site is optimized with the Yoast SEO plugin v27.0 - https:\/\/yoast.com\/product\/yoast-seo-wordpress\/ -->\n<title>RZ 57V mat sort - Zamp Helmets | Helmet 28 EU<\/title>\n<meta name=\"description\" content=\"K\u00d8B NU \u2013 Snell SA2025-godkendt, let, slidst\u00e6rk og budgetvenlig med Top Air-kompatibilitet for maksimal pr\u00e6station p\u00e5 banen.\" \/>\n<meta name=\"robots\" content=\"index, follow, max-snippet:-1, max-image-preview:large, max-video-preview:-1\" \/>\n<link rel=\"canonical\" href=\"https:\/\/zamphelmets.co\/da\/vare\/rz-57v-mat-sort\/\" \/>\n<meta property=\"og:locale\" content=\"da_DK\" \/>\n<meta property=\"og:type\" content=\"article\" \/>\n<meta property=\"og:title\" content=\"RZ 57V mat sort - Zamp Helmets | Helmet 28 EU\" \/>\n<meta property=\"og:description\" content=\"K\u00d8B NU \u2013 Snell SA2025-godkendt, let, slidst\u00e6rk og budgetvenlig med Top Air-kompatibilitet for maksimal pr\u00e6station p\u00e5 banen.\" \/>\n<meta property=\"og:url\" content=\"https:\/\/zamphelmets.co\/da\/vare\/rz-57v-mat-sort\/\" \/>\n<meta property=\"og:site_name\" content=\"Zamp Helmets | Helmet 28 EU\" \/>\n<meta property=\"og:image\" content=\"https:\/\/zamphelmets.co\/wp-content\/uploads\/2025\/08\/H77203F.jpg\" \/>\n\t<meta property=\"og:image:width\" content=\"1500\" \/>\n\t<meta property=\"og:image:height\" content=\"1500\" \/>\n\t<meta property=\"og:image:type\" content=\"image\/jpeg\" \/>\n<meta name=\"twitter:card\" content=\"summary_large_image\" \/>\n<meta name=\"twitter:label1\" content=\"Est. reading time\" \/>\n\t<meta name=\"twitter:data1\" content=\"1 minut\" \/>\n<script type=\"application\/ld+json\" class=\"yoast-schema-graph\">{\"@context\":\"https:\/\/schema.org\",\"@graph\":[{\"@type\":\"WebPage\",\"@id\":\"https:\/\/zamphelmets.co\/da\/vare\/rz-57v-mat-sort\/\",\"url\":\"https:\/\/zamphelmets.co\/da\/vare\/rz-57v-mat-sort\/\",\"name\":\"RZ 57V mat sort - Zamp Helmets | Helmet 28 EU\",\"isPartOf\":{\"@id\":\"https:\/\/zamphelmets.co\/da\/#website\"},\"primaryImageOfPage\":{\"@id\":\"https:\/\/zamphelmets.co\/da\/vare\/rz-57v-mat-sort\/#primaryimage\"},\"image\":{\"@id\":\"https:\/\/zamphelmets.co\/da\/vare\/rz-57v-mat-sort\/#primaryimage\"},\"thumbnailUrl\":\"https:\/\/zamphelmets.co\/wp-content\/uploads\/2025\/08\/H77203F.jpg\",\"datePublished\":\"2025-08-13T13:16:22+00:00\",\"description\":\"K\u00d8B NU \u2013 Snell SA2025-godkendt, let, slidst\u00e6rk og budgetvenlig med Top Air-kompatibilitet for maksimal pr\u00e6station p\u00e5 banen.\",\"breadcrumb\":{\"@id\":\"https:\/\/zamphelmets.co\/da\/vare\/rz-57v-mat-sort\/#breadcrumb\"},\"inLanguage\":\"da-DK\",\"potentialAction\":[{\"@type\":\"ReadAction\",\"target\":[\"https:\/\/zamphelmets.co\/da\/vare\/rz-57v-mat-sort\/\"]}]},{\"@type\":\"ImageObject\",\"inLanguage\":\"da-DK\",\"@id\":\"https:\/\/zamphelmets.co\/da\/vare\/rz-57v-mat-sort\/#primaryimage\",\"url\":\"https:\/\/zamphelmets.co\/wp-content\/uploads\/2025\/08\/H77203F.jpg\",\"contentUrl\":\"https:\/\/zamphelmets.co\/wp-content\/uploads\/2025\/08\/H77203F.jpg\",\"width\":1500,\"height\":1500},{\"@type\":\"BreadcrumbList\",\"@id\":\"https:\/\/zamphelmets.co\/da\/vare\/rz-57v-mat-sort\/#breadcrumb\",\"itemListElement\":[{\"@type\":\"ListItem\",\"position\":1,\"name\":\"Shop\",\"item\":\"https:\/\/zamphelmets.co\/da\/shop\/\"},{\"@type\":\"ListItem\",\"position\":2,\"name\":\"RZ 57V mat sort\"}]},{\"@type\":\"WebSite\",\"@id\":\"https:\/\/zamphelmets.co\/da\/#website\",\"url\":\"https:\/\/zamphelmets.co\/da\/\",\"name\":\"Zamp Helmets | Helmet 28 EU\",\"description\":\"High Quality Motorsport Helmets\",\"potentialAction\":[{\"@type\":\"SearchAction\",\"target\":{\"@type\":\"EntryPoint\",\"urlTemplate\":\"https:\/\/zamphelmets.co\/da\/?s={search_term_string}\"},\"query-input\":{\"@type\":\"PropertyValueSpecification\",\"valueRequired\":true,\"valueName\":\"search_term_string\"}}],\"inLanguage\":\"da-DK\"}]}<\/script>\n<!-- \/ Yoast SEO plugin. -->","yoast_head_json":{"title":"RZ 57V mat sort - Zamp Helmets | Helmet 28 EU","description":"K\u00d8B NU \u2013 Snell SA2025-godkendt, let, slidst\u00e6rk og budgetvenlig med Top Air-kompatibilitet for maksimal pr\u00e6station p\u00e5 banen.","robots":{"index":"index","follow":"follow","max-snippet":"max-snippet:-1","max-image-preview":"max-image-preview:large","max-video-preview":"max-video-preview:-1"},"canonical":"https:\/\/zamphelmets.co\/da\/vare\/rz-57v-mat-sort\/","og_locale":"da_DK","og_type":"article","og_title":"RZ 57V mat sort - Zamp Helmets | Helmet 28 EU","og_description":"K\u00d8B NU \u2013 Snell SA2025-godkendt, let, slidst\u00e6rk og budgetvenlig med Top Air-kompatibilitet for maksimal pr\u00e6station p\u00e5 banen.","og_url":"https:\/\/zamphelmets.co\/da\/vare\/rz-57v-mat-sort\/","og_site_name":"Zamp Helmets | Helmet 28 EU","og_image":[{"width":1500,"height":1500,"url":"https:\/\/zamphelmets.co\/wp-content\/uploads\/2025\/08\/H77203F.jpg","type":"image\/jpeg"}],"twitter_card":"summary_large_image","twitter_misc":{"Est. reading time":"1 minut"},"schema":{"@context":"https:\/\/schema.org","@graph":[{"@type":"WebPage","@id":"https:\/\/zamphelmets.co\/da\/vare\/rz-57v-mat-sort\/","url":"https:\/\/zamphelmets.co\/da\/vare\/rz-57v-mat-sort\/","name":"RZ 57V mat sort - Zamp Helmets | Helmet 28 EU","isPartOf":{"@id":"https:\/\/zamphelmets.co\/da\/#website"},"primaryImageOfPage":{"@id":"https:\/\/zamphelmets.co\/da\/vare\/rz-57v-mat-sort\/#primaryimage"},"image":{"@id":"https:\/\/zamphelmets.co\/da\/vare\/rz-57v-mat-sort\/#primaryimage"},"thumbnailUrl":"https:\/\/zamphelmets.co\/wp-content\/uploads\/2025\/08\/H77203F.jpg","datePublished":"2025-08-13T13:16:22+00:00","description":"K\u00d8B NU \u2013 Snell SA2025-godkendt, let, slidst\u00e6rk og budgetvenlig med Top Air-kompatibilitet for maksimal pr\u00e6station p\u00e5 banen.","breadcrumb":{"@id":"https:\/\/zamphelmets.co\/da\/vare\/rz-57v-mat-sort\/#breadcrumb"},"inLanguage":"da-DK","potentialAction":[{"@type":"ReadAction","target":["https:\/\/zamphelmets.co\/da\/vare\/rz-57v-mat-sort\/"]}]},{"@type":"ImageObject","inLanguage":"da-DK","@id":"https:\/\/zamphelmets.co\/da\/vare\/rz-57v-mat-sort\/#primaryimage","url":"https:\/\/zamphelmets.co\/wp-content\/uploads\/2025\/08\/H77203F.jpg","contentUrl":"https:\/\/zamphelmets.co\/wp-content\/uploads\/2025\/08\/H77203F.jpg","width":1500,"height":1500},{"@type":"BreadcrumbList","@id":"https:\/\/zamphelmets.co\/da\/vare\/rz-57v-mat-sort\/#breadcrumb","itemListElement":[{"@type":"ListItem","position":1,"name":"Shop","item":"https:\/\/zamphelmets.co\/da\/shop\/"},{"@type":"ListItem","position":2,"name":"RZ 57V mat sort"}]},{"@type":"WebSite","@id":"https:\/\/zamphelmets.co\/da\/#website","url":"https:\/\/zamphelmets.co\/da\/","name":"Zamp Helmets | Helmet 28 EU","description":"High Quality Motorsport Helmets","potentialAction":[{"@type":"SearchAction","target":{"@type":"EntryPoint","urlTemplate":"https:\/\/zamphelmets.co\/da\/?s={search_term_string}"},"query-input":{"@type":"PropertyValueSpecification","valueRequired":true,"valueName":"search_term_string"}}],"inLanguage":"da-DK"}]}},"_links":{"self":[{"href":"https:\/\/zamphelmets.co\/da\/wp-json\/wp\/v2\/product\/205253","targetHints":{"allow":["GET"]}}],"collection":[{"href":"https:\/\/zamphelmets.co\/da\/wp-json\/wp\/v2\/product"}],"about":[{"href":"https:\/\/zamphelmets.co\/da\/wp-json\/wp\/v2\/types\/product"}],"replies":[{"embeddable":true,"href":"https:\/\/zamphelmets.co\/da\/wp-json\/wp\/v2\/comments?post=205253"}],"wp:featuredmedia":[{"embeddable":true,"href":"https:\/\/zamphelmets.co\/da\/wp-json\/wp\/v2\/media\/113887"}],"wp:attachment":[{"href":"https:\/\/zamphelmets.co\/da\/wp-json\/wp\/v2\/media?parent=205253"}],"wp:term":[{"taxonomy":"product_brand","embeddable":true,"href":"https:\/\/zamphelmets.co\/da\/wp-json\/wp\/v2\/product_brand?post=205253"},{"taxonomy":"product_cat","embeddable":true,"href":"https:\/\/zamphelmets.co\/da\/wp-json\/wp\/v2\/product_cat?post=205253"},{"taxonomy":"product_tag","embeddable":true,"href":"https:\/\/zamphelmets.co\/da\/wp-json\/wp\/v2\/product_tag?post=205253"}],"curies":[{"name":"wp","href":"https:\/\/api.w.org\/{rel}","templated":true}]}}