{"id":204980,"date":"2025-10-29T15:13:59","date_gmt":"2025-10-29T15:13:59","guid":{"rendered":"https:\/\/zamphelmets.co\/product\/rz-66c-carbon\/"},"modified":"2026-03-03T10:56:42","modified_gmt":"2026-03-03T10:56:42","slug":"rz-66c-carbon","status":"publish","type":"product","link":"https:\/\/zamphelmets.co\/da\/vare\/rz-66c-carbon\/","title":{"rendered":"RZ 66C Carbon"},"content":{"rendered":"<p>M\u00f8d den helt nye <strong data-start=\"317\" data-end=\"332\">Zamp RZ-66C<\/strong> \u2014 den ultimative high-performance hjelm bygget til racerk\u00f8rere, der kr\u00e6ver letv\u00e6gtskomfort, ventilation i topklasse og aerodynamisk pr\u00e6cision. Designet til udholdenhed og konstrueret til fart kombinerer RZ-66C banebrydende teknologi med raceklar alsidighed, s\u00e5 du kan holde dig k\u00f8lig, fokuseret og hurtig; omgang efter omgang, hver gang. <\/p>\n<p><b>N\u00f8glefunktioner:<\/b><\/p>\n<ul>\n<li style=\"font-weight: 400;\" aria-level=\"1\"><b>Carbon Mix-skal<\/b><span style=\"font-weight: 400;\"> \u2013 Superlet konstruktion, der reducerer tr\u00e6thed hos k\u00f8reren<\/span><\/li>\n<li style=\"font-weight: 400;\" aria-level=\"1\"><b>DDAIR-SYSTEM<\/b><span style=\"font-weight: 400;\"> \u2013 Ny <\/span><b>360\u00b0 Dual-Density Air Channeling<\/b><span style=\"font-weight: 400;\"> for overlegen tvungen luftk\u00f8ling<\/span><\/li>\n<li style=\"font-weight: 400;\" aria-level=\"1\"><b>Avanceret aerodynamik<\/b><span style=\"font-weight: 400;\"> \u2013 Aero Lips integreret i skallen samt tilbeh\u00f8rsmuligheder: justerbar bagspoiler og frontspoiler til hageb\u00f8jlen<\/span><\/li>\n<li style=\"font-weight: 400;\" aria-level=\"1\"><b>TRI-Tech Air System<\/b><span style=\"font-weight: 400;\"> \u2013 Justerbare indtag p\u00e5 toppen af hjelmen og p\u00e5 begge sider af hageb\u00f8jlen til Natural Air, Forced Air eller Air Plugs \u2013 det mest alsidige luftsystem p\u00e5 markedet<\/span><\/li>\n<li style=\"font-weight: 400;\" aria-level=\"1\"><b>28 Series luksusinteri\u00f8r<\/b><span style=\"font-weight: 400;\"> \u2013 Aftagelige, vaskbare, brandh\u00e6mmende ultrabl\u00f8de kindpuder og kronefor<\/span><\/li>\n<li style=\"font-weight: 400;\" aria-level=\"1\"><b>Z-20 Series klar anti-dug-visir<\/b><span style=\"font-weight: 400;\"> \u2013 Udstyret med tear-off-poster med sp\u00e6nding, kompatibel med 12.125&#8243; banana-style tear offs eller Z Optics P208Z Tear Offs<\/span><\/li>\n<li style=\"font-weight: 400;\" aria-level=\"1\"><b>Klar til v\u00e6ske<\/b><span style=\"font-weight: 400;\"> \u2013 Indbygget v\u00e6skeport i midten af hageb\u00f8jlen med aftagelig prop<\/span><\/li>\n<li style=\"font-weight: 400;\" aria-level=\"1\"><b>Klar til audio<\/b><span style=\"font-weight: 400;\"> \u2013 Inkluderer \u00f8rekopper og \u00f8repuder for mindre st\u00f8j og nem integration af kommunikation<\/span><\/li>\n<li style=\"font-weight: 400;\" aria-level=\"1\"><b>M6-inserts<\/b><span style=\"font-weight: 400;\"> \u2013 Kompatibel med Head &amp; Neck Restraint<\/span><\/li>\n<li style=\"font-weight: 400;\" aria-level=\"1\"><b>Snell SA2025-godkendt<\/b><\/li>\n<\/ul>\n<p>Som det er almindeligt i motorsport, varierer vores st\u00f8rrelser afh\u00e6ngigt af hjelmmodellen. Du kan l\u00e6se mere om, hvordan du finder st\u00f8rrelsen p\u00e5 din hjelm <a href=\"https:\/\/zamphelmets.co\/da\/saadan-vaelger-du-den-rigtige-hjelmstoerrelse\/\">her<\/a>.<\/p>\n<p><a href=\"https:\/\/zamphelmets.cohomologation-explained\/\"><strong>Homologering forklaret<\/strong> \u2013 find ud af, hvilken homologering du har brug for<\/a><\/p>\n<p><a href=\"https:\/\/zamphelmets.co\/da\/hans-stolper-hans-og-fhr-udstyr\/\"><strong>FHR \/ HANS-enhed<\/strong> \u2013 hvorn\u00e5r er den p\u00e5kr\u00e6vet?<\/a><\/p>\n<p><img decoding=\"async\" class=\"alignnone wp-image-15017 lazyload\" data-src=\"https:\/\/zamphelmets.eu\/wp-content\/uploads\/2025\/06\/Zamp-Helmets-sizing-guide-4166-x-4166-px-600x600-1.png\" alt=\"\" width=\"494\" height=\"494\" src=\"data:image\/svg+xml;base64,PHN2ZyB3aWR0aD0iMSIgaGVpZ2h0PSIxIiB4bWxucz0iaHR0cDovL3d3dy53My5vcmcvMjAwMC9zdmciPjwvc3ZnPg==\" style=\"--smush-placeholder-width: 494px; --smush-placeholder-aspect-ratio: 494\/494;\"><\/p>\n","protected":false},"excerpt":{"rendered":"<p>M\u00f8d den helt nye Zamp RZ-66C \u2014 den ultimative high-performance hjelm bygget til racerk\u00f8rere, der kr\u00e6ver letv\u00e6gtskomfort, ventilation i topklasse og aerodynamisk pr\u00e6cision. Designet til udholdenhed og konstrueret til fart kombinerer RZ-66C banebrydende teknologi med raceklar alsidighed, s\u00e5 du kan holde dig k\u00f8lig, fokuseret og hurtig; omgang efter omgang, hver gang. N\u00f8glefunktioner: Carbon Mix-skal \u2013 [&hellip;]<\/p>\n","protected":false},"featured_media":137895,"comment_status":"open","ping_status":"closed","template":"","meta":{"_acf_changed":false,"_iconic_wsb_product_page_order_bump_ids":[[]],"_sku":[],"_iconic_wsb_product_page_bump_modal_ids":[[]]},"product_brand":[],"product_cat":[181,225,472,155],"product_tag":[],"class_list":{"0":"post-204980","1":"product","2":"type-product","3":"status-publish","4":"has-post-thumbnail","6":"product_cat-zamp-hjelme","7":"product_cat-ikke-kategoriseret","8":"product_cat-snell-2025","9":"product_cat-zamp-da","11":"first","12":"onbackorder","13":"taxable","14":"shipping-taxable","15":"purchasable","16":"product-type-variable"},"acf":[],"yoast_head":"<!-- This site is optimized with the Yoast SEO plugin v27.0 - https:\/\/yoast.com\/product\/yoast-seo-wordpress\/ -->\n<title>RZ 66C Carbon - Zamp Helmets | Helmet 28 EU<\/title>\n<meta name=\"description\" content=\"Zamp RZ-66C hjelm \u2013 Carbon Mix-skal, DDAIR-SYSTEM k\u00f8ling, TRI-Tech Air System, klargjort til v\u00e6ske &amp; Snell SA2025-certificeret.\" \/>\n<meta name=\"robots\" content=\"index, follow, max-snippet:-1, max-image-preview:large, max-video-preview:-1\" \/>\n<link rel=\"canonical\" href=\"https:\/\/zamphelmets.co\/da\/vare\/rz-66c-carbon\/\" \/>\n<meta property=\"og:locale\" content=\"da_DK\" \/>\n<meta property=\"og:type\" content=\"article\" \/>\n<meta property=\"og:title\" content=\"RZ 66C Carbon - Zamp Helmets | Helmet 28 EU\" \/>\n<meta property=\"og:description\" content=\"Zamp RZ-66C hjelm \u2013 Carbon Mix-skal, DDAIR-SYSTEM k\u00f8ling, TRI-Tech Air System, klargjort til v\u00e6ske &amp; Snell SA2025-certificeret.\" \/>\n<meta property=\"og:url\" content=\"https:\/\/zamphelmets.co\/da\/vare\/rz-66c-carbon\/\" \/>\n<meta property=\"og:site_name\" content=\"Zamp Helmets | Helmet 28 EU\" \/>\n<meta property=\"article:modified_time\" content=\"2026-03-03T10:56:42+00:00\" \/>\n<meta property=\"og:image\" content=\"https:\/\/zamphelmets.co\/wp-content\/uploads\/2025\/10\/123213.png\" \/>\n\t<meta property=\"og:image:width\" content=\"663\" \/>\n\t<meta property=\"og:image:height\" content=\"621\" \/>\n\t<meta property=\"og:image:type\" content=\"image\/png\" \/>\n<meta name=\"twitter:card\" content=\"summary_large_image\" \/>\n<meta name=\"twitter:label1\" content=\"Est. reading time\" \/>\n\t<meta name=\"twitter:data1\" content=\"1 minut\" \/>\n<script type=\"application\/ld+json\" class=\"yoast-schema-graph\">{\"@context\":\"https:\/\/schema.org\",\"@graph\":[{\"@type\":\"WebPage\",\"@id\":\"https:\/\/zamphelmets.co\/da\/vare\/rz-66c-carbon\/\",\"url\":\"https:\/\/zamphelmets.co\/da\/vare\/rz-66c-carbon\/\",\"name\":\"RZ 66C Carbon - Zamp Helmets | Helmet 28 EU\",\"isPartOf\":{\"@id\":\"https:\/\/zamphelmets.co\/da\/#website\"},\"primaryImageOfPage\":{\"@id\":\"https:\/\/zamphelmets.co\/da\/vare\/rz-66c-carbon\/#primaryimage\"},\"image\":{\"@id\":\"https:\/\/zamphelmets.co\/da\/vare\/rz-66c-carbon\/#primaryimage\"},\"thumbnailUrl\":\"https:\/\/zamphelmets.co\/wp-content\/uploads\/2025\/10\/123213.png\",\"datePublished\":\"2025-10-29T15:13:59+00:00\",\"dateModified\":\"2026-03-03T10:56:42+00:00\",\"description\":\"Zamp RZ-66C hjelm \u2013 Carbon Mix-skal, DDAIR-SYSTEM k\u00f8ling, TRI-Tech Air System, klargjort til v\u00e6ske & Snell SA2025-certificeret.\",\"breadcrumb\":{\"@id\":\"https:\/\/zamphelmets.co\/da\/vare\/rz-66c-carbon\/#breadcrumb\"},\"inLanguage\":\"da-DK\",\"potentialAction\":[{\"@type\":\"ReadAction\",\"target\":[\"https:\/\/zamphelmets.co\/da\/vare\/rz-66c-carbon\/\"]}]},{\"@type\":\"ImageObject\",\"inLanguage\":\"da-DK\",\"@id\":\"https:\/\/zamphelmets.co\/da\/vare\/rz-66c-carbon\/#primaryimage\",\"url\":\"https:\/\/zamphelmets.co\/wp-content\/uploads\/2025\/10\/123213.png\",\"contentUrl\":\"https:\/\/zamphelmets.co\/wp-content\/uploads\/2025\/10\/123213.png\",\"width\":663,\"height\":621},{\"@type\":\"BreadcrumbList\",\"@id\":\"https:\/\/zamphelmets.co\/da\/vare\/rz-66c-carbon\/#breadcrumb\",\"itemListElement\":[{\"@type\":\"ListItem\",\"position\":1,\"name\":\"Shop\",\"item\":\"https:\/\/zamphelmets.co\/da\/shop\/\"},{\"@type\":\"ListItem\",\"position\":2,\"name\":\"RZ 66C Carbon\"}]},{\"@type\":\"WebSite\",\"@id\":\"https:\/\/zamphelmets.co\/da\/#website\",\"url\":\"https:\/\/zamphelmets.co\/da\/\",\"name\":\"Zamp Helmets | Helmet 28 EU\",\"description\":\"High Quality Motorsport Helmets\",\"potentialAction\":[{\"@type\":\"SearchAction\",\"target\":{\"@type\":\"EntryPoint\",\"urlTemplate\":\"https:\/\/zamphelmets.co\/da\/?s={search_term_string}\"},\"query-input\":{\"@type\":\"PropertyValueSpecification\",\"valueRequired\":true,\"valueName\":\"search_term_string\"}}],\"inLanguage\":\"da-DK\"}]}<\/script>\n<!-- \/ Yoast SEO plugin. -->","yoast_head_json":{"title":"RZ 66C Carbon - Zamp Helmets | Helmet 28 EU","description":"Zamp RZ-66C hjelm \u2013 Carbon Mix-skal, DDAIR-SYSTEM k\u00f8ling, TRI-Tech Air System, klargjort til v\u00e6ske & Snell SA2025-certificeret.","robots":{"index":"index","follow":"follow","max-snippet":"max-snippet:-1","max-image-preview":"max-image-preview:large","max-video-preview":"max-video-preview:-1"},"canonical":"https:\/\/zamphelmets.co\/da\/vare\/rz-66c-carbon\/","og_locale":"da_DK","og_type":"article","og_title":"RZ 66C Carbon - Zamp Helmets | Helmet 28 EU","og_description":"Zamp RZ-66C hjelm \u2013 Carbon Mix-skal, DDAIR-SYSTEM k\u00f8ling, TRI-Tech Air System, klargjort til v\u00e6ske & Snell SA2025-certificeret.","og_url":"https:\/\/zamphelmets.co\/da\/vare\/rz-66c-carbon\/","og_site_name":"Zamp Helmets | Helmet 28 EU","article_modified_time":"2026-03-03T10:56:42+00:00","og_image":[{"width":663,"height":621,"url":"https:\/\/zamphelmets.co\/wp-content\/uploads\/2025\/10\/123213.png","type":"image\/png"}],"twitter_card":"summary_large_image","twitter_misc":{"Est. reading time":"1 minut"},"schema":{"@context":"https:\/\/schema.org","@graph":[{"@type":"WebPage","@id":"https:\/\/zamphelmets.co\/da\/vare\/rz-66c-carbon\/","url":"https:\/\/zamphelmets.co\/da\/vare\/rz-66c-carbon\/","name":"RZ 66C Carbon - Zamp Helmets | Helmet 28 EU","isPartOf":{"@id":"https:\/\/zamphelmets.co\/da\/#website"},"primaryImageOfPage":{"@id":"https:\/\/zamphelmets.co\/da\/vare\/rz-66c-carbon\/#primaryimage"},"image":{"@id":"https:\/\/zamphelmets.co\/da\/vare\/rz-66c-carbon\/#primaryimage"},"thumbnailUrl":"https:\/\/zamphelmets.co\/wp-content\/uploads\/2025\/10\/123213.png","datePublished":"2025-10-29T15:13:59+00:00","dateModified":"2026-03-03T10:56:42+00:00","description":"Zamp RZ-66C hjelm \u2013 Carbon Mix-skal, DDAIR-SYSTEM k\u00f8ling, TRI-Tech Air System, klargjort til v\u00e6ske & Snell SA2025-certificeret.","breadcrumb":{"@id":"https:\/\/zamphelmets.co\/da\/vare\/rz-66c-carbon\/#breadcrumb"},"inLanguage":"da-DK","potentialAction":[{"@type":"ReadAction","target":["https:\/\/zamphelmets.co\/da\/vare\/rz-66c-carbon\/"]}]},{"@type":"ImageObject","inLanguage":"da-DK","@id":"https:\/\/zamphelmets.co\/da\/vare\/rz-66c-carbon\/#primaryimage","url":"https:\/\/zamphelmets.co\/wp-content\/uploads\/2025\/10\/123213.png","contentUrl":"https:\/\/zamphelmets.co\/wp-content\/uploads\/2025\/10\/123213.png","width":663,"height":621},{"@type":"BreadcrumbList","@id":"https:\/\/zamphelmets.co\/da\/vare\/rz-66c-carbon\/#breadcrumb","itemListElement":[{"@type":"ListItem","position":1,"name":"Shop","item":"https:\/\/zamphelmets.co\/da\/shop\/"},{"@type":"ListItem","position":2,"name":"RZ 66C Carbon"}]},{"@type":"WebSite","@id":"https:\/\/zamphelmets.co\/da\/#website","url":"https:\/\/zamphelmets.co\/da\/","name":"Zamp Helmets | Helmet 28 EU","description":"High Quality Motorsport Helmets","potentialAction":[{"@type":"SearchAction","target":{"@type":"EntryPoint","urlTemplate":"https:\/\/zamphelmets.co\/da\/?s={search_term_string}"},"query-input":{"@type":"PropertyValueSpecification","valueRequired":true,"valueName":"search_term_string"}}],"inLanguage":"da-DK"}]}},"_links":{"self":[{"href":"https:\/\/zamphelmets.co\/da\/wp-json\/wp\/v2\/product\/204980","targetHints":{"allow":["GET"]}}],"collection":[{"href":"https:\/\/zamphelmets.co\/da\/wp-json\/wp\/v2\/product"}],"about":[{"href":"https:\/\/zamphelmets.co\/da\/wp-json\/wp\/v2\/types\/product"}],"replies":[{"embeddable":true,"href":"https:\/\/zamphelmets.co\/da\/wp-json\/wp\/v2\/comments?post=204980"}],"wp:featuredmedia":[{"embeddable":true,"href":"https:\/\/zamphelmets.co\/da\/wp-json\/wp\/v2\/media\/137895"}],"wp:attachment":[{"href":"https:\/\/zamphelmets.co\/da\/wp-json\/wp\/v2\/media?parent=204980"}],"wp:term":[{"taxonomy":"product_brand","embeddable":true,"href":"https:\/\/zamphelmets.co\/da\/wp-json\/wp\/v2\/product_brand?post=204980"},{"taxonomy":"product_cat","embeddable":true,"href":"https:\/\/zamphelmets.co\/da\/wp-json\/wp\/v2\/product_cat?post=204980"},{"taxonomy":"product_tag","embeddable":true,"href":"https:\/\/zamphelmets.co\/da\/wp-json\/wp\/v2\/product_tag?post=204980"}],"curies":[{"name":"wp","href":"https:\/\/api.w.org\/{rel}","templated":true}]}}