{"id":204886,"date":"2026-01-26T11:24:16","date_gmt":"2026-01-26T11:24:16","guid":{"rendered":"https:\/\/zamphelmets.co\/product\/unleash-roed\/"},"modified":"2026-02-27T11:16:57","modified_gmt":"2026-02-27T11:16:57","slug":"unleash-roed","status":"publish","type":"product","link":"https:\/\/zamphelmets.co\/da\/vare\/unleash-roed\/","title":{"rendered":"UNLEASH &#8211; R\u00f8d"},"content":{"rendered":"<p data-start=\"561\" data-end=\"923\">Udviklet med <strong data-start=\"577\" data-end=\"595\">udvendige syninger<\/strong>, en <strong data-start=\"600\" data-end=\"628\">ergonomisk, forkurvet pasform<\/strong> og den karakteristiske <strong data-start=\"648\" data-end=\"665\">r\u00f8de fingerspids<\/strong>, der kendetegner 32Five, er hvert par skabt til at yde \u2014 og til at skille sig ud. Den lette, \u00e5ndbare overside holder dine h\u00e6nder k\u00f8lige under pres, mens den avancerede <strong data-start=\"831\" data-end=\"860\">DriveSkin-h\u00e5ndfladeteknologi<\/strong> sikrer uovertruffen styrefornemmelse, pr\u00e6cision og holdbarhed. <\/p>\n<p data-start=\"925\" data-end=\"1081\">F\u00f8dt af passion og forfinet gennem performance er <strong data-start=\"976\" data-end=\"1038\">32Five-handsker blevet et statement i kartingverdenen<\/strong> \u2014 og UNLEASH tager det et skridt videre.<\/p>\n<ul>\n<li data-start=\"1083\" data-end=\"1543\"><strong data-start=\"1085\" data-end=\"1103\">Udvendige syninger<\/strong> \u2013 Minimerer friktion og trykpunkter for h\u00f8jere komfort og langvarig holdbarhed.<\/li>\n<li data-start=\"1083\" data-end=\"1543\"><strong data-start=\"1198\" data-end=\"1225\">\u00c5ndbart overmateriale<\/strong> \u2013 Let, bl\u00f8dt og ventileret for komfort hele dagen og en klar, i\u00f8jnefaldende farve.<\/li>\n<li data-start=\"1083\" data-end=\"1543\"><strong data-start=\"1319\" data-end=\"1348\">DriveSkin-h\u00e5ndfladeteknologi<\/strong> \u2013 Avanceret greb og taktil kontrol, udviklet til h\u00f8jintens karting.<\/li>\n<li data-start=\"1083\" data-end=\"1543\"><strong data-start=\"1429\" data-end=\"1457\">Forkurvet ergonomisk pasform<\/strong> \u2013 Underst\u00f8tter h\u00e5ndens naturlige bev\u00e6gelse for bedre pr\u00e6cision og fokus bag rattet.<\/li>\n<li data-start=\"1083\" data-end=\"1543\"><strong>F\u00e5s i st\u00f8rrelser XXXS til Large<\/strong><\/li>\n<\/ul>\n<p data-start=\"1545\" data-end=\"1742\">Fra den ikoniske r\u00f8de fingerspids til hver eneste gennemt\u00e6nkte detalje er <strong data-start=\"1614\" data-end=\"1639\">32Five UNLEASH-handskerne<\/strong> <strong data-start=\"1644\" data-end=\"1740\">premium kartinghandsker skabt til racere, der kr\u00e6ver kontrol, komfort og en umiskendelig stil.<\/strong><\/p>\n<p data-start=\"1744\" data-end=\"1777\"><strong data-start=\"1744\" data-end=\"1777\">F\u00f8lg det r\u00f8de. K\u00f8r 32Five. <\/strong><\/p>\n<p data-start=\"1744\" data-end=\"1777\"><img decoding=\"async\" data-src=\"https:\/\/shop.32five.me\/cdn\/shop\/files\/32F-SizeGuide-25-V1.png?v=1751196689&amp;width=3840\" width=\"603\" height=\"324\" src=\"data:image\/svg+xml;base64,PHN2ZyB3aWR0aD0iMSIgaGVpZ2h0PSIxIiB4bWxucz0iaHR0cDovL3d3dy53My5vcmcvMjAwMC9zdmciPjwvc3ZnPg==\" class=\"lazyload\" style=\"--smush-placeholder-width: 603px; --smush-placeholder-aspect-ratio: 603\/324;\"><\/p>\n","protected":false},"excerpt":{"rendered":"<p>Udviklet med udvendige syninger, en ergonomisk, forkurvet pasform og den karakteristiske r\u00f8de fingerspids, der kendetegner 32Five, er hvert par skabt til at yde \u2014 og til at skille sig ud. Den lette, \u00e5ndbare overside holder dine h\u00e6nder k\u00f8lige under pres, mens den avancerede DriveSkin-h\u00e5ndfladeteknologi sikrer uovertruffen styrefornemmelse, pr\u00e6cision og holdbarhed. F\u00f8dt af passion og forfinet [&hellip;]<\/p>\n","protected":false},"featured_media":189841,"comment_status":"open","ping_status":"closed","template":"","meta":{"_acf_changed":false,"_iconic_wsb_product_page_order_bump_ids":[[]],"_sku":[],"_iconic_wsb_product_page_bump_modal_ids":[[]]},"product_brand":[],"product_cat":[482,195,196],"product_tag":[],"class_list":{"0":"post-204886","1":"product","2":"type-product","3":"status-publish","4":"has-post-thumbnail","6":"product_cat-32five","7":"product_cat-beskyttelse-beklaedning","8":"product_cat-handsker","10":"first","11":"instock","12":"taxable","13":"shipping-taxable","14":"purchasable","15":"product-type-variable"},"acf":[],"yoast_head":"<!-- This site is optimized with the Yoast SEO plugin v27.0 - https:\/\/yoast.com\/product\/yoast-seo-wordpress\/ -->\n<title>UNLEASH - R\u00f8d - Premium kartinghandsker<\/title>\n<meta name=\"robots\" content=\"index, follow, max-snippet:-1, max-image-preview:large, max-video-preview:-1\" \/>\n<link rel=\"canonical\" href=\"https:\/\/zamphelmets.co\/da\/vare\/unleash-roed\/\" \/>\n<meta property=\"og:locale\" content=\"da_DK\" \/>\n<meta property=\"og:type\" content=\"article\" \/>\n<meta property=\"og:title\" content=\"UNLEASH - R\u00f8d - Premium kartinghandsker\" \/>\n<meta property=\"og:description\" content=\"Udviklet med udvendige syninger, en ergonomisk, forkurvet pasform og den karakteristiske r\u00f8de fingerspids, der kendetegner 32Five, er hvert par skabt til at yde \u2014 og til at skille sig ud. Den lette, \u00e5ndbare overside holder dine h\u00e6nder k\u00f8lige under pres, mens den avancerede DriveSkin-h\u00e5ndfladeteknologi sikrer uovertruffen styrefornemmelse, pr\u00e6cision og holdbarhed. F\u00f8dt af passion og forfinet [&hellip;]\" \/>\n<meta property=\"og:url\" content=\"https:\/\/zamphelmets.co\/da\/vare\/unleash-roed\/\" \/>\n<meta property=\"og:site_name\" content=\"Zamp Helmets | Helmet 28 EU\" \/>\n<meta property=\"article:modified_time\" content=\"2026-02-27T11:16:57+00:00\" \/>\n<meta property=\"og:image\" content=\"https:\/\/zamphelmets.co\/wp-content\/uploads\/2026\/01\/unleash_red.jpeg\" \/>\n\t<meta property=\"og:image:width\" content=\"978\" \/>\n\t<meta property=\"og:image:height\" content=\"1000\" \/>\n\t<meta property=\"og:image:type\" content=\"image\/jpeg\" \/>\n<meta name=\"twitter:card\" content=\"summary_large_image\" \/>\n<meta name=\"twitter:label1\" content=\"Est. reading time\" \/>\n\t<meta name=\"twitter:data1\" content=\"1 minut\" \/>\n<script type=\"application\/ld+json\" class=\"yoast-schema-graph\">{\"@context\":\"https:\/\/schema.org\",\"@graph\":[{\"@type\":\"WebPage\",\"@id\":\"https:\/\/zamphelmets.co\/da\/vare\/unleash-roed\/\",\"url\":\"https:\/\/zamphelmets.co\/da\/vare\/unleash-roed\/\",\"name\":\"UNLEASH - R\u00f8d - Premium kartinghandsker\",\"isPartOf\":{\"@id\":\"https:\/\/zamphelmets.co\/da\/#website\"},\"primaryImageOfPage\":{\"@id\":\"https:\/\/zamphelmets.co\/da\/vare\/unleash-roed\/#primaryimage\"},\"image\":{\"@id\":\"https:\/\/zamphelmets.co\/da\/vare\/unleash-roed\/#primaryimage\"},\"thumbnailUrl\":\"https:\/\/zamphelmets.co\/wp-content\/uploads\/2026\/01\/unleash_red.jpeg\",\"datePublished\":\"2026-01-26T11:24:16+00:00\",\"dateModified\":\"2026-02-27T11:16:57+00:00\",\"breadcrumb\":{\"@id\":\"https:\/\/zamphelmets.co\/da\/vare\/unleash-roed\/#breadcrumb\"},\"inLanguage\":\"da-DK\",\"potentialAction\":[{\"@type\":\"ReadAction\",\"target\":[\"https:\/\/zamphelmets.co\/da\/vare\/unleash-roed\/\"]}]},{\"@type\":\"ImageObject\",\"inLanguage\":\"da-DK\",\"@id\":\"https:\/\/zamphelmets.co\/da\/vare\/unleash-roed\/#primaryimage\",\"url\":\"https:\/\/zamphelmets.co\/wp-content\/uploads\/2026\/01\/unleash_red.jpeg\",\"contentUrl\":\"https:\/\/zamphelmets.co\/wp-content\/uploads\/2026\/01\/unleash_red.jpeg\",\"width\":978,\"height\":1000},{\"@type\":\"BreadcrumbList\",\"@id\":\"https:\/\/zamphelmets.co\/da\/vare\/unleash-roed\/#breadcrumb\",\"itemListElement\":[{\"@type\":\"ListItem\",\"position\":1,\"name\":\"Shop\",\"item\":\"https:\/\/zamphelmets.co\/da\/shop\/\"},{\"@type\":\"ListItem\",\"position\":2,\"name\":\"UNLEASH &#8211; R\u00f8d\"}]},{\"@type\":\"WebSite\",\"@id\":\"https:\/\/zamphelmets.co\/da\/#website\",\"url\":\"https:\/\/zamphelmets.co\/da\/\",\"name\":\"Zamp Helmets | Helmet 28 EU\",\"description\":\"High Quality Motorsport Helmets\",\"potentialAction\":[{\"@type\":\"SearchAction\",\"target\":{\"@type\":\"EntryPoint\",\"urlTemplate\":\"https:\/\/zamphelmets.co\/da\/?s={search_term_string}\"},\"query-input\":{\"@type\":\"PropertyValueSpecification\",\"valueRequired\":true,\"valueName\":\"search_term_string\"}}],\"inLanguage\":\"da-DK\"}]}<\/script>\n<!-- \/ Yoast SEO plugin. -->","yoast_head_json":{"title":"UNLEASH - R\u00f8d - Premium kartinghandsker","robots":{"index":"index","follow":"follow","max-snippet":"max-snippet:-1","max-image-preview":"max-image-preview:large","max-video-preview":"max-video-preview:-1"},"canonical":"https:\/\/zamphelmets.co\/da\/vare\/unleash-roed\/","og_locale":"da_DK","og_type":"article","og_title":"UNLEASH - R\u00f8d - Premium kartinghandsker","og_description":"Udviklet med udvendige syninger, en ergonomisk, forkurvet pasform og den karakteristiske r\u00f8de fingerspids, der kendetegner 32Five, er hvert par skabt til at yde \u2014 og til at skille sig ud. Den lette, \u00e5ndbare overside holder dine h\u00e6nder k\u00f8lige under pres, mens den avancerede DriveSkin-h\u00e5ndfladeteknologi sikrer uovertruffen styrefornemmelse, pr\u00e6cision og holdbarhed. F\u00f8dt af passion og forfinet [&hellip;]","og_url":"https:\/\/zamphelmets.co\/da\/vare\/unleash-roed\/","og_site_name":"Zamp Helmets | Helmet 28 EU","article_modified_time":"2026-02-27T11:16:57+00:00","og_image":[{"width":978,"height":1000,"url":"https:\/\/zamphelmets.co\/wp-content\/uploads\/2026\/01\/unleash_red.jpeg","type":"image\/jpeg"}],"twitter_card":"summary_large_image","twitter_misc":{"Est. reading time":"1 minut"},"schema":{"@context":"https:\/\/schema.org","@graph":[{"@type":"WebPage","@id":"https:\/\/zamphelmets.co\/da\/vare\/unleash-roed\/","url":"https:\/\/zamphelmets.co\/da\/vare\/unleash-roed\/","name":"UNLEASH - R\u00f8d - Premium kartinghandsker","isPartOf":{"@id":"https:\/\/zamphelmets.co\/da\/#website"},"primaryImageOfPage":{"@id":"https:\/\/zamphelmets.co\/da\/vare\/unleash-roed\/#primaryimage"},"image":{"@id":"https:\/\/zamphelmets.co\/da\/vare\/unleash-roed\/#primaryimage"},"thumbnailUrl":"https:\/\/zamphelmets.co\/wp-content\/uploads\/2026\/01\/unleash_red.jpeg","datePublished":"2026-01-26T11:24:16+00:00","dateModified":"2026-02-27T11:16:57+00:00","breadcrumb":{"@id":"https:\/\/zamphelmets.co\/da\/vare\/unleash-roed\/#breadcrumb"},"inLanguage":"da-DK","potentialAction":[{"@type":"ReadAction","target":["https:\/\/zamphelmets.co\/da\/vare\/unleash-roed\/"]}]},{"@type":"ImageObject","inLanguage":"da-DK","@id":"https:\/\/zamphelmets.co\/da\/vare\/unleash-roed\/#primaryimage","url":"https:\/\/zamphelmets.co\/wp-content\/uploads\/2026\/01\/unleash_red.jpeg","contentUrl":"https:\/\/zamphelmets.co\/wp-content\/uploads\/2026\/01\/unleash_red.jpeg","width":978,"height":1000},{"@type":"BreadcrumbList","@id":"https:\/\/zamphelmets.co\/da\/vare\/unleash-roed\/#breadcrumb","itemListElement":[{"@type":"ListItem","position":1,"name":"Shop","item":"https:\/\/zamphelmets.co\/da\/shop\/"},{"@type":"ListItem","position":2,"name":"UNLEASH &#8211; R\u00f8d"}]},{"@type":"WebSite","@id":"https:\/\/zamphelmets.co\/da\/#website","url":"https:\/\/zamphelmets.co\/da\/","name":"Zamp Helmets | Helmet 28 EU","description":"High Quality Motorsport Helmets","potentialAction":[{"@type":"SearchAction","target":{"@type":"EntryPoint","urlTemplate":"https:\/\/zamphelmets.co\/da\/?s={search_term_string}"},"query-input":{"@type":"PropertyValueSpecification","valueRequired":true,"valueName":"search_term_string"}}],"inLanguage":"da-DK"}]}},"_links":{"self":[{"href":"https:\/\/zamphelmets.co\/da\/wp-json\/wp\/v2\/product\/204886","targetHints":{"allow":["GET"]}}],"collection":[{"href":"https:\/\/zamphelmets.co\/da\/wp-json\/wp\/v2\/product"}],"about":[{"href":"https:\/\/zamphelmets.co\/da\/wp-json\/wp\/v2\/types\/product"}],"replies":[{"embeddable":true,"href":"https:\/\/zamphelmets.co\/da\/wp-json\/wp\/v2\/comments?post=204886"}],"wp:featuredmedia":[{"embeddable":true,"href":"https:\/\/zamphelmets.co\/da\/wp-json\/wp\/v2\/media\/189841"}],"wp:attachment":[{"href":"https:\/\/zamphelmets.co\/da\/wp-json\/wp\/v2\/media?parent=204886"}],"wp:term":[{"taxonomy":"product_brand","embeddable":true,"href":"https:\/\/zamphelmets.co\/da\/wp-json\/wp\/v2\/product_brand?post=204886"},{"taxonomy":"product_cat","embeddable":true,"href":"https:\/\/zamphelmets.co\/da\/wp-json\/wp\/v2\/product_cat?post=204886"},{"taxonomy":"product_tag","embeddable":true,"href":"https:\/\/zamphelmets.co\/da\/wp-json\/wp\/v2\/product_tag?post=204886"}],"curies":[{"name":"wp","href":"https:\/\/api.w.org\/{rel}","templated":true}]}}