{"id":204841,"date":"2026-01-26T11:24:06","date_gmt":"2026-01-26T11:24:06","guid":{"rendered":"https:\/\/zamphelmets.co\/product\/smile-to-win-rainbow\/"},"modified":"2026-03-01T12:24:24","modified_gmt":"2026-03-01T12:24:24","slug":"smile-to-win-rainbow","status":"publish","type":"product","link":"https:\/\/zamphelmets.co\/da\/vare\/smile-to-win-rainbow\/","title":{"rendered":"SMILE TO WIN &#8211; Rainbow"},"content":{"rendered":"<p><strong>F\u00f8lg den r\u00f8de finger \u2013 n\u00e6ste generation af premium kartinghandsker<\/strong><\/p>\n<p>Oplev den helt nye <strong>Smile to Win-kollektion fra 32Five<\/strong> \u2014 en modig fusion af performance, komfort og personlighed, skabt til k\u00f8rere, der kr\u00e6ver mere af deres udstyr. Designet til b\u00e5de professionelle k\u00f8rere og karting-entusiaster: Disse premium racerhandsker kombinerer banebrydende materialer med den umiskendelige 32Five-stil. <\/p>\n<p>Hvert par har den <strong>ikoniske r\u00f8de fingerspids<\/strong>, <strong>pr\u00e6cise udvendige syninger<\/strong> og en <strong>ergonomisk, forkrummet pasform<\/strong> for maksimal komfort og kontrol. Det \u00e5ndbare overmateriale holder dine h\u00e6nder k\u00f8lige, selv n\u00e5r det spidser til, mens den avancerede DriveSkin-h\u00e5ndfladeteknologi giver uovertruffent greb, f\u00f8ling og holdbarhed p\u00e5 rattet. <\/p>\n<p>Uanset om du jagter podier eller finpudser dine linjer, er 32Five-handsker skabt til at pr\u00e6stere, skabt til at skille sig ud og skabt til at holde.<\/p>\n<ul>\n<li><strong>Udvendige syninger<\/strong> \u2013 F\u00e6rre trykpunkter og mindre friktion for maksimal komfort og udholdenhed.<\/li>\n<li><strong>\u00c5ndbart overmateriale<\/strong> \u2013 Let, bl\u00f8dt og k\u00f8ligt med i\u00f8jnefaldende farver, der g\u00f8r indtryk.<\/li>\n<li><strong>DriveSkin-h\u00e5ndfladeteknologi<\/strong> \u2013 Forbedret greb, styref\u00f8ling og slidstyrke for ultimativ kontrol.<\/li>\n<li><strong>Forkrummet ergonomisk pasform<\/strong> \u2013 Underst\u00f8tter din naturlige h\u00e5ndposition for pr\u00e6cision og fokus i hver eneste omgang.<\/li>\n<li><strong>F\u00e5s i st\u00f8rrelser fra XXXSmall til Large<\/strong><\/li>\n<\/ul>\n<p><strong>Smil. K\u00f8r h\u00e5rdt. Vind med 32Five.  <\/strong><\/p>\n<p><img decoding=\"async\" class=\"alignnone wp-image-222671 lazyload\" data-src=\"https:\/\/zamphelmets.co\/wp-content\/uploads\/2026\/01\/32F-SizeGuide-25-V1-scaled.webp\" alt=\"\" width=\"573\" height=\"308\" data-srcset=\"https:\/\/zamphelmets.co\/wp-content\/uploads\/2026\/01\/32F-SizeGuide-25-V1-scaled.webp 2560w, https:\/\/zamphelmets.co\/wp-content\/uploads\/2026\/01\/32F-SizeGuide-25-V1-300x161.webp 300w, https:\/\/zamphelmets.co\/wp-content\/uploads\/2026\/01\/32F-SizeGuide-25-V1-1024x551.webp 1024w, https:\/\/zamphelmets.co\/wp-content\/uploads\/2026\/01\/32F-SizeGuide-25-V1-768x413.webp 768w, https:\/\/zamphelmets.co\/wp-content\/uploads\/2026\/01\/32F-SizeGuide-25-V1-1536x826.webp 1536w, https:\/\/zamphelmets.co\/wp-content\/uploads\/2026\/01\/32F-SizeGuide-25-V1-2048x1101.webp 2048w, https:\/\/zamphelmets.co\/wp-content\/uploads\/2026\/01\/32F-SizeGuide-25-V1-600x323.webp 600w\" data-sizes=\"(max-width: 573px) 100vw, 573px\" src=\"data:image\/svg+xml;base64,PHN2ZyB3aWR0aD0iMSIgaGVpZ2h0PSIxIiB4bWxucz0iaHR0cDovL3d3dy53My5vcmcvMjAwMC9zdmciPjwvc3ZnPg==\" style=\"--smush-placeholder-width: 573px; --smush-placeholder-aspect-ratio: 573\/308;\" \/><\/p>\n","protected":false},"excerpt":{"rendered":"<p>F\u00f8lg den r\u00f8de finger \u2013 n\u00e6ste generation af premium kartinghandsker Oplev den helt nye Smile to Win-kollektion fra 32Five \u2014 en modig fusion af performance, komfort og personlighed, skabt til k\u00f8rere, der kr\u00e6ver mere af deres udstyr. Designet til b\u00e5de professionelle k\u00f8rere og karting-entusiaster: Disse premium racerhandsker kombinerer banebrydende materialer med den umiskendelige 32Five-stil. Hvert [&hellip;]<\/p>\n","protected":false},"featured_media":189819,"comment_status":"open","ping_status":"closed","template":"","meta":{"_acf_changed":false,"_iconic_wsb_product_page_order_bump_ids":[[]],"_sku":[],"_iconic_wsb_product_page_bump_modal_ids":[[]]},"product_brand":[],"product_cat":[482,195,196],"product_tag":[],"class_list":{"0":"post-204841","1":"product","2":"type-product","3":"status-publish","4":"has-post-thumbnail","6":"product_cat-32five","7":"product_cat-beskyttelse-beklaedning","8":"product_cat-handsker","10":"first","11":"instock","12":"taxable","13":"shipping-taxable","14":"purchasable","15":"product-type-variable"},"acf":[],"yoast_head":"<!-- This site is optimized with the Yoast SEO plugin v27.0 - https:\/\/yoast.com\/product\/yoast-seo-wordpress\/ -->\n<title>32Five SMILE TO WIN - Rainbow - Premium kartinghandsker<\/title>\n<meta name=\"description\" content=\"Premium kartinghandsker fra 32Five med DriveSkin-h\u00e5ndflade, \u00e5ndbart materiale og ergonomisk pasform. Skabt til performance, komfort og kontrol.\" \/>\n<meta name=\"robots\" content=\"index, follow, max-snippet:-1, max-image-preview:large, max-video-preview:-1\" \/>\n<link rel=\"canonical\" href=\"https:\/\/zamphelmets.co\/da\/vare\/smile-to-win-rainbow\/\" \/>\n<meta property=\"og:locale\" content=\"da_DK\" \/>\n<meta property=\"og:type\" content=\"article\" \/>\n<meta property=\"og:title\" content=\"32Five SMILE TO WIN - Rainbow - Premium kartinghandsker\" \/>\n<meta property=\"og:description\" content=\"Premium kartinghandsker fra 32Five med DriveSkin-h\u00e5ndflade, \u00e5ndbart materiale og ergonomisk pasform. Skabt til performance, komfort og kontrol.\" \/>\n<meta property=\"og:url\" content=\"https:\/\/zamphelmets.co\/da\/vare\/smile-to-win-rainbow\/\" \/>\n<meta property=\"og:site_name\" content=\"Zamp Helmets | Helmet 28 EU\" \/>\n<meta property=\"article:modified_time\" content=\"2026-03-01T12:24:24+00:00\" \/>\n<meta property=\"og:image\" content=\"https:\/\/zamphelmets.co\/wp-content\/uploads\/2026\/01\/smiletowin_rainbow.jpeg\" \/>\n\t<meta property=\"og:image:width\" content=\"989\" \/>\n\t<meta property=\"og:image:height\" content=\"1000\" \/>\n\t<meta property=\"og:image:type\" content=\"image\/jpeg\" \/>\n<meta name=\"twitter:card\" content=\"summary_large_image\" \/>\n<meta name=\"twitter:label1\" content=\"Est. reading time\" \/>\n\t<meta name=\"twitter:data1\" content=\"1 minut\" \/>\n<script type=\"application\/ld+json\" class=\"yoast-schema-graph\">{\"@context\":\"https:\/\/schema.org\",\"@graph\":[{\"@type\":\"WebPage\",\"@id\":\"https:\/\/zamphelmets.co\/da\/vare\/smile-to-win-rainbow\/\",\"url\":\"https:\/\/zamphelmets.co\/da\/vare\/smile-to-win-rainbow\/\",\"name\":\"32Five SMILE TO WIN - Rainbow - Premium kartinghandsker\",\"isPartOf\":{\"@id\":\"https:\/\/zamphelmets.co\/da\/#website\"},\"primaryImageOfPage\":{\"@id\":\"https:\/\/zamphelmets.co\/da\/vare\/smile-to-win-rainbow\/#primaryimage\"},\"image\":{\"@id\":\"https:\/\/zamphelmets.co\/da\/vare\/smile-to-win-rainbow\/#primaryimage\"},\"thumbnailUrl\":\"https:\/\/zamphelmets.co\/wp-content\/uploads\/2026\/01\/smiletowin_rainbow.jpeg\",\"datePublished\":\"2026-01-26T11:24:06+00:00\",\"dateModified\":\"2026-03-01T12:24:24+00:00\",\"description\":\"Premium kartinghandsker fra 32Five med DriveSkin-h\u00e5ndflade, \u00e5ndbart materiale og ergonomisk pasform. Skabt til performance, komfort og kontrol.\",\"breadcrumb\":{\"@id\":\"https:\/\/zamphelmets.co\/da\/vare\/smile-to-win-rainbow\/#breadcrumb\"},\"inLanguage\":\"da-DK\",\"potentialAction\":[{\"@type\":\"ReadAction\",\"target\":[\"https:\/\/zamphelmets.co\/da\/vare\/smile-to-win-rainbow\/\"]}]},{\"@type\":\"ImageObject\",\"inLanguage\":\"da-DK\",\"@id\":\"https:\/\/zamphelmets.co\/da\/vare\/smile-to-win-rainbow\/#primaryimage\",\"url\":\"https:\/\/zamphelmets.co\/wp-content\/uploads\/2026\/01\/smiletowin_rainbow.jpeg\",\"contentUrl\":\"https:\/\/zamphelmets.co\/wp-content\/uploads\/2026\/01\/smiletowin_rainbow.jpeg\",\"width\":989,\"height\":1000},{\"@type\":\"BreadcrumbList\",\"@id\":\"https:\/\/zamphelmets.co\/da\/vare\/smile-to-win-rainbow\/#breadcrumb\",\"itemListElement\":[{\"@type\":\"ListItem\",\"position\":1,\"name\":\"Shop\",\"item\":\"https:\/\/zamphelmets.co\/da\/shop\/\"},{\"@type\":\"ListItem\",\"position\":2,\"name\":\"SMILE TO WIN &#8211; Rainbow\"}]},{\"@type\":\"WebSite\",\"@id\":\"https:\/\/zamphelmets.co\/da\/#website\",\"url\":\"https:\/\/zamphelmets.co\/da\/\",\"name\":\"Zamp Helmets | Helmet 28 EU\",\"description\":\"High Quality Motorsport Helmets\",\"potentialAction\":[{\"@type\":\"SearchAction\",\"target\":{\"@type\":\"EntryPoint\",\"urlTemplate\":\"https:\/\/zamphelmets.co\/da\/?s={search_term_string}\"},\"query-input\":{\"@type\":\"PropertyValueSpecification\",\"valueRequired\":true,\"valueName\":\"search_term_string\"}}],\"inLanguage\":\"da-DK\"}]}<\/script>\n<!-- \/ Yoast SEO plugin. -->","yoast_head_json":{"title":"32Five SMILE TO WIN - Rainbow - Premium kartinghandsker","description":"Premium kartinghandsker fra 32Five med DriveSkin-h\u00e5ndflade, \u00e5ndbart materiale og ergonomisk pasform. Skabt til performance, komfort og kontrol.","robots":{"index":"index","follow":"follow","max-snippet":"max-snippet:-1","max-image-preview":"max-image-preview:large","max-video-preview":"max-video-preview:-1"},"canonical":"https:\/\/zamphelmets.co\/da\/vare\/smile-to-win-rainbow\/","og_locale":"da_DK","og_type":"article","og_title":"32Five SMILE TO WIN - Rainbow - Premium kartinghandsker","og_description":"Premium kartinghandsker fra 32Five med DriveSkin-h\u00e5ndflade, \u00e5ndbart materiale og ergonomisk pasform. Skabt til performance, komfort og kontrol.","og_url":"https:\/\/zamphelmets.co\/da\/vare\/smile-to-win-rainbow\/","og_site_name":"Zamp Helmets | Helmet 28 EU","article_modified_time":"2026-03-01T12:24:24+00:00","og_image":[{"width":989,"height":1000,"url":"https:\/\/zamphelmets.co\/wp-content\/uploads\/2026\/01\/smiletowin_rainbow.jpeg","type":"image\/jpeg"}],"twitter_card":"summary_large_image","twitter_misc":{"Est. reading time":"1 minut"},"schema":{"@context":"https:\/\/schema.org","@graph":[{"@type":"WebPage","@id":"https:\/\/zamphelmets.co\/da\/vare\/smile-to-win-rainbow\/","url":"https:\/\/zamphelmets.co\/da\/vare\/smile-to-win-rainbow\/","name":"32Five SMILE TO WIN - Rainbow - Premium kartinghandsker","isPartOf":{"@id":"https:\/\/zamphelmets.co\/da\/#website"},"primaryImageOfPage":{"@id":"https:\/\/zamphelmets.co\/da\/vare\/smile-to-win-rainbow\/#primaryimage"},"image":{"@id":"https:\/\/zamphelmets.co\/da\/vare\/smile-to-win-rainbow\/#primaryimage"},"thumbnailUrl":"https:\/\/zamphelmets.co\/wp-content\/uploads\/2026\/01\/smiletowin_rainbow.jpeg","datePublished":"2026-01-26T11:24:06+00:00","dateModified":"2026-03-01T12:24:24+00:00","description":"Premium kartinghandsker fra 32Five med DriveSkin-h\u00e5ndflade, \u00e5ndbart materiale og ergonomisk pasform. Skabt til performance, komfort og kontrol.","breadcrumb":{"@id":"https:\/\/zamphelmets.co\/da\/vare\/smile-to-win-rainbow\/#breadcrumb"},"inLanguage":"da-DK","potentialAction":[{"@type":"ReadAction","target":["https:\/\/zamphelmets.co\/da\/vare\/smile-to-win-rainbow\/"]}]},{"@type":"ImageObject","inLanguage":"da-DK","@id":"https:\/\/zamphelmets.co\/da\/vare\/smile-to-win-rainbow\/#primaryimage","url":"https:\/\/zamphelmets.co\/wp-content\/uploads\/2026\/01\/smiletowin_rainbow.jpeg","contentUrl":"https:\/\/zamphelmets.co\/wp-content\/uploads\/2026\/01\/smiletowin_rainbow.jpeg","width":989,"height":1000},{"@type":"BreadcrumbList","@id":"https:\/\/zamphelmets.co\/da\/vare\/smile-to-win-rainbow\/#breadcrumb","itemListElement":[{"@type":"ListItem","position":1,"name":"Shop","item":"https:\/\/zamphelmets.co\/da\/shop\/"},{"@type":"ListItem","position":2,"name":"SMILE TO WIN &#8211; Rainbow"}]},{"@type":"WebSite","@id":"https:\/\/zamphelmets.co\/da\/#website","url":"https:\/\/zamphelmets.co\/da\/","name":"Zamp Helmets | Helmet 28 EU","description":"High Quality Motorsport Helmets","potentialAction":[{"@type":"SearchAction","target":{"@type":"EntryPoint","urlTemplate":"https:\/\/zamphelmets.co\/da\/?s={search_term_string}"},"query-input":{"@type":"PropertyValueSpecification","valueRequired":true,"valueName":"search_term_string"}}],"inLanguage":"da-DK"}]}},"_links":{"self":[{"href":"https:\/\/zamphelmets.co\/da\/wp-json\/wp\/v2\/product\/204841","targetHints":{"allow":["GET"]}}],"collection":[{"href":"https:\/\/zamphelmets.co\/da\/wp-json\/wp\/v2\/product"}],"about":[{"href":"https:\/\/zamphelmets.co\/da\/wp-json\/wp\/v2\/types\/product"}],"replies":[{"embeddable":true,"href":"https:\/\/zamphelmets.co\/da\/wp-json\/wp\/v2\/comments?post=204841"}],"wp:featuredmedia":[{"embeddable":true,"href":"https:\/\/zamphelmets.co\/da\/wp-json\/wp\/v2\/media\/189819"}],"wp:attachment":[{"href":"https:\/\/zamphelmets.co\/da\/wp-json\/wp\/v2\/media?parent=204841"}],"wp:term":[{"taxonomy":"product_brand","embeddable":true,"href":"https:\/\/zamphelmets.co\/da\/wp-json\/wp\/v2\/product_brand?post=204841"},{"taxonomy":"product_cat","embeddable":true,"href":"https:\/\/zamphelmets.co\/da\/wp-json\/wp\/v2\/product_cat?post=204841"},{"taxonomy":"product_tag","embeddable":true,"href":"https:\/\/zamphelmets.co\/da\/wp-json\/wp\/v2\/product_tag?post=204841"}],"curies":[{"name":"wp","href":"https:\/\/api.w.org\/{rel}","templated":true}]}}