{"id":204671,"date":"2025-05-14T11:49:47","date_gmt":"2025-05-14T11:49:47","guid":{"rendered":"https:\/\/zamphelmets.co\/product\/rz-48-youth-carbon-blue\/"},"modified":"2025-05-14T11:49:47","modified_gmt":"2025-05-14T11:49:47","slug":"rz-48-youth-carbon-blue","status":"publish","type":"product","link":"https:\/\/zamphelmets.co\/da\/vare\/rz-48-youth-carbon-blue\/","title":{"rendered":"RZ 48 Youth Carbon Blue"},"content":{"rendered":"<p data-start=\"149\" data-end=\"248\"><strong data-start=\"149\" data-end=\"248\">Pr\u00e6senterer Zamp RZ-48Y Youth Carbon-hjelmen \u2013 den letteste gokarthjelm til unge i spillet<\/strong><\/p>\n<p data-start=\"250\" data-end=\"516\">Udviklet til performance og komfort: Den helt nye <strong data-start=\"304\" data-end=\"339\">Zamp RZ-48Y Youth Carbon-hjelm<\/strong> er en af de letteste gokarthjelme til unge p\u00e5 markedet med kun <strong data-start=\"407\" data-end=\"420\">1050 g +\/-<\/strong> \u2013 det ultimative valg til unge k\u00f8rere, der vil have n\u00e6ste niveau af beskyttelse uden ekstra bulk.<\/p>\n<p data-start=\"518\" data-end=\"865\">Bygget til fart, sikkerhed og markant stil: Hjelmen har en <strong data-start=\"586\" data-end=\"621\">kulfiberskal i h\u00f8j kvalitet<\/strong> for maksimal styrke og lav v\u00e6gt. Den er designet specifikt til unge k\u00f8rere og overholder fuldt ud<strong data-start=\"737\" data-end=\"754\"> CMR2016<\/strong>-homologeringen, s\u00e5 RZ-48Y bringer premium-teknologi fra Zamps voksenserie ned i en mindre, raceklar pakke. <\/p>\n<p data-start=\"980\" data-end=\"1176\">Uanset om du jagter podiet eller lige er startet med karting, leverer RZ-48Y performance p\u00e5 eliteniveau og komfort hele dagen \u2013 med valget mellem standarddesignet i sort carbon-v\u00e6vning eller to for-malet grafik.<\/p>\n<p data-start=\"1178\" data-end=\"1195\"><strong data-start=\"1178\" data-end=\"1195\">N\u00f8glefunktioner:<\/strong><\/p>\n<ul>\n<li data-start=\"1198\" data-end=\"1269\"><strong data-start=\"1198\" data-end=\"1232\">Ultralet carbonskal<\/strong> \u2013 ca. 1050 g +\/- (afh\u00e6nger af st\u00f8rrelse) <\/li>\n<li data-start=\"1272\" data-end=\"1341\"><strong data-start=\"1272\" data-end=\"1314\">Designet specifikt til unge k\u00f8rere<\/strong> med CMR2016-certificering<\/li>\n<li data-start=\"1344\" data-end=\"1415\"><strong data-start=\"1344\" data-end=\"1381\">Premium kulfiber-konstruktion<\/strong> for h\u00f8j styrke i forhold til v\u00e6gt<\/li>\n<li data-start=\"1418\" data-end=\"1480\"><strong data-start=\"1418\" data-end=\"1462\">Aftageligt, vaskbart brandh\u00e6mmende inderfor<\/strong> for nem reng\u00f8ring<\/li>\n<li data-start=\"1483\" data-end=\"1537\"><strong data-start=\"1483\" data-end=\"1517\">Z-20 Series 2.5mm klart visir<\/strong> med tear-off-stolper<\/li>\n<li data-start=\"1540\" data-end=\"1611\"><strong data-start=\"1540\" data-end=\"1571\">Avanceret ventilationssystem<\/strong> med ventilation i top og hageparti for luftgennemstr\u00f8mning<\/li>\n<li data-start=\"1742\" data-end=\"1796\">F\u00e5s i ungdomsst\u00f8rrelser: 52 cm, 54 cm, 56 cm, 57 cm, 59 cm<\/li>\n<\/ul>\n<p>Skalst\u00f8rrelsen p\u00e5 vores ungdomshjelme er en smule mindre end p\u00e5 vores standardhjelme til voksne. Vi anbefaler derfor, at du m\u00e5ler s\u00e5 pr\u00e6cist som muligt, og hvis du er i tvivl, s\u00e5 v\u00e6lg en st\u00f8rrelse st\u00f8rre med denne model. <\/p>\n<p><strong>Er du i tvivl om st\u00f8rrelsen? <\/strong><a href=\"https:\/\/form.jotform.com\/251263198513053\">Udfyld vores st\u00f8rrelsesformular<\/a>, og et medlem af teamet vil kontakte dig med vores anbefalinger.<\/p>\n<p><img decoding=\"async\" class=\"alignnone wp-image-202049 lazyload\" data-src=\"https:\/\/zamphelmets.co\/wp-content\/uploads\/2025\/05\/Zamp-Helmets-sizing-guide-scaled.png\" alt=\"\" width=\"518\" height=\"518\" data-srcset=\"https:\/\/zamphelmets.co\/wp-content\/uploads\/2025\/05\/Zamp-Helmets-sizing-guide-scaled.png 2560w, https:\/\/zamphelmets.co\/wp-content\/uploads\/2025\/05\/Zamp-Helmets-sizing-guide-300x300.png 300w, https:\/\/zamphelmets.co\/wp-content\/uploads\/2025\/05\/Zamp-Helmets-sizing-guide-1024x1024.png 1024w, https:\/\/zamphelmets.co\/wp-content\/uploads\/2025\/05\/Zamp-Helmets-sizing-guide-150x150.png 150w, https:\/\/zamphelmets.co\/wp-content\/uploads\/2025\/05\/Zamp-Helmets-sizing-guide-768x768.png 768w, https:\/\/zamphelmets.co\/wp-content\/uploads\/2025\/05\/Zamp-Helmets-sizing-guide-1536x1536.png 1536w, https:\/\/zamphelmets.co\/wp-content\/uploads\/2025\/05\/Zamp-Helmets-sizing-guide-2048x2048.png 2048w, https:\/\/zamphelmets.co\/wp-content\/uploads\/2025\/05\/Zamp-Helmets-sizing-guide-600x600.png 600w, https:\/\/zamphelmets.co\/wp-content\/uploads\/2025\/05\/Zamp-Helmets-sizing-guide-100x100.png 100w\" data-sizes=\"(max-width: 518px) 100vw, 518px\" src=\"data:image\/svg+xml;base64,PHN2ZyB3aWR0aD0iMSIgaGVpZ2h0PSIxIiB4bWxucz0iaHR0cDovL3d3dy53My5vcmcvMjAwMC9zdmciPjwvc3ZnPg==\" style=\"--smush-placeholder-width: 518px; --smush-placeholder-aspect-ratio: 518\/518;\" \/><\/p>\n","protected":false},"excerpt":{"rendered":"<p>Pr\u00e6senterer Zamp RZ-48Y Youth Carbon-hjelmen \u2013 den letteste gokarthjelm til unge i spillet Udviklet til performance og komfort: Den helt nye Zamp RZ-48Y Youth Carbon-hjelm er en af de letteste gokarthjelme til unge p\u00e5 markedet med kun 1050 g +\/- \u2013 det ultimative valg til unge k\u00f8rere, der vil have n\u00e6ste niveau af beskyttelse uden [&hellip;]<\/p>\n","protected":false},"featured_media":62997,"comment_status":"open","ping_status":"closed","template":"","meta":{"_acf_changed":false,"_iconic_wsb_product_page_order_bump_ids":[[]],"_sku":["HE785C04"],"_iconic_wsb_product_page_bump_modal_ids":[[]]},"product_brand":[],"product_cat":[181,263,155],"product_tag":[],"class_list":{"0":"post-204671","1":"product","2":"type-product","3":"status-publish","4":"has-post-thumbnail","6":"product_cat-zamp-hjelme","7":"product_cat-ungdom-cmr-2016","8":"product_cat-zamp-da","10":"first","11":"instock","12":"taxable","13":"shipping-taxable","14":"purchasable","15":"product-type-variable"},"acf":[],"yoast_head":"<!-- This site is optimized with the Yoast SEO plugin v27.0 - https:\/\/yoast.com\/product\/yoast-seo-wordpress\/ -->\n<title>RZ 48 Youth Carbon Blue - Zamp Helmets | Helmet 28 EU<\/title>\n<meta name=\"description\" content=\"Oplev den helt nye Zamp RZ-48Y Youth Carbon-hjelm: en af de letteste CMR2016-godkendte gokarthjelme med kun 1050 g. Skal i kulfiber, premium pasform.\" \/>\n<meta name=\"robots\" content=\"index, follow, max-snippet:-1, max-image-preview:large, max-video-preview:-1\" \/>\n<link rel=\"canonical\" href=\"https:\/\/zamphelmets.co\/da\/vare\/rz-48-youth-carbon-blue\/\" \/>\n<meta property=\"og:locale\" content=\"da_DK\" \/>\n<meta property=\"og:type\" content=\"article\" \/>\n<meta property=\"og:title\" content=\"RZ 48 Youth Carbon Blue - Zamp Helmets | Helmet 28 EU\" \/>\n<meta property=\"og:description\" content=\"Oplev den helt nye Zamp RZ-48Y Youth Carbon-hjelm: en af de letteste CMR2016-godkendte gokarthjelme med kun 1050 g. Skal i kulfiber, premium pasform.\" \/>\n<meta property=\"og:url\" content=\"https:\/\/zamphelmets.co\/da\/vare\/rz-48-youth-carbon-blue\/\" \/>\n<meta property=\"og:site_name\" content=\"Zamp Helmets | Helmet 28 EU\" \/>\n<meta property=\"og:image\" content=\"https:\/\/zamphelmets.co\/wp-content\/uploads\/2025\/05\/48y20blue.jpg\" \/>\n\t<meta property=\"og:image:width\" content=\"1000\" \/>\n\t<meta property=\"og:image:height\" content=\"1000\" \/>\n\t<meta property=\"og:image:type\" content=\"image\/jpeg\" \/>\n<meta name=\"twitter:card\" content=\"summary_large_image\" \/>\n<meta name=\"twitter:label1\" content=\"Est. reading time\" \/>\n\t<meta name=\"twitter:data1\" content=\"1 minut\" \/>\n<script type=\"application\/ld+json\" class=\"yoast-schema-graph\">{\"@context\":\"https:\/\/schema.org\",\"@graph\":[{\"@type\":\"WebPage\",\"@id\":\"https:\/\/zamphelmets.co\/da\/vare\/rz-48-youth-carbon-blue\/\",\"url\":\"https:\/\/zamphelmets.co\/da\/vare\/rz-48-youth-carbon-blue\/\",\"name\":\"RZ 48 Youth Carbon Blue - Zamp Helmets | Helmet 28 EU\",\"isPartOf\":{\"@id\":\"https:\/\/zamphelmets.co\/da\/#website\"},\"primaryImageOfPage\":{\"@id\":\"https:\/\/zamphelmets.co\/da\/vare\/rz-48-youth-carbon-blue\/#primaryimage\"},\"image\":{\"@id\":\"https:\/\/zamphelmets.co\/da\/vare\/rz-48-youth-carbon-blue\/#primaryimage\"},\"thumbnailUrl\":\"https:\/\/zamphelmets.co\/wp-content\/uploads\/2025\/05\/48y20blue.jpg\",\"datePublished\":\"2025-05-14T11:49:47+00:00\",\"description\":\"Oplev den helt nye Zamp RZ-48Y Youth Carbon-hjelm: en af de letteste CMR2016-godkendte gokarthjelme med kun 1050 g. Skal i kulfiber, premium pasform.\",\"breadcrumb\":{\"@id\":\"https:\/\/zamphelmets.co\/da\/vare\/rz-48-youth-carbon-blue\/#breadcrumb\"},\"inLanguage\":\"da-DK\",\"potentialAction\":[{\"@type\":\"ReadAction\",\"target\":[\"https:\/\/zamphelmets.co\/da\/vare\/rz-48-youth-carbon-blue\/\"]}]},{\"@type\":\"ImageObject\",\"inLanguage\":\"da-DK\",\"@id\":\"https:\/\/zamphelmets.co\/da\/vare\/rz-48-youth-carbon-blue\/#primaryimage\",\"url\":\"https:\/\/zamphelmets.co\/wp-content\/uploads\/2025\/05\/48y20blue.jpg\",\"contentUrl\":\"https:\/\/zamphelmets.co\/wp-content\/uploads\/2025\/05\/48y20blue.jpg\",\"width\":1000,\"height\":1000},{\"@type\":\"BreadcrumbList\",\"@id\":\"https:\/\/zamphelmets.co\/da\/vare\/rz-48-youth-carbon-blue\/#breadcrumb\",\"itemListElement\":[{\"@type\":\"ListItem\",\"position\":1,\"name\":\"Shop\",\"item\":\"https:\/\/zamphelmets.co\/da\/shop\/\"},{\"@type\":\"ListItem\",\"position\":2,\"name\":\"RZ 48 Youth Carbon Blue\"}]},{\"@type\":\"WebSite\",\"@id\":\"https:\/\/zamphelmets.co\/da\/#website\",\"url\":\"https:\/\/zamphelmets.co\/da\/\",\"name\":\"Zamp Helmets | Helmet 28 EU\",\"description\":\"High Quality Motorsport Helmets\",\"potentialAction\":[{\"@type\":\"SearchAction\",\"target\":{\"@type\":\"EntryPoint\",\"urlTemplate\":\"https:\/\/zamphelmets.co\/da\/?s={search_term_string}\"},\"query-input\":{\"@type\":\"PropertyValueSpecification\",\"valueRequired\":true,\"valueName\":\"search_term_string\"}}],\"inLanguage\":\"da-DK\"}]}<\/script>\n<!-- \/ Yoast SEO plugin. -->","yoast_head_json":{"title":"RZ 48 Youth Carbon Blue - Zamp Helmets | Helmet 28 EU","description":"Oplev den helt nye Zamp RZ-48Y Youth Carbon-hjelm: en af de letteste CMR2016-godkendte gokarthjelme med kun 1050 g. Skal i kulfiber, premium pasform.","robots":{"index":"index","follow":"follow","max-snippet":"max-snippet:-1","max-image-preview":"max-image-preview:large","max-video-preview":"max-video-preview:-1"},"canonical":"https:\/\/zamphelmets.co\/da\/vare\/rz-48-youth-carbon-blue\/","og_locale":"da_DK","og_type":"article","og_title":"RZ 48 Youth Carbon Blue - Zamp Helmets | Helmet 28 EU","og_description":"Oplev den helt nye Zamp RZ-48Y Youth Carbon-hjelm: en af de letteste CMR2016-godkendte gokarthjelme med kun 1050 g. Skal i kulfiber, premium pasform.","og_url":"https:\/\/zamphelmets.co\/da\/vare\/rz-48-youth-carbon-blue\/","og_site_name":"Zamp Helmets | Helmet 28 EU","og_image":[{"width":1000,"height":1000,"url":"https:\/\/zamphelmets.co\/wp-content\/uploads\/2025\/05\/48y20blue.jpg","type":"image\/jpeg"}],"twitter_card":"summary_large_image","twitter_misc":{"Est. reading time":"1 minut"},"schema":{"@context":"https:\/\/schema.org","@graph":[{"@type":"WebPage","@id":"https:\/\/zamphelmets.co\/da\/vare\/rz-48-youth-carbon-blue\/","url":"https:\/\/zamphelmets.co\/da\/vare\/rz-48-youth-carbon-blue\/","name":"RZ 48 Youth Carbon Blue - Zamp Helmets | Helmet 28 EU","isPartOf":{"@id":"https:\/\/zamphelmets.co\/da\/#website"},"primaryImageOfPage":{"@id":"https:\/\/zamphelmets.co\/da\/vare\/rz-48-youth-carbon-blue\/#primaryimage"},"image":{"@id":"https:\/\/zamphelmets.co\/da\/vare\/rz-48-youth-carbon-blue\/#primaryimage"},"thumbnailUrl":"https:\/\/zamphelmets.co\/wp-content\/uploads\/2025\/05\/48y20blue.jpg","datePublished":"2025-05-14T11:49:47+00:00","description":"Oplev den helt nye Zamp RZ-48Y Youth Carbon-hjelm: en af de letteste CMR2016-godkendte gokarthjelme med kun 1050 g. Skal i kulfiber, premium pasform.","breadcrumb":{"@id":"https:\/\/zamphelmets.co\/da\/vare\/rz-48-youth-carbon-blue\/#breadcrumb"},"inLanguage":"da-DK","potentialAction":[{"@type":"ReadAction","target":["https:\/\/zamphelmets.co\/da\/vare\/rz-48-youth-carbon-blue\/"]}]},{"@type":"ImageObject","inLanguage":"da-DK","@id":"https:\/\/zamphelmets.co\/da\/vare\/rz-48-youth-carbon-blue\/#primaryimage","url":"https:\/\/zamphelmets.co\/wp-content\/uploads\/2025\/05\/48y20blue.jpg","contentUrl":"https:\/\/zamphelmets.co\/wp-content\/uploads\/2025\/05\/48y20blue.jpg","width":1000,"height":1000},{"@type":"BreadcrumbList","@id":"https:\/\/zamphelmets.co\/da\/vare\/rz-48-youth-carbon-blue\/#breadcrumb","itemListElement":[{"@type":"ListItem","position":1,"name":"Shop","item":"https:\/\/zamphelmets.co\/da\/shop\/"},{"@type":"ListItem","position":2,"name":"RZ 48 Youth Carbon Blue"}]},{"@type":"WebSite","@id":"https:\/\/zamphelmets.co\/da\/#website","url":"https:\/\/zamphelmets.co\/da\/","name":"Zamp Helmets | Helmet 28 EU","description":"High Quality Motorsport Helmets","potentialAction":[{"@type":"SearchAction","target":{"@type":"EntryPoint","urlTemplate":"https:\/\/zamphelmets.co\/da\/?s={search_term_string}"},"query-input":{"@type":"PropertyValueSpecification","valueRequired":true,"valueName":"search_term_string"}}],"inLanguage":"da-DK"}]}},"_links":{"self":[{"href":"https:\/\/zamphelmets.co\/da\/wp-json\/wp\/v2\/product\/204671","targetHints":{"allow":["GET"]}}],"collection":[{"href":"https:\/\/zamphelmets.co\/da\/wp-json\/wp\/v2\/product"}],"about":[{"href":"https:\/\/zamphelmets.co\/da\/wp-json\/wp\/v2\/types\/product"}],"replies":[{"embeddable":true,"href":"https:\/\/zamphelmets.co\/da\/wp-json\/wp\/v2\/comments?post=204671"}],"wp:featuredmedia":[{"embeddable":true,"href":"https:\/\/zamphelmets.co\/da\/wp-json\/wp\/v2\/media\/62997"}],"wp:attachment":[{"href":"https:\/\/zamphelmets.co\/da\/wp-json\/wp\/v2\/media?parent=204671"}],"wp:term":[{"taxonomy":"product_brand","embeddable":true,"href":"https:\/\/zamphelmets.co\/da\/wp-json\/wp\/v2\/product_brand?post=204671"},{"taxonomy":"product_cat","embeddable":true,"href":"https:\/\/zamphelmets.co\/da\/wp-json\/wp\/v2\/product_cat?post=204671"},{"taxonomy":"product_tag","embeddable":true,"href":"https:\/\/zamphelmets.co\/da\/wp-json\/wp\/v2\/product_tag?post=204671"}],"curies":[{"name":"wp","href":"https:\/\/api.w.org\/{rel}","templated":true}]}}