{"id":204661,"date":"2025-10-29T15:14:20","date_gmt":"2025-10-29T15:14:20","guid":{"rendered":"https:\/\/zamphelmets.co\/product\/rz-67d-carbon-blue\/"},"modified":"2026-03-03T10:51:13","modified_gmt":"2026-03-03T10:51:13","slug":"rz-67d-carbon-blue","status":"publish","type":"product","link":"https:\/\/zamphelmets.co\/da\/vare\/rz-67d-carbon-blue\/","title":{"rendered":"RZ 67D Carbon Blue"},"content":{"rendered":"<p>Den helt nye <strong data-start=\"336\" data-end=\"351\">Zamp RZ-67D<\/strong> s\u00e6tter en ny standard for premium dirt racing-hjelme \u2014 bygget til k\u00f8rere, der kr\u00e6ver f\u00f8rsteklasses komfort, suver\u00e6nt airflow og kompromisl\u00f8s performance selv i de h\u00e5rdeste raceforhold. Med avanceret ventilation, st\u00f8vafvisende beskyttelse og Zamps mest innovative luftsystem til dato holder RZ-67D dig k\u00f8lig, klar og fokuseret fra start til slut. <\/p>\n<p><b> Vigtigste funktioner:<\/b><\/p>\n<ul>\n<li style=\"font-weight: 400;\" aria-level=\"1\"><b>DDAIR-SYSTEM<\/b><span style=\"font-weight: 400;\"> \u2013 Ny <\/span><b>360\u00b0 Dual-Density Air Channeling<\/b><span style=\"font-weight: 400;\"> for overlegen tvungen luftk\u00f8ling<\/span><\/li>\n<li style=\"font-weight: 400;\" aria-level=\"1\"><b>Large Weave Carbon Mix-skal<\/b><span style=\"font-weight: 400;\"> \u2013 Ultralet og slidst\u00e6rk<\/span><\/li>\n<li style=\"font-weight: 400;\" aria-level=\"1\"><b>28 Series farvematchet interi\u00f8r<\/b><span style=\"font-weight: 400;\"> \u2013 Luksuri\u00f8s, farvekoordineret, bl\u00f8d plys, udtageligt, vaskbart, brandh\u00e6mmende topfor og kindpuder<\/span><\/li>\n<li style=\"font-weight: 400;\" aria-level=\"1\"><b>Dobbelte hagegardiner<\/b><span style=\"font-weight: 400;\"> \u2013 Ekstra beskyttelse, mindre st\u00f8v &amp; dug<\/span><\/li>\n<li style=\"font-weight: 400;\" aria-level=\"1\"><b>Avanceret aerodynamik<\/b><span style=\"font-weight: 400;\"> \u2013 Stor frontspoiler nederst, justerbar bagspoiler medf\u00f8lger <\/span> <\/li>\n<li style=\"font-weight: 400;\" aria-level=\"1\"><b>Top Air System<\/b><span style=\"font-weight: 400;\"> \u2013 Forinstallerede gevind til nem montering af top air <\/span> <\/li>\n<li style=\"font-weight: 400;\" aria-level=\"1\"><b>Z-20 Series klart anti-dug-visir<\/b><span style=\"font-weight: 400;\"> \u2013 Forinstalleret med dirt seal og sp\u00e6ndings-tear-off-poster<\/span><span style=\"font-weight: 400;\">, kompatibel med 12.125&#8243; banana-style tear offs eller Z Optics P208Z Tear Offs<\/span><\/li>\n<li style=\"font-weight: 400;\" aria-level=\"1\"><b>Klar til hydrering<\/b><span style=\"font-weight: 400;\"> \u2013 Indbygget hydrationsport i hakestangen<\/span><\/li>\n<li style=\"font-weight: 400;\" aria-level=\"1\"><b>Klar til audio<\/b><span style=\"font-weight: 400;\"> \u2013 Forinstallerede \u00f8rekopper til integration af kommunikation<\/span><\/li>\n<li style=\"font-weight: 400;\" aria-level=\"1\"><b>M6-inserts<\/b><span style=\"font-weight: 400;\"> \u2013 Kompatibel med Head &amp; Neck Restraint<\/span><\/li>\n<li style=\"font-weight: 400;\" aria-level=\"1\"><b>Snell SA2025-godkendt<\/b><\/li>\n<\/ul>\n<p>Som det er almindeligt i motorsport, varierer vores st\u00f8rrelser afh\u00e6ngigt af hjelmmodellen. Du kan l\u00e6se mere om, hvordan du finder st\u00f8rrelsen p\u00e5 din hjelm <a href=\"https:\/\/zamphelmets.eu\/how-to-select-the-correct-helmet-size\/\">her<\/a>.<\/p>\n<p><a href=\"https:\/\/zamphelmets.eu\/homologation-explained\/\"><strong>Godkendelser forklaret<\/strong> \u2013 find ud af, hvilken godkendelse du har brug for<\/a><\/p>\n<p><a href=\"https:\/\/zamphelmets.eu\/hans-posts-hans-and-fhr-devices\/\"><strong>FHR \/ HANS-enhed<\/strong> \u2013 hvorn\u00e5r er den p\u00e5kr\u00e6vet?<\/a><\/p>\n<p><img decoding=\"async\" class=\"alignnone wp-image-15017 lazyload\" data-src=\"https:\/\/zamphelmets.eu\/wp-content\/uploads\/2025\/06\/Zamp-Helmets-sizing-guide-4166-x-4166-px-600x600-1.png\" alt=\"\" width=\"437\" height=\"437\" src=\"data:image\/svg+xml;base64,PHN2ZyB3aWR0aD0iMSIgaGVpZ2h0PSIxIiB4bWxucz0iaHR0cDovL3d3dy53My5vcmcvMjAwMC9zdmciPjwvc3ZnPg==\" style=\"--smush-placeholder-width: 437px; --smush-placeholder-aspect-ratio: 437\/437;\"><\/p>\n","protected":false},"excerpt":{"rendered":"<p>Den helt nye Zamp RZ-67D s\u00e6tter en ny standard for premium dirt racing-hjelme \u2014 bygget til k\u00f8rere, der kr\u00e6ver f\u00f8rsteklasses komfort, suver\u00e6nt airflow og kompromisl\u00f8s performance selv i de h\u00e5rdeste raceforhold. Med avanceret ventilation, st\u00f8vafvisende beskyttelse og Zamps mest innovative luftsystem til dato holder RZ-67D dig k\u00f8lig, klar og fokuseret fra start til slut. Vigtigste [&hellip;]<\/p>\n","protected":false},"featured_media":137931,"comment_status":"open","ping_status":"closed","template":"","meta":{"_acf_changed":false,"_iconic_wsb_product_page_order_bump_ids":[[]],"_sku":[],"_iconic_wsb_product_page_bump_modal_ids":[[]]},"product_brand":[],"product_cat":[181,225,472,155],"product_tag":[],"class_list":{"0":"post-204661","1":"product","2":"type-product","3":"status-publish","4":"has-post-thumbnail","6":"product_cat-zamp-hjelme","7":"product_cat-ikke-kategoriseret","8":"product_cat-snell-2025","9":"product_cat-zamp-da","11":"first","12":"onbackorder","13":"taxable","14":"shipping-taxable","15":"purchasable","16":"product-type-variable"},"acf":[],"yoast_head":"<!-- This site is optimized with the Yoast SEO plugin v27.0 - https:\/\/yoast.com\/product\/yoast-seo-wordpress\/ -->\n<title>RZ 67D Carbon Blue - Zamp Helmets | Helmet 28 EU<\/title>\n<meta name=\"description\" content=\"Zamp RZ-67D-hjelm \u2013 Carbon Mix-skal, DDAIR-SYSTEM-luftflow, dobbelte hagegardiner, klar til hydrering og Snell SA2025-certificeret.\" \/>\n<meta name=\"robots\" content=\"index, follow, max-snippet:-1, max-image-preview:large, max-video-preview:-1\" \/>\n<link rel=\"canonical\" href=\"https:\/\/zamphelmets.co\/da\/vare\/rz-67d-carbon-blue\/\" \/>\n<meta property=\"og:locale\" content=\"da_DK\" \/>\n<meta property=\"og:type\" content=\"article\" \/>\n<meta property=\"og:title\" content=\"RZ 67D Carbon Blue - Zamp Helmets | Helmet 28 EU\" \/>\n<meta property=\"og:description\" content=\"Zamp RZ-67D-hjelm \u2013 Carbon Mix-skal, DDAIR-SYSTEM-luftflow, dobbelte hagegardiner, klar til hydrering og Snell SA2025-certificeret.\" \/>\n<meta property=\"og:url\" content=\"https:\/\/zamphelmets.co\/da\/vare\/rz-67d-carbon-blue\/\" \/>\n<meta property=\"og:site_name\" content=\"Zamp Helmets | Helmet 28 EU\" \/>\n<meta property=\"article:modified_time\" content=\"2026-03-03T10:51:13+00:00\" \/>\n<meta property=\"og:image\" content=\"https:\/\/zamphelmets.co\/wp-content\/uploads\/2025\/10\/H781C04.jpg\" \/>\n\t<meta property=\"og:image:width\" content=\"1000\" \/>\n\t<meta property=\"og:image:height\" content=\"1000\" \/>\n\t<meta property=\"og:image:type\" content=\"image\/jpeg\" \/>\n<meta name=\"twitter:card\" content=\"summary_large_image\" \/>\n<meta name=\"twitter:label1\" content=\"Est. reading time\" \/>\n\t<meta name=\"twitter:data1\" content=\"1 minut\" \/>\n<script type=\"application\/ld+json\" class=\"yoast-schema-graph\">{\"@context\":\"https:\/\/schema.org\",\"@graph\":[{\"@type\":\"WebPage\",\"@id\":\"https:\/\/zamphelmets.co\/da\/vare\/rz-67d-carbon-blue\/\",\"url\":\"https:\/\/zamphelmets.co\/da\/vare\/rz-67d-carbon-blue\/\",\"name\":\"RZ 67D Carbon Blue - Zamp Helmets | Helmet 28 EU\",\"isPartOf\":{\"@id\":\"https:\/\/zamphelmets.co\/da\/#website\"},\"primaryImageOfPage\":{\"@id\":\"https:\/\/zamphelmets.co\/da\/vare\/rz-67d-carbon-blue\/#primaryimage\"},\"image\":{\"@id\":\"https:\/\/zamphelmets.co\/da\/vare\/rz-67d-carbon-blue\/#primaryimage\"},\"thumbnailUrl\":\"https:\/\/zamphelmets.co\/wp-content\/uploads\/2025\/10\/H781C04.jpg\",\"datePublished\":\"2025-10-29T15:14:20+00:00\",\"dateModified\":\"2026-03-03T10:51:13+00:00\",\"description\":\"Zamp RZ-67D-hjelm \u2013 Carbon Mix-skal, DDAIR-SYSTEM-luftflow, dobbelte hagegardiner, klar til hydrering og Snell SA2025-certificeret.\",\"breadcrumb\":{\"@id\":\"https:\/\/zamphelmets.co\/da\/vare\/rz-67d-carbon-blue\/#breadcrumb\"},\"inLanguage\":\"da-DK\",\"potentialAction\":[{\"@type\":\"ReadAction\",\"target\":[\"https:\/\/zamphelmets.co\/da\/vare\/rz-67d-carbon-blue\/\"]}]},{\"@type\":\"ImageObject\",\"inLanguage\":\"da-DK\",\"@id\":\"https:\/\/zamphelmets.co\/da\/vare\/rz-67d-carbon-blue\/#primaryimage\",\"url\":\"https:\/\/zamphelmets.co\/wp-content\/uploads\/2025\/10\/H781C04.jpg\",\"contentUrl\":\"https:\/\/zamphelmets.co\/wp-content\/uploads\/2025\/10\/H781C04.jpg\",\"width\":1000,\"height\":1000},{\"@type\":\"BreadcrumbList\",\"@id\":\"https:\/\/zamphelmets.co\/da\/vare\/rz-67d-carbon-blue\/#breadcrumb\",\"itemListElement\":[{\"@type\":\"ListItem\",\"position\":1,\"name\":\"Shop\",\"item\":\"https:\/\/zamphelmets.co\/da\/shop\/\"},{\"@type\":\"ListItem\",\"position\":2,\"name\":\"RZ 67D Carbon Blue\"}]},{\"@type\":\"WebSite\",\"@id\":\"https:\/\/zamphelmets.co\/da\/#website\",\"url\":\"https:\/\/zamphelmets.co\/da\/\",\"name\":\"Zamp Helmets | Helmet 28 EU\",\"description\":\"High Quality Motorsport Helmets\",\"potentialAction\":[{\"@type\":\"SearchAction\",\"target\":{\"@type\":\"EntryPoint\",\"urlTemplate\":\"https:\/\/zamphelmets.co\/da\/?s={search_term_string}\"},\"query-input\":{\"@type\":\"PropertyValueSpecification\",\"valueRequired\":true,\"valueName\":\"search_term_string\"}}],\"inLanguage\":\"da-DK\"}]}<\/script>\n<!-- \/ Yoast SEO plugin. -->","yoast_head_json":{"title":"RZ 67D Carbon Blue - Zamp Helmets | Helmet 28 EU","description":"Zamp RZ-67D-hjelm \u2013 Carbon Mix-skal, DDAIR-SYSTEM-luftflow, dobbelte hagegardiner, klar til hydrering og Snell SA2025-certificeret.","robots":{"index":"index","follow":"follow","max-snippet":"max-snippet:-1","max-image-preview":"max-image-preview:large","max-video-preview":"max-video-preview:-1"},"canonical":"https:\/\/zamphelmets.co\/da\/vare\/rz-67d-carbon-blue\/","og_locale":"da_DK","og_type":"article","og_title":"RZ 67D Carbon Blue - Zamp Helmets | Helmet 28 EU","og_description":"Zamp RZ-67D-hjelm \u2013 Carbon Mix-skal, DDAIR-SYSTEM-luftflow, dobbelte hagegardiner, klar til hydrering og Snell SA2025-certificeret.","og_url":"https:\/\/zamphelmets.co\/da\/vare\/rz-67d-carbon-blue\/","og_site_name":"Zamp Helmets | Helmet 28 EU","article_modified_time":"2026-03-03T10:51:13+00:00","og_image":[{"width":1000,"height":1000,"url":"https:\/\/zamphelmets.co\/wp-content\/uploads\/2025\/10\/H781C04.jpg","type":"image\/jpeg"}],"twitter_card":"summary_large_image","twitter_misc":{"Est. reading time":"1 minut"},"schema":{"@context":"https:\/\/schema.org","@graph":[{"@type":"WebPage","@id":"https:\/\/zamphelmets.co\/da\/vare\/rz-67d-carbon-blue\/","url":"https:\/\/zamphelmets.co\/da\/vare\/rz-67d-carbon-blue\/","name":"RZ 67D Carbon Blue - Zamp Helmets | Helmet 28 EU","isPartOf":{"@id":"https:\/\/zamphelmets.co\/da\/#website"},"primaryImageOfPage":{"@id":"https:\/\/zamphelmets.co\/da\/vare\/rz-67d-carbon-blue\/#primaryimage"},"image":{"@id":"https:\/\/zamphelmets.co\/da\/vare\/rz-67d-carbon-blue\/#primaryimage"},"thumbnailUrl":"https:\/\/zamphelmets.co\/wp-content\/uploads\/2025\/10\/H781C04.jpg","datePublished":"2025-10-29T15:14:20+00:00","dateModified":"2026-03-03T10:51:13+00:00","description":"Zamp RZ-67D-hjelm \u2013 Carbon Mix-skal, DDAIR-SYSTEM-luftflow, dobbelte hagegardiner, klar til hydrering og Snell SA2025-certificeret.","breadcrumb":{"@id":"https:\/\/zamphelmets.co\/da\/vare\/rz-67d-carbon-blue\/#breadcrumb"},"inLanguage":"da-DK","potentialAction":[{"@type":"ReadAction","target":["https:\/\/zamphelmets.co\/da\/vare\/rz-67d-carbon-blue\/"]}]},{"@type":"ImageObject","inLanguage":"da-DK","@id":"https:\/\/zamphelmets.co\/da\/vare\/rz-67d-carbon-blue\/#primaryimage","url":"https:\/\/zamphelmets.co\/wp-content\/uploads\/2025\/10\/H781C04.jpg","contentUrl":"https:\/\/zamphelmets.co\/wp-content\/uploads\/2025\/10\/H781C04.jpg","width":1000,"height":1000},{"@type":"BreadcrumbList","@id":"https:\/\/zamphelmets.co\/da\/vare\/rz-67d-carbon-blue\/#breadcrumb","itemListElement":[{"@type":"ListItem","position":1,"name":"Shop","item":"https:\/\/zamphelmets.co\/da\/shop\/"},{"@type":"ListItem","position":2,"name":"RZ 67D Carbon Blue"}]},{"@type":"WebSite","@id":"https:\/\/zamphelmets.co\/da\/#website","url":"https:\/\/zamphelmets.co\/da\/","name":"Zamp Helmets | Helmet 28 EU","description":"High Quality Motorsport Helmets","potentialAction":[{"@type":"SearchAction","target":{"@type":"EntryPoint","urlTemplate":"https:\/\/zamphelmets.co\/da\/?s={search_term_string}"},"query-input":{"@type":"PropertyValueSpecification","valueRequired":true,"valueName":"search_term_string"}}],"inLanguage":"da-DK"}]}},"_links":{"self":[{"href":"https:\/\/zamphelmets.co\/da\/wp-json\/wp\/v2\/product\/204661","targetHints":{"allow":["GET"]}}],"collection":[{"href":"https:\/\/zamphelmets.co\/da\/wp-json\/wp\/v2\/product"}],"about":[{"href":"https:\/\/zamphelmets.co\/da\/wp-json\/wp\/v2\/types\/product"}],"replies":[{"embeddable":true,"href":"https:\/\/zamphelmets.co\/da\/wp-json\/wp\/v2\/comments?post=204661"}],"wp:featuredmedia":[{"embeddable":true,"href":"https:\/\/zamphelmets.co\/da\/wp-json\/wp\/v2\/media\/137931"}],"wp:attachment":[{"href":"https:\/\/zamphelmets.co\/da\/wp-json\/wp\/v2\/media?parent=204661"}],"wp:term":[{"taxonomy":"product_brand","embeddable":true,"href":"https:\/\/zamphelmets.co\/da\/wp-json\/wp\/v2\/product_brand?post=204661"},{"taxonomy":"product_cat","embeddable":true,"href":"https:\/\/zamphelmets.co\/da\/wp-json\/wp\/v2\/product_cat?post=204661"},{"taxonomy":"product_tag","embeddable":true,"href":"https:\/\/zamphelmets.co\/da\/wp-json\/wp\/v2\/product_tag?post=204661"}],"curies":[{"name":"wp","href":"https:\/\/api.w.org\/{rel}","templated":true}]}}