{"id":203683,"date":"2025-05-14T11:50:07","date_gmt":"2025-05-14T11:50:07","guid":{"rendered":"https:\/\/zamphelmets.co\/product\/zamp-klistermaerke-sort\/"},"modified":"2025-05-14T11:50:07","modified_gmt":"2025-05-14T11:50:07","slug":"zamp-klistermaerke-sort","status":"publish","type":"product","link":"https:\/\/zamphelmets.co\/da\/vare\/zamp-klistermaerke-sort\/","title":{"rendered":"Zamp-klisterm\u00e6rke sort"},"content":{"rendered":"<p>Tilf\u00f8j lidt stil til din bil, gokart, hjelm eller hvad du nu har lyst til med det officielle Zamp Sticker Decal. Zamp-klisterm\u00e6rket er nemt at s\u00e6tte p\u00e5 og superholdbart og ser godt ud, uanset hvor du v\u00e6lger at placere det. Vis din st\u00f8tte til Team Zamp, og f\u00e5 det fulde Race Day-look.  <\/p>\n<p style=\"margin: 0cm; font-size: 16px; font-family: Aptos, sans-serif; font-style: normal; font-weight: 400; text-align: start; text-decoration: none;\"><span style=\"font-size: 15px;\">1 x sort <span style=\"font-size: 15px;\">klisterm\u00e6rke<\/span> 23,1 cm x 6,1 cm<\/span><\/p>\n<p style=\"margin: 0cm; font-size: 16px; font-family: Aptos, sans-serif; font-style: normal; font-weight: 400; text-align: start; text-decoration: none;\">\n<p>&nbsp;<\/p>\n","protected":false},"excerpt":{"rendered":"<p>Tilf\u00f8j lidt stil til din bil, gokart, hjelm eller hvad du nu har lyst til med det officielle Zamp Sticker Decal. Zamp-klisterm\u00e6rket er nemt at s\u00e6tte p\u00e5 og superholdbart og ser godt ud, uanset hvor du v\u00e6lger at placere det. Vis din st\u00f8tte til Team Zamp, og f\u00e5 det fulde Race Day-look. 1 x sort [&hellip;]<\/p>\n","protected":false},"featured_media":63075,"comment_status":"open","ping_status":"closed","template":"","meta":{"_acf_changed":false,"_iconic_wsb_product_page_order_bump_ids":[[]],"_sku":["ZSB"],"_iconic_wsb_product_page_bump_modal_ids":[[]]},"product_brand":[],"product_cat":[215,156],"product_tag":[],"class_list":{"0":"post-203683","1":"product","2":"type-product","3":"status-publish","4":"has-post-thumbnail","6":"product_cat-andet","7":"product_cat-tilbehor","9":"first","10":"instock","11":"taxable","12":"shipping-taxable","13":"purchasable","14":"product-type-simple"},"acf":[],"yoast_head":"<!-- This site is optimized with the Yoast SEO plugin v27.0 - https:\/\/yoast.com\/product\/yoast-seo-wordpress\/ -->\n<title>Zamp-klisterm\u00e6rke sort - Zamp Helmets | Helmet 28 EU<\/title>\n<meta name=\"robots\" content=\"index, follow, max-snippet:-1, max-image-preview:large, max-video-preview:-1\" \/>\n<link rel=\"canonical\" href=\"https:\/\/zamphelmets.co\/da\/vare\/zamp-klistermaerke-sort\/\" \/>\n<meta property=\"og:locale\" content=\"da_DK\" \/>\n<meta property=\"og:type\" content=\"article\" \/>\n<meta property=\"og:title\" content=\"Zamp-klisterm\u00e6rke sort - Zamp Helmets | Helmet 28 EU\" \/>\n<meta property=\"og:description\" content=\"Tilf\u00f8j lidt stil til din bil, gokart, hjelm eller hvad du nu har lyst til med det officielle Zamp Sticker Decal. Zamp-klisterm\u00e6rket er nemt at s\u00e6tte p\u00e5 og superholdbart og ser godt ud, uanset hvor du v\u00e6lger at placere det. Vis din st\u00f8tte til Team Zamp, og f\u00e5 det fulde Race Day-look. 1 x sort [&hellip;]\" \/>\n<meta property=\"og:url\" content=\"https:\/\/zamphelmets.co\/da\/vare\/zamp-klistermaerke-sort\/\" \/>\n<meta property=\"og:site_name\" content=\"Zamp Helmets | Helmet 28 EU\" \/>\n<meta name=\"twitter:card\" content=\"summary_large_image\" \/>\n<script type=\"application\/ld+json\" class=\"yoast-schema-graph\">{\"@context\":\"https:\/\/schema.org\",\"@graph\":[{\"@type\":\"WebPage\",\"@id\":\"https:\/\/zamphelmets.co\/da\/vare\/zamp-klistermaerke-sort\/\",\"url\":\"https:\/\/zamphelmets.co\/da\/vare\/zamp-klistermaerke-sort\/\",\"name\":\"Zamp-klisterm\u00e6rke sort - Zamp Helmets | Helmet 28 EU\",\"isPartOf\":{\"@id\":\"https:\/\/zamphelmets.co\/da\/#website\"},\"primaryImageOfPage\":{\"@id\":\"https:\/\/zamphelmets.co\/da\/vare\/zamp-klistermaerke-sort\/#primaryimage\"},\"image\":{\"@id\":\"https:\/\/zamphelmets.co\/da\/vare\/zamp-klistermaerke-sort\/#primaryimage\"},\"thumbnailUrl\":\"https:\/\/zamphelmets.co\/wp-content\/uploads\/2025\/05\/a8f2d17bb4a7b6940beda5a3c5ea34749e199d94-pdf.jpg\",\"datePublished\":\"2025-05-14T11:50:07+00:00\",\"breadcrumb\":{\"@id\":\"https:\/\/zamphelmets.co\/da\/vare\/zamp-klistermaerke-sort\/#breadcrumb\"},\"inLanguage\":\"da-DK\",\"potentialAction\":[{\"@type\":\"ReadAction\",\"target\":[\"https:\/\/zamphelmets.co\/da\/vare\/zamp-klistermaerke-sort\/\"]}]},{\"@type\":\"ImageObject\",\"inLanguage\":\"da-DK\",\"@id\":\"https:\/\/zamphelmets.co\/da\/vare\/zamp-klistermaerke-sort\/#primaryimage\",\"url\":\"https:\/\/zamphelmets.co\/wp-content\/uploads\/2025\/05\/a8f2d17bb4a7b6940beda5a3c5ea34749e199d94-pdf.jpg\",\"contentUrl\":\"https:\/\/zamphelmets.co\/wp-content\/uploads\/2025\/05\/a8f2d17bb4a7b6940beda5a3c5ea34749e199d94-pdf.jpg\"},{\"@type\":\"BreadcrumbList\",\"@id\":\"https:\/\/zamphelmets.co\/da\/vare\/zamp-klistermaerke-sort\/#breadcrumb\",\"itemListElement\":[{\"@type\":\"ListItem\",\"position\":1,\"name\":\"Shop\",\"item\":\"https:\/\/zamphelmets.co\/da\/shop\/\"},{\"@type\":\"ListItem\",\"position\":2,\"name\":\"Zamp-klisterm\u00e6rke sort\"}]},{\"@type\":\"WebSite\",\"@id\":\"https:\/\/zamphelmets.co\/da\/#website\",\"url\":\"https:\/\/zamphelmets.co\/da\/\",\"name\":\"Zamp Helmets | Helmet 28 EU\",\"description\":\"High Quality Motorsport Helmets\",\"potentialAction\":[{\"@type\":\"SearchAction\",\"target\":{\"@type\":\"EntryPoint\",\"urlTemplate\":\"https:\/\/zamphelmets.co\/da\/?s={search_term_string}\"},\"query-input\":{\"@type\":\"PropertyValueSpecification\",\"valueRequired\":true,\"valueName\":\"search_term_string\"}}],\"inLanguage\":\"da-DK\"}]}<\/script>\n<!-- \/ Yoast SEO plugin. -->","yoast_head_json":{"title":"Zamp-klisterm\u00e6rke sort - Zamp Helmets | Helmet 28 EU","robots":{"index":"index","follow":"follow","max-snippet":"max-snippet:-1","max-image-preview":"max-image-preview:large","max-video-preview":"max-video-preview:-1"},"canonical":"https:\/\/zamphelmets.co\/da\/vare\/zamp-klistermaerke-sort\/","og_locale":"da_DK","og_type":"article","og_title":"Zamp-klisterm\u00e6rke sort - Zamp Helmets | Helmet 28 EU","og_description":"Tilf\u00f8j lidt stil til din bil, gokart, hjelm eller hvad du nu har lyst til med det officielle Zamp Sticker Decal. Zamp-klisterm\u00e6rket er nemt at s\u00e6tte p\u00e5 og superholdbart og ser godt ud, uanset hvor du v\u00e6lger at placere det. Vis din st\u00f8tte til Team Zamp, og f\u00e5 det fulde Race Day-look. 1 x sort [&hellip;]","og_url":"https:\/\/zamphelmets.co\/da\/vare\/zamp-klistermaerke-sort\/","og_site_name":"Zamp Helmets | Helmet 28 EU","twitter_card":"summary_large_image","schema":{"@context":"https:\/\/schema.org","@graph":[{"@type":"WebPage","@id":"https:\/\/zamphelmets.co\/da\/vare\/zamp-klistermaerke-sort\/","url":"https:\/\/zamphelmets.co\/da\/vare\/zamp-klistermaerke-sort\/","name":"Zamp-klisterm\u00e6rke sort - Zamp Helmets | Helmet 28 EU","isPartOf":{"@id":"https:\/\/zamphelmets.co\/da\/#website"},"primaryImageOfPage":{"@id":"https:\/\/zamphelmets.co\/da\/vare\/zamp-klistermaerke-sort\/#primaryimage"},"image":{"@id":"https:\/\/zamphelmets.co\/da\/vare\/zamp-klistermaerke-sort\/#primaryimage"},"thumbnailUrl":"https:\/\/zamphelmets.co\/wp-content\/uploads\/2025\/05\/a8f2d17bb4a7b6940beda5a3c5ea34749e199d94-pdf.jpg","datePublished":"2025-05-14T11:50:07+00:00","breadcrumb":{"@id":"https:\/\/zamphelmets.co\/da\/vare\/zamp-klistermaerke-sort\/#breadcrumb"},"inLanguage":"da-DK","potentialAction":[{"@type":"ReadAction","target":["https:\/\/zamphelmets.co\/da\/vare\/zamp-klistermaerke-sort\/"]}]},{"@type":"ImageObject","inLanguage":"da-DK","@id":"https:\/\/zamphelmets.co\/da\/vare\/zamp-klistermaerke-sort\/#primaryimage","url":"https:\/\/zamphelmets.co\/wp-content\/uploads\/2025\/05\/a8f2d17bb4a7b6940beda5a3c5ea34749e199d94-pdf.jpg","contentUrl":"https:\/\/zamphelmets.co\/wp-content\/uploads\/2025\/05\/a8f2d17bb4a7b6940beda5a3c5ea34749e199d94-pdf.jpg"},{"@type":"BreadcrumbList","@id":"https:\/\/zamphelmets.co\/da\/vare\/zamp-klistermaerke-sort\/#breadcrumb","itemListElement":[{"@type":"ListItem","position":1,"name":"Shop","item":"https:\/\/zamphelmets.co\/da\/shop\/"},{"@type":"ListItem","position":2,"name":"Zamp-klisterm\u00e6rke sort"}]},{"@type":"WebSite","@id":"https:\/\/zamphelmets.co\/da\/#website","url":"https:\/\/zamphelmets.co\/da\/","name":"Zamp Helmets | Helmet 28 EU","description":"High Quality Motorsport Helmets","potentialAction":[{"@type":"SearchAction","target":{"@type":"EntryPoint","urlTemplate":"https:\/\/zamphelmets.co\/da\/?s={search_term_string}"},"query-input":{"@type":"PropertyValueSpecification","valueRequired":true,"valueName":"search_term_string"}}],"inLanguage":"da-DK"}]}},"_links":{"self":[{"href":"https:\/\/zamphelmets.co\/da\/wp-json\/wp\/v2\/product\/203683","targetHints":{"allow":["GET"]}}],"collection":[{"href":"https:\/\/zamphelmets.co\/da\/wp-json\/wp\/v2\/product"}],"about":[{"href":"https:\/\/zamphelmets.co\/da\/wp-json\/wp\/v2\/types\/product"}],"replies":[{"embeddable":true,"href":"https:\/\/zamphelmets.co\/da\/wp-json\/wp\/v2\/comments?post=203683"}],"wp:featuredmedia":[{"embeddable":true,"href":"https:\/\/zamphelmets.co\/da\/wp-json\/wp\/v2\/media\/63075"}],"wp:attachment":[{"href":"https:\/\/zamphelmets.co\/da\/wp-json\/wp\/v2\/media?parent=203683"}],"wp:term":[{"taxonomy":"product_brand","embeddable":true,"href":"https:\/\/zamphelmets.co\/da\/wp-json\/wp\/v2\/product_brand?post=203683"},{"taxonomy":"product_cat","embeddable":true,"href":"https:\/\/zamphelmets.co\/da\/wp-json\/wp\/v2\/product_cat?post=203683"},{"taxonomy":"product_tag","embeddable":true,"href":"https:\/\/zamphelmets.co\/da\/wp-json\/wp\/v2\/product_tag?post=203683"}],"curies":[{"name":"wp","href":"https:\/\/api.w.org\/{rel}","templated":true}]}}