{"id":28417,"date":"2024-07-16T12:57:09","date_gmt":"2024-07-16T12:57:09","guid":{"rendered":"https:\/\/zamphelmets.co\/politik-for-beskyttelse-af-personlige-oplysninger-og-cookies\/"},"modified":"2026-02-16T15:06:40","modified_gmt":"2026-02-16T15:06:40","slug":"politik-for-beskyttelse-af-personlige-oplysninger-og-cookies","status":"publish","type":"page","link":"https:\/\/zamphelmets.co\/da\/politik-for-beskyttelse-af-personlige-oplysninger-og-cookies\/","title":{"rendered":"Politik for beskyttelse af personlige oplysninger og cookies"},"content":{"rendered":"<p>Vi er forpligtet til at beskytte privatlivets fred for vores bes\u00f8gende og brugere af hjemmesiden; denne politik beskriver, hvordan vi behandler dine personlige oplysninger.<br \/>\nDenne politik er opdelt i tre dele:<br \/>\n~ Del A indeholder oplysninger om vores indsamling og brug af personlige oplysninger;<br \/>\n~ Del B indeholder oplysninger om de cookies, der bruges p\u00e5 dette websted; og<br \/>\n~ Del C indeholder oplysninger om os (herunder kontaktoplysninger).<br \/>\nVed at bruge vores hjemmeside og acceptere denne politik giver du dit samtykke til vores brug af cookies i overensstemmelse med vilk\u00e5rene i denne politik.<br \/>\nDEL A: DINE PERSONLIGE OPLYSNINGER<br \/>\n(1) Hvilke oplysninger indsamler vi?<br \/>\nVi kan indsamle, opbevare og bruge f\u00f8lgende former for personlige oplysninger:<br \/>\n(a) oplysninger om din computer og om dine bes\u00f8g p\u00e5 og brug af dette websted (herunder din IP-adresse, geografiske placering, browsertype og -version, operativsystem, henvisningskilde, bes\u00f8gets l\u00e6ngde, sidevisninger og navigation p\u00e5 webstedet);<br \/>\n(b) oplysninger, som du giver os med henblik p\u00e5 at registrere dig hos os, herunder og tilmeldingsoplysninger (navn, e-mail, mobiltelefonnummer, fastnetnummer, land, region, by, byadresse og gadeadresse);<br \/>\n(d) oplysninger, som du giver os med henblik p\u00e5 at abonnere p\u00e5 vores webstedstjenester, e-mailmeddelelser og\/eller nyhedsbreve;<br \/>\n(e) alle andre oplysninger, som du v\u00e6lger at sende til os (f.eks. via kontaktformularen);<br \/>\nF\u00f8r du videregiver en anden persons personlige oplysninger til os, skal du indhente den p\u00e5g\u00e6ldende persons samtykke til b\u00e5de videregivelsen og behandlingen af de personlige oplysninger i overensstemmelse med vilk\u00e5rene i denne politik.<br \/>\n(2) Brug af dine personlige oplysninger<br \/>\nPersonlige oplysninger, der sendes til os via dette websted, vil blive brugt til de form\u00e5l, der er angivet i denne politik eller i relevante dele af webstedet.<br \/>\nVi kan bruge dine personlige oplysninger til:<br \/>\n(a) administrere hjemmesiden;<br \/>\n(b) forbedre din browseroplevelse ved at personalisere hjemmesiden;<br \/>\n(c) muligg\u00f8re din brug af de tjenester, der er tilg\u00e6ngelige p\u00e5 webstedet;<br \/>\n(d) sende dig e-mailmeddelelser, som du specifikt har anmodet om;<br \/>\n(e) sende dig vores nyhedsbrev og anden markedsf\u00f8ringskommunikation vedr\u00f8rende vores virksomhed, som vi mener kan v\u00e6re af interesse for dig, via e-mail (du kan afmelde dig via afmeldingslinket i bunden af vores e-mail-nyhedsbreve);<br \/>\n(f) h\u00e5ndtere foresp\u00f8rgsler og klager fra eller om dig i forbindelse med hjemmesiden;<br \/>\n(g) holde hjemmesiden sikker og forhindre svindel;<br \/>\n(h) verificere overholdelse af de vilk\u00e5r og betingelser, der g\u00e6lder for brug af webstedet (herunder overv\u00e5gning af private beskeder, der sendes via vores websteds private beskedtjeneste);<br \/>\nN\u00e5r du indsender personlige oplysninger til offentligg\u00f8relse p\u00e5 vores hjemmeside, vil vi offentligg\u00f8re og p\u00e5 anden m\u00e5de bruge disse oplysninger i overensstemmelse med den licens, du giver os.<br \/>\nDine privatlivsindstillinger kan bruges til at begr\u00e6nse offentligg\u00f8relsen af dine oplysninger p\u00e5 webstedet.<br \/>\nVi vil ikke uden dit udtrykkelige samtykke give dine personlige oplysninger til nogen tredjepart med henblik p\u00e5 direkte markedsf\u00f8ring.<br \/>\nAlle finansielle transaktioner p\u00e5 vores websted h\u00e5ndteres via vores udbyder af betalingstjenester, PayPal eller Stripe. Du kan l\u00e6se PayPals privatlivspolitik p\u00e5 www.paypal.com. Vi deler kun oplysninger med PayPal i det omfang, det er n\u00f8dvendigt for at behandle betalinger, du foretager via vores websted, refundere s\u00e5danne betalinger og h\u00e5ndtere klager og foresp\u00f8rgsler i forbindelse med s\u00e5danne betalinger og refusioner.<br \/>\n(3) Videregivelse<br \/>\nVi kan videregive dine personlige oplysninger til enhver af vores medarbejdere, ledere, agenter, leverand\u00f8rer eller underleverand\u00f8rer i det omfang, det med rimelighed er n\u00f8dvendigt til de form\u00e5l, der er beskrevet i denne politik.<br \/>\nVi kan videregive dine personlige oplysninger til ethvert medlem af vores gruppe af virksomheder (dette betyder vores datterselskaber, vores ultimative holdingselskab og alle dets datterselskaber) i det omfang, det med rimelighed er n\u00f8dvendigt til de form\u00e5l, der er beskrevet i denne politik.<br \/>\nDerudover kan vi videregive dine personlige oplysninger:<br \/>\n(a) i det omfang vi er forpligtet til at g\u00f8re det i henhold til loven;<br \/>\n(b) i forbindelse med igangv\u00e6rende eller fremtidige retssager;<br \/>\n(c) for at etablere, ud\u00f8ve eller forsvare vores juridiske rettigheder (herunder at give oplysninger til andre med henblik p\u00e5 forebyggelse af svig og reduktion af kreditrisiko);<br \/>\n(d) til k\u00f8beren (eller den potentielle k\u00f8ber) af enhver virksomhed eller ethvert aktiv, som vi s\u00e6lger (eller overvejer at s\u00e6lge); og<br \/>\n(e) til enhver person, som vi med rimelighed mener kan ans\u00f8ge en domstol eller anden kompetent myndighed om videregivelse af disse personlige oplysninger, hvor en s\u00e5dan domstol eller myndighed efter vores rimelige mening med rimelig sandsynlighed vil beordre videregivelse af disse personlige oplysninger.<br \/>\nBortset fra som angivet i denne politik, vil vi ikke give dine oplysninger til tredjeparter.<br \/>\n(4) Internationale dataoverf\u00f8rsler<br \/>\nOplysninger, som vi indsamler, kan opbevares og behandles i og overf\u00f8res mellem ethvert af de lande, hvor vi opererer, for at g\u00f8re det muligt for os at bruge oplysningerne i overensstemmelse med denne politik.<br \/>\nOplysninger, som du giver, kan overf\u00f8res til lande, der ikke har databeskyttelseslove svarende til dem, der g\u00e6lder i Det Europ\u00e6iske \u00d8konomiske Samarbejdsomr\u00e5de.<br \/>\nDerudover vil personlige oplysninger, som du sender til offentligg\u00f8relse p\u00e5 hjemmesiden, blive offentliggjort p\u00e5 internettet og kan v\u00e6re tilg\u00e6ngelige via internettet over hele verden. Vi kan ikke forhindre andres brug eller misbrug af s\u00e5danne oplysninger.<br \/>\nDu accepterer udtrykkeligt s\u00e5danne overf\u00f8rsler af personlige oplysninger.<br \/>\n(5) Sikkerhed for dine personlige oplysninger<br \/>\nVi vil tage rimelige tekniske og organisatoriske forholdsregler for at forhindre tab, misbrug eller \u00e6ndring af dine personlige oplysninger.<br \/>\nVi gemmer alle de personlige oplysninger, du giver, p\u00e5 vores sikre (adgangskode- og firewall-beskyttede) servere.<br \/>\nDu anerkender, at overf\u00f8rsel af oplysninger over internettet i sagens natur er usikker, og vi kan ikke garantere sikkerheden for data, der sendes over internettet.<br \/>\nDu er ansvarlig for at holde din adgangskode og andre login-oplysninger fortrolige. Vi vil ikke bede dig om din adgangskode (undtagen n\u00e5r du logger ind p\u00e5 hjemmesiden).<x id=\"gid_6\"><\/x>(6) \u00c6ndringer af politikken<x id=\"gid_7\"><\/x>Vi kan opdatere denne politik fra tid til anden ved at l\u00e6gge en ny version ud p\u00e5 vores hjemmeside. Du b\u00f8r tjekke denne side med j\u00e6vne mellemrum for at sikre, at du er tilfreds med eventuelle \u00e6ndringer.<x id=\"gid_8\"><\/x>(7) Dine rettigheder<x id=\"gid_9\"><\/x>Du kan bede os om at give dig alle de personlige oplysninger, vi har om dig. Udlevering af s\u00e5danne oplysninger vil v\u00e6re underlagt:<x id=\"gid_10\"><\/x>(a) betaling af et gebyr (i \u00f8jeblikket fastsat til GBP 10); og<x id=\"gid_11\"><\/x>(b) levering af passende bevis for din identitet (til dette form\u00e5l accepterer vi normalt en fotokopi af dit pas certificeret af en advokat eller bank plus en original kopi af en regning, der viser din nuv\u00e6rende adresse).<x id=\"gid_12\"><\/x>Vi kan tilbageholde s\u00e5danne personlige oplysninger i det omfang, det er tilladt ved lov.<x id=\"gid_13\"><\/x>Du kan instruere os om ikke at behandle dine personlige oplysninger til markedsf\u00f8ringsform\u00e5l.    I praksis vil du normalt enten udtrykkeligt p\u00e5 forh\u00e5nd acceptere vores brug af dine personlige oplysninger til markedsf\u00f8ringsform\u00e5l, eller vi vil give dig mulighed for at frav\u00e6lge brugen af dine personlige oplysninger til markedsf\u00f8ringsform\u00e5l.<br \/>\n(8) Tredjepartswebsteder<br \/>\nWebstedet indeholder links til andre websteder. Vi er ikke ansvarlige for privatlivspolitikker eller praksis p\u00e5 tredjepartswebsteder.<x id=\"gid_2\"><\/x>(9) Opdatering af oplysninger<x id=\"gid_3\"><\/x>Lad os vide, hvis de personlige oplysninger, vi har om dig, skal rettes eller opdateres (disse oplysninger kan opdateres via dit login-dashboard).<x id=\"gid_4\"><\/x>DEL B: COOKIES<x id=\"gid_5\"><\/x>(10) Om cookies<x id=\"gid_6\"><\/x>En cookie er en fil, der indeholder en identifikator (en streng af bogstaver og tal), der sendes af en webserver til en webbrowser og gemmes af browseren.  Identifikatoren sendes derefter tilbage til serveren, hver gang browseren anmoder om en side fra serveren.<br \/>\nCookies kan bruges af webservere til at identificere og spore brugere, n\u00e5r de navigerer rundt p\u00e5 forskellige sider p\u00e5 et websted, og til at identificere brugere, der vender tilbage til et websted.<br \/>\nCookies kan enten v\u00e6re &#8220;vedvarende&#8221; cookies eller &#8220;sessionscookies&#8221;.<br \/>\nEn vedvarende cookie best\u00e5r af en tekstfil, der sendes af en webserver til en webbrowser, som gemmes af browseren og forbliver gyldig indtil den indstillede udl\u00f8bsdato (medmindre den slettes af brugeren f\u00f8r udl\u00f8bsdatoen).<br \/>\nEn sessionscookie udl\u00f8ber derimod ved afslutningen af brugersessionen, n\u00e5r webbrowseren lukkes.<br \/>\n(11) Vores cookies<br \/>\nVi bruger b\u00e5de sessionscookies og permanente cookies p\u00e5 dette websted.<br \/>\n(12) Tredjeparts- og analysecookies<br \/>\nN\u00e5r du bruger vores hjemmeside, kan du ogs\u00e5 f\u00e5 tilsendt tredjepartscookies.<br \/>\nVores annonc\u00f8rer kan sende dig cookies. De kan bruge de oplysninger, de f\u00e5r fra din brug af deres cookies:<br \/>\n(a) til at opbygge en profil af din websurfing; og<br \/>\n(b) til at m\u00e5lrette reklamer, som kan v\u00e6re af s\u00e6rlig interesse for dig.<br \/>\nDerudover bruger vi Google Analytics til at analysere brugen af dette websted. Google Analytics genererer statistiske og andre oplysninger om brugen af hjemmesiden ved hj\u00e6lp af cookies, som gemmes p\u00e5 brugernes computere. De oplysninger, der genereres i forbindelse med vores websted, bruges til at oprette rapporter om brugen af webstedet. Google gemmer disse oplysninger. Googles privatlivspolitik er tilg\u00e6ngelig p\u00e5: http:\/\/www.google.com\/privacypolicy.html.<br \/>\nVi kan offentligg\u00f8re interessebaserede Google AdSense-reklamer p\u00e5 vores websted. Disse er skr\u00e6ddersyet af Google til at afspejle dine interesser. For at bestemme dine interesser sporer Google din adf\u00e6rd p\u00e5 vores websted og p\u00e5 andre websteder p\u00e5 nettet ved hj\u00e6lp af DART-cookien. Du kan se, slette eller tilf\u00f8je interessekategorier, der er knyttet til din browser, ved hj\u00e6lp af Googles Ads Preference Manager, der er tilg\u00e6ngelig p\u00e5: http:\/\/www.google.com\/ads\/preferences\/. Du kan frav\u00e6lge AdSense-partnernetv\u00e6rkscookien p\u00e5: http:\/\/www.google.com\/privacy\/ads\/ eller ved at bruge NAI&#8217;s Network Advertising Initiative&#8217;s multi-cookie opt-out-mekanisme p\u00e5: http:\/\/www.networkadvertising.org\/managing\/opt_out.asp. Disse opt-out-mekanismer bruger dog cookies, og hvis du sletter cookies fra din browser, vil din opt-out ikke blive opretholdt. For at sikre, at en opt-out opretholdes med hensyn til en bestemt browser, skal du bruge Googles browser-plug-in, der er tilg\u00e6ngelig p\u00e5: http:\/\/www.google.com\/ads\/preferences\/plugin.<br \/>\n(13) Cookies og personlige oplysninger<br \/>\nCookies indeholder ingen oplysninger, der identificerer dig personligt, men personlige oplysninger, som vi gemmer om dig, kan knyttes af os til de oplysninger, der er gemt i og indhentet fra cookies.<br \/>\n(14) Blokering af cookies<br \/>\nDe fleste browsere giver dig mulighed for at n\u00e6gte at acceptere cookies. For eksempel:<br \/>\n(a) I Internet Explorer (version 9) kan du blokere cookies ved hj\u00e6lp af indstillingerne for tilsides\u00e6ttelse af cookieh\u00e5ndtering, der er tilg\u00e6ngelige ved at klikke p\u00e5 &#8220;V\u00e6rkt\u00f8jer&#8221;, &#8220;Internetindstillinger&#8221;, &#8220;Privatliv&#8221; og derefter &#8220;Avanceret&#8221;;<br \/>\n(b) i Firefox (version 16) kan du blokere alle cookies ved at klikke p\u00e5 &#8220;V\u00e6rkt\u00f8jer&#8221;, &#8220;Indstillinger&#8221;, &#8220;Privatliv&#8221;, v\u00e6lge &#8220;Brug brugerdefinerede indstillinger for historik&#8221; i rullemenuen og fjerne markeringen af &#8220;Accepter cookies fra websteder&#8221;; og<br \/>\n(c) I Chrome (version 23) kan du blokere alle cookies ved at g\u00e5 til menuen &#8220;Tilpas og kontroller&#8221; og klikke p\u00e5 &#8220;Indstillinger&#8221;, &#8220;Vis avancerede indstillinger&#8221; og &#8220;Indholdsindstillinger&#8221; og derefter v\u00e6lge &#8220;Bloker websteder fra at gemme data&#8221; under overskriften &#8220;Cookies&#8221;.<br \/>\nBlokering af alle cookies vil dog have en negativ indvirkning p\u00e5 anvendeligheden af mange hjemmesider.<br \/>\nHvis du blokerer for cookies, kan du muligvis ikke bruge alle funktionerne p\u00e5 dette websted.<br \/>\n(15) Sletning af cookies<br \/>\nDu kan ogs\u00e5 slette cookies, der allerede er gemt p\u00e5 din computer. For eksempel:<br \/>\n(a) I Internet Explorer (version 9) skal du manuelt slette cookie-filer (du kan finde instruktioner om, hvordan du g\u00f8r det, p\u00e5 http:\/\/support.microsoft.com\/kb\/278835);<br \/>\n(b) i Firefox (version 16) kan du slette cookies ved at klikke p\u00e5 &#8220;V\u00e6rkt\u00f8jer&#8221;, &#8220;Indstillinger&#8221;, &#8220;Privatliv&#8221; og derefter &#8220;Vis cookies&#8221; og derefter klikke p\u00e5 &#8220;Fjern alle cookies&#8221;; og<br \/>\n(c) I Chrome (version 23) kan du slette alle cookies ved at g\u00e5 til menuen &#8220;Tilpas og kontroller&#8221; og klikke p\u00e5 &#8220;Indstillinger&#8221;, &#8220;Vis avancerede indstillinger&#8221; og &#8220;Ryd browserdata&#8221; og derefter v\u00e6lge &#8220;Slet cookies og andre websteds- og plug-in-data&#8221;, f\u00f8r du klikker p\u00e5 &#8220;Ryd browserdata&#8221;.<br \/>\nIgen kan det have en negativ indvirkning p\u00e5 mange hjemmesiders brugervenlighed.<br \/>\nDEL C: VORES DETALJER<br \/>\n(16) Kontakt os<br \/>\nDenne hjemmeside ejes og drives af Helmet 28 LTD.<br \/>\nHvis du har sp\u00f8rgsm\u00e5l om vores cookies eller denne politik, er du velkommen til at kontakte os:<br \/>\n(a) via e-mail til support@helmet28.com:<br \/>\n(b) pr. post til Helmet 28 LTD Clifton Square, Alderley Edge, Cheshire, SK9 7NW<\/p>\n","protected":false},"excerpt":{"rendered":"<p>Vi er forpligtet til at beskytte privatlivets fred for vores bes\u00f8gende og brugere af hjemmesiden; denne politik beskriver, hvordan vi behandler dine personlige oplysninger. Denne politik er opdelt i tre dele: ~ Del A indeholder oplysninger om vores indsamling og brug af personlige oplysninger; ~ Del B indeholder oplysninger om de cookies, der bruges p\u00e5 [&hellip;]<\/p>\n","protected":false},"author":1,"featured_media":0,"parent":0,"menu_order":0,"comment_status":"closed","ping_status":"closed","template":"templates\/fullwidth.php","meta":{"_acf_changed":false,"footnotes":""},"class_list":["post-28417","page","type-page","status-publish","hentry"],"acf":[],"yoast_head":"<!-- This site is optimized with the Yoast SEO plugin v27.0 - https:\/\/yoast.com\/product\/yoast-seo-wordpress\/ -->\n<title>Politik for beskyttelse af personlige oplysninger og cookies - Zamp Helmets | Helmet 28 EU<\/title>\n<meta name=\"robots\" content=\"index, follow, max-snippet:-1, max-image-preview:large, max-video-preview:-1\" \/>\n<link rel=\"canonical\" href=\"https:\/\/zamphelmets.co\/da\/politik-for-beskyttelse-af-personlige-oplysninger-og-cookies\/\" \/>\n<meta property=\"og:locale\" content=\"da_DK\" \/>\n<meta property=\"og:type\" content=\"article\" \/>\n<meta property=\"og:title\" content=\"Politik for beskyttelse af personlige oplysninger og cookies - Zamp Helmets | Helmet 28 EU\" \/>\n<meta property=\"og:description\" content=\"Vi er forpligtet til at beskytte privatlivets fred for vores bes\u00f8gende og brugere af hjemmesiden; denne politik beskriver, hvordan vi behandler dine personlige oplysninger. Denne politik er opdelt i tre dele: ~ Del A indeholder oplysninger om vores indsamling og brug af personlige oplysninger; ~ Del B indeholder oplysninger om de cookies, der bruges p\u00e5 [&hellip;]\" \/>\n<meta property=\"og:url\" content=\"https:\/\/zamphelmets.co\/da\/politik-for-beskyttelse-af-personlige-oplysninger-og-cookies\/\" \/>\n<meta property=\"og:site_name\" content=\"Zamp Helmets | Helmet 28 EU\" \/>\n<meta property=\"article:modified_time\" content=\"2026-02-16T15:06:40+00:00\" \/>\n<meta name=\"twitter:card\" content=\"summary_large_image\" \/>\n<meta name=\"twitter:label1\" content=\"Est. reading time\" \/>\n\t<meta name=\"twitter:data1\" content=\"10 minutter\" \/>\n<script type=\"application\/ld+json\" class=\"yoast-schema-graph\">{\"@context\":\"https:\/\/schema.org\",\"@graph\":[{\"@type\":\"WebPage\",\"@id\":\"https:\/\/zamphelmets.co\/da\/politik-for-beskyttelse-af-personlige-oplysninger-og-cookies\/\",\"url\":\"https:\/\/zamphelmets.co\/da\/politik-for-beskyttelse-af-personlige-oplysninger-og-cookies\/\",\"name\":\"Politik for beskyttelse af personlige oplysninger og cookies - Zamp Helmets | Helmet 28 EU\",\"isPartOf\":{\"@id\":\"https:\/\/zamphelmets.co\/da\/#website\"},\"datePublished\":\"2024-07-16T12:57:09+00:00\",\"dateModified\":\"2026-02-16T15:06:40+00:00\",\"inLanguage\":\"da-DK\",\"potentialAction\":[{\"@type\":\"ReadAction\",\"target\":[\"https:\/\/zamphelmets.co\/da\/politik-for-beskyttelse-af-personlige-oplysninger-og-cookies\/\"]}]},{\"@type\":\"WebSite\",\"@id\":\"https:\/\/zamphelmets.co\/da\/#website\",\"url\":\"https:\/\/zamphelmets.co\/da\/\",\"name\":\"Zamp Helmets | Helmet 28 EU\",\"description\":\"High Quality Motorsport Helmets\",\"potentialAction\":[{\"@type\":\"SearchAction\",\"target\":{\"@type\":\"EntryPoint\",\"urlTemplate\":\"https:\/\/zamphelmets.co\/da\/?s={search_term_string}\"},\"query-input\":{\"@type\":\"PropertyValueSpecification\",\"valueRequired\":true,\"valueName\":\"search_term_string\"}}],\"inLanguage\":\"da-DK\"}]}<\/script>\n<!-- \/ Yoast SEO plugin. -->","yoast_head_json":{"title":"Politik for beskyttelse af personlige oplysninger og cookies - Zamp Helmets | Helmet 28 EU","robots":{"index":"index","follow":"follow","max-snippet":"max-snippet:-1","max-image-preview":"max-image-preview:large","max-video-preview":"max-video-preview:-1"},"canonical":"https:\/\/zamphelmets.co\/da\/politik-for-beskyttelse-af-personlige-oplysninger-og-cookies\/","og_locale":"da_DK","og_type":"article","og_title":"Politik for beskyttelse af personlige oplysninger og cookies - Zamp Helmets | Helmet 28 EU","og_description":"Vi er forpligtet til at beskytte privatlivets fred for vores bes\u00f8gende og brugere af hjemmesiden; denne politik beskriver, hvordan vi behandler dine personlige oplysninger. Denne politik er opdelt i tre dele: ~ Del A indeholder oplysninger om vores indsamling og brug af personlige oplysninger; ~ Del B indeholder oplysninger om de cookies, der bruges p\u00e5 [&hellip;]","og_url":"https:\/\/zamphelmets.co\/da\/politik-for-beskyttelse-af-personlige-oplysninger-og-cookies\/","og_site_name":"Zamp Helmets | Helmet 28 EU","article_modified_time":"2026-02-16T15:06:40+00:00","twitter_card":"summary_large_image","twitter_misc":{"Est. reading time":"10 minutter"},"schema":{"@context":"https:\/\/schema.org","@graph":[{"@type":"WebPage","@id":"https:\/\/zamphelmets.co\/da\/politik-for-beskyttelse-af-personlige-oplysninger-og-cookies\/","url":"https:\/\/zamphelmets.co\/da\/politik-for-beskyttelse-af-personlige-oplysninger-og-cookies\/","name":"Politik for beskyttelse af personlige oplysninger og cookies - Zamp Helmets | Helmet 28 EU","isPartOf":{"@id":"https:\/\/zamphelmets.co\/da\/#website"},"datePublished":"2024-07-16T12:57:09+00:00","dateModified":"2026-02-16T15:06:40+00:00","inLanguage":"da-DK","potentialAction":[{"@type":"ReadAction","target":["https:\/\/zamphelmets.co\/da\/politik-for-beskyttelse-af-personlige-oplysninger-og-cookies\/"]}]},{"@type":"WebSite","@id":"https:\/\/zamphelmets.co\/da\/#website","url":"https:\/\/zamphelmets.co\/da\/","name":"Zamp Helmets | Helmet 28 EU","description":"High Quality Motorsport Helmets","potentialAction":[{"@type":"SearchAction","target":{"@type":"EntryPoint","urlTemplate":"https:\/\/zamphelmets.co\/da\/?s={search_term_string}"},"query-input":{"@type":"PropertyValueSpecification","valueRequired":true,"valueName":"search_term_string"}}],"inLanguage":"da-DK"}]}},"_links":{"self":[{"href":"https:\/\/zamphelmets.co\/da\/wp-json\/wp\/v2\/pages\/28417","targetHints":{"allow":["GET"]}}],"collection":[{"href":"https:\/\/zamphelmets.co\/da\/wp-json\/wp\/v2\/pages"}],"about":[{"href":"https:\/\/zamphelmets.co\/da\/wp-json\/wp\/v2\/types\/page"}],"author":[{"embeddable":true,"href":"https:\/\/zamphelmets.co\/da\/wp-json\/wp\/v2\/users\/1"}],"replies":[{"embeddable":true,"href":"https:\/\/zamphelmets.co\/da\/wp-json\/wp\/v2\/comments?post=28417"}],"version-history":[{"count":1,"href":"https:\/\/zamphelmets.co\/da\/wp-json\/wp\/v2\/pages\/28417\/revisions"}],"predecessor-version":[{"id":203609,"href":"https:\/\/zamphelmets.co\/da\/wp-json\/wp\/v2\/pages\/28417\/revisions\/203609"}],"wp:attachment":[{"href":"https:\/\/zamphelmets.co\/da\/wp-json\/wp\/v2\/media?parent=28417"}],"curies":[{"name":"wp","href":"https:\/\/api.w.org\/{rel}","templated":true}]}}