{"id":22181,"date":"2022-10-28T09:48:44","date_gmt":"2022-10-28T09:48:44","guid":{"rendered":"https:\/\/zamphelmets.co\/forhandlerens-forespoergselsside\/"},"modified":"2022-10-28T09:48:44","modified_gmt":"2022-10-28T09:48:44","slug":"forhandlerens-forespoergselsside","status":"publish","type":"page","link":"https:\/\/zamphelmets.co\/da\/forhandlerens-forespoergselsside\/","title":{"rendered":"Forhandlerens foresp\u00f8rgselsside"},"content":{"rendered":"<p><img decoding=\"async\" class=\"size-medium wp-image-6667 alignright lazyload\" data-src=\"https:\/\/zamphelmets.co\/wp-content\/uploads\/sites\/3\/2022\/10\/WhatsApp-Image-2022-10-28-at-10.35.26-AM-300x225.jpeg\" alt=\"\" width=\"300\" height=\"225\" data-srcset=\"https:\/\/zamphelmets.co\/wp-content\/uploads\/2022\/10\/WhatsApp-Image-2022-10-28-at-10.35.26-AM-300x225.jpeg 300w, https:\/\/zamphelmets.co\/wp-content\/uploads\/2022\/10\/WhatsApp-Image-2022-10-28-at-10.35.26-AM-1024x768.jpeg 1024w, https:\/\/zamphelmets.co\/wp-content\/uploads\/2022\/10\/WhatsApp-Image-2022-10-28-at-10.35.26-AM-768x576.jpeg 768w, https:\/\/zamphelmets.co\/wp-content\/uploads\/2022\/10\/WhatsApp-Image-2022-10-28-at-10.35.26-AM-1536x1152.jpeg 1536w, https:\/\/zamphelmets.co\/wp-content\/uploads\/2022\/10\/WhatsApp-Image-2022-10-28-at-10.35.26-AM-600x450.jpeg 600w, https:\/\/zamphelmets.co\/wp-content\/uploads\/2022\/10\/WhatsApp-Image-2022-10-28-at-10.35.26-AM.jpeg 2048w\" data-sizes=\"(max-width: 300px) 100vw, 300px\" src=\"data:image\/svg+xml;base64,PHN2ZyB3aWR0aD0iMSIgaGVpZ2h0PSIxIiB4bWxucz0iaHR0cDovL3d3dy53My5vcmcvMjAwMC9zdmciPjwvc3ZnPg==\" style=\"--smush-placeholder-width: 300px; --smush-placeholder-aspect-ratio: 300\/225;\" \/><\/p>\n<h3>Bliv forhandler af Zamp-hjelme<\/h3>\n<p>Udfyld venligst formularen til forhandlerforesp\u00f8rgsel nedenfor. N\u00e5r du har sendt den, vil et medlem af vores salgsteam kontakte dig inden for kort tid.<\/p>\n<p>&nbsp;<\/p>\n<noscript class=\"ninja-forms-noscript-message\">\n\tBem\u00e6rk: JavaScript er n\u00f8dvendig til dette indhold.<\/noscript>\n<div id=\"nf-form-3-cont\" class=\"nf-form-cont\" aria-live=\"polite\" aria-labelledby=\"nf-form-title-3\" aria-describedby=\"nf-form-errors-3\" role=\"form\">\n\n    <div class=\"nf-loading-spinner\"><\/div>\n\n<\/div>\n        <!-- That data is being printed as a workaround to page builders reordering the order of the scripts loaded-->\n        <script>var formDisplay=1;var nfForms=nfForms||[];var form=[];form.id='3';form.settings={\"objectType\":\"Form Setting\",\"editActive\":true,\"title\":\"Forhandlerforesp\\u00f8rgselsformular\",\"show_title\":0,\"allow_public_link\":0,\"public_link\":\"https:\\\/\\\/zamphelmets.co\\\/ninja-forms\\\/3bb1d\",\"embed_form\":\"\",\"clear_complete\":1,\"hide_complete\":1,\"default_label_pos\":\"above\",\"wrapper_class\":\"\",\"element_class\":\"\",\"key\":\"\",\"add_submit\":1,\"changeEmailErrorMsg\":\"Angiv en gyldig e-mailadresse!\",\"changeDateErrorMsg\":\"Please enter a valid date!\",\"confirmFieldErrorMsg\":\"Disse felter skal v\\u00e6re identiske!\",\"fieldNumberNumMinError\":\"Antal min. fejl\",\"fieldNumberNumMaxError\":\"Antal maks. fejl\",\"fieldNumberIncrementBy\":\"\\u00d8g med \",\"formErrorsCorrectErrors\":\"Ret fejlene, f\\u00f8r indsendelse af formularen.\",\"validateRequiredField\":\"Dette er et p\\u00e5kr\\u00e6vet felt.\",\"honeypotHoneypotError\":\"Honeypot-fejl\",\"fieldsMarkedRequired\":\"Felter markeret med en <span class=\\\"ninja-forms-req-symbol\\\">*<\\\/span> skal udfyldes\",\"currency\":\"\",\"repeatable_fieldsets\":\"\",\"unique_field_error\":\"En formular med denne v\\u00e6rdi er allerede blevet indsendt.\",\"logged_in\":false,\"not_logged_in_msg\":\"\",\"sub_limit_msg\":\"Formularen har n\\u00e5et sin indsendelsesgr\\u00e6nse.\",\"calculations\":[],\"formContentData\":[\"company_name_1666950312796\",\"company_website_1666950319910\",\"name_1666950331753\",\"email_1666950289270\",\"phone_1666950292910\",\"message_comment_1666950367102\",\"submit_1666950414169\"],\"drawerDisabled\":false,\"public_link_key\":\"3bb1d\",\"form_title_heading_level\":\"3\",\"ninjaForms\":\"Ninja-formularer\",\"fieldTextareaRTEInsertLink\":\"Inds\\u00e6t link\",\"fieldTextareaRTEInsertMedia\":\"Inds\\u00e6t medie\",\"fieldTextareaRTESelectAFile\":\"V&aelig;lg en fil\",\"formHoneypot\":\"Hvis du er et menneske og kan se dette felt, skal du lade det v\\u00e6re tomt.\",\"fileUploadOldCodeFileUploadInProgress\":\"Filoverf\\u00f8rsel er i gang.\",\"fileUploadOldCodeFileUpload\":\"OVERF\\u00d8RSEL AF FIL\",\"currencySymbol\":false,\"thousands_sep\":\".\",\"decimal_point\":\",\",\"siteLocale\":\"da_DK\",\"dateFormat\":\"m\\\/d\\\/Y\",\"startOfWeek\":\"1\",\"of\":\"af\",\"previousMonth\":\"Previous Month\",\"nextMonth\":\"Next Month\",\"months\":[\"January\",\"February\",\"March\",\"April\",\"May\",\"June\",\"July\",\"August\",\"September\",\"October\",\"November\",\"December\"],\"monthsShort\":[\"Jan\",\"Feb\",\"Mar\",\"Apr\",\"May\",\"Jun\",\"Jul\",\"Aug\",\"Sep\",\"Oct\",\"Nov\",\"Dec\"],\"weekdays\":[\"Sunday\",\"Monday\",\"Tuesday\",\"Wednesday\",\"Thursday\",\"Friday\",\"Saturday\"],\"weekdaysShort\":[\"Sun\",\"Mon\",\"Tue\",\"Wed\",\"Thu\",\"Fri\",\"Sat\"],\"weekdaysMin\":[\"Su\",\"Mo\",\"Tu\",\"We\",\"Th\",\"Fr\",\"Sa\"],\"recaptchaConsentMissing\":\"reCaptcha validation couldn&#039;t load.\",\"recaptchaMissingCookie\":\"reCaptcha v3 validation couldn&#039;t load the cookie needed to submit the form.\",\"recaptchaConsentEvent\":\"Accept reCaptcha cookies before sending the form.\",\"currency_symbol\":\"\",\"beforeForm\":\"\",\"beforeFields\":\"\",\"afterFields\":\"\",\"afterForm\":\"\"};form.fields=[{\"objectType\":\"Field\",\"objectDomain\":\"fields\",\"editActive\":false,\"order\":1,\"idAttribute\":\"id\",\"label\":\"Firmanavn\",\"type\":\"firstname\",\"key\":\"company_name_1666950312796\",\"label_pos\":\"above\",\"required\":1,\"default\":\"\",\"placeholder\":\"\",\"container_class\":\"\",\"element_class\":\"\",\"admin_label\":\"\",\"help_text\":\"\",\"custom_name_attribute\":\"fname\",\"personally_identifiable\":1,\"value\":\"\",\"id\":21,\"beforeField\":\"\",\"afterField\":\"\",\"parentType\":\"firstname\",\"element_templates\":[\"firstname\",\"input\"],\"old_classname\":\"\",\"wrap_template\":\"wrap\"},{\"objectType\":\"Field\",\"objectDomain\":\"fields\",\"editActive\":false,\"order\":2,\"idAttribute\":\"id\",\"label\":\"Virksomhedens hjemmeside\",\"type\":\"firstname\",\"key\":\"company_website_1666950319910\",\"label_pos\":\"above\",\"required\":1,\"default\":\"\",\"placeholder\":\"\",\"container_class\":\"\",\"element_class\":\"\",\"admin_label\":\"\",\"help_text\":\"\",\"custom_name_attribute\":\"fname\",\"personally_identifiable\":1,\"value\":\"\",\"id\":22,\"beforeField\":\"\",\"afterField\":\"\",\"parentType\":\"firstname\",\"element_templates\":[\"firstname\",\"input\"],\"old_classname\":\"\",\"wrap_template\":\"wrap\"},{\"objectType\":\"Field\",\"objectDomain\":\"fields\",\"editActive\":false,\"order\":3,\"idAttribute\":\"id\",\"label\":\"Navn\",\"type\":\"firstname\",\"key\":\"name_1666950331753\",\"label_pos\":\"above\",\"required\":1,\"default\":\"\",\"placeholder\":\"\",\"container_class\":\"\",\"element_class\":\"\",\"admin_label\":\"\",\"help_text\":\"\",\"custom_name_attribute\":\"fname\",\"personally_identifiable\":1,\"value\":\"\",\"id\":23,\"beforeField\":\"\",\"afterField\":\"\",\"parentType\":\"firstname\",\"element_templates\":[\"firstname\",\"input\"],\"old_classname\":\"\",\"wrap_template\":\"wrap\"},{\"objectType\":\"Field\",\"objectDomain\":\"fields\",\"editActive\":false,\"order\":5,\"idAttribute\":\"id\",\"label\":\"E-mail\",\"type\":\"email\",\"key\":\"email_1666950289270\",\"label_pos\":\"above\",\"required\":1,\"default\":\"\",\"placeholder\":\"\",\"container_class\":\"\",\"element_class\":\"\",\"admin_label\":\"\",\"help_text\":\"\",\"custom_name_attribute\":\"email\",\"personally_identifiable\":1,\"value\":\"\",\"id\":24,\"beforeField\":\"\",\"afterField\":\"\",\"parentType\":\"email\",\"element_templates\":[\"email\",\"input\"],\"old_classname\":\"\",\"wrap_template\":\"wrap\"},{\"objectType\":\"Field\",\"objectDomain\":\"fields\",\"editActive\":false,\"order\":6,\"idAttribute\":\"id\",\"label\":\"Telefon\",\"type\":\"phone\",\"key\":\"phone_1666950292910\",\"label_pos\":\"above\",\"required\":1,\"default\":\"\",\"placeholder\":\"\",\"container_class\":\"\",\"element_class\":\"\",\"input_limit\":\"\",\"input_limit_type\":\"characters\",\"input_limit_msg\":\"Tegn tilbage\",\"manual_key\":false,\"admin_label\":\"\",\"help_text\":\"\",\"mask\":\"\",\"custom_mask\":\"\",\"custom_name_attribute\":\"phone\",\"personally_identifiable\":1,\"value\":\"\",\"id\":25,\"beforeField\":\"\",\"afterField\":\"\",\"parentType\":\"textbox\",\"element_templates\":[\"tel\",\"textbox\",\"input\"],\"old_classname\":\"\",\"wrap_template\":\"wrap\"},{\"objectType\":\"Field\",\"objectDomain\":\"fields\",\"editActive\":false,\"order\":7,\"idAttribute\":\"id\",\"label\":\"Besked\\\/kommentar\",\"type\":\"textarea\",\"key\":\"message_comment_1666950367102\",\"label_pos\":\"above\",\"required\":1,\"default\":\"\",\"placeholder\":\"\",\"container_class\":\"\",\"element_class\":\"\",\"input_limit\":\"\",\"input_limit_type\":\"characters\",\"input_limit_msg\":\"Tegn tilbage\",\"manual_key\":false,\"admin_label\":\"\",\"help_text\":\"\",\"textarea_rte\":\"\",\"disable_rte_mobile\":\"\",\"textarea_media\":\"\",\"value\":\"\",\"drawerDisabled\":false,\"id\":26,\"beforeField\":\"\",\"afterField\":\"\",\"parentType\":\"textarea\",\"element_templates\":[\"textarea\",\"input\"],\"old_classname\":\"\",\"wrap_template\":\"wrap\"},{\"objectType\":\"Field\",\"objectDomain\":\"fields\",\"editActive\":false,\"order\":9999,\"idAttribute\":\"id\",\"type\":\"submit\",\"label\":\"Indsend\",\"processing_label\":\"Behandler\",\"container_class\":\"\",\"element_class\":\"\",\"key\":\"submit_1666950414169\",\"admin_label\":\"\",\"id\":27,\"beforeField\":\"\",\"afterField\":\"\",\"value\":\"\",\"label_pos\":\"above\",\"parentType\":\"textbox\",\"element_templates\":[\"submit\",\"button\",\"input\"],\"old_classname\":\"\",\"wrap_template\":\"wrap-no-label\"}];nfForms.push(form);<\/script>\n        \n","protected":false},"excerpt":{"rendered":"<p>Bliv forhandler af Zamp-hjelme Udfyld venligst formularen til forhandlerforesp\u00f8rgsel nedenfor. N\u00e5r du har sendt den, vil et medlem af vores salgsteam kontakte dig inden for kort tid. &nbsp;<\/p>\n","protected":false},"author":2,"featured_media":17978,"parent":0,"menu_order":0,"comment_status":"closed","ping_status":"closed","template":"","meta":{"_acf_changed":false,"footnotes":""},"class_list":["post-22181","page","type-page","status-publish","has-post-thumbnail","hentry"],"acf":[],"yoast_head":"<!-- This site is optimized with the Yoast SEO plugin v27.0 - https:\/\/yoast.com\/product\/yoast-seo-wordpress\/ -->\n<title>Forhandlerens foresp\u00f8rgselsside - Zamp Helmets | Helmet 28 EU<\/title>\n<meta name=\"description\" content=\"Indsend venligst f\u00f8lgende forhandlerforesp\u00f8rgselsformular, hvis du eller din virksomhed \u00f8nsker at blive ny forhandler af Zamp Helmets.\" \/>\n<meta name=\"robots\" content=\"index, follow, max-snippet:-1, max-image-preview:large, max-video-preview:-1\" \/>\n<link rel=\"canonical\" href=\"https:\/\/zamphelmets.co\/da\/forhandlerens-forespoergselsside\/\" \/>\n<meta property=\"og:locale\" content=\"da_DK\" \/>\n<meta property=\"og:type\" content=\"article\" \/>\n<meta property=\"og:title\" content=\"Forhandlerens foresp\u00f8rgselsside - Zamp Helmets | Helmet 28 EU\" \/>\n<meta property=\"og:description\" content=\"Indsend venligst f\u00f8lgende forhandlerforesp\u00f8rgselsformular, hvis du eller din virksomhed \u00f8nsker at blive ny forhandler af Zamp Helmets.\" \/>\n<meta property=\"og:url\" content=\"https:\/\/zamphelmets.co\/da\/forhandlerens-forespoergselsside\/\" \/>\n<meta property=\"og:site_name\" content=\"Zamp Helmets | Helmet 28 EU\" \/>\n<meta property=\"og:image\" content=\"https:\/\/zamphelmets.co\/wp-content\/uploads\/2022\/10\/WhatsApp-Image-2022-10-28-at-10.35.26-AM.jpeg\" \/>\n\t<meta property=\"og:image:width\" content=\"2048\" \/>\n\t<meta property=\"og:image:height\" content=\"1536\" \/>\n\t<meta property=\"og:image:type\" content=\"image\/jpeg\" \/>\n<meta name=\"twitter:card\" content=\"summary_large_image\" \/>\n<script type=\"application\/ld+json\" class=\"yoast-schema-graph\">{\"@context\":\"https:\/\/schema.org\",\"@graph\":[{\"@type\":\"WebPage\",\"@id\":\"https:\/\/zamphelmets.co\/da\/forhandlerens-forespoergselsside\/\",\"url\":\"https:\/\/zamphelmets.co\/da\/forhandlerens-forespoergselsside\/\",\"name\":\"Forhandlerens foresp\u00f8rgselsside - Zamp Helmets | Helmet 28 EU\",\"isPartOf\":{\"@id\":\"https:\/\/zamphelmets.co\/da\/#website\"},\"primaryImageOfPage\":{\"@id\":\"https:\/\/zamphelmets.co\/da\/forhandlerens-forespoergselsside\/#primaryimage\"},\"image\":{\"@id\":\"https:\/\/zamphelmets.co\/da\/forhandlerens-forespoergselsside\/#primaryimage\"},\"thumbnailUrl\":\"https:\/\/zamphelmets.co\/wp-content\/uploads\/2022\/10\/WhatsApp-Image-2022-10-28-at-10.35.26-AM.jpeg\",\"datePublished\":\"2022-10-28T09:48:44+00:00\",\"description\":\"Indsend venligst f\u00f8lgende forhandlerforesp\u00f8rgselsformular, hvis du eller din virksomhed \u00f8nsker at blive ny forhandler af Zamp Helmets.\",\"inLanguage\":\"da-DK\",\"potentialAction\":[{\"@type\":\"ReadAction\",\"target\":[\"https:\/\/zamphelmets.co\/da\/forhandlerens-forespoergselsside\/\"]}]},{\"@type\":\"ImageObject\",\"inLanguage\":\"da-DK\",\"@id\":\"https:\/\/zamphelmets.co\/da\/forhandlerens-forespoergselsside\/#primaryimage\",\"url\":\"https:\/\/zamphelmets.co\/wp-content\/uploads\/2022\/10\/WhatsApp-Image-2022-10-28-at-10.35.26-AM.jpeg\",\"contentUrl\":\"https:\/\/zamphelmets.co\/wp-content\/uploads\/2022\/10\/WhatsApp-Image-2022-10-28-at-10.35.26-AM.jpeg\",\"width\":2048,\"height\":1536},{\"@type\":\"WebSite\",\"@id\":\"https:\/\/zamphelmets.co\/da\/#website\",\"url\":\"https:\/\/zamphelmets.co\/da\/\",\"name\":\"Zamp Helmets | Helmet 28 EU\",\"description\":\"High Quality Motorsport Helmets\",\"potentialAction\":[{\"@type\":\"SearchAction\",\"target\":{\"@type\":\"EntryPoint\",\"urlTemplate\":\"https:\/\/zamphelmets.co\/da\/?s={search_term_string}\"},\"query-input\":{\"@type\":\"PropertyValueSpecification\",\"valueRequired\":true,\"valueName\":\"search_term_string\"}}],\"inLanguage\":\"da-DK\"}]}<\/script>\n<!-- \/ Yoast SEO plugin. -->","yoast_head_json":{"title":"Forhandlerens foresp\u00f8rgselsside - Zamp Helmets | Helmet 28 EU","description":"Indsend venligst f\u00f8lgende forhandlerforesp\u00f8rgselsformular, hvis du eller din virksomhed \u00f8nsker at blive ny forhandler af Zamp Helmets.","robots":{"index":"index","follow":"follow","max-snippet":"max-snippet:-1","max-image-preview":"max-image-preview:large","max-video-preview":"max-video-preview:-1"},"canonical":"https:\/\/zamphelmets.co\/da\/forhandlerens-forespoergselsside\/","og_locale":"da_DK","og_type":"article","og_title":"Forhandlerens foresp\u00f8rgselsside - Zamp Helmets | Helmet 28 EU","og_description":"Indsend venligst f\u00f8lgende forhandlerforesp\u00f8rgselsformular, hvis du eller din virksomhed \u00f8nsker at blive ny forhandler af Zamp Helmets.","og_url":"https:\/\/zamphelmets.co\/da\/forhandlerens-forespoergselsside\/","og_site_name":"Zamp Helmets | Helmet 28 EU","og_image":[{"width":2048,"height":1536,"url":"https:\/\/zamphelmets.co\/wp-content\/uploads\/2022\/10\/WhatsApp-Image-2022-10-28-at-10.35.26-AM.jpeg","type":"image\/jpeg"}],"twitter_card":"summary_large_image","schema":{"@context":"https:\/\/schema.org","@graph":[{"@type":"WebPage","@id":"https:\/\/zamphelmets.co\/da\/forhandlerens-forespoergselsside\/","url":"https:\/\/zamphelmets.co\/da\/forhandlerens-forespoergselsside\/","name":"Forhandlerens foresp\u00f8rgselsside - Zamp Helmets | Helmet 28 EU","isPartOf":{"@id":"https:\/\/zamphelmets.co\/da\/#website"},"primaryImageOfPage":{"@id":"https:\/\/zamphelmets.co\/da\/forhandlerens-forespoergselsside\/#primaryimage"},"image":{"@id":"https:\/\/zamphelmets.co\/da\/forhandlerens-forespoergselsside\/#primaryimage"},"thumbnailUrl":"https:\/\/zamphelmets.co\/wp-content\/uploads\/2022\/10\/WhatsApp-Image-2022-10-28-at-10.35.26-AM.jpeg","datePublished":"2022-10-28T09:48:44+00:00","description":"Indsend venligst f\u00f8lgende forhandlerforesp\u00f8rgselsformular, hvis du eller din virksomhed \u00f8nsker at blive ny forhandler af Zamp Helmets.","inLanguage":"da-DK","potentialAction":[{"@type":"ReadAction","target":["https:\/\/zamphelmets.co\/da\/forhandlerens-forespoergselsside\/"]}]},{"@type":"ImageObject","inLanguage":"da-DK","@id":"https:\/\/zamphelmets.co\/da\/forhandlerens-forespoergselsside\/#primaryimage","url":"https:\/\/zamphelmets.co\/wp-content\/uploads\/2022\/10\/WhatsApp-Image-2022-10-28-at-10.35.26-AM.jpeg","contentUrl":"https:\/\/zamphelmets.co\/wp-content\/uploads\/2022\/10\/WhatsApp-Image-2022-10-28-at-10.35.26-AM.jpeg","width":2048,"height":1536},{"@type":"WebSite","@id":"https:\/\/zamphelmets.co\/da\/#website","url":"https:\/\/zamphelmets.co\/da\/","name":"Zamp Helmets | Helmet 28 EU","description":"High Quality Motorsport Helmets","potentialAction":[{"@type":"SearchAction","target":{"@type":"EntryPoint","urlTemplate":"https:\/\/zamphelmets.co\/da\/?s={search_term_string}"},"query-input":{"@type":"PropertyValueSpecification","valueRequired":true,"valueName":"search_term_string"}}],"inLanguage":"da-DK"}]}},"_links":{"self":[{"href":"https:\/\/zamphelmets.co\/da\/wp-json\/wp\/v2\/pages\/22181","targetHints":{"allow":["GET"]}}],"collection":[{"href":"https:\/\/zamphelmets.co\/da\/wp-json\/wp\/v2\/pages"}],"about":[{"href":"https:\/\/zamphelmets.co\/da\/wp-json\/wp\/v2\/types\/page"}],"author":[{"embeddable":true,"href":"https:\/\/zamphelmets.co\/da\/wp-json\/wp\/v2\/users\/2"}],"replies":[{"embeddable":true,"href":"https:\/\/zamphelmets.co\/da\/wp-json\/wp\/v2\/comments?post=22181"}],"version-history":[{"count":0,"href":"https:\/\/zamphelmets.co\/da\/wp-json\/wp\/v2\/pages\/22181\/revisions"}],"wp:featuredmedia":[{"embeddable":true,"href":"https:\/\/zamphelmets.co\/da\/wp-json\/wp\/v2\/media\/17978"}],"wp:attachment":[{"href":"https:\/\/zamphelmets.co\/da\/wp-json\/wp\/v2\/media?parent=22181"}],"curies":[{"name":"wp","href":"https:\/\/api.w.org\/{rel}","templated":true}]}}