{"id":22174,"date":"2022-10-27T10:45:12","date_gmt":"2022-10-27T10:45:12","guid":{"rendered":"https:\/\/zamphelmets.co\/returnerer\/"},"modified":"2026-02-16T15:06:29","modified_gmt":"2026-02-16T15:06:29","slug":"returnerer","status":"publish","type":"page","link":"https:\/\/zamphelmets.co\/da\/returnerer\/","title":{"rendered":"Returnerer"},"content":{"rendered":"<p>Vi str\u00e6ber altid efter at levere produkter af h\u00f8j kvalitet og uden fejl. Af og til kan det v\u00e6re n\u00f8dvendigt at returnere dine produkter til os, hvis de ikke er helt rigtige. S\u00e5 l\u00e6nge dit produkt returneres i sin <a href=\"https:\/\/zamphelmets.co\/da\/vilkaar-og-betingelser\/\"><br \/>\n  <strong>originale stand og emballage<\/strong><br \/>\n<\/a> med k\u00f8bsbevis, vil vi med gl\u00e6de bytte eller refundere det for dig. F\u00f8lg nedenst\u00e5ende trin for at anmode om returnering.<\/p>\n<h1><img decoding=\"async\" class=\"size-medium wp-image-6622 alignleft lazyload\" data-src=\"https:\/\/zamphelmets.co\/wp-content\/uploads\/2019\/11\/4-2-300x300.png\" alt=\"\" width=\"300\" height=\"300\" src=\"data:image\/svg+xml;base64,PHN2ZyB3aWR0aD0iMSIgaGVpZ2h0PSIxIiB4bWxucz0iaHR0cDovL3d3dy53My5vcmcvMjAwMC9zdmciPjwvc3ZnPg==\" style=\"--smush-placeholder-width: 300px; --smush-placeholder-aspect-ratio: 300\/300;\">1. Indsend din anmodning om returnering<\/h1>\n<p>F\u00f8r vi kan begynde at behandle din returnering, skal du <strong><a href=\"https:\/\/form.jotform.com\/222003849309352\">udfylde en retur- og bytteformular HER.<\/a> <\/strong>Denne anmodning skal indsendes senest 14 dage efter, at du har modtaget din ordre.<\/p>\n<h1>2. Afvent bekr\u00e6ftelse af returanmodning<\/h1>\n<p>Vi tilstr\u00e6ber at svare p\u00e5 returanmodninger inden for 1-2 arbejdsdage. N\u00e5r din <a href=\"https:\/\/form.jotform.com\/222003849309352\">anmodning<\/a> er blevet godkendt af vores kundesupport, vil du modtage en bekr\u00e6ftelse via e-mail. Hvis din <a href=\"https:\/\/form.jotform.com\/222003849309352\">anmodning<\/a> er blevet afvist, og du gerne vil vide hvorfor, bedes du <g id=\"gid_2\">kontakte vores kundesupport<\/g> direkte og oplyse dit ordrenummer. <\/p>\n<h1><img decoding=\"async\" class=\"size-medium wp-image-6597 alignright lazyload\" data-src=\"https:\/\/zamphelmets.co\/wp-content\/uploads\/2020\/01\/3-1-300x300.png\" alt=\"\" width=\"300\" height=\"300\" src=\"data:image\/svg+xml;base64,PHN2ZyB3aWR0aD0iMSIgaGVpZ2h0PSIxIiB4bWxucz0iaHR0cDovL3d3dy53My5vcmcvMjAwMC9zdmciPjwvc3ZnPg==\" style=\"--smush-placeholder-width: 300px; --smush-placeholder-aspect-ratio: 300\/300;\">3. Pak og send dine varer<\/h1>\n<p>N\u00e5r du har modtaget din returbekr\u00e6ftelse, <strong>skal varerne returneres forsvarligt i deres originale emballage for at undg\u00e5 skader under transporten, og alle originale papirer <\/strong>(faktura og pakkeseddel). Dette skal returneres inden for 14 dage efter modtagelse af din returgodkendelse.<\/p>\n<p>Varer skal returneres i salgbar stand. Helmet 28 forbeholder sig ret til at afvise ethvert krav om returnering, hvis varerne returneres p\u00e5 en &#8220;uegnet m\u00e5de&#8221;. Bem\u00e6rk, at dette inkluderer tilf\u00f8jelse af tilbeh\u00f8r til hjelmen. Hvis du har betalt for vores service til montering af tilbeh\u00f8r, er disse varer ikke berettiget til returnering, som det fremg\u00e5r af vores vilk\u00e5r og betingelser.<\/p>\n<p><strong>Adresse for returnering: Helmet 28 Returns, AteaLaan 36, Herentals, Belgien 2200<\/strong><\/p>\n<p>Hvis nogen af ovenst\u00e5ende betingelser ikke er opfyldt ved returnering af varer, vil der blive opkr\u00e6vet et genopfyldningsgebyr p\u00e5 \u20ac 25 fra dig som kunde.<\/p>\n<h1>4. Modtag din tilbagebetaling\/ombytning<\/h1>\n<p>N\u00e5r vi har modtaget din vare sikkert og sikret os, at den er i god stand, udsteder vi din refusion eller sender dine erstatningsvarer.<\/p>\n<p>&nbsp;<\/p>\n<p>Bes\u00f8g vores <a href=\"https:\/\/zamphelmets.co\/da\/vilkaar-og-betingelser\/\">side med vilk\u00e5r og betingelser her<\/a> for at f\u00e5 alle detaljer.<\/p>\n","protected":false},"excerpt":{"rendered":"<p>Vi str\u00e6ber altid efter at levere produkter af h\u00f8j kvalitet og uden fejl. Af og til kan det v\u00e6re n\u00f8dvendigt at returnere dine produkter til os, hvis de ikke er helt rigtige. S\u00e5 l\u00e6nge dit produkt returneres i sin originale stand og emballage med k\u00f8bsbevis, vil vi med gl\u00e6de bytte eller refundere det for dig. [&hellip;]<\/p>\n","protected":false},"author":2,"featured_media":17894,"parent":0,"menu_order":0,"comment_status":"closed","ping_status":"closed","template":"","meta":{"_acf_changed":false,"footnotes":""},"class_list":["post-22174","page","type-page","status-publish","has-post-thumbnail","hentry"],"acf":[],"yoast_head":"<!-- This site is optimized with the Yoast SEO plugin v27.0 - https:\/\/yoast.com\/product\/yoast-seo-wordpress\/ -->\n<title>Returnerer - Zamp Helmets | Helmet 28 EU<\/title>\n<meta name=\"description\" content=\"Af og til kan det v\u00e6re n\u00f8dvendigt at returnere varer, der er leveret af os, og s\u00e5danne returneringer reguleres af disse vilk\u00e5r og betingelser.\" \/>\n<meta name=\"robots\" content=\"index, follow, max-snippet:-1, max-image-preview:large, max-video-preview:-1\" \/>\n<link rel=\"canonical\" href=\"https:\/\/zamphelmets.co\/da\/returnerer\/\" \/>\n<meta property=\"og:locale\" content=\"da_DK\" \/>\n<meta property=\"og:type\" content=\"article\" \/>\n<meta property=\"og:title\" content=\"Returnerer - Zamp Helmets | Helmet 28 EU\" \/>\n<meta property=\"og:description\" content=\"Af og til kan det v\u00e6re n\u00f8dvendigt at returnere varer, der er leveret af os, og s\u00e5danne returneringer reguleres af disse vilk\u00e5r og betingelser.\" \/>\n<meta property=\"og:url\" content=\"https:\/\/zamphelmets.co\/da\/returnerer\/\" \/>\n<meta property=\"og:site_name\" content=\"Zamp Helmets | Helmet 28 EU\" \/>\n<meta property=\"article:modified_time\" content=\"2026-02-16T15:06:29+00:00\" \/>\n<meta property=\"og:image\" content=\"https:\/\/zamphelmets.co\/wp-content\/uploads\/2022\/07\/IMG_6159-2.jpg\" \/>\n\t<meta property=\"og:image:width\" content=\"828\" \/>\n\t<meta property=\"og:image:height\" content=\"573\" \/>\n\t<meta property=\"og:image:type\" content=\"image\/jpeg\" \/>\n<meta name=\"twitter:card\" content=\"summary_large_image\" \/>\n<meta name=\"twitter:label1\" content=\"Est. reading time\" \/>\n\t<meta name=\"twitter:data1\" content=\"2 minutter\" \/>\n<script type=\"application\/ld+json\" class=\"yoast-schema-graph\">{\"@context\":\"https:\/\/schema.org\",\"@graph\":[{\"@type\":\"WebPage\",\"@id\":\"https:\/\/zamphelmets.co\/da\/returnerer\/\",\"url\":\"https:\/\/zamphelmets.co\/da\/returnerer\/\",\"name\":\"Returnerer - Zamp Helmets | Helmet 28 EU\",\"isPartOf\":{\"@id\":\"https:\/\/zamphelmets.co\/da\/#website\"},\"primaryImageOfPage\":{\"@id\":\"https:\/\/zamphelmets.co\/da\/returnerer\/#primaryimage\"},\"image\":{\"@id\":\"https:\/\/zamphelmets.co\/da\/returnerer\/#primaryimage\"},\"thumbnailUrl\":\"https:\/\/zamphelmets.co\/wp-content\/uploads\/2022\/07\/IMG_6159-2.jpg\",\"datePublished\":\"2022-10-27T10:45:12+00:00\",\"dateModified\":\"2026-02-16T15:06:29+00:00\",\"description\":\"Af og til kan det v\u00e6re n\u00f8dvendigt at returnere varer, der er leveret af os, og s\u00e5danne returneringer reguleres af disse vilk\u00e5r og betingelser.\",\"inLanguage\":\"da-DK\",\"potentialAction\":[{\"@type\":\"ReadAction\",\"target\":[\"https:\/\/zamphelmets.co\/da\/returnerer\/\"]}]},{\"@type\":\"ImageObject\",\"inLanguage\":\"da-DK\",\"@id\":\"https:\/\/zamphelmets.co\/da\/returnerer\/#primaryimage\",\"url\":\"https:\/\/zamphelmets.co\/wp-content\/uploads\/2022\/07\/IMG_6159-2.jpg\",\"contentUrl\":\"https:\/\/zamphelmets.co\/wp-content\/uploads\/2022\/07\/IMG_6159-2.jpg\",\"width\":828,\"height\":573},{\"@type\":\"WebSite\",\"@id\":\"https:\/\/zamphelmets.co\/da\/#website\",\"url\":\"https:\/\/zamphelmets.co\/da\/\",\"name\":\"Zamp Helmets | Helmet 28 EU\",\"description\":\"High Quality Motorsport Helmets\",\"potentialAction\":[{\"@type\":\"SearchAction\",\"target\":{\"@type\":\"EntryPoint\",\"urlTemplate\":\"https:\/\/zamphelmets.co\/da\/?s={search_term_string}\"},\"query-input\":{\"@type\":\"PropertyValueSpecification\",\"valueRequired\":true,\"valueName\":\"search_term_string\"}}],\"inLanguage\":\"da-DK\"}]}<\/script>\n<!-- \/ Yoast SEO plugin. -->","yoast_head_json":{"title":"Returnerer - Zamp Helmets | Helmet 28 EU","description":"Af og til kan det v\u00e6re n\u00f8dvendigt at returnere varer, der er leveret af os, og s\u00e5danne returneringer reguleres af disse vilk\u00e5r og betingelser.","robots":{"index":"index","follow":"follow","max-snippet":"max-snippet:-1","max-image-preview":"max-image-preview:large","max-video-preview":"max-video-preview:-1"},"canonical":"https:\/\/zamphelmets.co\/da\/returnerer\/","og_locale":"da_DK","og_type":"article","og_title":"Returnerer - Zamp Helmets | Helmet 28 EU","og_description":"Af og til kan det v\u00e6re n\u00f8dvendigt at returnere varer, der er leveret af os, og s\u00e5danne returneringer reguleres af disse vilk\u00e5r og betingelser.","og_url":"https:\/\/zamphelmets.co\/da\/returnerer\/","og_site_name":"Zamp Helmets | Helmet 28 EU","article_modified_time":"2026-02-16T15:06:29+00:00","og_image":[{"width":828,"height":573,"url":"https:\/\/zamphelmets.co\/wp-content\/uploads\/2022\/07\/IMG_6159-2.jpg","type":"image\/jpeg"}],"twitter_card":"summary_large_image","twitter_misc":{"Est. reading time":"2 minutter"},"schema":{"@context":"https:\/\/schema.org","@graph":[{"@type":"WebPage","@id":"https:\/\/zamphelmets.co\/da\/returnerer\/","url":"https:\/\/zamphelmets.co\/da\/returnerer\/","name":"Returnerer - Zamp Helmets | Helmet 28 EU","isPartOf":{"@id":"https:\/\/zamphelmets.co\/da\/#website"},"primaryImageOfPage":{"@id":"https:\/\/zamphelmets.co\/da\/returnerer\/#primaryimage"},"image":{"@id":"https:\/\/zamphelmets.co\/da\/returnerer\/#primaryimage"},"thumbnailUrl":"https:\/\/zamphelmets.co\/wp-content\/uploads\/2022\/07\/IMG_6159-2.jpg","datePublished":"2022-10-27T10:45:12+00:00","dateModified":"2026-02-16T15:06:29+00:00","description":"Af og til kan det v\u00e6re n\u00f8dvendigt at returnere varer, der er leveret af os, og s\u00e5danne returneringer reguleres af disse vilk\u00e5r og betingelser.","inLanguage":"da-DK","potentialAction":[{"@type":"ReadAction","target":["https:\/\/zamphelmets.co\/da\/returnerer\/"]}]},{"@type":"ImageObject","inLanguage":"da-DK","@id":"https:\/\/zamphelmets.co\/da\/returnerer\/#primaryimage","url":"https:\/\/zamphelmets.co\/wp-content\/uploads\/2022\/07\/IMG_6159-2.jpg","contentUrl":"https:\/\/zamphelmets.co\/wp-content\/uploads\/2022\/07\/IMG_6159-2.jpg","width":828,"height":573},{"@type":"WebSite","@id":"https:\/\/zamphelmets.co\/da\/#website","url":"https:\/\/zamphelmets.co\/da\/","name":"Zamp Helmets | Helmet 28 EU","description":"High Quality Motorsport Helmets","potentialAction":[{"@type":"SearchAction","target":{"@type":"EntryPoint","urlTemplate":"https:\/\/zamphelmets.co\/da\/?s={search_term_string}"},"query-input":{"@type":"PropertyValueSpecification","valueRequired":true,"valueName":"search_term_string"}}],"inLanguage":"da-DK"}]}},"_links":{"self":[{"href":"https:\/\/zamphelmets.co\/da\/wp-json\/wp\/v2\/pages\/22174","targetHints":{"allow":["GET"]}}],"collection":[{"href":"https:\/\/zamphelmets.co\/da\/wp-json\/wp\/v2\/pages"}],"about":[{"href":"https:\/\/zamphelmets.co\/da\/wp-json\/wp\/v2\/types\/page"}],"author":[{"embeddable":true,"href":"https:\/\/zamphelmets.co\/da\/wp-json\/wp\/v2\/users\/2"}],"replies":[{"embeddable":true,"href":"https:\/\/zamphelmets.co\/da\/wp-json\/wp\/v2\/comments?post=22174"}],"version-history":[{"count":1,"href":"https:\/\/zamphelmets.co\/da\/wp-json\/wp\/v2\/pages\/22174\/revisions"}],"predecessor-version":[{"id":203593,"href":"https:\/\/zamphelmets.co\/da\/wp-json\/wp\/v2\/pages\/22174\/revisions\/203593"}],"wp:featuredmedia":[{"embeddable":true,"href":"https:\/\/zamphelmets.co\/da\/wp-json\/wp\/v2\/media\/17894"}],"wp:attachment":[{"href":"https:\/\/zamphelmets.co\/da\/wp-json\/wp\/v2\/media?parent=22174"}],"curies":[{"name":"wp","href":"https:\/\/api.w.org\/{rel}","templated":true}]}}