{"id":22163,"date":"2023-12-21T10:17:19","date_gmt":"2023-12-21T10:17:19","guid":{"rendered":"https:\/\/zamphelmets.co\/betalingsmetoder\/"},"modified":"2023-12-21T10:17:19","modified_gmt":"2023-12-21T10:17:19","slug":"betalingsmetoder","status":"publish","type":"page","link":"https:\/\/zamphelmets.co\/da\/betalingsmetoder\/","title":{"rendered":"Betalingsmetoder"},"content":{"rendered":"<p>Vi har flere m\u00e5der, hvorp\u00e5 du kan betale for din ordre hos Zamp Helmets EU. Se nedenfor for mere information om dine betalingsmuligheder:<\/p>\n<h2>Betal med kort  <img decoding=\"async\" class=\"alignnone wp-image-8747 lazyload\" style=\"--smush-placeholder-width: 68px; --smush-placeholder-aspect-ratio: 68\/38;font-size: 16px;\" data-src=\"https:\/\/zamphelmets.co\/wp-content\/uploads\/2023\/12\/visa-logo-800x450-1-300x169.jpg\" alt=\"\" width=\"68\" height=\"38\" data-srcset=\"https:\/\/zamphelmets.co\/wp-content\/uploads\/2023\/12\/visa-logo-800x450-1-300x169.jpg 300w, https:\/\/zamphelmets.co\/wp-content\/uploads\/2023\/12\/visa-logo-800x450-1-768x432.jpg 768w, https:\/\/zamphelmets.co\/wp-content\/uploads\/2023\/12\/visa-logo-800x450-1-600x338.jpg 600w, https:\/\/zamphelmets.co\/wp-content\/uploads\/2023\/12\/visa-logo-800x450-1.jpg 800w\" data-sizes=\"(max-width: 68px) 100vw, 68px\" src=\"data:image\/svg+xml;base64,PHN2ZyB3aWR0aD0iMSIgaGVpZ2h0PSIxIiB4bWxucz0iaHR0cDovL3d3dy53My5vcmcvMjAwMC9zdmciPjwvc3ZnPg==\" \/><img decoding=\"async\" class=\"alignnone wp-image-8749 lazyload\" data-src=\"https:\/\/zamphelmets.co\/wp-content\/uploads\/2023\/12\/mastercard-og-image-e1703153294945-300x193.png\" alt=\"\" width=\"44\" height=\"28\" data-srcset=\"https:\/\/zamphelmets.co\/wp-content\/uploads\/2023\/12\/mastercard-og-image-e1703153294945-300x193.png 300w, https:\/\/zamphelmets.co\/wp-content\/uploads\/2023\/12\/mastercard-og-image-e1703153294945-1024x659.png 1024w, https:\/\/zamphelmets.co\/wp-content\/uploads\/2023\/12\/mastercard-og-image-e1703153294945-768x494.png 768w, https:\/\/zamphelmets.co\/wp-content\/uploads\/2023\/12\/mastercard-og-image-e1703153294945-1536x989.png 1536w, https:\/\/zamphelmets.co\/wp-content\/uploads\/2023\/12\/mastercard-og-image-e1703153294945-2048x1318.png 2048w, https:\/\/zamphelmets.co\/wp-content\/uploads\/2023\/12\/mastercard-og-image-e1703153294945-600x386.png 600w\" data-sizes=\"(max-width: 44px) 100vw, 44px\" src=\"data:image\/svg+xml;base64,PHN2ZyB3aWR0aD0iMSIgaGVpZ2h0PSIxIiB4bWxucz0iaHR0cDovL3d3dy53My5vcmcvMjAwMC9zdmciPjwvc3ZnPg==\" style=\"--smush-placeholder-width: 44px; --smush-placeholder-aspect-ratio: 44\/28;\" \/><\/h2>\n<p>Du skal blot indtaste dine kortoplysninger ved kassen, og din transaktion vil blive h\u00e5ndteret sikkert med Stripe.<\/p>\n<h2>Revolut betaler  <img decoding=\"async\" class=\"alignnone wp-image-8750 lazyload\" data-src=\"https:\/\/zamphelmets.co\/wp-content\/uploads\/2023\/12\/Revolut-Symbol-e1703153388116-255x300.png\" alt=\"\" width=\"25\" height=\"29\" data-srcset=\"https:\/\/zamphelmets.co\/wp-content\/uploads\/2023\/12\/Revolut-Symbol-e1703153388116-255x300.png 255w, https:\/\/zamphelmets.co\/wp-content\/uploads\/2023\/12\/Revolut-Symbol-e1703153388116.png 382w\" data-sizes=\"(max-width: 25px) 100vw, 25px\" src=\"data:image\/svg+xml;base64,PHN2ZyB3aWR0aD0iMSIgaGVpZ2h0PSIxIiB4bWxucz0iaHR0cDovL3d3dy53My5vcmcvMjAwMC9zdmciPjwvc3ZnPg==\" style=\"--smush-placeholder-width: 25px; --smush-placeholder-aspect-ratio: 25\/29;\" \/><\/h2>\n<p>En popul\u00e6r betalingsmetode for dem, der \u00f8nsker at modtage cashback og undg\u00e5 ekstra gebyrer med et Revolut-kort og -konto.<\/p>\n<h2>SOFORT  <img decoding=\"async\" class=\"alignnone wp-image-8751 lazyload\" data-src=\"https:\/\/zamphelmets.co\/wp-content\/uploads\/2023\/12\/sofort-logo1-300x120.webp\" alt=\"\" width=\"90\" height=\"36\" data-srcset=\"https:\/\/zamphelmets.co\/wp-content\/uploads\/2023\/12\/sofort-logo1-300x120.webp 300w, https:\/\/zamphelmets.co\/wp-content\/uploads\/2023\/12\/sofort-logo1.webp 400w\" data-sizes=\"(max-width: 90px) 100vw, 90px\" src=\"data:image\/svg+xml;base64,PHN2ZyB3aWR0aD0iMSIgaGVpZ2h0PSIxIiB4bWxucz0iaHR0cDovL3d3dy53My5vcmcvMjAwMC9zdmciPjwvc3ZnPg==\" style=\"--smush-placeholder-width: 90px; --smush-placeholder-aspect-ratio: 90\/36;\" \/><\/h2>\n<p>Sofort, ogs\u00e5 kendt som Pay Now, giver dig mulighed for at foretage en hurtig og nem betaling af dine onlinek\u00f8b ved hj\u00e6lp af dine netbankoplysninger.<\/p>\n<h2>iDeal  <img decoding=\"async\" class=\"alignnone wp-image-8752 lazyload\" data-src=\"https:\/\/zamphelmets.co\/wp-content\/uploads\/2023\/12\/1687139-300x300.png\" alt=\"\" width=\"47\" height=\"47\" data-srcset=\"https:\/\/zamphelmets.co\/wp-content\/uploads\/2023\/12\/1687139-300x300.png 300w, https:\/\/zamphelmets.co\/wp-content\/uploads\/2023\/12\/1687139-150x150.png 150w, https:\/\/zamphelmets.co\/wp-content\/uploads\/2023\/12\/1687139-100x100.png 100w, https:\/\/zamphelmets.co\/wp-content\/uploads\/2023\/12\/1687139.png 512w\" data-sizes=\"(max-width: 47px) 100vw, 47px\" src=\"data:image\/svg+xml;base64,PHN2ZyB3aWR0aD0iMSIgaGVpZ2h0PSIxIiB4bWxucz0iaHR0cDovL3d3dy53My5vcmcvMjAwMC9zdmciPjwvc3ZnPg==\" style=\"--smush-placeholder-width: 47px; --smush-placeholder-aspect-ratio: 47\/47;\" \/><\/h2>\n<p>iDEAL er en hollandsk baseret betalingsmetode, der giver kunderne mulighed for at gennemf\u00f8re transaktioner online ved hj\u00e6lp af deres bankoplysninger. Alle st\u00f8rre hollandske banker er medlemmer af Currence, der driver iDEAL, hvilket g\u00f8r det til den mest popul\u00e6re onlinebetalingsmetode i Holland.<\/p>\n<h2>Klarna &#8211; K\u00f8b nu, betal senere  <img decoding=\"async\" class=\"alignnone wp-image-8753 lazyload\" data-src=\"https:\/\/zamphelmets.co\/wp-content\/uploads\/2023\/12\/1280px-Klarna_Payment_Badge.svg_-300x167.png\" alt=\"\" width=\"60\" height=\"33\" data-srcset=\"https:\/\/zamphelmets.co\/wp-content\/uploads\/2023\/12\/1280px-Klarna_Payment_Badge.svg_-300x167.png 300w, https:\/\/zamphelmets.co\/wp-content\/uploads\/2023\/12\/1280px-Klarna_Payment_Badge.svg_-1024x570.png 1024w, https:\/\/zamphelmets.co\/wp-content\/uploads\/2023\/12\/1280px-Klarna_Payment_Badge.svg_-768x427.png 768w, https:\/\/zamphelmets.co\/wp-content\/uploads\/2023\/12\/1280px-Klarna_Payment_Badge.svg_-600x334.png 600w, https:\/\/zamphelmets.co\/wp-content\/uploads\/2023\/12\/1280px-Klarna_Payment_Badge.svg_.png 1280w\" data-sizes=\"(max-width: 60px) 100vw, 60px\" src=\"data:image\/svg+xml;base64,PHN2ZyB3aWR0aD0iMSIgaGVpZ2h0PSIxIiB4bWxucz0iaHR0cDovL3d3dy53My5vcmcvMjAwMC9zdmciPjwvc3ZnPg==\" style=\"--smush-placeholder-width: 60px; --smush-placeholder-aspect-ratio: 60\/33;\" \/><\/h2>\n<p>Med Klarna kan du handle nu og betale senere hos alle dine yndlingsforhandlere. Del k\u00f8bet op i 3 nemme og overskuelige rater.<\/p>\n<h2>PayPal  <img decoding=\"async\" class=\"alignnone wp-image-8754 lazyload\" data-src=\"https:\/\/zamphelmets.co\/wp-content\/uploads\/2023\/12\/PayPal_Logo_Icon_2014.svg_-244x300.png\" alt=\"\" width=\"26\" height=\"32\" data-srcset=\"https:\/\/zamphelmets.co\/wp-content\/uploads\/2023\/12\/PayPal_Logo_Icon_2014.svg_-244x300.png 244w, https:\/\/zamphelmets.co\/wp-content\/uploads\/2023\/12\/PayPal_Logo_Icon_2014.svg_-832x1024.png 832w, https:\/\/zamphelmets.co\/wp-content\/uploads\/2023\/12\/PayPal_Logo_Icon_2014.svg_-768x945.png 768w, https:\/\/zamphelmets.co\/wp-content\/uploads\/2023\/12\/PayPal_Logo_Icon_2014.svg_-1248x1536.png 1248w, https:\/\/zamphelmets.co\/wp-content\/uploads\/2023\/12\/PayPal_Logo_Icon_2014.svg_-600x738.png 600w, https:\/\/zamphelmets.co\/wp-content\/uploads\/2023\/12\/PayPal_Logo_Icon_2014.svg_.png 1664w\" data-sizes=\"(max-width: 26px) 100vw, 26px\" src=\"data:image\/svg+xml;base64,PHN2ZyB3aWR0aD0iMSIgaGVpZ2h0PSIxIiB4bWxucz0iaHR0cDovL3d3dy53My5vcmcvMjAwMC9zdmciPjwvc3ZnPg==\" style=\"--smush-placeholder-width: 26px; --smush-placeholder-aspect-ratio: 26\/32;\" \/><\/h2>\n<p>Med PayPal kan du foretage sikre betalinger til enkeltpersoner eller virksomheder i hele verden. Det er ikke n\u00f8dvendigt at indtaste dine bankoplysninger, du skal blot logge ind p\u00e5 din PayPal-konto ved kassen og k\u00f8be med et klik p\u00e5 en knap.<\/p>\n<h2>SEPA direkte debitering  <img decoding=\"async\" class=\"alignnone wp-image-8755 lazyload\" data-src=\"https:\/\/zamphelmets.co\/wp-content\/uploads\/2023\/12\/sepa1593-e1703153654243-300x298.jpg\" alt=\"\" width=\"45\" height=\"45\" data-srcset=\"https:\/\/zamphelmets.co\/wp-content\/uploads\/2023\/12\/sepa1593-e1703153654243-300x300.jpg 300w, https:\/\/zamphelmets.co\/wp-content\/uploads\/2023\/12\/sepa1593-e1703153654243-150x150.jpg 150w, https:\/\/zamphelmets.co\/wp-content\/uploads\/2023\/12\/sepa1593-e1703153654243-100x100.jpg 100w, https:\/\/zamphelmets.co\/wp-content\/uploads\/2023\/12\/sepa1593-e1703153654243.jpg 499w\" data-sizes=\"(max-width: 45px) 100vw, 45px\" src=\"data:image\/svg+xml;base64,PHN2ZyB3aWR0aD0iMSIgaGVpZ2h0PSIxIiB4bWxucz0iaHR0cDovL3d3dy53My5vcmcvMjAwMC9zdmciPjwvc3ZnPg==\" style=\"--smush-placeholder-width: 45px; --smush-placeholder-aspect-ratio: 45\/45;\" \/><\/h2>\n<p>SEPA Direct Debit er et f\u00e6lleseurop\u00e6isk Direct Debit-system, der g\u00f8r det muligt for forretninger at opkr\u00e6ve betalinger i euro fra konti i de 34 SEPA-lande.<\/p>\n<h2>Bancontact  <img decoding=\"async\" class=\"alignnone wp-image-8756 lazyload\" data-src=\"https:\/\/zamphelmets.co\/wp-content\/uploads\/2023\/12\/1280px-Bancontact_logo.svg_-300x213.png\" alt=\"\" width=\"61\" height=\"43\" data-srcset=\"https:\/\/zamphelmets.co\/wp-content\/uploads\/2023\/12\/1280px-Bancontact_logo.svg_-300x213.png 300w, https:\/\/zamphelmets.co\/wp-content\/uploads\/2023\/12\/1280px-Bancontact_logo.svg_-1024x726.png 1024w, https:\/\/zamphelmets.co\/wp-content\/uploads\/2023\/12\/1280px-Bancontact_logo.svg_-768x544.png 768w, https:\/\/zamphelmets.co\/wp-content\/uploads\/2023\/12\/1280px-Bancontact_logo.svg_-600x425.png 600w, https:\/\/zamphelmets.co\/wp-content\/uploads\/2023\/12\/1280px-Bancontact_logo.svg_.png 1280w\" data-sizes=\"(max-width: 61px) 100vw, 61px\" src=\"data:image\/svg+xml;base64,PHN2ZyB3aWR0aD0iMSIgaGVpZ2h0PSIxIiB4bWxucz0iaHR0cDovL3d3dy53My5vcmcvMjAwMC9zdmciPjwvc3ZnPg==\" style=\"--smush-placeholder-width: 61px; --smush-placeholder-aspect-ratio: 61\/43;\" \/><\/h2>\n<p>Kunderne bruger et Bancontact-kort eller en mobilapp, der er knyttet til en belgisk bankkonto, til at foretage onlinebetalinger, som er sikre, garanterede og bekr\u00e6ftet med det samme.<\/p>\n<h2>Giropay  <img decoding=\"async\" class=\"alignnone wp-image-8757 lazyload\" data-src=\"https:\/\/zamphelmets.co\/wp-content\/uploads\/2023\/12\/1200px-Giropay.svg_-300x139.png\" alt=\"\" width=\"52\" height=\"24\" data-srcset=\"https:\/\/zamphelmets.co\/wp-content\/uploads\/2023\/12\/1200px-Giropay.svg_-300x139.png 300w, https:\/\/zamphelmets.co\/wp-content\/uploads\/2023\/12\/1200px-Giropay.svg_-1024x473.png 1024w, https:\/\/zamphelmets.co\/wp-content\/uploads\/2023\/12\/1200px-Giropay.svg_-768x355.png 768w, https:\/\/zamphelmets.co\/wp-content\/uploads\/2023\/12\/1200px-Giropay.svg_-600x277.png 600w, https:\/\/zamphelmets.co\/wp-content\/uploads\/2023\/12\/1200px-Giropay.svg_.png 1200w\" data-sizes=\"(max-width: 52px) 100vw, 52px\" src=\"data:image\/svg+xml;base64,PHN2ZyB3aWR0aD0iMSIgaGVpZ2h0PSIxIiB4bWxucz0iaHR0cDovL3d3dy53My5vcmcvMjAwMC9zdmciPjwvc3ZnPg==\" style=\"--smush-placeholder-width: 52px; --smush-placeholder-aspect-ratio: 52\/24;\" \/><\/h2>\n<p>Giropay er en tysk betalingsmetode baseret p\u00e5 netbank, som blev introduceret i 2006. Det giver kunderne mulighed for at gennemf\u00f8re transaktioner online ved hj\u00e6lp af deres netbank, hvor pengene tr\u00e6kkes fra deres bankkonto.<\/p>\n<h2>Multibanco  <img decoding=\"async\" class=\"alignnone wp-image-8758 lazyload\" data-src=\"https:\/\/zamphelmets.co\/wp-content\/uploads\/2023\/12\/multibanco-logo-vector-e1703153790341-260x300.png\" alt=\"\" width=\"39\" height=\"45\" data-srcset=\"https:\/\/zamphelmets.co\/wp-content\/uploads\/2023\/12\/multibanco-logo-vector-e1703153790341-260x300.png 260w, https:\/\/zamphelmets.co\/wp-content\/uploads\/2023\/12\/multibanco-logo-vector-e1703153790341.png 432w\" data-sizes=\"(max-width: 39px) 100vw, 39px\" src=\"data:image\/svg+xml;base64,PHN2ZyB3aWR0aD0iMSIgaGVpZ2h0PSIxIiB4bWxucz0iaHR0cDovL3d3dy53My5vcmcvMjAwMC9zdmciPjwvc3ZnPg==\" style=\"--smush-placeholder-width: 39px; --smush-placeholder-aspect-ratio: 39\/45;\" \/><\/h2>\n<p>Multibanco er m\u00e6rket for det indenlandske betalingssystem, der g\u00f8r det muligt for portugisiske kunder at betale for varer eller tjenester k\u00f8bt online ved hj\u00e6lp af pengeautomater eller netbank.<\/p>\n","protected":false},"excerpt":{"rendered":"<p>Vi har flere m\u00e5der, hvorp\u00e5 du kan betale for din ordre hos Zamp Helmets EU. Se nedenfor for mere information om dine betalingsmuligheder: Betal med kort Du skal blot indtaste dine kortoplysninger ved kassen, og din transaktion vil blive h\u00e5ndteret sikkert med Stripe. Revolut betaler En popul\u00e6r betalingsmetode for dem, der \u00f8nsker at modtage cashback [&hellip;]<\/p>\n","protected":false},"author":2,"featured_media":0,"parent":0,"menu_order":0,"comment_status":"closed","ping_status":"closed","template":"","meta":{"_acf_changed":false,"footnotes":""},"class_list":["post-22163","page","type-page","status-publish","hentry"],"acf":[],"yoast_head":"<!-- This site is optimized with the Yoast SEO plugin v27.0 - https:\/\/yoast.com\/product\/yoast-seo-wordpress\/ -->\n<title>Betalingsmetoder - Zamp Helmets | Helmet 28 EU<\/title>\n<meta name=\"robots\" content=\"index, follow, max-snippet:-1, max-image-preview:large, max-video-preview:-1\" \/>\n<link rel=\"canonical\" href=\"https:\/\/zamphelmets.co\/da\/betalingsmetoder\/\" \/>\n<meta property=\"og:locale\" content=\"da_DK\" \/>\n<meta property=\"og:type\" content=\"article\" \/>\n<meta property=\"og:title\" content=\"Betalingsmetoder - Zamp Helmets | Helmet 28 EU\" \/>\n<meta property=\"og:description\" content=\"Vi har flere m\u00e5der, hvorp\u00e5 du kan betale for din ordre hos Zamp Helmets EU. Se nedenfor for mere information om dine betalingsmuligheder: Betal med kort Du skal blot indtaste dine kortoplysninger ved kassen, og din transaktion vil blive h\u00e5ndteret sikkert med Stripe. Revolut betaler En popul\u00e6r betalingsmetode for dem, der \u00f8nsker at modtage cashback [&hellip;]\" \/>\n<meta property=\"og:url\" content=\"https:\/\/zamphelmets.co\/da\/betalingsmetoder\/\" \/>\n<meta property=\"og:site_name\" content=\"Zamp Helmets | Helmet 28 EU\" \/>\n<meta property=\"og:image\" content=\"https:\/\/zamphelmets.co\/wp-content\/uploads\/2023\/12\/visa-logo-800x450-1-300x169.jpg\" \/>\n<meta name=\"twitter:card\" content=\"summary_large_image\" \/>\n<meta name=\"twitter:label1\" content=\"Est. reading time\" \/>\n\t<meta name=\"twitter:data1\" content=\"2 minutter\" \/>\n<script type=\"application\/ld+json\" class=\"yoast-schema-graph\">{\"@context\":\"https:\/\/schema.org\",\"@graph\":[{\"@type\":\"WebPage\",\"@id\":\"https:\/\/zamphelmets.co\/da\/betalingsmetoder\/\",\"url\":\"https:\/\/zamphelmets.co\/da\/betalingsmetoder\/\",\"name\":\"Betalingsmetoder - Zamp Helmets | Helmet 28 EU\",\"isPartOf\":{\"@id\":\"https:\/\/zamphelmets.co\/da\/#website\"},\"primaryImageOfPage\":{\"@id\":\"https:\/\/zamphelmets.co\/da\/betalingsmetoder\/#primaryimage\"},\"image\":{\"@id\":\"https:\/\/zamphelmets.co\/da\/betalingsmetoder\/#primaryimage\"},\"thumbnailUrl\":\"https:\/\/zamphelmets.co\/wp-content\/uploads\/2023\/12\/visa-logo-800x450-1-300x169.jpg\",\"datePublished\":\"2023-12-21T10:17:19+00:00\",\"inLanguage\":\"da-DK\",\"potentialAction\":[{\"@type\":\"ReadAction\",\"target\":[\"https:\/\/zamphelmets.co\/da\/betalingsmetoder\/\"]}]},{\"@type\":\"ImageObject\",\"inLanguage\":\"da-DK\",\"@id\":\"https:\/\/zamphelmets.co\/da\/betalingsmetoder\/#primaryimage\",\"url\":\"https:\/\/zamphelmets.co\/wp-content\/uploads\/2023\/12\/visa-logo-800x450-1-300x169.jpg\",\"contentUrl\":\"https:\/\/zamphelmets.co\/wp-content\/uploads\/2023\/12\/visa-logo-800x450-1-300x169.jpg\"},{\"@type\":\"WebSite\",\"@id\":\"https:\/\/zamphelmets.co\/da\/#website\",\"url\":\"https:\/\/zamphelmets.co\/da\/\",\"name\":\"Zamp Helmets | Helmet 28 EU\",\"description\":\"High Quality Motorsport Helmets\",\"potentialAction\":[{\"@type\":\"SearchAction\",\"target\":{\"@type\":\"EntryPoint\",\"urlTemplate\":\"https:\/\/zamphelmets.co\/da\/?s={search_term_string}\"},\"query-input\":{\"@type\":\"PropertyValueSpecification\",\"valueRequired\":true,\"valueName\":\"search_term_string\"}}],\"inLanguage\":\"da-DK\"}]}<\/script>\n<!-- \/ Yoast SEO plugin. -->","yoast_head_json":{"title":"Betalingsmetoder - Zamp Helmets | Helmet 28 EU","robots":{"index":"index","follow":"follow","max-snippet":"max-snippet:-1","max-image-preview":"max-image-preview:large","max-video-preview":"max-video-preview:-1"},"canonical":"https:\/\/zamphelmets.co\/da\/betalingsmetoder\/","og_locale":"da_DK","og_type":"article","og_title":"Betalingsmetoder - Zamp Helmets | Helmet 28 EU","og_description":"Vi har flere m\u00e5der, hvorp\u00e5 du kan betale for din ordre hos Zamp Helmets EU. Se nedenfor for mere information om dine betalingsmuligheder: Betal med kort Du skal blot indtaste dine kortoplysninger ved kassen, og din transaktion vil blive h\u00e5ndteret sikkert med Stripe. Revolut betaler En popul\u00e6r betalingsmetode for dem, der \u00f8nsker at modtage cashback [&hellip;]","og_url":"https:\/\/zamphelmets.co\/da\/betalingsmetoder\/","og_site_name":"Zamp Helmets | Helmet 28 EU","og_image":[{"url":"https:\/\/zamphelmets.co\/wp-content\/uploads\/2023\/12\/visa-logo-800x450-1-300x169.jpg","type":"","width":"","height":""}],"twitter_card":"summary_large_image","twitter_misc":{"Est. reading time":"2 minutter"},"schema":{"@context":"https:\/\/schema.org","@graph":[{"@type":"WebPage","@id":"https:\/\/zamphelmets.co\/da\/betalingsmetoder\/","url":"https:\/\/zamphelmets.co\/da\/betalingsmetoder\/","name":"Betalingsmetoder - Zamp Helmets | Helmet 28 EU","isPartOf":{"@id":"https:\/\/zamphelmets.co\/da\/#website"},"primaryImageOfPage":{"@id":"https:\/\/zamphelmets.co\/da\/betalingsmetoder\/#primaryimage"},"image":{"@id":"https:\/\/zamphelmets.co\/da\/betalingsmetoder\/#primaryimage"},"thumbnailUrl":"https:\/\/zamphelmets.co\/wp-content\/uploads\/2023\/12\/visa-logo-800x450-1-300x169.jpg","datePublished":"2023-12-21T10:17:19+00:00","inLanguage":"da-DK","potentialAction":[{"@type":"ReadAction","target":["https:\/\/zamphelmets.co\/da\/betalingsmetoder\/"]}]},{"@type":"ImageObject","inLanguage":"da-DK","@id":"https:\/\/zamphelmets.co\/da\/betalingsmetoder\/#primaryimage","url":"https:\/\/zamphelmets.co\/wp-content\/uploads\/2023\/12\/visa-logo-800x450-1-300x169.jpg","contentUrl":"https:\/\/zamphelmets.co\/wp-content\/uploads\/2023\/12\/visa-logo-800x450-1-300x169.jpg"},{"@type":"WebSite","@id":"https:\/\/zamphelmets.co\/da\/#website","url":"https:\/\/zamphelmets.co\/da\/","name":"Zamp Helmets | Helmet 28 EU","description":"High Quality Motorsport Helmets","potentialAction":[{"@type":"SearchAction","target":{"@type":"EntryPoint","urlTemplate":"https:\/\/zamphelmets.co\/da\/?s={search_term_string}"},"query-input":{"@type":"PropertyValueSpecification","valueRequired":true,"valueName":"search_term_string"}}],"inLanguage":"da-DK"}]}},"_links":{"self":[{"href":"https:\/\/zamphelmets.co\/da\/wp-json\/wp\/v2\/pages\/22163","targetHints":{"allow":["GET"]}}],"collection":[{"href":"https:\/\/zamphelmets.co\/da\/wp-json\/wp\/v2\/pages"}],"about":[{"href":"https:\/\/zamphelmets.co\/da\/wp-json\/wp\/v2\/types\/page"}],"author":[{"embeddable":true,"href":"https:\/\/zamphelmets.co\/da\/wp-json\/wp\/v2\/users\/2"}],"replies":[{"embeddable":true,"href":"https:\/\/zamphelmets.co\/da\/wp-json\/wp\/v2\/comments?post=22163"}],"version-history":[{"count":0,"href":"https:\/\/zamphelmets.co\/da\/wp-json\/wp\/v2\/pages\/22163\/revisions"}],"wp:attachment":[{"href":"https:\/\/zamphelmets.co\/da\/wp-json\/wp\/v2\/media?parent=22163"}],"curies":[{"name":"wp","href":"https:\/\/api.w.org\/{rel}","templated":true}]}}