{"id":22154,"date":"2022-07-07T08:09:09","date_gmt":"2022-07-07T08:09:09","guid":{"rendered":"https:\/\/zamphelmets.co\/cookie-politik\/"},"modified":"2022-07-07T08:09:09","modified_gmt":"2022-07-07T08:09:09","slug":"cookie-politik","status":"publish","type":"page","link":"https:\/\/zamphelmets.co\/da\/cookie-politik\/","title":{"rendered":"Cookie-politik"},"content":{"rendered":"<div class=\"cli_pg_page_contaner\"><b>Om denne cookiepolitik<\/b><\/p>\n<div>Denne cookiepolitik forklarer, hvad cookies er, og hvordan vi bruger dem, hvilke typer cookies vi bruger, dvs. hvilke oplysninger vi indsamler ved hj\u00e6lp af cookies, og hvordan disse oplysninger bruges, og hvordan man styrer cookieindstillingerne. For yderligere oplysninger om, hvordan vi bruger, opbevarer og sikrer dine personlige data, se vores privatlivspolitik.<\/p>\n<p>Du kan til enhver tid \u00e6ndre eller tr\u00e6kke dit samtykke tilbage fra Cookiedeklarationen p\u00e5 vores hjemmeside.<br \/>\nL\u00e6s mere om, hvem vi er, hvordan du kan kontakte os, og hvordan vi behandler persondata i vores privatlivspolitik.<br \/>\nDit samtykke g\u00e6lder for f\u00f8lgende dom\u00e6ner: zamphelmets.co<br \/>\n[user_consent_state]<\/p><\/div>\n<p><b>Hvad er cookies?<\/b><\/p>\n<div>Cookies er sm\u00e5 tekstfiler, der bruges til at gemme sm\u00e5 stykker information. De gemmes p\u00e5 din enhed, n\u00e5r hjemmesiden indl\u00e6ses i din browser. Disse cookies hj\u00e6lper os med at f\u00e5 hjemmesiden til at fungere korrekt, g\u00f8re den mere sikker, give en bedre brugeroplevelse og forst\u00e5, hvordan hjemmesiden fungerer, samt analysere, hvad der virker, og hvor der er behov for forbedringer.<\/div>\n<p><b>Hvordan bruger vi cookies?<\/b><\/p>\n<div>Som de fleste onlinetjenester bruger vores hjemmeside f\u00f8rsteparts- og tredjepartscookies til flere form\u00e5l. F\u00f8rstepartscookies er for det meste n\u00f8dvendige for, at webstedet kan fungere korrekt, og de indsamler ikke nogen af dine personligt identificerbare data.<\/p>\n<p>De tredjepartscookies, der bruges p\u00e5 vores hjemmeside, er prim\u00e6rt til at forst\u00e5, hvordan hjemmesiden fungerer, hvordan du interagerer med vores hjemmeside, holde vores tjenester sikre, levere reklamer, der er relevante for dig, og alt i alt give dig en bedre og forbedret brugeroplevelse og hj\u00e6lpe med at fremskynde dine fremtidige interaktioner med vores hjemmeside.<\/p><\/div>\n<p><b>Hvilke typer cookies bruger vi?<\/b><\/p>\n<div>Vigtigt: Nogle cookies er afg\u00f8rende for, at du kan opleve den fulde funktionalitet p\u00e5 vores websted. De giver os mulighed for at opretholde brugersessioner og forhindre eventuelle sikkerhedstrusler. De indsamler eller gemmer ingen personlige oplysninger. For eksempel giver disse cookies dig mulighed for at logge ind p\u00e5 din konto og tilf\u00f8je produkter til din kurv og betale sikkert.<\/p>\n<p>Statistik: Disse cookies gemmer oplysninger som antallet af bes\u00f8gende p\u00e5 webstedet, antallet af unikke bes\u00f8gende, hvilke sider p\u00e5 webstedet der er blevet bes\u00f8gt, kilden til bes\u00f8get osv. Disse data hj\u00e6lper os med at forst\u00e5 og analysere, hvor godt hjemmesiden fungerer, og hvor den skal forbedres.<\/p>\n<p>Markedsf\u00f8ring: Vores hjemmeside viser reklamer. Disse cookies bruges til at tilpasse de reklamer, vi viser dig, s\u00e5 de er meningsfulde for dig. Disse cookies hj\u00e6lper os ogs\u00e5 med at holde styr p\u00e5 effektiviteten af disse annoncekampagner.<br \/>\nDe oplysninger, der er gemt i disse cookies, kan ogs\u00e5 bruges af tredjepartsannonceudbydere til at vise dig annoncer p\u00e5 andre websteder i browseren.<\/p>\n<p>Funktionelle: Dette er de cookies, der hj\u00e6lper med visse ikke-v\u00e6sentlige funktioner p\u00e5 vores hjemmeside. Disse funktioner omfatter indlejring af indhold som videoer eller deling af indhold p\u00e5 hjemmesiden p\u00e5 sociale medieplatforme.<\/p>\n<p>Pr\u00e6ferencer: Disse cookies hj\u00e6lper os med at gemme dine indstillinger og browsingpr\u00e6ferencer, f.eks. sprogindstillinger, s\u00e5 du f\u00e5r en bedre og mere effektiv oplevelse ved fremtidige bes\u00f8g p\u00e5 webstedet.<br \/>\n[cookie_audit columns=&#8221;cookie,description&#8221; heading=&#8221;The below list details the cookies used in our website.&#8221;]<\/p><\/div>\n<p><b>Hvordan kan jeg styre cookie-indstillingerne?<\/b><\/p>\n<div>Hvis du beslutter dig for at \u00e6ndre dine pr\u00e6ferencer senere i din browsing-session, kan du klikke p\u00e5 fanen &#8220;Privatlivs- og cookiepolitik&#8221; p\u00e5 din sk\u00e6rm. Dette vil vise meddelelsen om samtykke igen, s\u00e5 du kan \u00e6ndre dine pr\u00e6ferencer eller tr\u00e6kke dit samtykke helt tilbage.<\/p>\n<p>Derudover tilbyder forskellige browsere forskellige metoder til at blokere og slette cookies, der bruges af websteder. Du kan \u00e6ndre indstillingerne i din browser for at blokere\/slette cookies. For at finde ud af mere om, hvordan du administrerer og sletter cookies, bes\u00f8g wikipedia.org, www.allaboutcookies.org.<\/p><\/div>\n<\/div>\n","protected":false},"excerpt":{"rendered":"<p>Om denne cookiepolitik Denne cookiepolitik forklarer, hvad cookies er, og hvordan vi bruger dem, hvilke typer cookies vi bruger, dvs. hvilke oplysninger vi indsamler ved hj\u00e6lp af cookies, og hvordan disse oplysninger bruges, og hvordan man styrer cookieindstillingerne. For yderligere oplysninger om, hvordan vi bruger, opbevarer og sikrer dine personlige data, se vores privatlivspolitik. Du [&hellip;]<\/p>\n","protected":false},"author":1,"featured_media":0,"parent":0,"menu_order":0,"comment_status":"closed","ping_status":"closed","template":"templates\/fullwidth.php","meta":{"_acf_changed":false,"footnotes":""},"class_list":["post-22154","page","type-page","status-publish","hentry"],"acf":[],"yoast_head":"<!-- This site is optimized with the Yoast SEO plugin v27.0 - https:\/\/yoast.com\/product\/yoast-seo-wordpress\/ -->\n<title>Cookie-politik - Zamp Helmets | Helmet 28 EU<\/title>\n<meta name=\"robots\" content=\"index, follow, max-snippet:-1, max-image-preview:large, max-video-preview:-1\" \/>\n<link rel=\"canonical\" href=\"https:\/\/zamphelmets.co\/da\/cookie-politik\/\" \/>\n<meta property=\"og:locale\" content=\"da_DK\" \/>\n<meta property=\"og:type\" content=\"article\" \/>\n<meta property=\"og:title\" content=\"Cookie-politik - Zamp Helmets | Helmet 28 EU\" \/>\n<meta property=\"og:description\" content=\"Om denne cookiepolitik Denne cookiepolitik forklarer, hvad cookies er, og hvordan vi bruger dem, hvilke typer cookies vi bruger, dvs. hvilke oplysninger vi indsamler ved hj\u00e6lp af cookies, og hvordan disse oplysninger bruges, og hvordan man styrer cookieindstillingerne. For yderligere oplysninger om, hvordan vi bruger, opbevarer og sikrer dine personlige data, se vores privatlivspolitik. Du [&hellip;]\" \/>\n<meta property=\"og:url\" content=\"https:\/\/zamphelmets.co\/da\/cookie-politik\/\" \/>\n<meta property=\"og:site_name\" content=\"Zamp Helmets | Helmet 28 EU\" \/>\n<meta name=\"twitter:card\" content=\"summary_large_image\" \/>\n<meta name=\"twitter:label1\" content=\"Est. reading time\" \/>\n\t<meta name=\"twitter:data1\" content=\"3 minutter\" \/>\n<script type=\"application\/ld+json\" class=\"yoast-schema-graph\">{\"@context\":\"https:\/\/schema.org\",\"@graph\":[{\"@type\":\"WebPage\",\"@id\":\"https:\/\/zamphelmets.co\/da\/cookie-politik\/\",\"url\":\"https:\/\/zamphelmets.co\/da\/cookie-politik\/\",\"name\":\"Cookie-politik - Zamp Helmets | Helmet 28 EU\",\"isPartOf\":{\"@id\":\"https:\/\/zamphelmets.co\/da\/#website\"},\"datePublished\":\"2022-07-07T08:09:09+00:00\",\"inLanguage\":\"da-DK\",\"potentialAction\":[{\"@type\":\"ReadAction\",\"target\":[\"https:\/\/zamphelmets.co\/da\/cookie-politik\/\"]}]},{\"@type\":\"WebSite\",\"@id\":\"https:\/\/zamphelmets.co\/da\/#website\",\"url\":\"https:\/\/zamphelmets.co\/da\/\",\"name\":\"Zamp Helmets | Helmet 28 EU\",\"description\":\"High Quality Motorsport Helmets\",\"potentialAction\":[{\"@type\":\"SearchAction\",\"target\":{\"@type\":\"EntryPoint\",\"urlTemplate\":\"https:\/\/zamphelmets.co\/da\/?s={search_term_string}\"},\"query-input\":{\"@type\":\"PropertyValueSpecification\",\"valueRequired\":true,\"valueName\":\"search_term_string\"}}],\"inLanguage\":\"da-DK\"}]}<\/script>\n<!-- \/ Yoast SEO plugin. -->","yoast_head_json":{"title":"Cookie-politik - Zamp Helmets | Helmet 28 EU","robots":{"index":"index","follow":"follow","max-snippet":"max-snippet:-1","max-image-preview":"max-image-preview:large","max-video-preview":"max-video-preview:-1"},"canonical":"https:\/\/zamphelmets.co\/da\/cookie-politik\/","og_locale":"da_DK","og_type":"article","og_title":"Cookie-politik - Zamp Helmets | Helmet 28 EU","og_description":"Om denne cookiepolitik Denne cookiepolitik forklarer, hvad cookies er, og hvordan vi bruger dem, hvilke typer cookies vi bruger, dvs. hvilke oplysninger vi indsamler ved hj\u00e6lp af cookies, og hvordan disse oplysninger bruges, og hvordan man styrer cookieindstillingerne. For yderligere oplysninger om, hvordan vi bruger, opbevarer og sikrer dine personlige data, se vores privatlivspolitik. Du [&hellip;]","og_url":"https:\/\/zamphelmets.co\/da\/cookie-politik\/","og_site_name":"Zamp Helmets | Helmet 28 EU","twitter_card":"summary_large_image","twitter_misc":{"Est. reading time":"3 minutter"},"schema":{"@context":"https:\/\/schema.org","@graph":[{"@type":"WebPage","@id":"https:\/\/zamphelmets.co\/da\/cookie-politik\/","url":"https:\/\/zamphelmets.co\/da\/cookie-politik\/","name":"Cookie-politik - Zamp Helmets | Helmet 28 EU","isPartOf":{"@id":"https:\/\/zamphelmets.co\/da\/#website"},"datePublished":"2022-07-07T08:09:09+00:00","inLanguage":"da-DK","potentialAction":[{"@type":"ReadAction","target":["https:\/\/zamphelmets.co\/da\/cookie-politik\/"]}]},{"@type":"WebSite","@id":"https:\/\/zamphelmets.co\/da\/#website","url":"https:\/\/zamphelmets.co\/da\/","name":"Zamp Helmets | Helmet 28 EU","description":"High Quality Motorsport Helmets","potentialAction":[{"@type":"SearchAction","target":{"@type":"EntryPoint","urlTemplate":"https:\/\/zamphelmets.co\/da\/?s={search_term_string}"},"query-input":{"@type":"PropertyValueSpecification","valueRequired":true,"valueName":"search_term_string"}}],"inLanguage":"da-DK"}]}},"_links":{"self":[{"href":"https:\/\/zamphelmets.co\/da\/wp-json\/wp\/v2\/pages\/22154","targetHints":{"allow":["GET"]}}],"collection":[{"href":"https:\/\/zamphelmets.co\/da\/wp-json\/wp\/v2\/pages"}],"about":[{"href":"https:\/\/zamphelmets.co\/da\/wp-json\/wp\/v2\/types\/page"}],"author":[{"embeddable":true,"href":"https:\/\/zamphelmets.co\/da\/wp-json\/wp\/v2\/users\/1"}],"replies":[{"embeddable":true,"href":"https:\/\/zamphelmets.co\/da\/wp-json\/wp\/v2\/comments?post=22154"}],"version-history":[{"count":0,"href":"https:\/\/zamphelmets.co\/da\/wp-json\/wp\/v2\/pages\/22154\/revisions"}],"wp:attachment":[{"href":"https:\/\/zamphelmets.co\/da\/wp-json\/wp\/v2\/media?parent=22154"}],"curies":[{"name":"wp","href":"https:\/\/api.w.org\/{rel}","templated":true}]}}