{"id":22052,"date":"2020-12-02T15:45:54","date_gmt":"2020-12-02T15:45:54","guid":{"rendered":"https:\/\/zamphelmets.co\/forsendelsestider\/"},"modified":"2026-02-16T15:01:22","modified_gmt":"2026-02-16T15:01:22","slug":"forsendelsestider","status":"publish","type":"page","link":"https:\/\/zamphelmets.co\/da\/forsendelsestider\/","title":{"rendered":"Forsendelsestider"},"content":{"rendered":"<p>Hos <a href=\"https:\/\/zamphelmets.co\/da\/product-category\/zamp-da\/zamp-hjelme\/\">Zamp Helmets<\/a> arbejder vi p\u00e5 at f\u00e5 alle ordrer ud s\u00e5 hurtigt som muligt. Vi har et sofistikeret lager- og forsendelsesnetv\u00e6rk, der sikrer, at vi kan f\u00e5 forsendelser til dig s\u00e5 hurtigt som muligt. Alle ordrer sendes med <span style=\"text-decoration: underline;\"><br \/>\n  <strong>DPD med sporing<\/strong><br \/>\n<\/span>.<\/p>\n<p>De fleste forsendelser kvalificerer sig til GRATIS FRAGT, men alle andre ordrer kvalificerer sig til levering til standardpris. Det afh\u00e6nger af landet.<strong> <\/strong><\/p>\n<table width=\"624\">\n<tbody>\n<tr>\n<td width=\"264\"><\/td>\n<td width=\"88\"><strong>ZONE 1<\/strong><\/td>\n<td width=\"88\"><strong>ZONE 2<\/strong><\/td>\n<td width=\"88\"><strong>ZONE 3<\/strong><\/td>\n<td width=\"96\"><strong>ZONE 4<\/strong><\/td>\n<\/tr>\n<tr>\n<td>Gratis forsendelse (hvis over)<\/td>\n<td> \u20ac 250.00<\/td>\n<td> \u20ac 300.00<\/td>\n<td> \u20ac 500.00<\/td>\n<td> \u20ac 1,500.00<\/td>\n<\/tr>\n<tr>\n<td>Forsendelsesomkostninger (hvis under)<\/td>\n<td> \u20ac 7.50<\/td>\n<td> \u20ac 12.50<\/td>\n<td> \u20ac 25.00<\/td>\n<td> \u20ac 40.00<\/td>\n<\/tr>\n<\/tbody>\n<\/table>\n<p><strong>Bem\u00e6rk: Vores EU-lager er lukket om mandagen, og derfor vil INGEN ordrer blive afsendt om mandagen.<\/strong><\/p>\n<table width=\"221\">\n<tbody>\n<tr>\n<td width=\"128\">LAND<\/td>\n<td width=\"93\">TRANSITTID (dage)<\/td>\n<\/tr>\n<tr>\n<td>ZONE 1<\/td>\n<td><\/td>\n<\/tr>\n<tr>\n<td>Belgien<\/td>\n<td>1-2<\/td>\n<\/tr>\n<tr>\n<td>Holland<\/td>\n<td>1-2<\/td>\n<\/tr>\n<tr>\n<td>Luxembourg<\/td>\n<td>1-2<\/td>\n<\/tr>\n<tr>\n<td>Tyskland<\/td>\n<td>1-3<\/td>\n<\/tr>\n<tr>\n<td>Frankrig<\/td>\n<td>2-4<\/td>\n<\/tr>\n<tr>\n<td><\/td>\n<td><\/td>\n<\/tr>\n<tr>\n<td>ZONE 2<\/td>\n<td><\/td>\n<\/tr>\n<tr>\n<td>STORBRITANNIEN<\/td>\n<td>3-4<\/td>\n<\/tr>\n<tr>\n<td>Danmark<\/td>\n<td>2-3<\/td>\n<\/tr>\n<tr>\n<td>Spanien<\/td>\n<td>3-5<\/td>\n<\/tr>\n<tr>\n<td>Portugal<\/td>\n<td>4-5<\/td>\n<\/tr>\n<tr>\n<td>Italien<\/td>\n<td>2-5<\/td>\n<\/tr>\n<tr>\n<td>Sverige<\/td>\n<td>3-4<\/td>\n<\/tr>\n<tr>\n<td>\u00d8strig<\/td>\n<td>2-3<\/td>\n<\/tr>\n<tr>\n<td><\/td>\n<td><\/td>\n<\/tr>\n<tr>\n<td>ZONE 3<\/td>\n<td><\/td>\n<\/tr>\n<tr>\n<td>Finland<\/td>\n<td>5-6<\/td>\n<\/tr>\n<tr>\n<td>Slovenien<\/td>\n<td>2-3<\/td>\n<\/tr>\n<tr>\n<td>Slovakiet<\/td>\n<td>3-4<\/td>\n<\/tr>\n<tr>\n<td>Ungarn<\/td>\n<td>2-4<\/td>\n<\/tr>\n<tr>\n<td>Irland<\/td>\n<td>3-4<\/td>\n<\/tr>\n<tr>\n<td>Den Tjekkiske Republik<\/td>\n<td>2-4<\/td>\n<\/tr>\n<tr>\n<td>Polen<\/td>\n<td>2-3<\/td>\n<\/tr>\n<tr>\n<td>Estland<\/td>\n<td>4-5<\/td>\n<\/tr>\n<tr>\n<td>Litauen<\/td>\n<td>3-5<\/td>\n<\/tr>\n<tr>\n<td>Letland<\/td>\n<td>3-5<\/td>\n<\/tr>\n<tr>\n<td><\/td>\n<td><\/td>\n<\/tr>\n<tr>\n<td>ZONE 4 + alle andre<\/td>\n<td><\/td>\n<\/tr>\n<tr>\n<td>Kroatien<\/td>\n<td>3-4<\/td>\n<\/tr>\n<tr>\n<td>Bulgarien<\/td>\n<td>4-5<\/td>\n<\/tr>\n<tr>\n<td>Gr\u00e6kenland<\/td>\n<td>5-7<\/td>\n<\/tr>\n<tr>\n<td>Rum\u00e6nien<\/td>\n<td>3-4<\/td>\n<\/tr>\n<\/tbody>\n<\/table>\n<p>Alle ordrer sendes med den f\u00f8rende forsendelsesleverand\u00f8r <a href=\"https:\/\/www.dpd.co.uk\/\">DPD via en sporet forsendelsesservice<\/a>. S\u00e5 snart din ordre er behandlet af vores lagermedarbejdere, vil du modtage en e-mail med besked om, at den er p\u00e5 vej. I denne e-mail er der inkluderet et sporingsnummer, s\u00e5 du kan f\u00f8lge pakken hele vejen.<\/p>\n","protected":false},"excerpt":{"rendered":"<p>Hos Zamp Helmets arbejder vi p\u00e5 at f\u00e5 alle ordrer ud s\u00e5 hurtigt som muligt. Vi har et sofistikeret lager- og forsendelsesnetv\u00e6rk, der sikrer, at vi kan f\u00e5 forsendelser til dig s\u00e5 hurtigt som muligt. Alle ordrer sendes med DPD med sporing . De fleste forsendelser kvalificerer sig til GRATIS FRAGT, men alle andre ordrer [&hellip;]<\/p>\n","protected":false},"author":2,"featured_media":0,"parent":0,"menu_order":0,"comment_status":"closed","ping_status":"closed","template":"","meta":{"_acf_changed":false,"footnotes":""},"class_list":["post-22052","page","type-page","status-publish","hentry"],"acf":[],"yoast_head":"<!-- This site is optimized with the Yoast SEO plugin v27.0 - https:\/\/yoast.com\/product\/yoast-seo-wordpress\/ -->\n<title>Forsendelsestider - Zamp Helmets | Helmet 28 EU<\/title>\n<meta name=\"description\" content=\"Hos Zamp Helmets bestr\u00e6ber vi os p\u00e5 at f\u00e5 alle ordrer ud s\u00e5 hurtigt som muligt. Se vores leveringstider for dit land\/territorium.\" \/>\n<meta name=\"robots\" content=\"index, follow, max-snippet:-1, max-image-preview:large, max-video-preview:-1\" \/>\n<link rel=\"canonical\" href=\"https:\/\/zamphelmets.co\/da\/forsendelsestider\/\" \/>\n<meta property=\"og:locale\" content=\"da_DK\" \/>\n<meta property=\"og:type\" content=\"article\" \/>\n<meta property=\"og:title\" content=\"Forsendelsestider - Zamp Helmets | Helmet 28 EU\" \/>\n<meta property=\"og:description\" content=\"Hos Zamp Helmets bestr\u00e6ber vi os p\u00e5 at f\u00e5 alle ordrer ud s\u00e5 hurtigt som muligt. Se vores leveringstider for dit land\/territorium.\" \/>\n<meta property=\"og:url\" content=\"https:\/\/zamphelmets.co\/da\/forsendelsestider\/\" \/>\n<meta property=\"og:site_name\" content=\"Zamp Helmets | Helmet 28 EU\" \/>\n<meta property=\"article:modified_time\" content=\"2026-02-16T15:01:22+00:00\" \/>\n<meta name=\"twitter:card\" content=\"summary_large_image\" \/>\n<meta name=\"twitter:label1\" content=\"Est. reading time\" \/>\n\t<meta name=\"twitter:data1\" content=\"1 minut\" \/>\n<script type=\"application\/ld+json\" class=\"yoast-schema-graph\">{\"@context\":\"https:\/\/schema.org\",\"@graph\":[{\"@type\":\"WebPage\",\"@id\":\"https:\/\/zamphelmets.co\/da\/forsendelsestider\/\",\"url\":\"https:\/\/zamphelmets.co\/da\/forsendelsestider\/\",\"name\":\"Forsendelsestider - Zamp Helmets | Helmet 28 EU\",\"isPartOf\":{\"@id\":\"https:\/\/zamphelmets.co\/da\/#website\"},\"datePublished\":\"2020-12-02T15:45:54+00:00\",\"dateModified\":\"2026-02-16T15:01:22+00:00\",\"description\":\"Hos Zamp Helmets bestr\u00e6ber vi os p\u00e5 at f\u00e5 alle ordrer ud s\u00e5 hurtigt som muligt. Se vores leveringstider for dit land\/territorium.\",\"inLanguage\":\"da-DK\",\"potentialAction\":[{\"@type\":\"ReadAction\",\"target\":[\"https:\/\/zamphelmets.co\/da\/forsendelsestider\/\"]}]},{\"@type\":\"WebSite\",\"@id\":\"https:\/\/zamphelmets.co\/da\/#website\",\"url\":\"https:\/\/zamphelmets.co\/da\/\",\"name\":\"Zamp Helmets | Helmet 28 EU\",\"description\":\"High Quality Motorsport Helmets\",\"potentialAction\":[{\"@type\":\"SearchAction\",\"target\":{\"@type\":\"EntryPoint\",\"urlTemplate\":\"https:\/\/zamphelmets.co\/da\/?s={search_term_string}\"},\"query-input\":{\"@type\":\"PropertyValueSpecification\",\"valueRequired\":true,\"valueName\":\"search_term_string\"}}],\"inLanguage\":\"da-DK\"}]}<\/script>\n<!-- \/ Yoast SEO plugin. -->","yoast_head_json":{"title":"Forsendelsestider - Zamp Helmets | Helmet 28 EU","description":"Hos Zamp Helmets bestr\u00e6ber vi os p\u00e5 at f\u00e5 alle ordrer ud s\u00e5 hurtigt som muligt. Se vores leveringstider for dit land\/territorium.","robots":{"index":"index","follow":"follow","max-snippet":"max-snippet:-1","max-image-preview":"max-image-preview:large","max-video-preview":"max-video-preview:-1"},"canonical":"https:\/\/zamphelmets.co\/da\/forsendelsestider\/","og_locale":"da_DK","og_type":"article","og_title":"Forsendelsestider - Zamp Helmets | Helmet 28 EU","og_description":"Hos Zamp Helmets bestr\u00e6ber vi os p\u00e5 at f\u00e5 alle ordrer ud s\u00e5 hurtigt som muligt. Se vores leveringstider for dit land\/territorium.","og_url":"https:\/\/zamphelmets.co\/da\/forsendelsestider\/","og_site_name":"Zamp Helmets | Helmet 28 EU","article_modified_time":"2026-02-16T15:01:22+00:00","twitter_card":"summary_large_image","twitter_misc":{"Est. reading time":"1 minut"},"schema":{"@context":"https:\/\/schema.org","@graph":[{"@type":"WebPage","@id":"https:\/\/zamphelmets.co\/da\/forsendelsestider\/","url":"https:\/\/zamphelmets.co\/da\/forsendelsestider\/","name":"Forsendelsestider - Zamp Helmets | Helmet 28 EU","isPartOf":{"@id":"https:\/\/zamphelmets.co\/da\/#website"},"datePublished":"2020-12-02T15:45:54+00:00","dateModified":"2026-02-16T15:01:22+00:00","description":"Hos Zamp Helmets bestr\u00e6ber vi os p\u00e5 at f\u00e5 alle ordrer ud s\u00e5 hurtigt som muligt. Se vores leveringstider for dit land\/territorium.","inLanguage":"da-DK","potentialAction":[{"@type":"ReadAction","target":["https:\/\/zamphelmets.co\/da\/forsendelsestider\/"]}]},{"@type":"WebSite","@id":"https:\/\/zamphelmets.co\/da\/#website","url":"https:\/\/zamphelmets.co\/da\/","name":"Zamp Helmets | Helmet 28 EU","description":"High Quality Motorsport Helmets","potentialAction":[{"@type":"SearchAction","target":{"@type":"EntryPoint","urlTemplate":"https:\/\/zamphelmets.co\/da\/?s={search_term_string}"},"query-input":{"@type":"PropertyValueSpecification","valueRequired":true,"valueName":"search_term_string"}}],"inLanguage":"da-DK"}]}},"_links":{"self":[{"href":"https:\/\/zamphelmets.co\/da\/wp-json\/wp\/v2\/pages\/22052","targetHints":{"allow":["GET"]}}],"collection":[{"href":"https:\/\/zamphelmets.co\/da\/wp-json\/wp\/v2\/pages"}],"about":[{"href":"https:\/\/zamphelmets.co\/da\/wp-json\/wp\/v2\/types\/page"}],"author":[{"embeddable":true,"href":"https:\/\/zamphelmets.co\/da\/wp-json\/wp\/v2\/users\/2"}],"replies":[{"embeddable":true,"href":"https:\/\/zamphelmets.co\/da\/wp-json\/wp\/v2\/comments?post=22052"}],"version-history":[{"count":1,"href":"https:\/\/zamphelmets.co\/da\/wp-json\/wp\/v2\/pages\/22052\/revisions"}],"predecessor-version":[{"id":203481,"href":"https:\/\/zamphelmets.co\/da\/wp-json\/wp\/v2\/pages\/22052\/revisions\/203481"}],"wp:attachment":[{"href":"https:\/\/zamphelmets.co\/da\/wp-json\/wp\/v2\/media?parent=22052"}],"curies":[{"name":"wp","href":"https:\/\/api.w.org\/{rel}","templated":true}]}}