{"id":22037,"date":"2020-08-19T15:24:11","date_gmt":"2020-08-19T15:24:11","guid":{"rendered":"https:\/\/zamphelmets.co\/vilkaar-og-betingelser\/"},"modified":"2024-07-15T16:28:29","modified_gmt":"2024-07-15T16:28:29","slug":"vilkaar-og-betingelser","status":"publish","type":"page","link":"https:\/\/zamphelmets.co\/da\/vilkaar-og-betingelser\/","title":{"rendered":"Vilk\u00e5r og betingelser"},"content":{"rendered":"<p>Vi \u00e6ndrer disse vilk\u00e5r fra tid til anden. Hver gang du \u00f8nsker at bestille produkter, bedes du tjekke disse vilk\u00e5r for at sikre, at du forst\u00e5r de vilk\u00e5r, der g\u00e6lder p\u00e5 det p\u00e5g\u00e6ldende k\u00f8bstidspunkt.<\/p>\n<p>Oprindeligt udgivet den 21. juni 2017<\/p>\n<p>Kontrakt om levering af produkter eller tjenesteydelser<\/p>\n<p>1.1. De produkter, priser og tjenester, der er illustreret p\u00e5 vores hjemmeside, udg\u00f8r ikke et juridisk bindende tilbud. Ingen kontrakt om levering af produkter eller varer vil blive anset for at eksistere mellem dig og Helmet 28 Ltd, medmindre og indtil fuld betaling er foretaget og ordren accepteret.<\/p>\n<p>1.2. Helmet 28 Ltd sender dig en e-mail med bekr\u00e6ftelse p\u00e5, at din ordre er blevet accepteret, og at betalingen er gennemf\u00f8rt. Denne bekr\u00e6ftelses-e-mail udg\u00f8r en accept fra Helmet 28 Ltd af dit tilbud om at k\u00f8be varer eller tjenester fra Helmet 28 Ltd, og denne accept er effektiv, uanset om du modtager e-mailen eller ej.<\/p>\n<p>1.3. Helmet 28 Ltd forbeholder sig ret til at tr\u00e6kke sig fra en potentiel kontrakt p\u00e5 ethvert tidspunkt f\u00f8r eller efter accept. Dette g\u00e6lder ogs\u00e5, efter at der er sendt en bekr\u00e6ftelsesmail i tilf\u00e6lde af fejl eller un\u00f8jagtigheder med hensyn til varerne eller tjenesterne, enhver beskrivelse, der anvendes p\u00e5 varerne eller tjenesterne, tilg\u00e6ngeligheden af varerne eller tjenesterne eller selve ordren. Under disse omst\u00e6ndigheder vil Helmet 28 Ltd give dig besked s\u00e5 hurtigt som muligt, og du vil f\u00e5 mulighed for at vente p\u00e5 lager, v\u00e6lge et alternativ eller f\u00e5 alle pengene tilbage. Helmet 28 Ltd kan n\u00e6gte at acceptere en ordre, refundere en ordre eller annullere en ordre til enhver tid uden varsel.<\/p>\n<p>1.4. Oplysninger om priser og tilg\u00e6ngelighed kan \u00e6ndres uden varsel. Kreditkort debiteres, f\u00f8r varer afsendes, eller f\u00f8r tjenester aktiveres af Helmet 28 Ltd.<\/p>\n<p>Begr\u00e6nsning af ansvar<\/p>\n<p>2.1. Medmindre det specifikt er angivet p\u00e5 dette websted, vil hverken Helmet 28 Ltd eller nogen af dets direkt\u00f8rer, medarbejdere eller andre repr\u00e6sentanter v\u00e6re ansvarlige for skader, der opst\u00e5r som f\u00f8lge af eller i forbindelse med brugen af dette websted. Dette er en omfattende ansvarsbegr\u00e6nsning, der g\u00e6lder for alle skader af enhver art, herunder (uden begr\u00e6nsning) kompenserende, direkte, indirekte eller f\u00f8lgeskader, tab af data, indkomst eller fortjeneste, tab af eller skade p\u00e5 ejendom og krav fra tredjeparter.<\/p>\n<p>2.2. Selvom Helmet 28 Ltd fors\u00f8ger at bruge de rigtige billeder til hver vare, kan der ske fejl, og det forkerte billede kan blive uploadet. Det er op til kunden p\u00e5 forh\u00e5nd at bekr\u00e6fte, om der er forskelle mellem billeder og beskrivelser. Helmet 28 Ltd er ikke ansvarlig, hvis det anvendte billede ikke svarer til den givne beskrivelse. P\u00e5 grund af producentens opdateringer, forskelle i sk\u00e6rmdefinitioner osv. kan billederne afvige fra den faktiske vare, der leveres. Helmet 28 Ltd er ikke ansvarlig for eventuelle omkostninger, hvis dette er tilf\u00e6ldet.<\/p>\n<p>2.3. Helmet 28 Ltd er IKKE ansvarlig for at kontrollere, om en hjelm er lovlig i det land eller den l\u00f8bsserie, som vi leverer til. Det er udelukkende kundens ansvar at sikre, at den hjelm, de k\u00f8ber, er lovlig til den \u00f8nskede brug.<\/p>\n<p>2.4. Helmet 28 Ltd er IKKE ansvarlig for valutakurs\u00e6ndringer (p\u00e5 tidspunktet for afgivelse af ordren eller p\u00e5 tidspunktet for tilbagebetaling), importtold eller importafgift til dit land. Det er op til kunden at kontrollere eventuelle afgifter, der skal betales, inden ordren afgives.<\/p>\n<h2>Din ret til at returnere og f\u00e5 pengene tilbage<\/h2>\n<p>3.1Helmet 28 LTD tilstr\u00e6ber altid at levere varer af h\u00f8j kvalitet, der er fejlfri og ubeskadigede. Af og til kan det dog v\u00e6re n\u00f8dvendigt at returnere varer, der er leveret af os, og s\u00e5danne returneringer er underlagt disse vilk\u00e5r og betingelser. Som forbruger har du altid juridiske rettigheder i forhold til varer, der er defekte eller ikke svarer til beskrivelsen. Disse juridiske rettigheder p\u00e5virkes ikke af returpolitikken i denne paragraf 3. Du kan f\u00e5 r\u00e5dgivning om dine juridiske rettigheder hos dit lokale Citizens&#8217; Advice Bureau eller Trading Standards-kontor.<\/p>\n<p><span class=\"num\">3.2<\/span> De varer, vi leverer til dig, leveres med en producentgaranti (for detaljer henvises til den producentgaranti, der f\u00f8lger med varerne). Hvis varer, vi leverer til dig, udvikler fejl inden for deres garantiperiode, har du ret til reparation eller udskiftning af s\u00e5danne varer i henhold til betingelserne i denne garanti.<\/p>\n<p><span class=\"num\">3.3<\/span> Producentens garanti beskrevet i afsnit 3.2 ovenfor og returpolitikken beskrevet i afsnit 3.9 nedenfor er i till\u00e6g til dine juridiske rettigheder i forhold til varer, som du har k\u00f8bt fra os, der er defekte eller ikke som beskrevet.<\/p>\n<p><span class=\"num\">3.4<\/span> Hvis du modtager varer, som du har k\u00f8bt af os, og som ikke svarer til dem, du har bestilt, og du ikke \u00f8nsker at acceptere disse varer, vil vi i henhold til punkt 3.6 enten erstatte disse varer med de bestilte (hvis de er tilg\u00e6ngelige) eller refundere dig den pris, du har betalt for disse varer via den betalingsmetode, du har brugt ved k\u00f8b af disse varer.<\/p>\n<p><span class=\"num\">3.5 <\/span>Hvis varer, du har k\u00f8bt af os, er defekte, og du ikke \u00f8nsker at acceptere disse varer, vil vi i henhold til paragraf 3.6 og 3.7 enten reparere de defekte varer, udskifte dem (hvis der findes udskiftninger) eller p\u00e5 anden m\u00e5de refundere dig den pris, du har betalt for de defekte varer via den betalingsmetode, du brugte ved k\u00f8b af disse varer.<\/p>\n<p><span class=\"num\">3.6<\/span> Enhver udskiftning eller tilbagebetaling af varer i henhold til punkt 3.4 eller 3.5 er underlagt dig:<\/p>\n<p><span class=\"num\">(a)<\/span> at informere os straks ved opdagelse af, at de relevante varer er forkert beskrevet eller defekte;<\/p>\n<p><span class=\"num\">(b)<\/span> at give os rimelig mulighed for at unders\u00f8ge disse varer; og<\/p>\n<p><span class=\"num\">(c)<\/span> returnere disse varer og al emballage og dokumentation, der leveres med dem, til os for vores regning eller p\u00e5 anden m\u00e5de give os mulighed for at afhente disse varer fra dig.<\/p>\n<p><span class=\"num\">3.7<\/span> Vi vil ikke v\u00e6re ansvarlige for nogen fejl i nogen varer i det omfang, det er tilladt ved lov, hvor denne fejl er resultatet af:<\/p>\n<p><span class=\"num\">(a)<\/span> rimelig slitage som f\u00f8lge af brugen af varerne eller fors\u00e6tlig skade p\u00e5 varerne efter levering af dem til dig eller for enhver skade for\u00e5rsaget af din uagtsomhed;<\/p>\n<p><span class=\"num\">(b)<\/span> din manglende overholdelse af vores eller vareproducentens rimelige instruktioner, der er leveret eller inkluderet i varerne med hensyn til opbevaring, installation, idrifts\u00e6ttelse, brug eller vedligeholdelse; eller<\/p>\n<p><span class=\"num\">(c)<\/span> at du reparerer eller \u00e6ndrer varerne uden vores forudg\u00e5ende skriftlige samtykke,<\/p>\n<p>eller hvis du bruger disse varer efter at have underrettet os om fejlen i dem.<\/p>\n<p><span class=\"num\">3.8<\/span> Det er dit ansvar at kontrollere, at de varer, du modtager fra os, er:<\/p>\n<p>(<span class=\"num\">a)<\/span> den eller de varer, du har bestilt; og<\/p>\n<p><span class=\"num\">(b)<\/span> at der ikke er nogen \u00e5benlys fejl ved varerne,<\/p>\n<p>og som s\u00e5dan er vi ikke ansvarlige for eventuelle omkostninger, som du p\u00e5drager dig i forbindelse med montering eller indbygning af varer i noget efter levering af dem til dig, hvis du ikke opfylder dine forpligtelser i henhold til denne klausul med hensyn til disse varer. Intet i denne paragraf 3.8 skal dog begr\u00e6nse dine juridiske rettigheder i forhold til varer, vi har leveret til dig, der er defekte eller forkert beskrevet.<\/p>\n<p><span class=\"num\">3.9<\/span> Ud over dine rettigheder i henhold til punkt 3.1, 3.4 og 3.5 og bortset fra de omst\u00e6ndigheder, der er beskrevet i punkt 3.10, kan du, hvis du af en eller anden grund er utilfreds med varer, som du har k\u00f8bt fra os, eller hvis du skifter mening, returnere dem til os for egen regning inden for 14 kalenderdage efter levering af dem til dig. Vi vil derefter refundere dig den pris, du har betalt for disse varer, eller, hvis du \u00f8nsker det, tilbyde at ombytte disse varer.<\/p>\n<p><span class=\"num\">3.10<\/span> Vi forbeholder os ret til at ud\u00f8ve sk\u00f8n med hensyn til enhver returnering af varer i henhold til paragraf 3.9 og kan n\u00e6gte at acceptere returneringer i henhold til denne paragraf eller, hvis vi v\u00e6lger det, reducere den pris, som vi refunderer til dig i henhold til denne paragraf, hvor:<\/p>\n<p><span class=\"num\">(a)<\/span> Varerne er blevet beskadiget eller slidt efter levering af dem til dig;<\/p>\n<p><span class=\"num\">(b)<\/span> du har indbygget eller monteret varerne i en anden genstand;<\/p>\n<p><span class=\"num\">(c)<\/span> disse varer best\u00e5r af lyd- eller videooptagelser eller computersoftware, der leveres i forseglet emballage, og emballagen til disse varer er blevet \u00e5bnet ved eller efter levering af dem til dig;<\/p>\n<p><span class=\"num\">(d)<\/span> disse varer er k\u00f8bt til en nedsat pris for at tage h\u00f8jde for eventuelle skader p\u00e5 eller manglende kvalitet af disse varer;<\/p>\n<p><span class=\"num\">(e)<\/span> du har brugt disse varer til forretningsm\u00e6ssige eller kommercielle form\u00e5l uden vores forudg\u00e5ende skriftlige samtykke;<\/p>\n<p><span class=\"num\">(f)<\/span> du foretager \u00e6ndringer eller reparationer af disse varer uden vores skriftlige samtykke; eller<\/p>\n<p><span class=\"num\">(g)<\/span> vi mener, at du fors\u00f8ger at misbruge vores system til returnering af varer,<\/p>\n<p>(h) Varer, der er bestilt specielt p\u00e5 din anmodning, kan ikke returneres til os med henblik p\u00e5 kreditering:<\/p>\n<p>(i) Varer, der er k\u00f8bt som en del af en kampagne\/bundle, vil blive krediteret, men der vil blive p\u00e5lagt et genopfyldningsgebyr p\u00e5 10 %.<\/p>\n<p>(j) Alle produkter med installation\/tilbeh\u00f8rsmontering vil kr\u00e6ve et gebyr p\u00e5 15 % for genopfyldning.<\/p>\n<p>selvom intet i denne klausul skal begr\u00e6nse dine juridiske rettigheder i forhold til varer, der leveres til dig, der er defekte eller ikke som beskrevet.<\/p>\n<p><span class=\"num\">3.11<\/span> Hvis du returnerer varer i henhold til punkt 3.9:<\/p>\n<p><span class=\"num\">(a)<\/span> forbeholder vi os ret til at opkr\u00e6ve dig de omkostninger, vi har afholdt i forbindelse med levering af varerne til dig og returnering af disse varer til os; og<\/p>\n<p><span class=\"num\">(b)<\/span> og varerne blev k\u00f8bt af dig ved hj\u00e6lp af finansiering, forbeholder vi os ret til enten:<\/p>\n<p><span class=\"num\">(i)<\/span> opkr\u00e6ve de omkostninger, vi har afholdt i forbindelse med tilrettel\u00e6ggelsen og administrationen af denne finansiering. Disse omkostninger vil variere afh\u00e6ngigt af bel\u00f8bet og l\u00e6ngden af finansieringsaftalen; eller<\/p>\n<p><span class=\"num\">(ii) i<\/span> stedet for at udstede en refusion, udstede dig en butikskredit til v\u00e6rdien af de varer, der returneres, en s\u00e5dan kredit skal bruges inden for 12 m\u00e5neder efter, at denne kredit er udstedt til dig.<\/p>\n<p><span class=\"num\">3.12<\/span> I henhold til The Consumer Regulations 2013 har du ret til at annullere din ordre, s\u00e5 l\u00e6nge du g\u00f8r det senest 14 dage efter den dag, hvor du modtager varerne eller tjenesten. Denne ret til at annullere din ordre g\u00e6lder dog ikke for varer, der er:<\/p>\n<p>(<span class=\"num\">a)<\/span> skr\u00e6ddersyet eller specialfremstillet eller p\u00e5 anden m\u00e5de fremstillet efter dine specifikationer eller tydeligt personliggjort;<\/p>\n<p>(<span class=\"num\">b)<\/span> aviser, tidsskrifter eller magasiner;<\/p>\n<p>(<span class=\"num\">c)<\/span> letford\u00e6rvelige varer, s\u00e5som mad eller drikke, eller<\/p>\n<p>(<span class=\"num\">d)<\/span> software, dvd&#8217;er eller cd&#8217;er med en sikkerhedsforsegling, som du har \u00e5bnet eller fjernet.<\/p>\n<p><span class=\"num\">3.13<\/span> Efter annullering af en ordre i henhold til punkt 3.12 refunderer vi dig alle bel\u00f8b, som du har betalt for de p\u00e5g\u00e6ldende varer, s\u00e5 hurtigt som muligt og under alle omst\u00e6ndigheder inden for 30 kalenderdage efter den dag, hvor du gav os skriftlig meddelelse om annullering, minus vores rimelige omkostninger ved at inddrive varerne, hvis du ikke betaler omkostningerne ved at returnere disse varer til os, og med forbehold for, at du tager rimelig vare p\u00e5 varerne, indtil de returneres til os. Hvis du annullerer en ordre p\u00e5 varer, som vi allerede har behandlet til levering, m\u00e5 du ikke pakke varerne ud, n\u00e5r de modtages af dig.<\/p>\n<p><span class=\"num\">3.14<\/span> Hvis du har annulleret din ordre i henhold til punkt 3.12, og varerne blev leveret til dig:<\/p>\n<p><span class=\"num\">(a)<\/span> skal du returnere de relevante varer til os, s\u00e5 snart det er praktisk muligt. Hvis varerne skal afhentes, henter vi dem p\u00e5 den adresse, hvor de blev leveret. Vi kontakter dig for at aftale et passende tidspunkt for afhentning;<\/p>\n<p><span class=\"num\">(b)<\/span> du vil v\u00e6re ansvarlig for omkostningerne ved at returnere varerne til os eller, hvor det er relevant, omkostningerne ved, at vi afhenter varerne hos dig; og<\/p>\n<p><span class=\"num\">(c)<\/span> du har en juridisk forpligtelse til at holde varerne i din besiddelse og til at tage rimelig vare p\u00e5 varerne, indtil de returneres til eller afhentes af os.<\/p>\n<p><span class=\"num\">3.15<\/span> Oplysninger om din juridiske ret til at annullere og en forklaring p\u00e5, hvordan du ud\u00f8ver den, findes i ordrebekr\u00e6ftelsen.<\/p>\n<p>3.16. https:\/\/helmet28.com\/ is an Online business, your item cannot be returned to us in person. Vi har ikke en skranke for handel\/kunder, og dit k\u00f8b kan IKKE returneres til vores kontor. Din vare skal sendes tilbage til Helmet 28 Returns, AteaLaan 36, 2200, Herentals, Belgien.<\/p>\n<p>Levering<\/p>\n<p>4.1. Din ordre vil blive gennemf\u00f8rt p\u00e5 den forventede leveringsdato, der er angivet i ordrebekr\u00e6ftelsen, medmindre der indtr\u00e6ffer en begivenhed uden for vores kontrol. Vi kan ikke garantere levering af varer inden for de angivne tidsfrister. Alle leveringstider er estimater, og eventuelle skader for\u00e5rsaget af forsinket levering er ikke Helmet 28&#8217;s ansvar.<\/p>\n<p>4.2. Leveringen er gennemf\u00f8rt, n\u00e5r vi leverer produkterne til den adresse, du har givet os.<\/p>\n<p>4.3. Hvis der ikke er nogen til stede p\u00e5 din adresse til at tage imod leveringen, skal kureren\/postv\u00e6senet normalt efterlade en besked til dig om, at de har fors\u00f8gt at levere produkterne. Det er dit ansvar at omarrangere levering eller p\u00e5 anden m\u00e5de afhente produkterne fra den relevante kurer- eller posttjeneste.<\/p>\n<p>4.4. Produkterne er dit ansvar fra afslutningen af leveringen.<\/p>\n<p>4.5. Du ejer produkterne, n\u00e5r vi har modtaget den fulde betaling, inklusive alle g\u00e6ldende leveringsomkostninger.<\/p>\n<p>Kommunikation<\/p>\n<p>5.1. For at annullere en kontrakt i overensstemmelse med din juridiske ret skal du kontakte os via Sales@helmet28.com eller ved at sende et brev til Helmet 28 Ltd, Clifton Square, Alderley Edge, SK9 7NW. Det kan v\u00e6re en god id\u00e9 at gemme en kopi af din afbestillingsmeddelelse til din egen dokumentation. Hvis du sender os din opsigelse via e-mail eller med posten, tr\u00e6der din opsigelse i kraft fra den dato, hvor du sendte os e-mailen eller sendte brevet til os.<\/p>\n<p>5.2. Hvis du \u00f8nsker at kontakte os skriftligt af andre \u00e5rsager, kan du g\u00f8re det ved at kontakte os via Help@helmet28.com eller med forudbetalt post til Helmet 28 Ltd, Clifton Square, Alderley Edge, SK9 7NW.<\/p>\n<p>5.3. Hvis vi er n\u00f8dt til at kontakte dig eller give dig skriftlig besked, g\u00f8r vi det via e-mail eller med forudbetalt post til den adresse, du har givet os i din bestilling.<\/p>\n<p>Politik for beskyttelse af personlige oplysninger<\/p>\n<p>6.1. Helmet 28 Ltd er forpligtet til at beskytte sine kunders privatliv. Vi indsamler kun oplysninger om dig, som er n\u00f8dvendige for at behandle din ordre og give dig den bedst mulige service. Alle indsamlede oplysninger vil kun blive brugt i overensstemmelse med databeskyttelsesloven fra 1998. Vi videregiver ikke dine oplysninger til tredjeparter uden f\u00f8rst at have indhentet dit udtrykkelige samtykke.<\/p>\n<p>6.2. F\u00f8lgende oplysninger er n\u00f8dvendige for, at vi kan behandle din ordre og give dig besked om din ordrestatus.<\/p>\n<p>Dit navn<br \/>\nFirmanavn (hvis relevant)<br \/>\nAdresse<br \/>\nE-mail-adresse<br \/>\nTelefonnumre til kontaktpersoner<br \/>\nOplysninger om kredit- eller betalingskort<\/p>\n<p>6.3. Vi gemmer ikke kreditkortoplysninger, der er indsamlet i forbindelse med en bestillingsproces, f.eks. online- eller telefonbestillinger.<\/p>\n<p>6.4. Databeskyttelsesloven fra 1998 kr\u00e6ver, at vi er \u00e5bne om vores opbevaring og brug af personlige data. Helmet 28 Ltd er forpligtet til at opretholde de otte databeskyttelsesprincipper for god informationsh\u00e5ndteringspraksis og vil til enhver tid beskytte og opretholde dine rettigheder.<\/p>\n<p>6.5. Du kan fra tid til anden blive kontaktet med tilbud, der er i din interesse.<\/p>\n","protected":false},"excerpt":{"rendered":"<p>Vi \u00e6ndrer disse vilk\u00e5r fra tid til anden. Hver gang du \u00f8nsker at bestille produkter, bedes du tjekke disse vilk\u00e5r for at sikre, at du forst\u00e5r de vilk\u00e5r, der g\u00e6lder p\u00e5 det p\u00e5g\u00e6ldende k\u00f8bstidspunkt. Oprindeligt udgivet den 21. juni 2017 Kontrakt om levering af produkter eller tjenesteydelser 1.1. De produkter, priser og tjenester, der er [&hellip;]<\/p>\n","protected":false},"author":1,"featured_media":0,"parent":0,"menu_order":0,"comment_status":"closed","ping_status":"closed","template":"templates\/fullwidth.php","meta":{"_acf_changed":false,"footnotes":""},"class_list":["post-22037","page","type-page","status-publish","hentry"],"acf":[],"yoast_head":"<!-- This site is optimized with the Yoast SEO plugin v27.0 - https:\/\/yoast.com\/product\/yoast-seo-wordpress\/ -->\n<title>Vilk\u00e5r og betingelser - Zamp Helmets | Helmet 28 EU<\/title>\n<meta name=\"robots\" content=\"index, follow, max-snippet:-1, max-image-preview:large, max-video-preview:-1\" \/>\n<link rel=\"canonical\" href=\"https:\/\/zamphelmets.co\/da\/vilkaar-og-betingelser\/\" \/>\n<meta property=\"og:locale\" content=\"da_DK\" \/>\n<meta property=\"og:type\" content=\"article\" \/>\n<meta property=\"og:title\" content=\"Vilk\u00e5r og betingelser - Zamp Helmets | Helmet 28 EU\" \/>\n<meta property=\"og:description\" content=\"Vi \u00e6ndrer disse vilk\u00e5r fra tid til anden. Hver gang du \u00f8nsker at bestille produkter, bedes du tjekke disse vilk\u00e5r for at sikre, at du forst\u00e5r de vilk\u00e5r, der g\u00e6lder p\u00e5 det p\u00e5g\u00e6ldende k\u00f8bstidspunkt. Oprindeligt udgivet den 21. juni 2017 Kontrakt om levering af produkter eller tjenesteydelser 1.1. De produkter, priser og tjenester, der er [&hellip;]\" \/>\n<meta property=\"og:url\" content=\"https:\/\/zamphelmets.co\/da\/vilkaar-og-betingelser\/\" \/>\n<meta property=\"og:site_name\" content=\"Zamp Helmets | Helmet 28 EU\" \/>\n<meta property=\"article:modified_time\" content=\"2024-07-15T16:28:29+00:00\" \/>\n<meta name=\"twitter:card\" content=\"summary_large_image\" \/>\n<meta name=\"twitter:label1\" content=\"Est. reading time\" \/>\n\t<meta name=\"twitter:data1\" content=\"13 minutter\" \/>\n<script type=\"application\/ld+json\" class=\"yoast-schema-graph\">{\"@context\":\"https:\/\/schema.org\",\"@graph\":[{\"@type\":\"WebPage\",\"@id\":\"https:\/\/zamphelmets.co\/da\/vilkaar-og-betingelser\/\",\"url\":\"https:\/\/zamphelmets.co\/da\/vilkaar-og-betingelser\/\",\"name\":\"Vilk\u00e5r og betingelser - Zamp Helmets | Helmet 28 EU\",\"isPartOf\":{\"@id\":\"https:\/\/zamphelmets.co\/da\/#website\"},\"datePublished\":\"2020-08-19T15:24:11+00:00\",\"dateModified\":\"2024-07-15T16:28:29+00:00\",\"inLanguage\":\"da-DK\",\"potentialAction\":[{\"@type\":\"ReadAction\",\"target\":[\"https:\/\/zamphelmets.co\/da\/vilkaar-og-betingelser\/\"]}]},{\"@type\":\"WebSite\",\"@id\":\"https:\/\/zamphelmets.co\/da\/#website\",\"url\":\"https:\/\/zamphelmets.co\/da\/\",\"name\":\"Zamp Helmets | Helmet 28 EU\",\"description\":\"High Quality Motorsport Helmets\",\"potentialAction\":[{\"@type\":\"SearchAction\",\"target\":{\"@type\":\"EntryPoint\",\"urlTemplate\":\"https:\/\/zamphelmets.co\/da\/?s={search_term_string}\"},\"query-input\":{\"@type\":\"PropertyValueSpecification\",\"valueRequired\":true,\"valueName\":\"search_term_string\"}}],\"inLanguage\":\"da-DK\"}]}<\/script>\n<!-- \/ Yoast SEO plugin. -->","yoast_head_json":{"title":"Vilk\u00e5r og betingelser - Zamp Helmets | Helmet 28 EU","robots":{"index":"index","follow":"follow","max-snippet":"max-snippet:-1","max-image-preview":"max-image-preview:large","max-video-preview":"max-video-preview:-1"},"canonical":"https:\/\/zamphelmets.co\/da\/vilkaar-og-betingelser\/","og_locale":"da_DK","og_type":"article","og_title":"Vilk\u00e5r og betingelser - Zamp Helmets | Helmet 28 EU","og_description":"Vi \u00e6ndrer disse vilk\u00e5r fra tid til anden. Hver gang du \u00f8nsker at bestille produkter, bedes du tjekke disse vilk\u00e5r for at sikre, at du forst\u00e5r de vilk\u00e5r, der g\u00e6lder p\u00e5 det p\u00e5g\u00e6ldende k\u00f8bstidspunkt. Oprindeligt udgivet den 21. juni 2017 Kontrakt om levering af produkter eller tjenesteydelser 1.1. De produkter, priser og tjenester, der er [&hellip;]","og_url":"https:\/\/zamphelmets.co\/da\/vilkaar-og-betingelser\/","og_site_name":"Zamp Helmets | Helmet 28 EU","article_modified_time":"2024-07-15T16:28:29+00:00","twitter_card":"summary_large_image","twitter_misc":{"Est. reading time":"13 minutter"},"schema":{"@context":"https:\/\/schema.org","@graph":[{"@type":"WebPage","@id":"https:\/\/zamphelmets.co\/da\/vilkaar-og-betingelser\/","url":"https:\/\/zamphelmets.co\/da\/vilkaar-og-betingelser\/","name":"Vilk\u00e5r og betingelser - Zamp Helmets | Helmet 28 EU","isPartOf":{"@id":"https:\/\/zamphelmets.co\/da\/#website"},"datePublished":"2020-08-19T15:24:11+00:00","dateModified":"2024-07-15T16:28:29+00:00","inLanguage":"da-DK","potentialAction":[{"@type":"ReadAction","target":["https:\/\/zamphelmets.co\/da\/vilkaar-og-betingelser\/"]}]},{"@type":"WebSite","@id":"https:\/\/zamphelmets.co\/da\/#website","url":"https:\/\/zamphelmets.co\/da\/","name":"Zamp Helmets | Helmet 28 EU","description":"High Quality Motorsport Helmets","potentialAction":[{"@type":"SearchAction","target":{"@type":"EntryPoint","urlTemplate":"https:\/\/zamphelmets.co\/da\/?s={search_term_string}"},"query-input":{"@type":"PropertyValueSpecification","valueRequired":true,"valueName":"search_term_string"}}],"inLanguage":"da-DK"}]}},"_links":{"self":[{"href":"https:\/\/zamphelmets.co\/da\/wp-json\/wp\/v2\/pages\/22037","targetHints":{"allow":["GET"]}}],"collection":[{"href":"https:\/\/zamphelmets.co\/da\/wp-json\/wp\/v2\/pages"}],"about":[{"href":"https:\/\/zamphelmets.co\/da\/wp-json\/wp\/v2\/types\/page"}],"author":[{"embeddable":true,"href":"https:\/\/zamphelmets.co\/da\/wp-json\/wp\/v2\/users\/1"}],"replies":[{"embeddable":true,"href":"https:\/\/zamphelmets.co\/da\/wp-json\/wp\/v2\/comments?post=22037"}],"version-history":[{"count":2,"href":"https:\/\/zamphelmets.co\/da\/wp-json\/wp\/v2\/pages\/22037\/revisions"}],"predecessor-version":[{"id":28398,"href":"https:\/\/zamphelmets.co\/da\/wp-json\/wp\/v2\/pages\/22037\/revisions\/28398"}],"wp:attachment":[{"href":"https:\/\/zamphelmets.co\/da\/wp-json\/wp\/v2\/media?parent=22037"}],"curies":[{"name":"wp","href":"https:\/\/api.w.org\/{rel}","templated":true}]}}