{"id":22036,"date":"2020-11-24T12:30:52","date_gmt":"2020-11-24T12:30:52","guid":{"rendered":"https:\/\/zamphelmets.co\/kontakt\/registreringsformular-for-ambassadoerer\/"},"modified":"2020-11-24T12:30:52","modified_gmt":"2020-11-24T12:30:52","slug":"registreringsformular-for-ambassadoerer","status":"publish","type":"page","link":"https:\/\/zamphelmets.co\/da\/kontakt\/registreringsformular-for-ambassadoerer\/","title":{"rendered":"Registreringsformular for ambassad\u00f8rer"},"content":{"rendered":"<p><strong>Er du interesseret i at arbejde med <a href=\"https:\/\/zamphelmets.co\/product-category\/zamp-helmets\/\">Zamp Helmets<\/a> som ambassad\u00f8r? Udfyld venligst formularen nedenfor, s\u00e5 vil et medlem af vores team kontakte dig for at vurdere din ambassad\u00f8rans\u00f8gning.<\/strong><\/p>\n<p>Zamp Helmets tilbyder <a href=\"https:\/\/zamphelmets.co\/product-category\/zamp-helmets\/\">hjelme i topkvalitet<\/a> med banebrydende teknologi til en overkommelig pris.<\/p>\n<p>Zamp blev grundlagt i USA og er kendt for at tilbyde utrolig kvalitet til en <a href=\"https:\/\/zamphelmets.co\/product-category\/zamp-helmets\/\">meget konkurrencedygtig pris<\/a>. N\u00e5r du sammenligner med andre m\u00e6rker p\u00e5 markedet, vil du se, at vores produkter tilbyder den bedste v\u00e6rdi, de bedste funktioner og det bedste design. Det er vores overbevisning, at racerl\u00f8b ikke beh\u00f8ver at v\u00e6re restriktive og forbyde deltagelse p\u00e5 grund af prisen. Vi \u00f8nsker at g\u00f8re det s\u00e5 nemt som muligt for en s\u00e5 bred gruppe af mennesker som muligt at deltage.<\/p>\n<p>Uanset om du dyrker klubmotorsport, karting eller verdens mest prestigefyldte l\u00f8bsserier, s\u00e5 har Zamp hjelmen til dig.<\/p>\n<p>Fra markedsintroduktionen <a href=\"https:\/\/zamphelmets.co\/product\/rz-56\/\">Full Face RZ 56<\/a>, perfekt til banedage og lukkede cockpitl\u00f8b. Til vores revolutionerende <a href=\"https:\/\/zamphelmets.co\/da\/vare\/rz-70e-afbryder-orange-gul\/#description\">RZ 70E Switch-hjelm<\/a>, s\u00e5 du nemt kan konfigurere din hjelm til en r\u00e6kke forskellige racerops\u00e6tninger. Zamp-serien tilbyder hvide og sorte standardhjelme samt et fantastisk udvalg af malede, grafiske hjelme.<\/p>\n<h5><\/h5>\n<p><div class=\"afwc_reg_form_wrapper\"><form action=\"#\" id=\"afwc_registration_form\"><div class=\"afwc_reg_field_wrapper afwc_reg_email \"><label for=\"afwc_reg_email\" class=\"afwc_required\">Email<\/label><input type=\"email\" id=\"afwc_reg_email\" name=\"afwc_reg_email\" required class=\"afwc_reg_form_field\"\/><\/div><div class=\"afwc_reg_field_wrapper afwc_reg_first_name afwc_is_half\"><label for=\"afwc_reg_first_name\" class=\"afwc_\">First Name<\/label><input type=\"text\" id=\"afwc_reg_first_name\" name=\"afwc_reg_first_name\"  class=\"afwc_reg_form_field\"\/><\/div><div class=\"afwc_reg_field_wrapper afwc_reg_last_name afwc_is_half\"><label for=\"afwc_reg_last_name\" class=\"afwc_\">Last Name<\/label><input type=\"text\" id=\"afwc_reg_last_name\" name=\"afwc_reg_last_name\"  class=\"afwc_reg_form_field\"\/><\/div><div class=\"afwc_reg_field_wrapper afwc_reg_phone_no afwc_is_half\"><label for=\"afwc_reg_phone_no\" class=\"afwc_\">Phone Number<\/label><input type=\"tel\" id=\"afwc_reg_phone_no\" name=\"afwc_reg_phone_no\"  class=\"afwc_reg_form_field\"\/><\/div><div class=\"afwc_reg_field_wrapper afwc_reg_skype afwc_is_half\"><label for=\"afwc_reg_skype\" class=\"afwc_\">Skype ID<\/label><input type=\"text\" id=\"afwc_reg_skype\" name=\"afwc_reg_skype\"  class=\"afwc_reg_form_field\"\/><\/div><div class=\"afwc_reg_field_wrapper afwc_reg_website \"><label for=\"afwc_reg_website\" class=\"afwc_\">Website<\/label><input type=\"text\" id=\"afwc_reg_website\" name=\"afwc_reg_website\"  class=\"afwc_reg_form_field\"\/><\/div><div class=\"afwc_reg_field_wrapper afwc_reg_password afwc_is_half\"><label for=\"afwc_reg_password\" class=\"afwc_required\">Password<\/label><input type=\"password\" id=\"afwc_reg_password\" name=\"afwc_reg_password\" required class=\"afwc_reg_form_field\"\/><\/div><div class=\"afwc_reg_field_wrapper afwc_reg_confirm_password afwc_is_half\"><label for=\"afwc_reg_confirm_password\" class=\"afwc_required\">Confirm Password<\/label><input type=\"password\" id=\"afwc_reg_confirm_password\" name=\"afwc_reg_confirm_password\" required class=\"afwc_reg_form_field\"\/><\/div><div class=\"afwc_reg_field_wrapper afwc_reg_desc \"><label for=\"afwc_reg_desc\" class=\"afwc_required\">Tell us more about yourself and why you'd like to partner with us (please include your social media handles, experience promoting others, tell us about your audience etc)<\/label><textarea name=\"afwc_reg_desc\" id=\"afwc_reg_desc\" required size=\"100\" rows=\"5\" cols=\"58\" class=\"afwc_reg_form_field\"><\/textarea><\/div><div class=\"afwc_reg_field_wrapper afwc_reg_terms \"><label for=\"afwc_reg_terms\" class=\"afwc_required\"><input type=\"checkbox\" id=\"afwc_reg_terms\" name=\"afwc_reg_terms\" required class=\"afwc_reg_form_field\"\/> I accept all the terms of this program<\/label><\/div><input type=\"hidden\" name=\"afwc_registration\" id=\"afwc_registration\" value=\"13716a84bd\"\/><label style=\"position:absolute;top:-99999px;left:-99999px;z-index:-99;\"><input type=\"text\" name=\"afwc_hp_email\"  tabindex=\"-1\" autocomplete=\"-1\" value=\"\"\/><\/label><div class=\"afwc_reg_field_wrapper\"><input type=\"submit\" name=\"submit\" class=\"afwc_registration_form_submit\" id=\"afwc_registration_form_submit\" value=\"Submit\"\/><div class=\"afwc_reg_loader\"><img decoding=\"async\" data-src=\"https:\/\/zamphelmets.co\/wp-content\/plugins\/woocommerce\/assets\/images\/wpspin-2x.gif\" src=\"data:image\/svg+xml;base64,PHN2ZyB3aWR0aD0iMSIgaGVpZ2h0PSIxIiB4bWxucz0iaHR0cDovL3d3dy53My5vcmcvMjAwMC9zdmciPjwvc3ZnPg==\" class=\"lazyload\" style=\"--smush-placeholder-width: 32px; --smush-placeholder-aspect-ratio: 32\/32;\" \/><\/div><\/div><div class=\"afwc_reg_message\"><\/div><\/form><\/div><img decoding=\"async\" class=\"alignnone wp-image-2748 size-medium lazyload\" data-src=\"https:\/\/zamphelmets.co\/wp-content\/uploads\/2020\/11\/a9c4171a-b48e-419a-96b8-c046b8b23d2c-238x300.png\" alt=\"zamp hjelme ambassad\u00f8r\" width=\"238\" height=\"300\" data-srcset=\"https:\/\/zamphelmets.co\/wp-content\/uploads\/2020\/11\/a9c4171a-b48e-419a-96b8-c046b8b23d2c-238x300.png 238w, https:\/\/zamphelmets.co\/wp-content\/uploads\/2020\/11\/a9c4171a-b48e-419a-96b8-c046b8b23d2c.png 535w\" data-sizes=\"(max-width: 238px) 100vw, 238px\" src=\"data:image\/svg+xml;base64,PHN2ZyB3aWR0aD0iMSIgaGVpZ2h0PSIxIiB4bWxucz0iaHR0cDovL3d3dy53My5vcmcvMjAwMC9zdmciPjwvc3ZnPg==\" style=\"--smush-placeholder-width: 238px; --smush-placeholder-aspect-ratio: 238\/300;\" \/><\/p>\n","protected":false},"excerpt":{"rendered":"<p>Er du interesseret i at arbejde med Zamp Helmets som ambassad\u00f8r? Udfyld venligst formularen nedenfor, s\u00e5 vil et medlem af vores team kontakte dig for at vurdere din ambassad\u00f8rans\u00f8gning. Zamp Helmets tilbyder hjelme i topkvalitet med banebrydende teknologi til en overkommelig pris. Zamp blev grundlagt i USA og er kendt for at tilbyde utrolig kvalitet [&hellip;]<\/p>\n","protected":false},"author":2,"featured_media":13589,"parent":22014,"menu_order":0,"comment_status":"closed","ping_status":"closed","template":"","meta":{"_acf_changed":false,"footnotes":""},"class_list":["post-22036","page","type-page","status-publish","has-post-thumbnail","hentry"],"acf":[],"yoast_head":"<!-- This site is optimized with the Yoast SEO plugin v27.0 - https:\/\/yoast.com\/product\/yoast-seo-wordpress\/ -->\n<title>Registreringsformular for ambassad\u00f8rer - Zamp Helmets | Helmet 28 EU<\/title>\n<meta name=\"description\" content=\"Er du interesseret i at arbejde med Zamp Helmets som ambassad\u00f8r? Udfyld venligst formularen nedenfor, s\u00e5 kontakter et medlem af vores team dig.\" \/>\n<meta name=\"robots\" content=\"index, follow, max-snippet:-1, max-image-preview:large, max-video-preview:-1\" \/>\n<link rel=\"canonical\" href=\"https:\/\/zamphelmets.co\/da\/kontakt\/registreringsformular-for-ambassadoerer\/\" \/>\n<meta property=\"og:locale\" content=\"da_DK\" \/>\n<meta property=\"og:type\" content=\"article\" \/>\n<meta property=\"og:title\" content=\"Registreringsformular for ambassad\u00f8rer - Zamp Helmets | Helmet 28 EU\" \/>\n<meta property=\"og:description\" content=\"Er du interesseret i at arbejde med Zamp Helmets som ambassad\u00f8r? Udfyld venligst formularen nedenfor, s\u00e5 kontakter et medlem af vores team dig.\" \/>\n<meta property=\"og:url\" content=\"https:\/\/zamphelmets.co\/da\/kontakt\/registreringsformular-for-ambassadoerer\/\" \/>\n<meta property=\"og:site_name\" content=\"Zamp Helmets | Helmet 28 EU\" \/>\n<meta property=\"og:image\" content=\"https:\/\/zamphelmets.co\/wp-content\/uploads\/2020\/11\/a9c4171a-b48e-419a-96b8-c046b8b23d2c.png\" \/>\n\t<meta property=\"og:image:width\" content=\"535\" \/>\n\t<meta property=\"og:image:height\" content=\"674\" \/>\n\t<meta property=\"og:image:type\" content=\"image\/png\" \/>\n<meta name=\"twitter:card\" content=\"summary_large_image\" \/>\n<meta name=\"twitter:label1\" content=\"Est. reading time\" \/>\n\t<meta name=\"twitter:data1\" content=\"1 minut\" \/>\n<script type=\"application\/ld+json\" class=\"yoast-schema-graph\">{\"@context\":\"https:\/\/schema.org\",\"@graph\":[{\"@type\":\"WebPage\",\"@id\":\"https:\/\/zamphelmets.co\/da\/kontakt\/registreringsformular-for-ambassadoerer\/\",\"url\":\"https:\/\/zamphelmets.co\/da\/kontakt\/registreringsformular-for-ambassadoerer\/\",\"name\":\"Registreringsformular for ambassad\u00f8rer - Zamp Helmets | Helmet 28 EU\",\"isPartOf\":{\"@id\":\"https:\/\/zamphelmets.co\/da\/#website\"},\"primaryImageOfPage\":{\"@id\":\"https:\/\/zamphelmets.co\/da\/kontakt\/registreringsformular-for-ambassadoerer\/#primaryimage\"},\"image\":{\"@id\":\"https:\/\/zamphelmets.co\/da\/kontakt\/registreringsformular-for-ambassadoerer\/#primaryimage\"},\"thumbnailUrl\":\"https:\/\/zamphelmets.co\/wp-content\/uploads\/2020\/11\/a9c4171a-b48e-419a-96b8-c046b8b23d2c.png\",\"datePublished\":\"2020-11-24T12:30:52+00:00\",\"description\":\"Er du interesseret i at arbejde med Zamp Helmets som ambassad\u00f8r? Udfyld venligst formularen nedenfor, s\u00e5 kontakter et medlem af vores team dig.\",\"breadcrumb\":{\"@id\":\"https:\/\/zamphelmets.co\/da\/kontakt\/registreringsformular-for-ambassadoerer\/#breadcrumb\"},\"inLanguage\":\"da-DK\",\"potentialAction\":[{\"@type\":\"ReadAction\",\"target\":[\"https:\/\/zamphelmets.co\/da\/kontakt\/registreringsformular-for-ambassadoerer\/\"]}]},{\"@type\":\"ImageObject\",\"inLanguage\":\"da-DK\",\"@id\":\"https:\/\/zamphelmets.co\/da\/kontakt\/registreringsformular-for-ambassadoerer\/#primaryimage\",\"url\":\"https:\/\/zamphelmets.co\/wp-content\/uploads\/2020\/11\/a9c4171a-b48e-419a-96b8-c046b8b23d2c.png\",\"contentUrl\":\"https:\/\/zamphelmets.co\/wp-content\/uploads\/2020\/11\/a9c4171a-b48e-419a-96b8-c046b8b23d2c.png\",\"width\":535,\"height\":674},{\"@type\":\"BreadcrumbList\",\"@id\":\"https:\/\/zamphelmets.co\/da\/kontakt\/registreringsformular-for-ambassadoerer\/#breadcrumb\",\"itemListElement\":[{\"@type\":\"ListItem\",\"position\":1,\"name\":\"Kontakt\",\"item\":\"https:\/\/zamphelmets.co\/da\/kontakt\/\"},{\"@type\":\"ListItem\",\"position\":2,\"name\":\"Registreringsformular for ambassad\u00f8rer\"}]},{\"@type\":\"WebSite\",\"@id\":\"https:\/\/zamphelmets.co\/da\/#website\",\"url\":\"https:\/\/zamphelmets.co\/da\/\",\"name\":\"Zamp Helmets | Helmet 28 EU\",\"description\":\"High Quality Motorsport Helmets\",\"potentialAction\":[{\"@type\":\"SearchAction\",\"target\":{\"@type\":\"EntryPoint\",\"urlTemplate\":\"https:\/\/zamphelmets.co\/da\/?s={search_term_string}\"},\"query-input\":{\"@type\":\"PropertyValueSpecification\",\"valueRequired\":true,\"valueName\":\"search_term_string\"}}],\"inLanguage\":\"da-DK\"}]}<\/script>\n<!-- \/ Yoast SEO plugin. -->","yoast_head_json":{"title":"Registreringsformular for ambassad\u00f8rer - Zamp Helmets | Helmet 28 EU","description":"Er du interesseret i at arbejde med Zamp Helmets som ambassad\u00f8r? Udfyld venligst formularen nedenfor, s\u00e5 kontakter et medlem af vores team dig.","robots":{"index":"index","follow":"follow","max-snippet":"max-snippet:-1","max-image-preview":"max-image-preview:large","max-video-preview":"max-video-preview:-1"},"canonical":"https:\/\/zamphelmets.co\/da\/kontakt\/registreringsformular-for-ambassadoerer\/","og_locale":"da_DK","og_type":"article","og_title":"Registreringsformular for ambassad\u00f8rer - Zamp Helmets | Helmet 28 EU","og_description":"Er du interesseret i at arbejde med Zamp Helmets som ambassad\u00f8r? Udfyld venligst formularen nedenfor, s\u00e5 kontakter et medlem af vores team dig.","og_url":"https:\/\/zamphelmets.co\/da\/kontakt\/registreringsformular-for-ambassadoerer\/","og_site_name":"Zamp Helmets | Helmet 28 EU","og_image":[{"width":535,"height":674,"url":"https:\/\/zamphelmets.co\/wp-content\/uploads\/2020\/11\/a9c4171a-b48e-419a-96b8-c046b8b23d2c.png","type":"image\/png"}],"twitter_card":"summary_large_image","twitter_misc":{"Est. reading time":"1 minut"},"schema":{"@context":"https:\/\/schema.org","@graph":[{"@type":"WebPage","@id":"https:\/\/zamphelmets.co\/da\/kontakt\/registreringsformular-for-ambassadoerer\/","url":"https:\/\/zamphelmets.co\/da\/kontakt\/registreringsformular-for-ambassadoerer\/","name":"Registreringsformular for ambassad\u00f8rer - Zamp Helmets | Helmet 28 EU","isPartOf":{"@id":"https:\/\/zamphelmets.co\/da\/#website"},"primaryImageOfPage":{"@id":"https:\/\/zamphelmets.co\/da\/kontakt\/registreringsformular-for-ambassadoerer\/#primaryimage"},"image":{"@id":"https:\/\/zamphelmets.co\/da\/kontakt\/registreringsformular-for-ambassadoerer\/#primaryimage"},"thumbnailUrl":"https:\/\/zamphelmets.co\/wp-content\/uploads\/2020\/11\/a9c4171a-b48e-419a-96b8-c046b8b23d2c.png","datePublished":"2020-11-24T12:30:52+00:00","description":"Er du interesseret i at arbejde med Zamp Helmets som ambassad\u00f8r? Udfyld venligst formularen nedenfor, s\u00e5 kontakter et medlem af vores team dig.","breadcrumb":{"@id":"https:\/\/zamphelmets.co\/da\/kontakt\/registreringsformular-for-ambassadoerer\/#breadcrumb"},"inLanguage":"da-DK","potentialAction":[{"@type":"ReadAction","target":["https:\/\/zamphelmets.co\/da\/kontakt\/registreringsformular-for-ambassadoerer\/"]}]},{"@type":"ImageObject","inLanguage":"da-DK","@id":"https:\/\/zamphelmets.co\/da\/kontakt\/registreringsformular-for-ambassadoerer\/#primaryimage","url":"https:\/\/zamphelmets.co\/wp-content\/uploads\/2020\/11\/a9c4171a-b48e-419a-96b8-c046b8b23d2c.png","contentUrl":"https:\/\/zamphelmets.co\/wp-content\/uploads\/2020\/11\/a9c4171a-b48e-419a-96b8-c046b8b23d2c.png","width":535,"height":674},{"@type":"BreadcrumbList","@id":"https:\/\/zamphelmets.co\/da\/kontakt\/registreringsformular-for-ambassadoerer\/#breadcrumb","itemListElement":[{"@type":"ListItem","position":1,"name":"Kontakt","item":"https:\/\/zamphelmets.co\/da\/kontakt\/"},{"@type":"ListItem","position":2,"name":"Registreringsformular for ambassad\u00f8rer"}]},{"@type":"WebSite","@id":"https:\/\/zamphelmets.co\/da\/#website","url":"https:\/\/zamphelmets.co\/da\/","name":"Zamp Helmets | Helmet 28 EU","description":"High Quality Motorsport Helmets","potentialAction":[{"@type":"SearchAction","target":{"@type":"EntryPoint","urlTemplate":"https:\/\/zamphelmets.co\/da\/?s={search_term_string}"},"query-input":{"@type":"PropertyValueSpecification","valueRequired":true,"valueName":"search_term_string"}}],"inLanguage":"da-DK"}]}},"_links":{"self":[{"href":"https:\/\/zamphelmets.co\/da\/wp-json\/wp\/v2\/pages\/22036","targetHints":{"allow":["GET"]}}],"collection":[{"href":"https:\/\/zamphelmets.co\/da\/wp-json\/wp\/v2\/pages"}],"about":[{"href":"https:\/\/zamphelmets.co\/da\/wp-json\/wp\/v2\/types\/page"}],"author":[{"embeddable":true,"href":"https:\/\/zamphelmets.co\/da\/wp-json\/wp\/v2\/users\/2"}],"replies":[{"embeddable":true,"href":"https:\/\/zamphelmets.co\/da\/wp-json\/wp\/v2\/comments?post=22036"}],"version-history":[{"count":0,"href":"https:\/\/zamphelmets.co\/da\/wp-json\/wp\/v2\/pages\/22036\/revisions"}],"up":[{"embeddable":true,"href":"https:\/\/zamphelmets.co\/da\/wp-json\/wp\/v2\/pages\/22014"}],"wp:featuredmedia":[{"embeddable":true,"href":"https:\/\/zamphelmets.co\/da\/wp-json\/wp\/v2\/media\/13589"}],"wp:attachment":[{"href":"https:\/\/zamphelmets.co\/da\/wp-json\/wp\/v2\/media?parent=22036"}],"curies":[{"name":"wp","href":"https:\/\/api.w.org\/{rel}","templated":true}]}}