{"id":22014,"date":"2019-01-08T14:25:27","date_gmt":"2019-01-08T14:25:27","guid":{"rendered":"https:\/\/zamphelmets.co\/kontakt\/"},"modified":"2019-01-08T14:25:27","modified_gmt":"2019-01-08T14:25:27","slug":"kontakt","status":"publish","type":"page","link":"https:\/\/zamphelmets.co\/da\/kontakt\/","title":{"rendered":"Kontakt"},"content":{"rendered":"<p><b><img decoding=\"async\" class=\"alignnone size-medium wp-image-5279 lazyload\" data-src=\"https:\/\/zamphelmets.co\/wp-content\/uploads\/sites\/3\/2022\/01\/IMG_3895-279x300.jpg\" alt=\"\" width=\"279\" height=\"300\" data-srcset=\"https:\/\/zamphelmets.co\/wp-content\/uploads\/2022\/01\/IMG_3895-279x300.jpg 279w, https:\/\/zamphelmets.co\/wp-content\/uploads\/2022\/01\/IMG_3895-768x826.jpg 768w, https:\/\/zamphelmets.co\/wp-content\/uploads\/2022\/01\/IMG_3895-600x645.jpg 600w, https:\/\/zamphelmets.co\/wp-content\/uploads\/2022\/01\/IMG_3895.jpg 828w\" data-sizes=\"(max-width: 279px) 100vw, 279px\" src=\"data:image\/svg+xml;base64,PHN2ZyB3aWR0aD0iMSIgaGVpZ2h0PSIxIiB4bWxucz0iaHR0cDovL3d3dy53My5vcmcvMjAwMC9zdmciPjwvc3ZnPg==\" style=\"--smush-placeholder-width: 279px; --smush-placeholder-aspect-ratio: 279\/300;\" \/><\/b><\/p>\n<p>&nbsp;<\/p>\n<p><b>Kontaktadresse<\/b><br \/>\n<a href=\"https:\/\/g.page\/r\/CSfdtOzr9s5nEAg\/review\">Hjelm 28<\/a><\/p>\n<p>AteaLaan 36<br \/>\nHerentals<br \/>\nBelgien 2200<\/p>\n<p>&nbsp;<\/p>\n<p>Helmet 28 distribuerer Zamp Helmets i hele Europa fra deres lager i Belgien.<\/p>\n<p><a href=\"https:\/\/zamphelmets.co\/faqs\/\"><br \/>\n  <strong>Tjek vores ofte stillede sp\u00f8rgsm\u00e5l<\/strong><br \/>\n<\/a> for at se, om vi allerede har besvaret dit sp\u00f8rgsm\u00e5l!<\/p>\n","protected":false},"excerpt":{"rendered":"<p>&nbsp; Kontaktadresse Hjelm 28 AteaLaan 36 Herentals Belgien 2200 &nbsp; Helmet 28 distribuerer Zamp Helmets i hele Europa fra deres lager i Belgien. Tjek vores ofte stillede sp\u00f8rgsm\u00e5l for at se, om vi allerede har besvaret dit sp\u00f8rgsm\u00e5l!<\/p>\n","protected":false},"author":1,"featured_media":0,"parent":0,"menu_order":0,"comment_status":"closed","ping_status":"closed","template":"templates\/contact.php","meta":{"_acf_changed":false,"footnotes":""},"class_list":["post-22014","page","type-page","status-publish","hentry"],"acf":[],"yoast_head":"<!-- This site is optimized with the Yoast SEO plugin v27.0 - https:\/\/yoast.com\/product\/yoast-seo-wordpress\/ -->\n<title>Kontakt - Zamp Helmets | Helmet 28 EU<\/title>\n<meta name=\"description\" content=\"Har du brug for at tale med en ekspert? Bare kontakt os, s\u00e5 vil et medlem af teamet kontakte dig for at hj\u00e6lpe dig med dine sp\u00f8rgsm\u00e5l s\u00e5 hurtigt som muligt.\" \/>\n<meta name=\"robots\" content=\"index, follow, max-snippet:-1, max-image-preview:large, max-video-preview:-1\" \/>\n<link rel=\"canonical\" href=\"https:\/\/zamphelmets.co\/da\/kontakt\/\" \/>\n<meta property=\"og:locale\" content=\"da_DK\" \/>\n<meta property=\"og:type\" content=\"article\" \/>\n<meta property=\"og:title\" content=\"Kontakt - Zamp Helmets | Helmet 28 EU\" \/>\n<meta property=\"og:description\" content=\"Har du brug for at tale med en ekspert? Bare kontakt os, s\u00e5 vil et medlem af teamet kontakte dig for at hj\u00e6lpe dig med dine sp\u00f8rgsm\u00e5l s\u00e5 hurtigt som muligt.\" \/>\n<meta property=\"og:url\" content=\"https:\/\/zamphelmets.co\/da\/kontakt\/\" \/>\n<meta property=\"og:site_name\" content=\"Zamp Helmets | Helmet 28 EU\" \/>\n<meta property=\"og:image\" content=\"https:\/\/zamphelmets.co\/wp-content\/uploads\/sites\/3\/2022\/01\/IMG_3895-279x300.jpg\" \/>\n<meta name=\"twitter:card\" content=\"summary_large_image\" \/>\n<script type=\"application\/ld+json\" class=\"yoast-schema-graph\">{\"@context\":\"https:\/\/schema.org\",\"@graph\":[{\"@type\":\"WebPage\",\"@id\":\"https:\/\/zamphelmets.co\/da\/kontakt\/\",\"url\":\"https:\/\/zamphelmets.co\/da\/kontakt\/\",\"name\":\"Kontakt - Zamp Helmets | Helmet 28 EU\",\"isPartOf\":{\"@id\":\"https:\/\/zamphelmets.co\/da\/#website\"},\"primaryImageOfPage\":{\"@id\":\"https:\/\/zamphelmets.co\/da\/kontakt\/#primaryimage\"},\"image\":{\"@id\":\"https:\/\/zamphelmets.co\/da\/kontakt\/#primaryimage\"},\"thumbnailUrl\":\"https:\/\/zamphelmets.co\/wp-content\/uploads\/sites\/3\/2022\/01\/IMG_3895-279x300.jpg\",\"datePublished\":\"2019-01-08T14:25:27+00:00\",\"description\":\"Har du brug for at tale med en ekspert? Bare kontakt os, s\u00e5 vil et medlem af teamet kontakte dig for at hj\u00e6lpe dig med dine sp\u00f8rgsm\u00e5l s\u00e5 hurtigt som muligt.\",\"inLanguage\":\"da-DK\",\"potentialAction\":[{\"@type\":\"ReadAction\",\"target\":[\"https:\/\/zamphelmets.co\/da\/kontakt\/\"]}]},{\"@type\":\"ImageObject\",\"inLanguage\":\"da-DK\",\"@id\":\"https:\/\/zamphelmets.co\/da\/kontakt\/#primaryimage\",\"url\":\"https:\/\/zamphelmets.co\/wp-content\/uploads\/sites\/3\/2022\/01\/IMG_3895-279x300.jpg\",\"contentUrl\":\"https:\/\/zamphelmets.co\/wp-content\/uploads\/sites\/3\/2022\/01\/IMG_3895-279x300.jpg\"},{\"@type\":\"WebSite\",\"@id\":\"https:\/\/zamphelmets.co\/da\/#website\",\"url\":\"https:\/\/zamphelmets.co\/da\/\",\"name\":\"Zamp Helmets | Helmet 28 EU\",\"description\":\"High Quality Motorsport Helmets\",\"potentialAction\":[{\"@type\":\"SearchAction\",\"target\":{\"@type\":\"EntryPoint\",\"urlTemplate\":\"https:\/\/zamphelmets.co\/da\/?s={search_term_string}\"},\"query-input\":{\"@type\":\"PropertyValueSpecification\",\"valueRequired\":true,\"valueName\":\"search_term_string\"}}],\"inLanguage\":\"da-DK\"}]}<\/script>\n<!-- \/ Yoast SEO plugin. -->","yoast_head_json":{"title":"Kontakt - Zamp Helmets | Helmet 28 EU","description":"Har du brug for at tale med en ekspert? Bare kontakt os, s\u00e5 vil et medlem af teamet kontakte dig for at hj\u00e6lpe dig med dine sp\u00f8rgsm\u00e5l s\u00e5 hurtigt som muligt.","robots":{"index":"index","follow":"follow","max-snippet":"max-snippet:-1","max-image-preview":"max-image-preview:large","max-video-preview":"max-video-preview:-1"},"canonical":"https:\/\/zamphelmets.co\/da\/kontakt\/","og_locale":"da_DK","og_type":"article","og_title":"Kontakt - Zamp Helmets | Helmet 28 EU","og_description":"Har du brug for at tale med en ekspert? Bare kontakt os, s\u00e5 vil et medlem af teamet kontakte dig for at hj\u00e6lpe dig med dine sp\u00f8rgsm\u00e5l s\u00e5 hurtigt som muligt.","og_url":"https:\/\/zamphelmets.co\/da\/kontakt\/","og_site_name":"Zamp Helmets | Helmet 28 EU","og_image":[{"url":"https:\/\/zamphelmets.co\/wp-content\/uploads\/sites\/3\/2022\/01\/IMG_3895-279x300.jpg","type":"","width":"","height":""}],"twitter_card":"summary_large_image","schema":{"@context":"https:\/\/schema.org","@graph":[{"@type":"WebPage","@id":"https:\/\/zamphelmets.co\/da\/kontakt\/","url":"https:\/\/zamphelmets.co\/da\/kontakt\/","name":"Kontakt - Zamp Helmets | Helmet 28 EU","isPartOf":{"@id":"https:\/\/zamphelmets.co\/da\/#website"},"primaryImageOfPage":{"@id":"https:\/\/zamphelmets.co\/da\/kontakt\/#primaryimage"},"image":{"@id":"https:\/\/zamphelmets.co\/da\/kontakt\/#primaryimage"},"thumbnailUrl":"https:\/\/zamphelmets.co\/wp-content\/uploads\/sites\/3\/2022\/01\/IMG_3895-279x300.jpg","datePublished":"2019-01-08T14:25:27+00:00","description":"Har du brug for at tale med en ekspert? Bare kontakt os, s\u00e5 vil et medlem af teamet kontakte dig for at hj\u00e6lpe dig med dine sp\u00f8rgsm\u00e5l s\u00e5 hurtigt som muligt.","inLanguage":"da-DK","potentialAction":[{"@type":"ReadAction","target":["https:\/\/zamphelmets.co\/da\/kontakt\/"]}]},{"@type":"ImageObject","inLanguage":"da-DK","@id":"https:\/\/zamphelmets.co\/da\/kontakt\/#primaryimage","url":"https:\/\/zamphelmets.co\/wp-content\/uploads\/sites\/3\/2022\/01\/IMG_3895-279x300.jpg","contentUrl":"https:\/\/zamphelmets.co\/wp-content\/uploads\/sites\/3\/2022\/01\/IMG_3895-279x300.jpg"},{"@type":"WebSite","@id":"https:\/\/zamphelmets.co\/da\/#website","url":"https:\/\/zamphelmets.co\/da\/","name":"Zamp Helmets | Helmet 28 EU","description":"High Quality Motorsport Helmets","potentialAction":[{"@type":"SearchAction","target":{"@type":"EntryPoint","urlTemplate":"https:\/\/zamphelmets.co\/da\/?s={search_term_string}"},"query-input":{"@type":"PropertyValueSpecification","valueRequired":true,"valueName":"search_term_string"}}],"inLanguage":"da-DK"}]}},"_links":{"self":[{"href":"https:\/\/zamphelmets.co\/da\/wp-json\/wp\/v2\/pages\/22014","targetHints":{"allow":["GET"]}}],"collection":[{"href":"https:\/\/zamphelmets.co\/da\/wp-json\/wp\/v2\/pages"}],"about":[{"href":"https:\/\/zamphelmets.co\/da\/wp-json\/wp\/v2\/types\/page"}],"author":[{"embeddable":true,"href":"https:\/\/zamphelmets.co\/da\/wp-json\/wp\/v2\/users\/1"}],"replies":[{"embeddable":true,"href":"https:\/\/zamphelmets.co\/da\/wp-json\/wp\/v2\/comments?post=22014"}],"version-history":[{"count":0,"href":"https:\/\/zamphelmets.co\/da\/wp-json\/wp\/v2\/pages\/22014\/revisions"}],"wp:attachment":[{"href":"https:\/\/zamphelmets.co\/da\/wp-json\/wp\/v2\/media?parent=22014"}],"curies":[{"name":"wp","href":"https:\/\/api.w.org\/{rel}","templated":true}]}}