{"id":22001,"date":"2019-01-08T14:25:04","date_gmt":"2019-01-08T14:25:04","guid":{"rendered":"https:\/\/zamphelmets.co\/omkring\/"},"modified":"2026-02-16T15:03:00","modified_gmt":"2026-02-16T15:03:00","slug":"omkring","status":"publish","type":"page","link":"https:\/\/zamphelmets.co\/da\/omkring\/","title":{"rendered":"Omkring"},"content":{"rendered":"<p><img decoding=\"async\" class=\"size-medium wp-image-7967 alignleft lazyload\" data-src=\"https:\/\/zamphelmets.co\/wp-content\/uploads\/2023\/04\/ZAMP-additional-product-images-Aug-23-800x800px-3-300x300.png\" alt=\"\" width=\"300\" height=\"300\" data-srcset=\"https:\/\/zamphelmets.co\/wp-content\/uploads\/2023\/04\/ZAMP-additional-product-images-Aug-23-800x800px-3-300x300.png 300w, https:\/\/zamphelmets.co\/wp-content\/uploads\/2023\/04\/ZAMP-additional-product-images-Aug-23-800x800px-3-150x150.png 150w, https:\/\/zamphelmets.co\/wp-content\/uploads\/2023\/04\/ZAMP-additional-product-images-Aug-23-800x800px-3-768x768.png 768w, https:\/\/zamphelmets.co\/wp-content\/uploads\/2023\/04\/ZAMP-additional-product-images-Aug-23-800x800px-3-600x600.png 600w, https:\/\/zamphelmets.co\/wp-content\/uploads\/2023\/04\/ZAMP-additional-product-images-Aug-23-800x800px-3-100x100.png 100w, https:\/\/zamphelmets.co\/wp-content\/uploads\/2023\/04\/ZAMP-additional-product-images-Aug-23-800x800px-3.png 800w\" data-sizes=\"(max-width: 300px) 100vw, 300px\" src=\"data:image\/svg+xml;base64,PHN2ZyB3aWR0aD0iMSIgaGVpZ2h0PSIxIiB4bWxucz0iaHR0cDovL3d3dy53My5vcmcvMjAwMC9zdmciPjwvc3ZnPg==\" style=\"--smush-placeholder-width: 300px; --smush-placeholder-aspect-ratio: 300\/300;\" \/>Zamp Helmets tilbyder <a href=\"https:\/\/zamphelmets.co\/da\/product-category\/zamp-da\/zamp-hjelme\/\">hjelme i topkvalitet<\/a> med banebrydende teknologi til en overkommelig pris.<\/p>\n<p>Helmet 28 distribuerer Zamp Helmets fra deres lager i Belgien.<\/p>\n<p>Zamp blev grundlagt i USA og er kendt for at tilbyde utrolig kvalitet til en <a href=\"https:\/\/zamphelmets.co\/da\/product-category\/zamp-da\/zamp-hjelme\/\">meget konkurrencedygtig pris<\/a>. N\u00e5r du sammenligner med andre m\u00e6rker p\u00e5 markedet, vil du se, at vores produkter tilbyder den bedste v\u00e6rdi, de bedste funktioner og det bedste design. Det er vores overbevisning, at racerl\u00f8b ikke beh\u00f8ver at v\u00e6re restriktive og forbyde deltagelse p\u00e5 grund af prisen. Vi \u00f8nsker at g\u00f8re det s\u00e5 nemt som muligt for en s\u00e5 bred gruppe af mennesker som muligt at deltage.<\/p>\n<h5>Hvad g\u00f8r vores produkter anderledes<\/h5>\n<p>Vores <g id=\"gid_0\">hjelme<\/g>, <g id=\"gid_1\">dragter<\/g>, <g id=\"gid_2\">handsker<\/g> og <g id=\"gid_3\">andet tilbeh\u00f8r<\/g> opfylder alle en lang r\u00e6kke <g id=\"gid_4\">sikkerhedsstandarder<\/g>, s\u00e5som <g id=\"gid_5\">FIA 8859-2015<\/g>, <g id=\"gid_6\">Snell SA 2020<\/g> og <g id=\"gid_7\">CMR 2016<\/g>.     Uanset om du lige er begyndt at k\u00f8re gokart eller deltager i internationale mesterskaber p\u00e5 topniveau, er der et produkt, der passer til dine behov.<\/p>\n<p>Uanset om du dyrker klubmotorsport, karting eller verdens mest prestigefyldte l\u00f8bsserier, s\u00e5 har Zamp hjelmen til dig.<\/p>\n<p>Fra markedsintroduktionen <a href=\"https:\/\/zamphelmets.co\/product\/rz-56\/\">Full Face RZ 56<\/a>, perfekt til banedage og lukkede cockpitl\u00f8b. Til vores revolutionerende <a href=\"https:\/\/zamphelmets.co\/da\/vare\/rz-70e-afbryder-orange-gul\/#description\">RZ 70E Switch-hjelm<\/a>, s\u00e5 du nemt kan konfigurere din hjelm til en r\u00e6kke forskellige racerops\u00e6tninger. Zamp-serien tilbyder hvide og sorte standardhjelme samt et fantastisk udvalg af malede, grafiske hjelme.<\/p>\n<h5>G\u00f8r det til dit eget<\/h5>\n<p>Det har aldrig v\u00e6ret nemmere at g\u00f8re din hjelm personlig, s\u00e5 du f\u00e5r den bedste ops\u00e6tning p\u00e5 l\u00f8bsdagen. Med vores store udvalg af <a href=\"https:\/\/zamphelmets.co\/da\/product-category\/zamp-da\/tilbehor\/\">tilbeh\u00f8r<\/a> kan alle Zamp-hjelme udstyres med et <a href=\"https:\/\/zamphelmets.co\/da\/vare\/z20-visirer\/\">Z20-visir<\/a> fra eftermarkedet. Fra i\u00f8jnefaldende Iridium- og Prism-visir til Amber-visir (perfekt til brug under d\u00e5rlige lysforhold). Zamp tilbyder ogs\u00e5 et udvalg af <a href=\"https:\/\/zamphelmets.co\/product\/zamp-shield-retention-kit\/\">anodiserede visirskruer<\/a> samt <a href=\"https:\/\/zamphelmets.co\/product\/visor-tear-off\/\">visirafrivninger<\/a>.<\/p>\n<p>S\u00e5 uanset om du leder efter en billig og overkommelig vej ind i racerl\u00f8b, eller du leder efter din n\u00e6ste konkurrencefordel, har Zamp dig d\u00e6kket ind!<\/p>\n<p>Hvis du har sp\u00f8rgsm\u00e5l, er du velkommen til at <a href=\"mailto:support@helmet28.com\">kontakte<\/a> os.<\/p>\n<p>(Zamp-hjelme importeres af Helmet 28 Ltd)<\/p>\n","protected":false},"excerpt":{"rendered":"<p>Zamp Helmets tilbyder hjelme i topkvalitet med banebrydende teknologi til en overkommelig pris. Helmet 28 distribuerer Zamp Helmets fra deres lager i Belgien. Zamp blev grundlagt i USA og er kendt for at tilbyde utrolig kvalitet til en meget konkurrencedygtig pris. N\u00e5r du sammenligner med andre m\u00e6rker p\u00e5 markedet, vil du se, at vores produkter [&hellip;]<\/p>\n","protected":false},"author":1,"featured_media":0,"parent":0,"menu_order":0,"comment_status":"closed","ping_status":"closed","template":"templates\/fullwidth.php","meta":{"_acf_changed":false,"footnotes":""},"class_list":["post-22001","page","type-page","status-publish","hentry"],"acf":[],"yoast_head":"<!-- This site is optimized with the Yoast SEO plugin v27.0 - https:\/\/yoast.com\/product\/yoast-seo-wordpress\/ -->\n<title>Omkring - Zamp Helmets | Helmet 28 EU<\/title>\n<meta name=\"description\" content=\"Zamp Helmets tilbyder fantastiske kvalitetshjelme med avanceret teknologi til en yderst konkurrencedygtig pris.\" \/>\n<meta name=\"robots\" content=\"index, follow, max-snippet:-1, max-image-preview:large, max-video-preview:-1\" \/>\n<link rel=\"canonical\" href=\"https:\/\/zamphelmets.co\/da\/omkring\/\" \/>\n<meta property=\"og:locale\" content=\"da_DK\" \/>\n<meta property=\"og:type\" content=\"article\" \/>\n<meta property=\"og:title\" content=\"Omkring - Zamp Helmets | Helmet 28 EU\" \/>\n<meta property=\"og:description\" content=\"Zamp Helmets tilbyder fantastiske kvalitetshjelme med avanceret teknologi til en yderst konkurrencedygtig pris.\" \/>\n<meta property=\"og:url\" content=\"https:\/\/zamphelmets.co\/da\/omkring\/\" \/>\n<meta property=\"og:site_name\" content=\"Zamp Helmets | Helmet 28 EU\" \/>\n<meta property=\"article:modified_time\" content=\"2026-02-16T15:03:00+00:00\" \/>\n<meta property=\"og:image\" content=\"https:\/\/zamphelmets.co\/wp-content\/uploads\/2023\/04\/ZAMP-additional-product-images-Aug-23-800x800px-3.png\" \/>\n\t<meta property=\"og:image:width\" content=\"800\" \/>\n\t<meta property=\"og:image:height\" content=\"800\" \/>\n\t<meta property=\"og:image:type\" content=\"image\/png\" \/>\n<meta name=\"twitter:card\" content=\"summary_large_image\" \/>\n<meta name=\"twitter:label1\" content=\"Est. reading time\" \/>\n\t<meta name=\"twitter:data1\" content=\"2 minutter\" \/>\n<script type=\"application\/ld+json\" class=\"yoast-schema-graph\">{\"@context\":\"https:\/\/schema.org\",\"@graph\":[{\"@type\":\"WebPage\",\"@id\":\"https:\/\/zamphelmets.co\/da\/omkring\/\",\"url\":\"https:\/\/zamphelmets.co\/da\/omkring\/\",\"name\":\"Omkring - Zamp Helmets | Helmet 28 EU\",\"isPartOf\":{\"@id\":\"https:\/\/zamphelmets.co\/da\/#website\"},\"primaryImageOfPage\":{\"@id\":\"https:\/\/zamphelmets.co\/da\/omkring\/#primaryimage\"},\"image\":{\"@id\":\"https:\/\/zamphelmets.co\/da\/omkring\/#primaryimage\"},\"thumbnailUrl\":\"https:\/\/zamphelmets.co\/wp-content\/uploads\/2023\/04\/ZAMP-additional-product-images-Aug-23-800x800px-3-300x300.png\",\"datePublished\":\"2019-01-08T14:25:04+00:00\",\"dateModified\":\"2026-02-16T15:03:00+00:00\",\"description\":\"Zamp Helmets tilbyder fantastiske kvalitetshjelme med avanceret teknologi til en yderst konkurrencedygtig pris.\",\"inLanguage\":\"da-DK\",\"potentialAction\":[{\"@type\":\"ReadAction\",\"target\":[\"https:\/\/zamphelmets.co\/da\/omkring\/\"]}]},{\"@type\":\"ImageObject\",\"inLanguage\":\"da-DK\",\"@id\":\"https:\/\/zamphelmets.co\/da\/omkring\/#primaryimage\",\"url\":\"https:\/\/zamphelmets.co\/wp-content\/uploads\/2023\/04\/ZAMP-additional-product-images-Aug-23-800x800px-3-300x300.png\",\"contentUrl\":\"https:\/\/zamphelmets.co\/wp-content\/uploads\/2023\/04\/ZAMP-additional-product-images-Aug-23-800x800px-3-300x300.png\"},{\"@type\":\"WebSite\",\"@id\":\"https:\/\/zamphelmets.co\/da\/#website\",\"url\":\"https:\/\/zamphelmets.co\/da\/\",\"name\":\"Zamp Helmets | Helmet 28 EU\",\"description\":\"High Quality Motorsport Helmets\",\"potentialAction\":[{\"@type\":\"SearchAction\",\"target\":{\"@type\":\"EntryPoint\",\"urlTemplate\":\"https:\/\/zamphelmets.co\/da\/?s={search_term_string}\"},\"query-input\":{\"@type\":\"PropertyValueSpecification\",\"valueRequired\":true,\"valueName\":\"search_term_string\"}}],\"inLanguage\":\"da-DK\"}]}<\/script>\n<!-- \/ Yoast SEO plugin. -->","yoast_head_json":{"title":"Omkring - Zamp Helmets | Helmet 28 EU","description":"Zamp Helmets tilbyder fantastiske kvalitetshjelme med avanceret teknologi til en yderst konkurrencedygtig pris.","robots":{"index":"index","follow":"follow","max-snippet":"max-snippet:-1","max-image-preview":"max-image-preview:large","max-video-preview":"max-video-preview:-1"},"canonical":"https:\/\/zamphelmets.co\/da\/omkring\/","og_locale":"da_DK","og_type":"article","og_title":"Omkring - Zamp Helmets | Helmet 28 EU","og_description":"Zamp Helmets tilbyder fantastiske kvalitetshjelme med avanceret teknologi til en yderst konkurrencedygtig pris.","og_url":"https:\/\/zamphelmets.co\/da\/omkring\/","og_site_name":"Zamp Helmets | Helmet 28 EU","article_modified_time":"2026-02-16T15:03:00+00:00","og_image":[{"width":800,"height":800,"url":"https:\/\/zamphelmets.co\/wp-content\/uploads\/2023\/04\/ZAMP-additional-product-images-Aug-23-800x800px-3.png","type":"image\/png"}],"twitter_card":"summary_large_image","twitter_misc":{"Est. reading time":"2 minutter"},"schema":{"@context":"https:\/\/schema.org","@graph":[{"@type":"WebPage","@id":"https:\/\/zamphelmets.co\/da\/omkring\/","url":"https:\/\/zamphelmets.co\/da\/omkring\/","name":"Omkring - Zamp Helmets | Helmet 28 EU","isPartOf":{"@id":"https:\/\/zamphelmets.co\/da\/#website"},"primaryImageOfPage":{"@id":"https:\/\/zamphelmets.co\/da\/omkring\/#primaryimage"},"image":{"@id":"https:\/\/zamphelmets.co\/da\/omkring\/#primaryimage"},"thumbnailUrl":"https:\/\/zamphelmets.co\/wp-content\/uploads\/2023\/04\/ZAMP-additional-product-images-Aug-23-800x800px-3-300x300.png","datePublished":"2019-01-08T14:25:04+00:00","dateModified":"2026-02-16T15:03:00+00:00","description":"Zamp Helmets tilbyder fantastiske kvalitetshjelme med avanceret teknologi til en yderst konkurrencedygtig pris.","inLanguage":"da-DK","potentialAction":[{"@type":"ReadAction","target":["https:\/\/zamphelmets.co\/da\/omkring\/"]}]},{"@type":"ImageObject","inLanguage":"da-DK","@id":"https:\/\/zamphelmets.co\/da\/omkring\/#primaryimage","url":"https:\/\/zamphelmets.co\/wp-content\/uploads\/2023\/04\/ZAMP-additional-product-images-Aug-23-800x800px-3-300x300.png","contentUrl":"https:\/\/zamphelmets.co\/wp-content\/uploads\/2023\/04\/ZAMP-additional-product-images-Aug-23-800x800px-3-300x300.png"},{"@type":"WebSite","@id":"https:\/\/zamphelmets.co\/da\/#website","url":"https:\/\/zamphelmets.co\/da\/","name":"Zamp Helmets | Helmet 28 EU","description":"High Quality Motorsport Helmets","potentialAction":[{"@type":"SearchAction","target":{"@type":"EntryPoint","urlTemplate":"https:\/\/zamphelmets.co\/da\/?s={search_term_string}"},"query-input":{"@type":"PropertyValueSpecification","valueRequired":true,"valueName":"search_term_string"}}],"inLanguage":"da-DK"}]}},"_links":{"self":[{"href":"https:\/\/zamphelmets.co\/da\/wp-json\/wp\/v2\/pages\/22001","targetHints":{"allow":["GET"]}}],"collection":[{"href":"https:\/\/zamphelmets.co\/da\/wp-json\/wp\/v2\/pages"}],"about":[{"href":"https:\/\/zamphelmets.co\/da\/wp-json\/wp\/v2\/types\/page"}],"author":[{"embeddable":true,"href":"https:\/\/zamphelmets.co\/da\/wp-json\/wp\/v2\/users\/1"}],"replies":[{"embeddable":true,"href":"https:\/\/zamphelmets.co\/da\/wp-json\/wp\/v2\/comments?post=22001"}],"version-history":[{"count":2,"href":"https:\/\/zamphelmets.co\/da\/wp-json\/wp\/v2\/pages\/22001\/revisions"}],"predecessor-version":[{"id":203547,"href":"https:\/\/zamphelmets.co\/da\/wp-json\/wp\/v2\/pages\/22001\/revisions\/203547"}],"wp:attachment":[{"href":"https:\/\/zamphelmets.co\/da\/wp-json\/wp\/v2\/media?parent=22001"}],"curies":[{"name":"wp","href":"https:\/\/api.w.org\/{rel}","templated":true}]}}