{"id":22000,"date":"2020-02-06T11:04:13","date_gmt":"2020-02-06T11:04:13","guid":{"rendered":"https:\/\/zamphelmets.co\/homologering-forklaret\/"},"modified":"2026-02-16T15:02:02","modified_gmt":"2026-02-16T15:02:02","slug":"homologering-forklaret","status":"publish","type":"page","link":"https:\/\/zamphelmets.co\/da\/homologering-forklaret\/","title":{"rendered":"Homologering forklaret"},"content":{"rendered":"<section class=\"elementor-element elementor-element-49c97e0 elementor-section-boxed elementor-section-height-default elementor-section-height-default elementor-section elementor-top-section\" data-id=\"49c97e0\" data-element_type=\"section\">\n<div class=\"elementor-container elementor-column-gap-default\">\n<div class=\"elementor-row\">\n<div class=\"elementor-element elementor-element-a04f786 elementor-column elementor-col-100 elementor-top-column\" data-id=\"a04f786\" data-element_type=\"column\">\n<div class=\"elementor-column-wrap elementor-element-populated\">\n<div class=\"elementor-widget-wrap\">\n<div class=\"elementor-element elementor-element-d7779a7 elementor-widget elementor-widget-heading\" data-id=\"d7779a7\" data-element_type=\"widget\" data-widget_type=\"heading.default\">\n<div class=\"elementor-widget-container\">\n<section class=\"elementor-element elementor-element-49c97e0 elementor-section-boxed elementor-section-height-default elementor-section-height-default elementor-section elementor-top-section\" data-id=\"49c97e0\" data-element_type=\"section\">\n<div class=\"elementor-container elementor-column-gap-default\">\n<div class=\"elementor-row\">\n<div class=\"elementor-element elementor-element-a04f786 elementor-column elementor-col-100 elementor-top-column\" data-id=\"a04f786\" data-element_type=\"column\">\n<div class=\"elementor-column-wrap elementor-element-populated\">\n<div class=\"elementor-widget-wrap\">\n<div class=\"elementor-element elementor-element-d7779a7 elementor-widget elementor-widget-heading\" data-id=\"d7779a7\" data-element_type=\"widget\" data-widget_type=\"heading.default\">\n<div class=\"elementor-widget-container\">\n<h3 class=\"elementor-heading-title elementor-size-xxl\">Hvilken homologering har jeg brug for?<\/h3>\n<\/div>\n<\/div>\n<\/div>\n<\/div>\n<\/div>\n<\/div>\n<\/div>\n<\/section>\n<section class=\"elementor-element elementor-element-049f318 elementor-section-boxed elementor-section-height-default elementor-section-height-default elementor-section elementor-top-section\" data-id=\"049f318\" data-element_type=\"section\">\n<div class=\"elementor-container elementor-column-gap-default\">\n<div class=\"elementor-row\">\n<div class=\"elementor-element elementor-element-1083611 elementor-column elementor-col-100 elementor-top-column\" data-id=\"1083611\" data-element_type=\"column\">\n<div class=\"elementor-column-wrap elementor-element-populated\">\n<div class=\"elementor-widget-wrap\">\n<div class=\"elementor-element elementor-element-7c9e7ad elementor-widget elementor-widget-spacer\" data-id=\"7c9e7ad\" data-element_type=\"widget\" data-widget_type=\"spacer.default\">\n<div class=\"elementor-widget-container\">\n<div class=\"elementor-spacer\">\n<div class=\"elementor-spacer-inner\">Det sidste, du har lyst til, er at m\u00f8de op til din n\u00e6ste motorsportsbegivenhed og opdage, at dit udstyr er for\u00e6ldet. Vi ved, at det nogle gange kan f\u00f8les som et minefelt at forst\u00e5, hvilken homologering du har brug for (FIA \/ SNELL \/ CMR). Det f\u00f8rste, vi vil foresl\u00e5, er at tage kontakt til arrang\u00f8rerne af dit l\u00f8bsmesterskab og sp\u00f8rge dem, pr\u00e6cis hvilken homologering du har brug for. Ellers er du velkommen til at <a href=\"https:\/\/zamphelmets.co\/da\/kontakt\/\">kontakte os<\/a>, s\u00e5 vil vi g\u00f8re vores bedste for at hj\u00e6lpe.<\/div>\n<\/div>\n<\/div>\n<\/div>\n<\/div>\n<\/div>\n<\/div>\n<div class=\"elementor-element elementor-element-1083611 elementor-column elementor-col-100 elementor-top-column\" data-id=\"1083611\" data-element_type=\"column\">\n<div class=\"elementor-column-wrap elementor-element-populated\">\n<div class=\"elementor-widget-wrap\">\n<div class=\"elementor-element elementor-element-7c9e7ad elementor-widget elementor-widget-spacer\" data-id=\"7c9e7ad\" data-element_type=\"widget\" data-widget_type=\"spacer.default\">\n<div class=\"elementor-widget-container\">\n<div>\n<h3 class=\"elementor-heading-title elementor-size-xxl\">Er din hjelm tidssvarende?<\/h3>\n<\/div>\n<div class=\"elementor-spacer\">\n<div class=\"elementor-spacer-inner\">Hvis du allerede har en hjelm, men har brug for at tjekke, at din godkendelse stadig er aktuel og gyldig at k\u00f8re med, har vi lavet en guide nedenfor til alle de aktuelle godkendelser, og hvorn\u00e5r de er gyldige:<\/div>\n<\/div>\n<\/div>\n<div>\n<h3 class=\"elementor-heading-title elementor-size-xxl\"><a href=\"https:\/\/www.fia.com\/\">FIA<\/a><\/h3>\n<p>FIA&#8217;s standarder er bredt anerkendt p\u00e5 tv\u00e6rs af britiske og europ\u00e6iske motorsportsbegivenheder og er kendt for deres h\u00f8je sikkerhedsstandarder, der ofte overg\u00e5r SNELL-standarderne.<\/p>\n<ul>\n<li><strong>FIA 8860-2004<\/strong> | Udl\u00f8bet 31\/12\/2020<\/li>\n<li><strong>FIA 8858-2010<\/strong> | Gyldig indtil 31\/12\/2023<\/li>\n<li><strong>FIA 8860-2010<\/strong> | Gyldig indtil 31\/12\/2028<\/li>\n<li><strong>FIA 8859-2015<\/strong> | Aktuelt gyldig (ingen udl\u00f8bsdato)<\/li>\n<li><strong>FIA 8859-2024<\/strong> | G\u00e6lder i \u00f8jeblikket (ingen udl\u00f8bsdato)<\/li>\n<li><strong>FIA 8859-2024 ABP<\/strong> | G\u00e6lder i \u00f8jeblikket (ingen udl\u00f8bsdato)<\/li>\n<li><strong>FIA 8860-2018<\/strong> | G\u00e6lder i \u00f8jeblikket (ingen udl\u00f8bsdato)<\/li>\n<li><strong>FIA 8860-2018 ABP<\/strong> | G\u00e6lder i \u00f8jeblikket (ingen udl\u00f8bsdato)<\/li>\n<\/ul>\n<h3 class=\"elementor-heading-title elementor-size-xxl\"><a href=\"https:\/\/smf.org\/cert\">SNELL<\/a><\/h3>\n<p>SNELL-standarder er anerkendt globalt og bruges ofte som et alternativ til FIA-standarder. Disse hjelme er bredt tilg\u00e6ngelige og betroet af mange racerorganisationer. <\/p>\n<ul>\n<li><strong>SA2005<\/strong> | Udl\u00f8bet 31\/12\/2018<\/li>\n<li><strong>SA2010<\/strong> | Udl\u00f8b 31\/12\/2023<\/li>\n<li><strong>SAH2010<\/strong> | Udl\u00f8b 31\/12\/2023<\/li>\n<li><strong>SA2015<\/strong> | Udl\u00f8b 31\/12\/2023<\/li>\n<li><strong>SA2020<\/strong> | G\u00e6lder i \u00f8jeblikket (ingen udl\u00f8bsdato)<\/li>\n<\/ul>\n<p><em>Bem\u00e6rk: SA2020-standardhjelme blev introduceret i oktober 2020 og er nu bredt tilg\u00e6ngelige. De fleste sanktionsorganer er ved at udfase \u00e6ldre standarder som SA2010. <\/em><\/p>\n<h3 class=\"elementor-heading-title elementor-size-xxl\">CMR<\/h3>\n<p>CMR-standarderne er specielt designet til juniorkartl\u00f8b (under 16 \u00e5r) og prioriterer lav v\u00e6gt for at minimere rotationskr\u00e6fterne ved ulykker.<\/p>\n<ul>\n<li><strong>Snell-FIA CMR 2007<\/strong> | Gyldig indtil 31\/12\/2024<\/li>\n<li><strong>Snell-FIA CMR 2016<\/strong> | G\u00e6lder i \u00f8jeblikket (ingen udl\u00f8bsdato)<\/li>\n<\/ul>\n<p><strong>Snell-FIA CMR 2016<\/strong> er fortsat den nyeste standard for junior-karthjelme, der sikrer den bedst mulige beskyttelse af yngre k\u00f8rere.<\/p>\n<p>&nbsp;<\/p>\n<hr>\n<\/div>\n<p>&nbsp;<\/p>\n<p><strong>V\u00e6gt &#8211; <\/strong>Den tilladte hjelmv\u00e6gt afh\u00e6nger af den mindste hovedomkreds, som hjelmen er beregnet til, og om hjelmen er konfigureret til at kunne b\u00e6re et ansigtssk\u00e6rm. Hovedbekl\u00e6dning skal vejes i en s\u00e5 massiv konfiguration som muligt med tilh\u00f8rende hjelmudstyr.<\/p>\n<p><img decoding=\"async\" class=\"alignnone wp-image-1441 size-full lazyload\" data-src=\"https:\/\/zamphelmets.co\/wp-content\/uploads\/2020\/03\/Screenshot-2020-03-10-at-11.14.14.png\" alt=\"tabel over hjelmens homologeringsv\u00e6gt\" width=\"687\" height=\"202\" data-srcset=\"https:\/\/zamphelmets.co\/wp-content\/uploads\/2020\/03\/Screenshot-2020-03-10-at-11.14.14.png 687w, https:\/\/zamphelmets.co\/wp-content\/uploads\/2020\/03\/Screenshot-2020-03-10-at-11.14.14-300x88.png 300w, https:\/\/zamphelmets.co\/wp-content\/uploads\/2020\/03\/Screenshot-2020-03-10-at-11.14.14-600x176.png 600w\" data-sizes=\"(max-width: 687px) 100vw, 687px\" src=\"data:image\/svg+xml;base64,PHN2ZyB3aWR0aD0iMSIgaGVpZ2h0PSIxIiB4bWxucz0iaHR0cDovL3d3dy53My5vcmcvMjAwMC9zdmciPjwvc3ZnPg==\" style=\"--smush-placeholder-width: 687px; --smush-placeholder-aspect-ratio: 687\/202;\" \/><\/p>\n<\/div>\n<p><em>Bem\u00e6rk, at alle oplysninger p\u00e5 denne side er korrekte pr. januar 2025.  <\/em><\/p>\n<\/div>\n<\/div>\n<\/div>\n<\/div>\n<\/div>\n<\/section>\n<\/div>\n<\/div>\n<\/div>\n<\/div>\n<\/div>\n<\/div>\n<\/div>\n<\/section>\n","protected":false},"excerpt":{"rendered":"<p>Hvilken homologering har jeg brug for? Det sidste, du har lyst til, er at m\u00f8de op til din n\u00e6ste motorsportsbegivenhed og opdage, at dit udstyr er for\u00e6ldet. Vi ved, at det nogle gange kan f\u00f8les som et minefelt at forst\u00e5, hvilken homologering du har brug for (FIA \/ SNELL \/ CMR). Det f\u00f8rste, vi vil [&hellip;]<\/p>\n","protected":false},"author":2,"featured_media":0,"parent":0,"menu_order":0,"comment_status":"closed","ping_status":"closed","template":"templates\/fullwidth.php","meta":{"_acf_changed":false,"footnotes":""},"class_list":["post-22000","page","type-page","status-publish","hentry"],"acf":[],"yoast_head":"<!-- This site is optimized with the Yoast SEO plugin v27.0 - https:\/\/yoast.com\/product\/yoast-seo-wordpress\/ -->\n<title>Hjelm - Zamp Helmets | Helmet 28 EU Guide<\/title>\n<meta name=\"description\" content=\"S\u00f8rg for, at du har den korrekte homologering til det l\u00f8b, du k\u00f8rer. Denne guide forklarer alt, hvad du har brug for at vide.\" \/>\n<meta name=\"robots\" content=\"index, follow, max-snippet:-1, max-image-preview:large, max-video-preview:-1\" \/>\n<link rel=\"canonical\" href=\"https:\/\/zamphelmets.co\/da\/homologering-forklaret\/\" \/>\n<meta property=\"og:locale\" content=\"da_DK\" \/>\n<meta property=\"og:type\" content=\"article\" \/>\n<meta property=\"og:title\" content=\"Hjelm - Zamp Helmets | Helmet 28 EU Guide\" \/>\n<meta property=\"og:description\" content=\"S\u00f8rg for, at du har den korrekte homologering til det l\u00f8b, du k\u00f8rer. Denne guide forklarer alt, hvad du har brug for at vide.\" \/>\n<meta property=\"og:url\" content=\"https:\/\/zamphelmets.co\/da\/homologering-forklaret\/\" \/>\n<meta property=\"og:site_name\" content=\"Zamp Helmets | Helmet 28 EU\" \/>\n<meta property=\"article:modified_time\" content=\"2026-02-16T15:02:02+00:00\" \/>\n<meta property=\"og:image\" content=\"https:\/\/zamphelmets.co\/wp-content\/uploads\/2020\/03\/Screenshot-2020-03-10-at-11.14.14.png\" \/>\n\t<meta property=\"og:image:width\" content=\"687\" \/>\n\t<meta property=\"og:image:height\" content=\"202\" \/>\n\t<meta property=\"og:image:type\" content=\"image\/png\" \/>\n<meta name=\"twitter:card\" content=\"summary_large_image\" \/>\n<meta name=\"twitter:label1\" content=\"Est. reading time\" \/>\n\t<meta name=\"twitter:data1\" content=\"2 minutter\" \/>\n<script type=\"application\/ld+json\" class=\"yoast-schema-graph\">{\"@context\":\"https:\/\/schema.org\",\"@graph\":[{\"@type\":\"WebPage\",\"@id\":\"https:\/\/zamphelmets.co\/da\/homologering-forklaret\/\",\"url\":\"https:\/\/zamphelmets.co\/da\/homologering-forklaret\/\",\"name\":\"Hjelm - Zamp Helmets | Helmet 28 EU Guide\",\"isPartOf\":{\"@id\":\"https:\/\/zamphelmets.co\/da\/#website\"},\"primaryImageOfPage\":{\"@id\":\"https:\/\/zamphelmets.co\/da\/homologering-forklaret\/#primaryimage\"},\"image\":{\"@id\":\"https:\/\/zamphelmets.co\/da\/homologering-forklaret\/#primaryimage\"},\"thumbnailUrl\":\"https:\/\/zamphelmets.co\/wp-content\/uploads\/2020\/03\/Screenshot-2020-03-10-at-11.14.14.png\",\"datePublished\":\"2020-02-06T11:04:13+00:00\",\"dateModified\":\"2026-02-16T15:02:02+00:00\",\"description\":\"S\u00f8rg for, at du har den korrekte homologering til det l\u00f8b, du k\u00f8rer. Denne guide forklarer alt, hvad du har brug for at vide.\",\"inLanguage\":\"da-DK\",\"potentialAction\":[{\"@type\":\"ReadAction\",\"target\":[\"https:\/\/zamphelmets.co\/da\/homologering-forklaret\/\"]}]},{\"@type\":\"ImageObject\",\"inLanguage\":\"da-DK\",\"@id\":\"https:\/\/zamphelmets.co\/da\/homologering-forklaret\/#primaryimage\",\"url\":\"https:\/\/zamphelmets.co\/wp-content\/uploads\/2020\/03\/Screenshot-2020-03-10-at-11.14.14.png\",\"contentUrl\":\"https:\/\/zamphelmets.co\/wp-content\/uploads\/2020\/03\/Screenshot-2020-03-10-at-11.14.14.png\"},{\"@type\":\"WebSite\",\"@id\":\"https:\/\/zamphelmets.co\/da\/#website\",\"url\":\"https:\/\/zamphelmets.co\/da\/\",\"name\":\"Zamp Helmets | Helmet 28 EU\",\"description\":\"High Quality Motorsport Helmets\",\"potentialAction\":[{\"@type\":\"SearchAction\",\"target\":{\"@type\":\"EntryPoint\",\"urlTemplate\":\"https:\/\/zamphelmets.co\/da\/?s={search_term_string}\"},\"query-input\":{\"@type\":\"PropertyValueSpecification\",\"valueRequired\":true,\"valueName\":\"search_term_string\"}}],\"inLanguage\":\"da-DK\"}]}<\/script>\n<!-- \/ Yoast SEO plugin. -->","yoast_head_json":{"title":"Hjelm - Zamp Helmets | Helmet 28 EU Guide","description":"S\u00f8rg for, at du har den korrekte homologering til det l\u00f8b, du k\u00f8rer. Denne guide forklarer alt, hvad du har brug for at vide.","robots":{"index":"index","follow":"follow","max-snippet":"max-snippet:-1","max-image-preview":"max-image-preview:large","max-video-preview":"max-video-preview:-1"},"canonical":"https:\/\/zamphelmets.co\/da\/homologering-forklaret\/","og_locale":"da_DK","og_type":"article","og_title":"Hjelm - Zamp Helmets | Helmet 28 EU Guide","og_description":"S\u00f8rg for, at du har den korrekte homologering til det l\u00f8b, du k\u00f8rer. Denne guide forklarer alt, hvad du har brug for at vide.","og_url":"https:\/\/zamphelmets.co\/da\/homologering-forklaret\/","og_site_name":"Zamp Helmets | Helmet 28 EU","article_modified_time":"2026-02-16T15:02:02+00:00","og_image":[{"width":687,"height":202,"url":"https:\/\/zamphelmets.co\/wp-content\/uploads\/2020\/03\/Screenshot-2020-03-10-at-11.14.14.png","type":"image\/png"}],"twitter_card":"summary_large_image","twitter_misc":{"Est. reading time":"2 minutter"},"schema":{"@context":"https:\/\/schema.org","@graph":[{"@type":"WebPage","@id":"https:\/\/zamphelmets.co\/da\/homologering-forklaret\/","url":"https:\/\/zamphelmets.co\/da\/homologering-forklaret\/","name":"Hjelm - Zamp Helmets | Helmet 28 EU Guide","isPartOf":{"@id":"https:\/\/zamphelmets.co\/da\/#website"},"primaryImageOfPage":{"@id":"https:\/\/zamphelmets.co\/da\/homologering-forklaret\/#primaryimage"},"image":{"@id":"https:\/\/zamphelmets.co\/da\/homologering-forklaret\/#primaryimage"},"thumbnailUrl":"https:\/\/zamphelmets.co\/wp-content\/uploads\/2020\/03\/Screenshot-2020-03-10-at-11.14.14.png","datePublished":"2020-02-06T11:04:13+00:00","dateModified":"2026-02-16T15:02:02+00:00","description":"S\u00f8rg for, at du har den korrekte homologering til det l\u00f8b, du k\u00f8rer. Denne guide forklarer alt, hvad du har brug for at vide.","inLanguage":"da-DK","potentialAction":[{"@type":"ReadAction","target":["https:\/\/zamphelmets.co\/da\/homologering-forklaret\/"]}]},{"@type":"ImageObject","inLanguage":"da-DK","@id":"https:\/\/zamphelmets.co\/da\/homologering-forklaret\/#primaryimage","url":"https:\/\/zamphelmets.co\/wp-content\/uploads\/2020\/03\/Screenshot-2020-03-10-at-11.14.14.png","contentUrl":"https:\/\/zamphelmets.co\/wp-content\/uploads\/2020\/03\/Screenshot-2020-03-10-at-11.14.14.png"},{"@type":"WebSite","@id":"https:\/\/zamphelmets.co\/da\/#website","url":"https:\/\/zamphelmets.co\/da\/","name":"Zamp Helmets | Helmet 28 EU","description":"High Quality Motorsport Helmets","potentialAction":[{"@type":"SearchAction","target":{"@type":"EntryPoint","urlTemplate":"https:\/\/zamphelmets.co\/da\/?s={search_term_string}"},"query-input":{"@type":"PropertyValueSpecification","valueRequired":true,"valueName":"search_term_string"}}],"inLanguage":"da-DK"}]}},"_links":{"self":[{"href":"https:\/\/zamphelmets.co\/da\/wp-json\/wp\/v2\/pages\/22000","targetHints":{"allow":["GET"]}}],"collection":[{"href":"https:\/\/zamphelmets.co\/da\/wp-json\/wp\/v2\/pages"}],"about":[{"href":"https:\/\/zamphelmets.co\/da\/wp-json\/wp\/v2\/types\/page"}],"author":[{"embeddable":true,"href":"https:\/\/zamphelmets.co\/da\/wp-json\/wp\/v2\/users\/2"}],"replies":[{"embeddable":true,"href":"https:\/\/zamphelmets.co\/da\/wp-json\/wp\/v2\/comments?post=22000"}],"version-history":[{"count":1,"href":"https:\/\/zamphelmets.co\/da\/wp-json\/wp\/v2\/pages\/22000\/revisions"}],"predecessor-version":[{"id":203508,"href":"https:\/\/zamphelmets.co\/da\/wp-json\/wp\/v2\/pages\/22000\/revisions\/203508"}],"wp:attachment":[{"href":"https:\/\/zamphelmets.co\/da\/wp-json\/wp\/v2\/media?parent=22000"}],"curies":[{"name":"wp","href":"https:\/\/api.w.org\/{rel}","templated":true}]}}