{"id":21988,"date":"2020-03-11T15:48:13","date_gmt":"2020-03-11T15:48:13","guid":{"rendered":"https:\/\/zamphelmets.co\/guide-til-zamp-visir\/"},"modified":"2020-03-11T15:48:13","modified_gmt":"2020-03-11T15:48:13","slug":"guide-til-zamp-visir","status":"publish","type":"page","link":"https:\/\/zamphelmets.co\/da\/guide-til-zamp-visir\/","title":{"rendered":"Guide til Zamp-visir"},"content":{"rendered":"<p>Med 10 eftermonterede Zamp-visirer at v\u00e6lge imellem er der ingen mangel p\u00e5 hjelmops\u00e6tninger.<\/p>\n<p><img decoding=\"async\" class=\"alignnone size-medium wp-image-1448 lazyload\" data-src=\"https:\/\/zamphelmets.co\/wp-content\/uploads\/sites\/3\/2020\/03\/Z20-Prism-Gold-300x300.jpg\" alt=\"\" width=\"300\" height=\"300\" data-srcset=\"https:\/\/zamphelmets.co\/wp-content\/uploads\/2020\/03\/Z20-Prism-Gold-300x300.jpg 300w, https:\/\/zamphelmets.co\/wp-content\/uploads\/2020\/03\/Z20-Prism-Gold-150x150.jpg 150w, https:\/\/zamphelmets.co\/wp-content\/uploads\/2020\/03\/Z20-Prism-Gold-768x768.jpg 768w, https:\/\/zamphelmets.co\/wp-content\/uploads\/2020\/03\/Z20-Prism-Gold-600x600.jpg 600w, https:\/\/zamphelmets.co\/wp-content\/uploads\/2020\/03\/Z20-Prism-Gold-100x100.jpg 100w, https:\/\/zamphelmets.co\/wp-content\/uploads\/2020\/03\/Z20-Prism-Gold.jpg 1000w\" data-sizes=\"(max-width: 300px) 100vw, 300px\" src=\"data:image\/svg+xml;base64,PHN2ZyB3aWR0aD0iMSIgaGVpZ2h0PSIxIiB4bWxucz0iaHR0cDovL3d3dy53My5vcmcvMjAwMC9zdmciPjwvc3ZnPg==\" style=\"--smush-placeholder-width: 300px; --smush-placeholder-aspect-ratio: 300\/300;\" \/><img decoding=\"async\" class=\"alignnone size-medium wp-image-1450 lazyload\" data-src=\"https:\/\/zamphelmets.co\/wp-content\/uploads\/sites\/3\/2020\/03\/HASZ20RP-1-300x300.jpg\" alt=\"\" width=\"300\" height=\"300\" data-srcset=\"https:\/\/zamphelmets.co\/wp-content\/uploads\/2020\/03\/HASZ20RP-1-300x300.jpg 300w, https:\/\/zamphelmets.co\/wp-content\/uploads\/2020\/03\/HASZ20RP-1-150x150.jpg 150w, https:\/\/zamphelmets.co\/wp-content\/uploads\/2020\/03\/HASZ20RP-1-768x768.jpg 768w, https:\/\/zamphelmets.co\/wp-content\/uploads\/2020\/03\/HASZ20RP-1-600x600.jpg 600w, https:\/\/zamphelmets.co\/wp-content\/uploads\/2020\/03\/HASZ20RP-1-100x100.jpg 100w, https:\/\/zamphelmets.co\/wp-content\/uploads\/2020\/03\/HASZ20RP-1.jpg 1000w\" data-sizes=\"(max-width: 300px) 100vw, 300px\" src=\"data:image\/svg+xml;base64,PHN2ZyB3aWR0aD0iMSIgaGVpZ2h0PSIxIiB4bWxucz0iaHR0cDovL3d3dy53My5vcmcvMjAwMC9zdmciPjwvc3ZnPg==\" style=\"--smush-placeholder-width: 300px; --smush-placeholder-aspect-ratio: 300\/300;\" \/><\/p>\n<p>F\u00f8rst og fremmest er det vigtigt at vide, at <a href=\"https:\/\/zamphelmets.co\/da\/vare\/z20-visirer\/\">Z20-visirserien<\/a> er kompatibel med alle de n\u00e6vnte hjelme:<\/p>\n<p>-RZ 44CE (grafisk)<\/p>\n<p>-RZ 70E<\/p>\n<p>-RZ 42<\/p>\n<p>-RZ 35E<\/p>\n<p>-RZ 58<\/p>\n<p>-RZ 42Y<\/p>\n<p><a href=\"https:\/\/zamphelmets.co\/da\/vare\/z20-visirer\/\">Z20-visirerne<\/a> er 3 mm tykke, FIA-homologerede og har formonterede afrivningsbeslag. Priserne varierer fra kun \u00a334.99 til \u00a359.99. Zamp tilbyder ogs\u00e5 <a href=\"https:\/\/zamphelmets.co\/da\/vare\/z20-visir-antifog-serien\/\">f\u00f8rsteklasses antidug-visirer<\/a> i b\u00e5de klar og m\u00f8rk r\u00f8g. Denne f\u00f8rsteklasses antidugbel\u00e6gning sikrer, at visiret forbliver klart under selv de mest fugtige forhold, s\u00e5 du kan holde \u00f8jnene fokuseret p\u00e5 vejen.<\/p>\n<p>Et eftermarkedsvisir kan hj\u00e6lpe med at give maksimal ydeevne under alle slags racerforhold. Nedenfor har vi listet et par forhold og de visirer, vi vil foresl\u00e5.<\/p>\n<p><strong>Svagt lys\/t\u00e5ge: <\/strong>Hvis du k\u00f8rer under d\u00e5rlige forhold, er Z20 AMBER-visiret den bedste l\u00f8sning. Dette visir er designet specielt til at give ekstra fokus og klarhed til dit syn.<\/p>\n<p><img decoding=\"async\" class=\"alignnone size-medium wp-image-1451 lazyload\" data-src=\"https:\/\/zamphelmets.co\/wp-content\/uploads\/sites\/3\/2020\/03\/Z20-amber-300x300.jpg\" alt=\"\" width=\"300\" height=\"300\" data-srcset=\"https:\/\/zamphelmets.co\/wp-content\/uploads\/2020\/03\/Z20-amber-300x300.jpg 300w, https:\/\/zamphelmets.co\/wp-content\/uploads\/2020\/03\/Z20-amber-1024x1024.jpg 1024w, https:\/\/zamphelmets.co\/wp-content\/uploads\/2020\/03\/Z20-amber-150x150.jpg 150w, https:\/\/zamphelmets.co\/wp-content\/uploads\/2020\/03\/Z20-amber-768x768.jpg 768w, https:\/\/zamphelmets.co\/wp-content\/uploads\/2020\/03\/Z20-amber-600x600.jpg 600w, https:\/\/zamphelmets.co\/wp-content\/uploads\/2020\/03\/Z20-amber-100x100.jpg 100w, https:\/\/zamphelmets.co\/wp-content\/uploads\/2020\/03\/Z20-amber.jpg 1450w\" data-sizes=\"(max-width: 300px) 100vw, 300px\" src=\"data:image\/svg+xml;base64,PHN2ZyB3aWR0aD0iMSIgaGVpZ2h0PSIxIiB4bWxucz0iaHR0cDovL3d3dy53My5vcmcvMjAwMC9zdmciPjwvc3ZnPg==\" style=\"--smush-placeholder-width: 300px; --smush-placeholder-aspect-ratio: 300\/300;\" \/><\/p>\n<p><strong>V\u00e5dt<\/strong>: Igen er Z20 AMBER-visiret ovenfor stadig et godt valg til v\u00e5de racerforhold. En anden mulighed, du b\u00f8r overveje, er ANTI-FOG-serien i enten CLEAR eller DARK SMOKE.<\/p>\n<p><strong>Sol\/lys<\/strong>: Zamp tilbyder en r\u00e6kke visirer til disse forhold, som varierer b\u00e5de i udseende og i den grad af toning, de giver. Nedenfor er de listet fra laveste til h\u00f8jeste toningsniveau:<\/p>\n<p>-R\u00f8g<\/p>\n<p>-Iridium<\/p>\n<p>-S\u00f8lvfarvet spejl<\/p>\n<p>-Prisme (r\u00f8d\/guld\/bl\u00e5)<\/p>\n<p>-M\u00f8rk r\u00f8g<\/p>\n<p>Et <a href=\"https:\/\/zamphelmets.co\/da\/vare\/z20-visirer\/\">Z20-visir<\/a> kan ogs\u00e5 v\u00e6re en genial m\u00e5de at opgradere dit visirs udseende p\u00e5. Uanset om du vil matche farvegrafikken p\u00e5 din hjelm, eller om du vil supplere farverne p\u00e5 din racer\/dragt, s\u00e5 er der mange muligheder at v\u00e6lge imellem.<\/p>\n<p>Den sidste overvejelse, n\u00e5r det g\u00e6lder tilpasning, er tilf\u00f8jelsen af nogle <a href=\"https:\/\/zamphelmets.co\/product\/zamp-shield-retention-kit\/\">Zamp-anodiserede visirskruer<\/a>. Disse skruer f\u00e5s i 7 farver og er en fantastisk og billig l\u00f8sning til kun \u00a314,95, som giver din hjelm endnu mere farve og sp\u00e6nding.<\/p>\n<p><img decoding=\"async\" class=\"alignnone size-medium wp-image-1386 lazyload\" data-src=\"https:\/\/zamphelmets.co\/wp-content\/uploads\/sites\/3\/2019\/11\/Zamp-Shield-Retention-Kit_0003-300x200.jpg\" alt=\"\" width=\"300\" height=\"200\" data-srcset=\"https:\/\/zamphelmets.co\/wp-content\/uploads\/2019\/11\/Zamp-Shield-Retention-Kit_0003-300x200.jpg 300w, https:\/\/zamphelmets.co\/wp-content\/uploads\/2019\/11\/Zamp-Shield-Retention-Kit_0003-1024x683.jpg 1024w, https:\/\/zamphelmets.co\/wp-content\/uploads\/2019\/11\/Zamp-Shield-Retention-Kit_0003-768x512.jpg 768w, https:\/\/zamphelmets.co\/wp-content\/uploads\/2019\/11\/Zamp-Shield-Retention-Kit_0003-1536x1024.jpg 1536w, https:\/\/zamphelmets.co\/wp-content\/uploads\/2019\/11\/Zamp-Shield-Retention-Kit_0003-600x400.jpg 600w, https:\/\/zamphelmets.co\/wp-content\/uploads\/2019\/11\/Zamp-Shield-Retention-Kit_0003.jpg 2048w\" data-sizes=\"(max-width: 300px) 100vw, 300px\" src=\"data:image\/svg+xml;base64,PHN2ZyB3aWR0aD0iMSIgaGVpZ2h0PSIxIiB4bWxucz0iaHR0cDovL3d3dy53My5vcmcvMjAwMC9zdmciPjwvc3ZnPg==\" style=\"--smush-placeholder-width: 300px; --smush-placeholder-aspect-ratio: 300\/200;\" \/> <img decoding=\"async\" class=\"alignnone size-medium wp-image-1387 lazyload\" data-src=\"https:\/\/zamphelmets.co\/wp-content\/uploads\/sites\/3\/2019\/11\/Zamp-Shield-Retention-Kit_0004-300x200.jpg\" alt=\"\" width=\"300\" height=\"200\" data-srcset=\"https:\/\/zamphelmets.co\/wp-content\/uploads\/2019\/11\/Zamp-Shield-Retention-Kit_0004-300x200.jpg 300w, https:\/\/zamphelmets.co\/wp-content\/uploads\/2019\/11\/Zamp-Shield-Retention-Kit_0004-1024x683.jpg 1024w, https:\/\/zamphelmets.co\/wp-content\/uploads\/2019\/11\/Zamp-Shield-Retention-Kit_0004-768x512.jpg 768w, https:\/\/zamphelmets.co\/wp-content\/uploads\/2019\/11\/Zamp-Shield-Retention-Kit_0004-1536x1024.jpg 1536w, https:\/\/zamphelmets.co\/wp-content\/uploads\/2019\/11\/Zamp-Shield-Retention-Kit_0004-600x400.jpg 600w, https:\/\/zamphelmets.co\/wp-content\/uploads\/2019\/11\/Zamp-Shield-Retention-Kit_0004.jpg 2048w\" data-sizes=\"(max-width: 300px) 100vw, 300px\" src=\"data:image\/svg+xml;base64,PHN2ZyB3aWR0aD0iMSIgaGVpZ2h0PSIxIiB4bWxucz0iaHR0cDovL3d3dy53My5vcmcvMjAwMC9zdmciPjwvc3ZnPg==\" style=\"--smush-placeholder-width: 300px; --smush-placeholder-aspect-ratio: 300\/200;\" \/> <img decoding=\"async\" class=\"alignnone size-medium wp-image-1388 lazyload\" data-src=\"https:\/\/zamphelmets.co\/wp-content\/uploads\/sites\/3\/2019\/11\/Zamp-Shield-Retention-Kit_0005-300x200.jpg\" alt=\"\" width=\"300\" height=\"200\" data-srcset=\"https:\/\/zamphelmets.co\/wp-content\/uploads\/2019\/11\/Zamp-Shield-Retention-Kit_0005-300x200.jpg 300w, https:\/\/zamphelmets.co\/wp-content\/uploads\/2019\/11\/Zamp-Shield-Retention-Kit_0005-1024x683.jpg 1024w, https:\/\/zamphelmets.co\/wp-content\/uploads\/2019\/11\/Zamp-Shield-Retention-Kit_0005-768x512.jpg 768w, https:\/\/zamphelmets.co\/wp-content\/uploads\/2019\/11\/Zamp-Shield-Retention-Kit_0005-1536x1024.jpg 1536w, https:\/\/zamphelmets.co\/wp-content\/uploads\/2019\/11\/Zamp-Shield-Retention-Kit_0005-600x400.jpg 600w, https:\/\/zamphelmets.co\/wp-content\/uploads\/2019\/11\/Zamp-Shield-Retention-Kit_0005.jpg 2048w\" data-sizes=\"(max-width: 300px) 100vw, 300px\" src=\"data:image\/svg+xml;base64,PHN2ZyB3aWR0aD0iMSIgaGVpZ2h0PSIxIiB4bWxucz0iaHR0cDovL3d3dy53My5vcmcvMjAwMC9zdmciPjwvc3ZnPg==\" style=\"--smush-placeholder-width: 300px; --smush-placeholder-aspect-ratio: 300\/200;\" \/><img decoding=\"async\" class=\"alignnone size-medium wp-image-1389 lazyload\" data-src=\"https:\/\/zamphelmets.co\/wp-content\/uploads\/sites\/3\/2019\/11\/Zamp-Shield-Retention-Kit_0006-300x200.jpg\" alt=\"\" width=\"300\" height=\"200\" data-srcset=\"https:\/\/zamphelmets.co\/wp-content\/uploads\/2019\/11\/Zamp-Shield-Retention-Kit_0006-300x200.jpg 300w, https:\/\/zamphelmets.co\/wp-content\/uploads\/2019\/11\/Zamp-Shield-Retention-Kit_0006-1024x683.jpg 1024w, https:\/\/zamphelmets.co\/wp-content\/uploads\/2019\/11\/Zamp-Shield-Retention-Kit_0006-768x512.jpg 768w, https:\/\/zamphelmets.co\/wp-content\/uploads\/2019\/11\/Zamp-Shield-Retention-Kit_0006-1536x1024.jpg 1536w, https:\/\/zamphelmets.co\/wp-content\/uploads\/2019\/11\/Zamp-Shield-Retention-Kit_0006-600x400.jpg 600w, https:\/\/zamphelmets.co\/wp-content\/uploads\/2019\/11\/Zamp-Shield-Retention-Kit_0006.jpg 2048w\" data-sizes=\"(max-width: 300px) 100vw, 300px\" src=\"data:image\/svg+xml;base64,PHN2ZyB3aWR0aD0iMSIgaGVpZ2h0PSIxIiB4bWxucz0iaHR0cDovL3d3dy53My5vcmcvMjAwMC9zdmciPjwvc3ZnPg==\" style=\"--smush-placeholder-width: 300px; --smush-placeholder-aspect-ratio: 300\/200;\" \/><\/p>\n<p>Hvis du har flere sp\u00f8rgsm\u00e5l om visirerne, s\u00e5 t\u00f8v ikke med at <a href=\"https:\/\/zamphelmets.co\/da\/kontakt\/\">kontakte<\/a> os!<\/p>\n","protected":false},"excerpt":{"rendered":"<p>Med 10 eftermonterede Zamp-visirer at v\u00e6lge imellem er der ingen mangel p\u00e5 hjelmops\u00e6tninger. F\u00f8rst og fremmest er det vigtigt at vide, at Z20-visirserien er kompatibel med alle de n\u00e6vnte hjelme: -RZ 44CE (grafisk) -RZ 70E -RZ 42 -RZ 35E -RZ 58 -RZ 42Y Z20-visirerne er 3 mm tykke, FIA-homologerede og har formonterede afrivningsbeslag. Priserne varierer [&hellip;]<\/p>\n","protected":false},"author":2,"featured_media":0,"parent":0,"menu_order":0,"comment_status":"closed","ping_status":"closed","template":"templates\/fullwidth.php","meta":{"_acf_changed":false,"footnotes":""},"class_list":["post-21988","page","type-page","status-publish","hentry"],"acf":[],"yoast_head":"<!-- This site is optimized with the Yoast SEO plugin v27.0 - https:\/\/yoast.com\/product\/yoast-seo-wordpress\/ -->\n<title>Guide til Zamp-visir - Z20 Visors - Zamp Helmets | Helmet 28 EU<\/title>\n<meta name=\"description\" content=\"Zamp Z20 Visor-serien er kompatibel med alle hjelme, der er anf\u00f8rt p\u00e5 vores hjemmeside. Et eftermonteret visir er en fantastisk m\u00e5de at g\u00f8re din hjelm personlig p\u00e5 til l\u00f8bsdagen.\" \/>\n<meta name=\"robots\" content=\"index, follow, max-snippet:-1, max-image-preview:large, max-video-preview:-1\" \/>\n<link rel=\"canonical\" href=\"https:\/\/zamphelmets.co\/da\/guide-til-zamp-visir\/\" \/>\n<meta property=\"og:locale\" content=\"da_DK\" \/>\n<meta property=\"og:type\" content=\"article\" \/>\n<meta property=\"og:title\" content=\"Guide til Zamp-visir - Z20 Visors - Zamp Helmets | Helmet 28 EU\" \/>\n<meta property=\"og:description\" content=\"Zamp Z20 Visor-serien er kompatibel med alle hjelme, der er anf\u00f8rt p\u00e5 vores hjemmeside. Et eftermonteret visir er en fantastisk m\u00e5de at g\u00f8re din hjelm personlig p\u00e5 til l\u00f8bsdagen.\" \/>\n<meta property=\"og:url\" content=\"https:\/\/zamphelmets.co\/da\/guide-til-zamp-visir\/\" \/>\n<meta property=\"og:site_name\" content=\"Zamp Helmets | Helmet 28 EU\" \/>\n<meta property=\"og:image\" content=\"https:\/\/zamphelmets.co\/wp-content\/uploads\/sites\/3\/2020\/03\/Z20-Prism-Gold-300x300.jpg\" \/>\n<meta name=\"twitter:card\" content=\"summary_large_image\" \/>\n<meta name=\"twitter:label1\" content=\"Est. reading time\" \/>\n\t<meta name=\"twitter:data1\" content=\"2 minutter\" \/>\n<script type=\"application\/ld+json\" class=\"yoast-schema-graph\">{\"@context\":\"https:\/\/schema.org\",\"@graph\":[{\"@type\":\"WebPage\",\"@id\":\"https:\/\/zamphelmets.co\/da\/guide-til-zamp-visir\/\",\"url\":\"https:\/\/zamphelmets.co\/da\/guide-til-zamp-visir\/\",\"name\":\"Guide til Zamp-visir - Z20 Visors - Zamp Helmets | Helmet 28 EU\",\"isPartOf\":{\"@id\":\"https:\/\/zamphelmets.co\/da\/#website\"},\"primaryImageOfPage\":{\"@id\":\"https:\/\/zamphelmets.co\/da\/guide-til-zamp-visir\/#primaryimage\"},\"image\":{\"@id\":\"https:\/\/zamphelmets.co\/da\/guide-til-zamp-visir\/#primaryimage\"},\"thumbnailUrl\":\"https:\/\/zamphelmets.co\/wp-content\/uploads\/sites\/3\/2020\/03\/Z20-Prism-Gold-300x300.jpg\",\"datePublished\":\"2020-03-11T15:48:13+00:00\",\"description\":\"Zamp Z20 Visor-serien er kompatibel med alle hjelme, der er anf\u00f8rt p\u00e5 vores hjemmeside. Et eftermonteret visir er en fantastisk m\u00e5de at g\u00f8re din hjelm personlig p\u00e5 til l\u00f8bsdagen.\",\"inLanguage\":\"da-DK\",\"potentialAction\":[{\"@type\":\"ReadAction\",\"target\":[\"https:\/\/zamphelmets.co\/da\/guide-til-zamp-visir\/\"]}]},{\"@type\":\"ImageObject\",\"inLanguage\":\"da-DK\",\"@id\":\"https:\/\/zamphelmets.co\/da\/guide-til-zamp-visir\/#primaryimage\",\"url\":\"https:\/\/zamphelmets.co\/wp-content\/uploads\/sites\/3\/2020\/03\/Z20-Prism-Gold-300x300.jpg\",\"contentUrl\":\"https:\/\/zamphelmets.co\/wp-content\/uploads\/sites\/3\/2020\/03\/Z20-Prism-Gold-300x300.jpg\"},{\"@type\":\"WebSite\",\"@id\":\"https:\/\/zamphelmets.co\/da\/#website\",\"url\":\"https:\/\/zamphelmets.co\/da\/\",\"name\":\"Zamp Helmets | Helmet 28 EU\",\"description\":\"High Quality Motorsport Helmets\",\"potentialAction\":[{\"@type\":\"SearchAction\",\"target\":{\"@type\":\"EntryPoint\",\"urlTemplate\":\"https:\/\/zamphelmets.co\/da\/?s={search_term_string}\"},\"query-input\":{\"@type\":\"PropertyValueSpecification\",\"valueRequired\":true,\"valueName\":\"search_term_string\"}}],\"inLanguage\":\"da-DK\"}]}<\/script>\n<!-- \/ Yoast SEO plugin. -->","yoast_head_json":{"title":"Guide til Zamp-visir - Z20 Visors - Zamp Helmets | Helmet 28 EU","description":"Zamp Z20 Visor-serien er kompatibel med alle hjelme, der er anf\u00f8rt p\u00e5 vores hjemmeside. Et eftermonteret visir er en fantastisk m\u00e5de at g\u00f8re din hjelm personlig p\u00e5 til l\u00f8bsdagen.","robots":{"index":"index","follow":"follow","max-snippet":"max-snippet:-1","max-image-preview":"max-image-preview:large","max-video-preview":"max-video-preview:-1"},"canonical":"https:\/\/zamphelmets.co\/da\/guide-til-zamp-visir\/","og_locale":"da_DK","og_type":"article","og_title":"Guide til Zamp-visir - Z20 Visors - Zamp Helmets | Helmet 28 EU","og_description":"Zamp Z20 Visor-serien er kompatibel med alle hjelme, der er anf\u00f8rt p\u00e5 vores hjemmeside. Et eftermonteret visir er en fantastisk m\u00e5de at g\u00f8re din hjelm personlig p\u00e5 til l\u00f8bsdagen.","og_url":"https:\/\/zamphelmets.co\/da\/guide-til-zamp-visir\/","og_site_name":"Zamp Helmets | Helmet 28 EU","og_image":[{"url":"https:\/\/zamphelmets.co\/wp-content\/uploads\/sites\/3\/2020\/03\/Z20-Prism-Gold-300x300.jpg","type":"","width":"","height":""}],"twitter_card":"summary_large_image","twitter_misc":{"Est. reading time":"2 minutter"},"schema":{"@context":"https:\/\/schema.org","@graph":[{"@type":"WebPage","@id":"https:\/\/zamphelmets.co\/da\/guide-til-zamp-visir\/","url":"https:\/\/zamphelmets.co\/da\/guide-til-zamp-visir\/","name":"Guide til Zamp-visir - Z20 Visors - Zamp Helmets | Helmet 28 EU","isPartOf":{"@id":"https:\/\/zamphelmets.co\/da\/#website"},"primaryImageOfPage":{"@id":"https:\/\/zamphelmets.co\/da\/guide-til-zamp-visir\/#primaryimage"},"image":{"@id":"https:\/\/zamphelmets.co\/da\/guide-til-zamp-visir\/#primaryimage"},"thumbnailUrl":"https:\/\/zamphelmets.co\/wp-content\/uploads\/sites\/3\/2020\/03\/Z20-Prism-Gold-300x300.jpg","datePublished":"2020-03-11T15:48:13+00:00","description":"Zamp Z20 Visor-serien er kompatibel med alle hjelme, der er anf\u00f8rt p\u00e5 vores hjemmeside. Et eftermonteret visir er en fantastisk m\u00e5de at g\u00f8re din hjelm personlig p\u00e5 til l\u00f8bsdagen.","inLanguage":"da-DK","potentialAction":[{"@type":"ReadAction","target":["https:\/\/zamphelmets.co\/da\/guide-til-zamp-visir\/"]}]},{"@type":"ImageObject","inLanguage":"da-DK","@id":"https:\/\/zamphelmets.co\/da\/guide-til-zamp-visir\/#primaryimage","url":"https:\/\/zamphelmets.co\/wp-content\/uploads\/sites\/3\/2020\/03\/Z20-Prism-Gold-300x300.jpg","contentUrl":"https:\/\/zamphelmets.co\/wp-content\/uploads\/sites\/3\/2020\/03\/Z20-Prism-Gold-300x300.jpg"},{"@type":"WebSite","@id":"https:\/\/zamphelmets.co\/da\/#website","url":"https:\/\/zamphelmets.co\/da\/","name":"Zamp Helmets | Helmet 28 EU","description":"High Quality Motorsport Helmets","potentialAction":[{"@type":"SearchAction","target":{"@type":"EntryPoint","urlTemplate":"https:\/\/zamphelmets.co\/da\/?s={search_term_string}"},"query-input":{"@type":"PropertyValueSpecification","valueRequired":true,"valueName":"search_term_string"}}],"inLanguage":"da-DK"}]}},"_links":{"self":[{"href":"https:\/\/zamphelmets.co\/da\/wp-json\/wp\/v2\/pages\/21988","targetHints":{"allow":["GET"]}}],"collection":[{"href":"https:\/\/zamphelmets.co\/da\/wp-json\/wp\/v2\/pages"}],"about":[{"href":"https:\/\/zamphelmets.co\/da\/wp-json\/wp\/v2\/types\/page"}],"author":[{"embeddable":true,"href":"https:\/\/zamphelmets.co\/da\/wp-json\/wp\/v2\/users\/2"}],"replies":[{"embeddable":true,"href":"https:\/\/zamphelmets.co\/da\/wp-json\/wp\/v2\/comments?post=21988"}],"version-history":[{"count":0,"href":"https:\/\/zamphelmets.co\/da\/wp-json\/wp\/v2\/pages\/21988\/revisions"}],"wp:attachment":[{"href":"https:\/\/zamphelmets.co\/da\/wp-json\/wp\/v2\/media?parent=21988"}],"curies":[{"name":"wp","href":"https:\/\/api.w.org\/{rel}","templated":true}]}}