{"id":21975,"date":"2020-02-06T11:37:14","date_gmt":"2020-02-06T11:37:14","guid":{"rendered":"https:\/\/zamphelmets.co\/hans-stolper-hans-og-fhr-udstyr\/"},"modified":"2026-02-16T15:02:14","modified_gmt":"2026-02-16T15:02:14","slug":"hans-stolper-hans-og-fhr-udstyr","status":"publish","type":"page","link":"https:\/\/zamphelmets.co\/da\/hans-stolper-hans-og-fhr-udstyr\/","title":{"rendered":"HANS-stolper, HANS- og FHR-udstyr"},"content":{"rendered":"<h2><strong>Hvad er Hans Posts, HANS og FHR-udstyr?<\/strong><\/h2>\n<ol>\n<li>En FHR er en <strong>Frontal Head Restraint<\/strong>: det er den generelle betegnelse for det, der ofte kaldes et HANS-udstyr.<\/li>\n<li>HANS er faktisk et varem\u00e6rkebeskyttet navn &#8211; et akronym for <strong>Head and Neck Support <\/strong>&#8211; som kun visse producenter m\u00e5 bruge. Det er den mest almindelige betegnelse for disse enheder.<\/li>\n<li>HANS-p\u00e6le &#8211; det er de p\u00e6le\/skruer, der er fastgjort til din hjelm gennem noget, der hedder m6-terminalen, s\u00e5 enheden kan fastg\u00f8res sikkert.<\/li>\n<\/ol>\n<h2>Hvad g\u00f8r et HANS-apparat?<\/h2>\n<p>HANS- og FHR-udstyret er designet til at fastholde f\u00f8rerens hoved &#8211; i forhold til kroppen &#8211; under et frontalt og skr\u00e5t frontalt racerstyrt. P\u00e5 grund af begr\u00e6nsningen af hovedet reduceres p\u00e5virkningen af nakken kraftigt, hvilket mindsker risikoen for skader.<\/p>\n<p>Alle Zamp-hjelme p\u00e5 listen her leveres med en forboret M6-terminal. S\u00e5 hvis du har brug for at k\u00f8re med et HANS-apparat, er du klar til det; det tager kun et par minutter at montere dine HANS-p\u00e6le. Du kan k\u00f8be et s\u00e6t <a href=\"https:\/\/zamphelmets.co\/da\/vare\/hans-post\/\">HANS-stolper her<\/a>.<\/p>\n<p><img decoding=\"async\" class=\"alignnone wp-image-333 size-medium lazyload\" data-src=\"https:\/\/zamphelmets.co\/wp-content\/uploads\/2019\/11\/sim_ak1131-12s-1-300x300.jpg\" alt=\"s\u00f8lv hans stolper\" width=\"300\" height=\"300\" data-srcset=\"https:\/\/zamphelmets.co\/wp-content\/uploads\/2019\/11\/sim_ak1131-12s-1-300x300.jpg 300w, https:\/\/zamphelmets.co\/wp-content\/uploads\/2019\/11\/sim_ak1131-12s-1-100x100.jpg 100w, https:\/\/zamphelmets.co\/wp-content\/uploads\/2019\/11\/sim_ak1131-12s-1-150x150.jpg 150w, https:\/\/zamphelmets.co\/wp-content\/uploads\/2019\/11\/sim_ak1131-12s-1.jpg 560w\" data-sizes=\"(max-width: 300px) 100vw, 300px\" src=\"data:image\/svg+xml;base64,PHN2ZyB3aWR0aD0iMSIgaGVpZ2h0PSIxIiB4bWxucz0iaHR0cDovL3d3dy53My5vcmcvMjAwMC9zdmciPjwvc3ZnPg==\" style=\"--smush-placeholder-width: 300px; --smush-placeholder-aspect-ratio: 300\/300;\" \/><\/p>\n<p>Alle voksenhjelme i Zamp-serien er kompatible med HANS Posts, og hver hjelm er forboret med M6-terminalen, s\u00e5 HANS Posts nemt kan monteres.<\/p>\n<div class=\"container\">\n<div id=\"content\" class=\"site-content\">\n<div id=\"primary\" class=\"content-area\">\n<p>&nbsp;<\/p>\n<div id=\"product-308\" class=\"product type-product post-308 status-publish first instock product_cat-accessories product_cat-helmet-accessories product_cat-other product_cat-zamp has-post-thumbnail taxable shipping-taxable purchasable product-type-simple\">\n<div class=\"woocommerce-tabs wc-tabs-wrapper\">\n<div id=\"tab-description\" class=\"woocommerce-Tabs-panel woocommerce-Tabs-panel--description panel entry-content wc-tab\" role=\"tabpanel\" aria-labelledby=\"tab-title-description\">\n<p>For mere information om HANS\/FHR-enheder, og hvem der har brug for dem, skal du <a href=\"https:\/\/www.motorsportuk.org\/assets\/fhrguidance.pdf\">f\u00f8lge dette link<\/a> for at finde ud af mere om <a href=\"https:\/\/zamphelmets.co\/da\/vare\/hans-post\/#description\">HANS<\/a>, og hvordan man installerer dem.<\/p>\n<\/div>\n<\/div>\n<\/div>\n<\/div>\n<\/div>\n<\/div>\n","protected":false},"excerpt":{"rendered":"<p>Hvad er Hans Posts, HANS og FHR-udstyr? En FHR er en Frontal Head Restraint: det er den generelle betegnelse for det, der ofte kaldes et HANS-udstyr. HANS er faktisk et varem\u00e6rkebeskyttet navn &#8211; et akronym for Head and Neck Support &#8211; som kun visse producenter m\u00e5 bruge. Det er den mest almindelige betegnelse for disse [&hellip;]<\/p>\n","protected":false},"author":2,"featured_media":0,"parent":0,"menu_order":0,"comment_status":"closed","ping_status":"closed","template":"templates\/fullwidth.php","meta":{"_acf_changed":false,"footnotes":""},"class_list":["post-21975","page","type-page","status-publish","hentry"],"acf":[],"yoast_head":"<!-- This site is optimized with the Yoast SEO plugin v27.0 - https:\/\/yoast.com\/product\/yoast-seo-wordpress\/ -->\n<title>HANS-stolper, HANS- og FHR-udstyr Forklaret - Zamp Helmets | Helmet 28 EU<\/title>\n<meta name=\"description\" content=\"Hvad er HANS-p\u00e6le og HANS-udstyr, og hvem skal bruge dem? Denne artikel forklarer alt, hvad du har brug for at vide om HANS-p\u00e6le.\" \/>\n<meta name=\"robots\" content=\"index, follow, max-snippet:-1, max-image-preview:large, max-video-preview:-1\" \/>\n<link rel=\"canonical\" href=\"https:\/\/zamphelmets.co\/da\/hans-stolper-hans-og-fhr-udstyr\/\" \/>\n<meta property=\"og:locale\" content=\"da_DK\" \/>\n<meta property=\"og:type\" content=\"article\" \/>\n<meta property=\"og:title\" content=\"HANS-stolper, HANS- og FHR-udstyr Forklaret - Zamp Helmets | Helmet 28 EU\" \/>\n<meta property=\"og:description\" content=\"Hvad er HANS-p\u00e6le og HANS-udstyr, og hvem skal bruge dem? Denne artikel forklarer alt, hvad du har brug for at vide om HANS-p\u00e6le.\" \/>\n<meta property=\"og:url\" content=\"https:\/\/zamphelmets.co\/da\/hans-stolper-hans-og-fhr-udstyr\/\" \/>\n<meta property=\"og:site_name\" content=\"Zamp Helmets | Helmet 28 EU\" \/>\n<meta property=\"article:modified_time\" content=\"2026-02-16T15:02:14+00:00\" \/>\n<meta property=\"og:image\" content=\"https:\/\/zamphelmets.co\/wp-content\/uploads\/2019\/11\/sim_ak1131-12s-1.jpg\" \/>\n\t<meta property=\"og:image:width\" content=\"560\" \/>\n\t<meta property=\"og:image:height\" content=\"560\" \/>\n\t<meta property=\"og:image:type\" content=\"image\/jpeg\" \/>\n<meta name=\"twitter:card\" content=\"summary_large_image\" \/>\n<meta name=\"twitter:label1\" content=\"Est. reading time\" \/>\n\t<meta name=\"twitter:data1\" content=\"1 minut\" \/>\n<script type=\"application\/ld+json\" class=\"yoast-schema-graph\">{\"@context\":\"https:\/\/schema.org\",\"@graph\":[{\"@type\":\"WebPage\",\"@id\":\"https:\/\/zamphelmets.co\/da\/hans-stolper-hans-og-fhr-udstyr\/\",\"url\":\"https:\/\/zamphelmets.co\/da\/hans-stolper-hans-og-fhr-udstyr\/\",\"name\":\"HANS-stolper, HANS- og FHR-udstyr Forklaret - Zamp Helmets | Helmet 28 EU\",\"isPartOf\":{\"@id\":\"https:\/\/zamphelmets.co\/da\/#website\"},\"primaryImageOfPage\":{\"@id\":\"https:\/\/zamphelmets.co\/da\/hans-stolper-hans-og-fhr-udstyr\/#primaryimage\"},\"image\":{\"@id\":\"https:\/\/zamphelmets.co\/da\/hans-stolper-hans-og-fhr-udstyr\/#primaryimage\"},\"thumbnailUrl\":\"https:\/\/zamphelmets.co\/wp-content\/uploads\/2019\/11\/sim_ak1131-12s-1-300x300.jpg\",\"datePublished\":\"2020-02-06T11:37:14+00:00\",\"dateModified\":\"2026-02-16T15:02:14+00:00\",\"description\":\"Hvad er HANS-p\u00e6le og HANS-udstyr, og hvem skal bruge dem? Denne artikel forklarer alt, hvad du har brug for at vide om HANS-p\u00e6le.\",\"inLanguage\":\"da-DK\",\"potentialAction\":[{\"@type\":\"ReadAction\",\"target\":[\"https:\/\/zamphelmets.co\/da\/hans-stolper-hans-og-fhr-udstyr\/\"]}]},{\"@type\":\"ImageObject\",\"inLanguage\":\"da-DK\",\"@id\":\"https:\/\/zamphelmets.co\/da\/hans-stolper-hans-og-fhr-udstyr\/#primaryimage\",\"url\":\"https:\/\/zamphelmets.co\/wp-content\/uploads\/2019\/11\/sim_ak1131-12s-1-300x300.jpg\",\"contentUrl\":\"https:\/\/zamphelmets.co\/wp-content\/uploads\/2019\/11\/sim_ak1131-12s-1-300x300.jpg\"},{\"@type\":\"WebSite\",\"@id\":\"https:\/\/zamphelmets.co\/da\/#website\",\"url\":\"https:\/\/zamphelmets.co\/da\/\",\"name\":\"Zamp Helmets | Helmet 28 EU\",\"description\":\"High Quality Motorsport Helmets\",\"potentialAction\":[{\"@type\":\"SearchAction\",\"target\":{\"@type\":\"EntryPoint\",\"urlTemplate\":\"https:\/\/zamphelmets.co\/da\/?s={search_term_string}\"},\"query-input\":{\"@type\":\"PropertyValueSpecification\",\"valueRequired\":true,\"valueName\":\"search_term_string\"}}],\"inLanguage\":\"da-DK\"}]}<\/script>\n<!-- \/ Yoast SEO plugin. -->","yoast_head_json":{"title":"HANS-stolper, HANS- og FHR-udstyr Forklaret - Zamp Helmets | Helmet 28 EU","description":"Hvad er HANS-p\u00e6le og HANS-udstyr, og hvem skal bruge dem? Denne artikel forklarer alt, hvad du har brug for at vide om HANS-p\u00e6le.","robots":{"index":"index","follow":"follow","max-snippet":"max-snippet:-1","max-image-preview":"max-image-preview:large","max-video-preview":"max-video-preview:-1"},"canonical":"https:\/\/zamphelmets.co\/da\/hans-stolper-hans-og-fhr-udstyr\/","og_locale":"da_DK","og_type":"article","og_title":"HANS-stolper, HANS- og FHR-udstyr Forklaret - Zamp Helmets | Helmet 28 EU","og_description":"Hvad er HANS-p\u00e6le og HANS-udstyr, og hvem skal bruge dem? Denne artikel forklarer alt, hvad du har brug for at vide om HANS-p\u00e6le.","og_url":"https:\/\/zamphelmets.co\/da\/hans-stolper-hans-og-fhr-udstyr\/","og_site_name":"Zamp Helmets | Helmet 28 EU","article_modified_time":"2026-02-16T15:02:14+00:00","og_image":[{"width":560,"height":560,"url":"https:\/\/zamphelmets.co\/wp-content\/uploads\/2019\/11\/sim_ak1131-12s-1.jpg","type":"image\/jpeg"}],"twitter_card":"summary_large_image","twitter_misc":{"Est. reading time":"1 minut"},"schema":{"@context":"https:\/\/schema.org","@graph":[{"@type":"WebPage","@id":"https:\/\/zamphelmets.co\/da\/hans-stolper-hans-og-fhr-udstyr\/","url":"https:\/\/zamphelmets.co\/da\/hans-stolper-hans-og-fhr-udstyr\/","name":"HANS-stolper, HANS- og FHR-udstyr Forklaret - Zamp Helmets | Helmet 28 EU","isPartOf":{"@id":"https:\/\/zamphelmets.co\/da\/#website"},"primaryImageOfPage":{"@id":"https:\/\/zamphelmets.co\/da\/hans-stolper-hans-og-fhr-udstyr\/#primaryimage"},"image":{"@id":"https:\/\/zamphelmets.co\/da\/hans-stolper-hans-og-fhr-udstyr\/#primaryimage"},"thumbnailUrl":"https:\/\/zamphelmets.co\/wp-content\/uploads\/2019\/11\/sim_ak1131-12s-1-300x300.jpg","datePublished":"2020-02-06T11:37:14+00:00","dateModified":"2026-02-16T15:02:14+00:00","description":"Hvad er HANS-p\u00e6le og HANS-udstyr, og hvem skal bruge dem? Denne artikel forklarer alt, hvad du har brug for at vide om HANS-p\u00e6le.","inLanguage":"da-DK","potentialAction":[{"@type":"ReadAction","target":["https:\/\/zamphelmets.co\/da\/hans-stolper-hans-og-fhr-udstyr\/"]}]},{"@type":"ImageObject","inLanguage":"da-DK","@id":"https:\/\/zamphelmets.co\/da\/hans-stolper-hans-og-fhr-udstyr\/#primaryimage","url":"https:\/\/zamphelmets.co\/wp-content\/uploads\/2019\/11\/sim_ak1131-12s-1-300x300.jpg","contentUrl":"https:\/\/zamphelmets.co\/wp-content\/uploads\/2019\/11\/sim_ak1131-12s-1-300x300.jpg"},{"@type":"WebSite","@id":"https:\/\/zamphelmets.co\/da\/#website","url":"https:\/\/zamphelmets.co\/da\/","name":"Zamp Helmets | Helmet 28 EU","description":"High Quality Motorsport Helmets","potentialAction":[{"@type":"SearchAction","target":{"@type":"EntryPoint","urlTemplate":"https:\/\/zamphelmets.co\/da\/?s={search_term_string}"},"query-input":{"@type":"PropertyValueSpecification","valueRequired":true,"valueName":"search_term_string"}}],"inLanguage":"da-DK"}]}},"_links":{"self":[{"href":"https:\/\/zamphelmets.co\/da\/wp-json\/wp\/v2\/pages\/21975","targetHints":{"allow":["GET"]}}],"collection":[{"href":"https:\/\/zamphelmets.co\/da\/wp-json\/wp\/v2\/pages"}],"about":[{"href":"https:\/\/zamphelmets.co\/da\/wp-json\/wp\/v2\/types\/page"}],"author":[{"embeddable":true,"href":"https:\/\/zamphelmets.co\/da\/wp-json\/wp\/v2\/users\/2"}],"replies":[{"embeddable":true,"href":"https:\/\/zamphelmets.co\/da\/wp-json\/wp\/v2\/comments?post=21975"}],"version-history":[{"count":1,"href":"https:\/\/zamphelmets.co\/da\/wp-json\/wp\/v2\/pages\/21975\/revisions"}],"predecessor-version":[{"id":203527,"href":"https:\/\/zamphelmets.co\/da\/wp-json\/wp\/v2\/pages\/21975\/revisions\/203527"}],"wp:attachment":[{"href":"https:\/\/zamphelmets.co\/da\/wp-json\/wp\/v2\/media?parent=21975"}],"curies":[{"name":"wp","href":"https:\/\/api.w.org\/{rel}","templated":true}]}}